{"id":1132,"date":"2025-01-17T20:00:15","date_gmt":"2025-01-17T19:00:15","guid":{"rendered":"https:\/\/blogsaverroes.juntadeandalucia.es\/condesadelasquemadas\/?page_id=1132"},"modified":"2026-02-17T17:42:20","modified_gmt":"2026-02-17T16:42:20","slug":"planes-y-proyectos-educativos","status":"publish","type":"page","link":"https:\/\/blogsaverroes.juntadeandalucia.es\/condesadelasquemadas\/planes-y-proyectos-educativos\/","title":{"rendered":"Planes y proyectos educativos"},"content":{"rendered":"<!--themify_builder_content-->\n<div id=\"themify_builder_content-1132\" data-postid=\"1132\" class=\"themify_builder_content themify_builder_content-1132 themify_builder tf_clear\">\n                    <div  data-css_id=\"705o355\" data-lazy=\"1\" class=\"module_row themify_builder_row fullwidth tb_705o355 tb_first tf_w\">\n                        <div class=\"row_inner col_align_middle gutter-none tb_col_count_3 tf_box tf_rel\">\n                        <div  data-lazy=\"1\" class=\"module_column tb-column col3-1 tb_tepm356 first\">\n        <span class=\"builder_row_cover tf_abs\"><\/span>            <!-- module text -->\n<div  class=\"module module-text tb_5p6w357   \" data-lazy=\"1\">\n        <div  class=\"tb_text_wrap\">\n        <h3>Plan de Trabajo de la Biblioteca<\/h3>\n<p>\u00a0<\/p>    <\/div>\n<\/div>\n<!-- \/module text --><!-- module text -->\n<div  class=\"module module-text tb_ihyh359   \" data-lazy=\"1\">\n        <div  class=\"tb_text_wrap\">\n        <h3>\u00a0<\/h3>\n<h3>Coordinador:<\/h3>\n<h3>Luis Antonio Torres Mu\u00f1oz<\/h3>    <\/div>\n<\/div>\n<!-- \/module text -->        <\/div>\n                    <div  data-lazy=\"1\" class=\"module_column tb-column col3-1 tb_myaa360\">\n        <span class=\"builder_row_cover tf_abs\"><\/span>            <!-- module text -->\n<div  class=\"module module-text tb_2fgi360   \" data-lazy=\"1\">\n        <div  class=\"tb_text_wrap\">\n        <h3>TDE<\/h3>    <\/div>\n<\/div>\n<!-- \/module text --><!-- module text -->\n<div  class=\"module module-text tb_qatb361   \" data-lazy=\"1\">\n        <div  class=\"tb_text_wrap\">\n        <h3>\u00a0<\/h3>\n<h3>Coordinadora:<\/h3>\n<h3>Alicia Jurado Madrid<\/h3>    <\/div>\n<\/div>\n<!-- \/module text -->        <\/div>\n                    <div  data-lazy=\"1\" class=\"module_column tb-column col3-1 tb_ysgl362 last\">\n        <span class=\"builder_row_cover tf_abs\"><\/span>            <!-- module text -->\n<div  class=\"module module-text tb_gw0b362   \" data-lazy=\"1\">\n        <div  class=\"tb_text_wrap\">\n        <h3>STEAM 4.0<\/h3>    <\/div>\n<\/div>\n<!-- \/module text --><!-- module text -->\n<div  class=\"module module-text tb_xkqw363   \" data-lazy=\"1\">\n        <div  class=\"tb_text_wrap\">\n        <h3>\u00a0<\/h3>\n<h3>Coordinador:<\/h3>\n<h3>Francisco Jos\u00e9 S\u00e1nchez Reyes<\/h3>    <\/div>\n<\/div>\n<!-- \/module text -->        <\/div>\n                        <\/div>\n        <\/div>\n                        <div  data-css_id=\"p1fx56\" data-lazy=\"1\" class=\"module_row themify_builder_row fullwidth tb_p1fx56 tf_w\">\n                        <div class=\"row_inner col_align_middle gutter-none tb_col_count_3 tf_box tf_rel\">\n                        <div  data-lazy=\"1\" class=\"module_column tb-column col3-1 tb_ry6157 first\">\n        <span class=\"builder_row_cover tf_abs\"><\/span>            <!-- module text -->\n<div  class=\"module module-text tb_6cwa57   \" data-lazy=\"1\">\n        <div  class=\"tb_text_wrap\">\n        <h3>Plan Familias<\/h3>    <\/div>\n<\/div>\n<!-- \/module text --><!-- module text -->\n<div  class=\"module module-text tb_fg8l58   \" data-lazy=\"1\">\n        <div  class=\"tb_text_wrap\">\n        <h3>\u00a0<\/h3>\n<h3>Coordinadora:<\/h3>\n<h3>Ana M\u00aa Castell\u00f3 Rodr\u00edguez<\/h3>    <\/div>\n<\/div>\n<!-- \/module text -->        <\/div>\n                    <div  data-lazy=\"1\" class=\"module_column tb-column col3-1 tb_3mr259\">\n        <span class=\"builder_row_cover tf_abs\"><\/span>            <!-- module text -->\n<div  class=\"module module-text tb_px4k552   \" data-lazy=\"1\">\n        <div  class=\"tb_text_wrap\">\n        <h3>Plan de igualdad entre hombres y mujeres<\/h3>    <\/div>\n<\/div>\n<!-- \/module text --><!-- module text -->\n<div  class=\"module module-text tb_k39l62   \" data-lazy=\"1\">\n        <div  class=\"tb_text_wrap\">\n        <h3>\u00a0<\/h3>\n<h3>Coordinadora:<\/h3>\n<h3>Ana Rodr\u00edguez S\u00e1nchez<\/h3>    <\/div>\n<\/div>\n<!-- \/module text -->        <\/div>\n                    <div  data-lazy=\"1\" class=\"module_column tb-column col3-1 tb_f6k7523 last\">\n        <span class=\"builder_row_cover tf_abs\"><\/span>            <!-- module text -->\n<div  class=\"module module-text tb_r8ix524   \" data-lazy=\"1\">\n        <div  class=\"tb_text_wrap\">\n        <h3>Plan de Refuerzo, Orientaci\u00f3n y Apoyo (PROA)<\/h3>    <\/div>\n<\/div>\n<!-- \/module text --><!-- module text -->\n<div  class=\"module module-text tb_qk18524   \" data-lazy=\"1\">\n        <div  class=\"tb_text_wrap\">\n        <h3>\u00a0<\/h3>\n<h3>Coordinadora:<\/h3>\n<h3>M\u00aa \u00c1ngeles Mengual Al\u00f3s<\/h3>    <\/div>\n<\/div>\n<!-- \/module text -->        <\/div>\n                        <\/div>\n        <\/div>\n                        <div  data-css_id=\"v4x6844\" data-lazy=\"1\" class=\"module_row themify_builder_row fullwidth tb_v4x6844 tf_w\">\n                        <div class=\"row_inner col_align_middle gutter-none tb_col_count_3 tf_box tf_rel\">\n                        <div  data-lazy=\"1\" class=\"module_column tb-column col3-1 tb_17w9845 first\">\n        <span class=\"builder_row_cover tf_abs\"><\/span>            <!-- module text -->\n<div  class=\"module module-text tb_j77p846   \" data-lazy=\"1\">\n        <div  class=\"tb_text_wrap\">\n        <h3>Formaci\u00f3n en Centros\u00a0<\/h3>    <\/div>\n<\/div>\n<!-- \/module text --><!-- module text -->\n<div  class=\"module module-text tb_t860846   \" data-lazy=\"1\">\n        <div  class=\"tb_text_wrap\">\n        <h3>\u00a0<\/h3>\n<h3>Coordinadora:<\/h3>\n<h3>Sandra Berrocal Navarro\u00a0<\/h3>    <\/div>\n<\/div>\n<!-- \/module text -->        <\/div>\n                    <div  data-lazy=\"1\" class=\"module_column tb-column col3-1 tb_u8ys847\">\n        <span class=\"builder_row_cover tf_abs\"><\/span>            <!-- module text -->\n<div  class=\"module module-text tb_mipj847   \" data-lazy=\"1\">\n        <div  class=\"tb_text_wrap\">\n        <h3>Plan de Convivencia y Bienestar<\/h3>    <\/div>\n<\/div>\n<!-- \/module text --><!-- module text -->\n<div  class=\"module module-text tb_t2jb848   \" data-lazy=\"1\">\n        <div  class=\"tb_text_wrap\">\n        <h3>\u00a0<\/h3>\n<h3>Coordinadora:<\/h3>\n<h3>Remedios Riballo Denamiel<\/h3>    <\/div>\n<\/div>\n<!-- \/module text -->        <\/div>\n                    <div  data-lazy=\"1\" class=\"module_column tb-column col3-1 tb_vk9c849 last\">\n        <span class=\"builder_row_cover tf_abs\"><\/span>            <!-- module text -->\n<div  class=\"module module-text tb_tp0i849   \" data-lazy=\"1\">\n        <div  class=\"tb_text_wrap\">\n        <h3><span style=\"color: #000000\"><a style=\"color: #000000\" role=\"button\"><span style=\"color: #ffffff\">Practicum<\/span>\u00a0<\/a><\/span><\/h3>    <\/div>\n<\/div>\n<!-- \/module text --><!-- module text -->\n<div  class=\"module module-text tb_n97s850   \" data-lazy=\"1\">\n        <div  class=\"tb_text_wrap\">\n        <h3>\u00a0<\/h3>\n<h3>Coordinadora:<\/h3>\n<h3>M\u00aa \u00c1ngeles Mengual Al\u00f3s<\/h3>    <\/div>\n<\/div>\n<!-- \/module text -->        <\/div>\n                        <\/div>\n        <\/div>\n                        <div  data-css_id=\"i0y8469\" data-lazy=\"1\" class=\"module_row themify_builder_row fullwidth tb_i0y8469 tf_w\">\n                        <div class=\"row_inner col_align_middle gutter-none tb_col_count_3 tf_box tf_rel\">\n                        <div  data-lazy=\"1\" class=\"module_column tb-column col3-1 tb_ff5n470 first\">\n        <span class=\"builder_row_cover tf_abs\"><\/span>            <!-- module text -->\n<div  class=\"module module-text tb_c3me714   \" data-lazy=\"1\">\n        <div  class=\"tb_text_wrap\">\n        <h3>Plan AulaDjaque<\/h3>    <\/div>\n<\/div>\n<!-- \/module text --><!-- module text -->\n<div  class=\"module module-text tb_bstu443   \" data-lazy=\"1\">\n        <div  class=\"tb_text_wrap\">\n        <h3>\u00a0<\/h3>\n<h3>Coordinadora:<\/h3>\n<h3>M\u00aa del Carmen Gracia Gallego<\/h3>    <\/div>\n<\/div>\n<!-- \/module text -->        <\/div>\n                    <div  data-lazy=\"1\" class=\"module_column tb-column col3-1 tb_ttzl470\">\n        <span class=\"builder_row_cover tf_abs\"><\/span>            <!-- module text -->\n<div  class=\"module module-text tb_km5m585   \" data-lazy=\"1\">\n        <div  class=\"tb_text_wrap\">\n        <h3>Programa de Refuerzo de la Lengua Extranjera (PREX)<\/h3>    <\/div>\n<\/div>\n<!-- \/module text --><!-- module text -->\n<div  class=\"module module-text tb_dxjz471   \" data-lazy=\"1\">\n        <div  class=\"tb_text_wrap\">\n        <h3>\u00a0<\/h3>\n<h3>Coordinadora:<\/h3>\n<h3>M\u00aa del Carmen Gracia Gallego<\/h3>    <\/div>\n<\/div>\n<!-- \/module text -->        <\/div>\n                    <div  data-lazy=\"1\" class=\"module_column tb-column col3-1 tb_1ina471 last\">\n        <span class=\"builder_row_cover tf_abs\"><\/span>            <!-- module text -->\n<div  class=\"module module-text tb_mrwm31   \" data-lazy=\"1\">\n        <div  class=\"tb_text_wrap\">\n        <h3>Plan de Salud Laboral y P.R.L.<\/h3>    <\/div>\n<\/div>\n<!-- \/module text --><!-- module text -->\n<div  class=\"module module-text tb_qok0267   \" data-lazy=\"1\">\n        <div  class=\"tb_text_wrap\">\n        <h3>\u00a0<\/h3>\n<h3>Coordinadora:<\/h3>\n<h3>Ana M\u00aa Castell\u00f3 Rodr\u00edguez<\/h3>    <\/div>\n<\/div>\n<!-- \/module text -->        <\/div>\n                        <\/div>\n        <\/div>\n        <\/div>\n<!--\/themify_builder_content-->\n<p>&nbsp;<\/p>\n<p>&nbsp;<\/p>","protected":false},"excerpt":{"rendered":"<p>Plan de Trabajo de la Biblioteca \u00a0 \u00a0 Coordinador: Luis Antonio Torres Mu\u00f1oz TDE \u00a0 Coordinadora: Alicia Jurado Madrid STEAM 4.0 \u00a0 Coordinador: Francisco Jos\u00e9 S\u00e1nchez Reyes Plan Familias \u00a0 Coordinadora: Ana M\u00aa Castell\u00f3 Rodr\u00edguez Plan de igualdad entre hombres y mujeres \u00a0 Coordinadora: Ana Rodr\u00edguez S\u00e1nchez Plan de Refuerzo, Orientaci\u00f3n y Apoyo (PROA) \u00a0 [&hellip;]<\/p>\n","protected":false},"author":15404,"featured_media":0,"parent":0,"menu_order":0,"comment_status":"closed","ping_status":"closed","template":"","meta":{"ngg_post_thumbnail":0,"footnotes":""},"aioseo_notices":[],"_links":{"self":[{"href":"https:\/\/blogsaverroes.juntadeandalucia.es\/condesadelasquemadas\/wp-json\/wp\/v2\/pages\/1132"}],"collection":[{"href":"https:\/\/blogsaverroes.juntadeandalucia.es\/condesadelasquemadas\/wp-json\/wp\/v2\/pages"}],"about":[{"href":"https:\/\/blogsaverroes.juntadeandalucia.es\/condesadelasquemadas\/wp-json\/wp\/v2\/types\/page"}],"author":[{"embeddable":true,"href":"https:\/\/blogsaverroes.juntadeandalucia.es\/condesadelasquemadas\/wp-json\/wp\/v2\/users\/15404"}],"replies":[{"embeddable":true,"href":"https:\/\/blogsaverroes.juntadeandalucia.es\/condesadelasquemadas\/wp-json\/wp\/v2\/comments?post=1132"}],"version-history":[{"count":62,"href":"https:\/\/blogsaverroes.juntadeandalucia.es\/condesadelasquemadas\/wp-json\/wp\/v2\/pages\/1132\/revisions"}],"predecessor-version":[{"id":5325,"href":"https:\/\/blogsaverroes.juntadeandalucia.es\/condesadelasquemadas\/wp-json\/wp\/v2\/pages\/1132\/revisions\/5325"}],"wp:attachment":[{"href":"https:\/\/blogsaverroes.juntadeandalucia.es\/condesadelasquemadas\/wp-json\/wp\/v2\/media?parent=1132"}],"curies":[{"name":"wp","href":"https:\/\/api.w.org\/{rel}","templated":true}]}}