{"id":1134,"date":"2025-01-17T20:20:35","date_gmt":"2025-01-17T19:20:35","guid":{"rendered":"https:\/\/blogsaverroes.juntadeandalucia.es\/condesadelasquemadas\/?page_id=1134"},"modified":"2025-02-24T11:25:31","modified_gmt":"2025-02-24T10:25:31","slug":"servicios-del-centro","status":"publish","type":"page","link":"https:\/\/blogsaverroes.juntadeandalucia.es\/condesadelasquemadas\/servicios-del-centro\/","title":{"rendered":"Servicios del centro"},"content":{"rendered":"<p>&nbsp;<\/p>\n<p>&nbsp;<\/p>\n<p>&nbsp;<\/p>\n<p>&nbsp;<\/p>\n<p>&nbsp;<!--themify_builder_content-->\n<div id=\"themify_builder_content-1134\" data-postid=\"1134\" class=\"themify_builder_content themify_builder_content-1134 themify_builder tf_clear\">\n                    <div  data-lazy=\"1\" class=\"module_row themify_builder_row tb_cfkk426 tb_first tf_w\">\n                        <div class=\"row_inner col_align_top tb_col_count_1 tf_box tf_rel\">\n                        <div  data-lazy=\"1\" class=\"module_column tb-column col-full tb_bs9p427 first\">\n                    <!-- module text -->\n<div  class=\"module module-text tb_bvr7427   \" data-lazy=\"1\">\n        <div  class=\"tb_text_wrap\">\n        <p style=\"text-align: justify;\"><span style=\"font-family: 'comic sans ms', sans-serif; font-size: 14pt; color: #000000;\">El Decreto 137\/2002, de 30 de abril, de apoyo a las familias andaluzas, ha establecido un conjunto de medidas que afectan a \u00e1mbitos muy diversos de la sociedad, a saber, empleo, educaci\u00f3n, vivienda, servicios sociales, innovaci\u00f3n y salud, y que, en \u00faltimo t\u00e9rmino, pretenden apoyar a las familias andaluzas desde una perspectiva integral.<\/span><\/p>\n<p style=\"text-align: justify;\"><span style=\"font-family: 'comic sans ms', sans-serif; font-size: 14pt; color: #000000;\">Por otra parte, el Decreto 301\/2009, de 14 de julio, por el que se regula el calendario y jornada escolar en los centros docentes, a excepci\u00f3n de los universitarios, establece en el art\u00edculo 13 la posibilidad de que dichos centros puedan ampliar su horario de modo que est\u00e9n abiertos todos los d\u00edas de la semana y todos los meses del a\u00f1o excepto agosto, ofreciendo adem\u00e1s los servicios complementarios de\u00a0<strong><em>aula matinal,\u00a0comedor escolar\u00a0y\u00a0actividades extraescolares<\/em>.<\/strong><\/span><\/p>\n<p style=\"text-align: justify;\"><span style=\"font-family: 'comic sans ms', sans-serif; font-size: 14pt; color: #000000;\">Con ello se persigue que los centros docentes, m\u00e1s all\u00e1 del horario lectivo, seamos capaces de ofrecer a nuestro alumnado y a las familias una oferta de jornada escolar completa, de forma que encuentren en el centro las actividades que necesitan para completar su formaci\u00f3n y para utilizar de una manera educativa y provechosa su tiempo libre.<\/span><\/p>\n<p style=\"text-align: justify;\"><span style=\"font-family: 'comic sans ms', sans-serif; font-size: 14pt; color: #000000;\">Estos servicios educativos estar\u00e1n dirigidos a la totalidad del alumnado del centro y de acuerdo, en todo caso, a lo recogido en la ORDEN de 3 de agosto de 2010 por la que se regulan los servicios complementarios de la ense\u00f1anza de aula matinal, comedor escolar y actividades extraescolares en los centros docentes p\u00fablicos, as\u00ed como la ampliaci\u00f3n de horario.<\/span><\/p>    <\/div>\n<\/div>\n<!-- \/module text --><!-- module accordion -->\n<div  class=\"module module-accordion tb_bsdl429 \" data-behavior=\"accordion\" data-lazy=\"1\">\n    \n    <ul class=\"ui module-accordion  rounded embossed red\">\n            <li>\n            <div class=\"accordion-title tf_rel\">\n                <a href=\"#acc-bsdl429-0\" class=\"tb_title_accordion\" aria-controls=\"acc-bsdl429-0-content\" aria-expanded=\"false\">\n                    <i class=\"accordion-icon\"><svg  class=\"tf_fa tf-ti-angle-down\" aria-hidden=\"true\"><use href=\"#tf-ti-angle-down\"><\/use><\/svg><\/i>                    <i class=\"accordion-active-icon tf_hide\"><svg  class=\"tf_fa tf-ti-angle-up\" aria-hidden=\"true\"><use href=\"#tf-ti-angle-up\"><\/use><\/svg><\/i>                    AULA MATINAL                <\/a>\n            <\/div><!-- .accordion-title -->\n            <div id=\"acc-bsdl429-0-content\" data-id=\"acc-bsdl429-0\" aria-hidden=\"true\" class=\"accordion-content tf_hide tf_clearfix\">\n                                    <div class=\"tb_text_wrap\">\n                        <p align=\"justify\"><span style=\"color: #000000; font-size: 14pt; font-family: 'comic sans ms', sans-serif;\"><strong>El aula matinal es el tiempo comprendido entre las 7:30 h. y las 9:00 h., hora de comienzo de la jornada lectiva.<\/strong><\/span><\/p>\n<p align=\"justify\"><span style=\"color: #000000; font-size: 14pt; font-family: 'comic sans ms', sans-serif;\"><strong>Las actividades a realizar durante este periodo\u00a0<\/strong>de tiempo consistir\u00e1n en la apertura y puesta en marcha de las instalaciones, recepci\u00f3n de los ni\u00f1os y ni\u00f1as, desayuno (deber\u00e1n traerlo de casa) y realizaci\u00f3n de actividades complementarias a la formaci\u00f3n y animaci\u00f3n.<\/span><\/p>\n<p align=\"justify\"><span style=\"color: #000000; font-size: 14pt; font-family: 'comic sans ms', sans-serif;\"><strong>Los alumnos y alumnas que deseen hacer uso de este servicio se pueden inscribir en cualquier momento, rellenando un impreso de inscripci\u00f3n que se recoge en el centro.<\/strong><\/span><\/p>\n<p style=\"text-align: center;\"><span style=\"background-color: #ffff00; font-size: 14pt; font-family: 'comic sans ms', sans-serif;\"><span style=\"color: #000000;\"><strong>Precio: D\u00edas sueltos 1,33\u20ac. Mes completo 17,51\u20ac<\/strong><\/span><\/span><\/p>\n<p align=\"justify\"><span style=\"color: #000000; font-size: 14pt; font-family: 'comic sans ms', sans-serif;\">La Consejer\u00eda de Educaci\u00f3n de la Junta de Andaluc\u00eda subvenciona, seg\u00fan renta, el precio del Aula Matinal. Las bonificaciones pueden ir del 10% al 100%.<\/span><\/p>                    <\/div>\n                            <\/div><!-- .accordion-content -->\n        <\/li>\n        <\/ul>\n\n<\/div><!-- \/module accordion --><!-- module accordion -->\n<div  class=\"module module-accordion tb_uw5w430 \" data-behavior=\"accordion\" data-lazy=\"1\">\n    \n    <ul class=\"ui module-accordion  rounded embossed yellow\">\n            <li>\n            <div class=\"accordion-title tf_rel\">\n                <a href=\"#acc-uw5w430-0\" class=\"tb_title_accordion\" aria-controls=\"acc-uw5w430-0-content\" aria-expanded=\"false\">\n                    <i class=\"accordion-icon\"><svg  class=\"tf_fa tf-ti-angle-down\" aria-hidden=\"true\"><use href=\"#tf-ti-angle-down\"><\/use><\/svg><\/i>                    <i class=\"accordion-active-icon tf_hide\"><svg  class=\"tf_fa tf-ti-angle-up\" aria-hidden=\"true\"><use href=\"#tf-ti-angle-up\"><\/use><\/svg><\/i>                    COMEDOR                <\/a>\n            <\/div><!-- .accordion-title -->\n            <div id=\"acc-uw5w430-0-content\" data-id=\"acc-uw5w430-0\" aria-hidden=\"true\" class=\"accordion-content tf_hide tf_clearfix\">\n                                    <div class=\"tb_text_wrap\">\n                        <p style=\"text-align: justify;\"><span style=\"color: #000000; font-family: 'comic sans ms', sans-serif; font-size: 14pt;\">El servicio de comedor tiene una duraci\u00f3n de hasta dos horas desde que acaba la jornada escolar de la ma\u00f1ana (<strong>de 14.00 a 16.00 horas<\/strong>).<\/span><\/p>\n<p style=\"text-align: justify;\"><span style=\"color: #000000; font-family: 'comic sans ms', sans-serif; font-size: 14pt;\">Nos planteamos este servicio como un espacio educativo importante, donde nuestros alumnos y alumnas practican h\u00e1bitos alimenticios y normas de comportamiento en la mesa.<\/span><\/p>\n<p style=\"text-align: center;\"><span style=\"color: #000000; font-size: 14pt; font-family: 'comic sans ms', sans-serif;\"><span style=\"background-color: #ffff00;\"><strong>Precio del Servicio: 5,54\u20ac al d\u00eda<\/strong><\/span><\/span><\/p>\n<p style=\"text-align: justify;\"><span style=\"color: #000000; font-size: 14pt; font-family: 'comic sans ms', sans-serif;\">La Consejer\u00eda de Educaci\u00f3n de la Junta de Andaluc\u00eda subvenciona, seg\u00fan renta, el precio del Aula Matinal. Las bonificaciones pueden ir del 10% al 100%<\/span><\/p>\n<p>\u00a0<\/p>                    <\/div>\n                            <\/div><!-- .accordion-content -->\n        <\/li>\n        <\/ul>\n\n<\/div><!-- \/module accordion --><!-- module accordion -->\n<div  class=\"module module-accordion tb_wpvc430 \" data-behavior=\"accordion\" data-lazy=\"1\">\n    \n    <ul class=\"ui module-accordion  rounded embossed purple\">\n            <li>\n            <div class=\"accordion-title tf_rel\">\n                <a href=\"#acc-wpvc430-0\" class=\"tb_title_accordion\" aria-controls=\"acc-wpvc430-0-content\" aria-expanded=\"false\">\n                    <i class=\"accordion-icon\"><svg  class=\"tf_fa tf-ti-angle-down\" aria-hidden=\"true\"><use href=\"#tf-ti-angle-down\"><\/use><\/svg><\/i>                    <i class=\"accordion-active-icon tf_hide\"><svg  class=\"tf_fa tf-ti-angle-up\" aria-hidden=\"true\"><use href=\"#tf-ti-angle-up\"><\/use><\/svg><\/i>                    ACTIVIDADES EXTRAEXCOLARES                <\/a>\n            <\/div><!-- .accordion-title -->\n            <div id=\"acc-wpvc430-0-content\" data-id=\"acc-wpvc430-0\" aria-hidden=\"true\" class=\"accordion-content tf_hide tf_clearfix\">\n                                    <div class=\"tb_text_wrap\">\n                        <p align=\"justify\"><span style=\"color: #000000; font-size: 14pt; font-family: 'comic sans ms', sans-serif;\"><strong>Las actividades extraescolares son<\/strong>\u00a0aquellas pr\u00e1cticas educativas realizadas fuera del horario lectivo que proporcionan al alumno experiencias y posibilidades complementarias de aprendizaje con las que alcanzar una formaci\u00f3n m\u00e1s global, y tienen lugar\u00a0<strong>de 16:00 a 18:00<\/strong>.<\/span><\/p>\n<p align=\"justify\"><span style=\"color: #000000; font-size: 14pt; font-family: 'comic sans ms', sans-serif;\">La normativa legal establece que estas actividades podr\u00e1n ser de ocio, lectura, deporte, m\u00fasica, artes pl\u00e1sticas, educaci\u00f3n para la salud, primeros auxilios, inform\u00e1tica, idiomas y otras de naturaleza similar que aborden aspectos formativos de inter\u00e9s para el alumno.<\/span><\/p>\n<p style=\"text-align: justify;\"><span style=\"color: #000000; font-size: 14pt; font-family: 'comic sans ms', sans-serif;\">La Consejer\u00eda de Educaci\u00f3n de la Junta de Andaluc\u00eda subvenciona, seg\u00fan renta, el precio de una actividad.<strong>\u00a0Si alg\u00fan alumno\/a quiere asistir a una segunda actividad tendr\u00e1 que abonar el importe total de la misma.<\/strong><\/span><\/p>\n<p><span style=\"font-size: 14pt;\"><strong><span style=\"font-family: 'comic sans ms', sans-serif;\">Las actividades para este curso son:<\/span><\/strong><\/span><\/p>\n<p><span style=\"font-size: 14pt;\"><strong><span style=\"font-family: 'comic sans ms', sans-serif;\">F\u00fatbol<\/span><\/strong><\/span><\/p>\n<p><span style=\"font-size: 14pt;\"><strong><span style=\"font-family: 'comic sans ms', sans-serif;\">Balonmano<\/span><\/strong><\/span><\/p>\n<p><span style=\"font-size: 14pt;\"><strong><span style=\"font-family: 'comic sans ms', sans-serif;\">Ingl\u00e9s<\/span><\/strong><\/span><\/p>\n<p><span style=\"font-size: 14pt;\"><strong><span style=\"font-family: 'comic sans ms', sans-serif;\">Patinaje\u00a0<\/span><\/strong><\/span><\/p>\n<p><span style=\"font-size: 14pt;\"><strong><span style=\"font-family: 'comic sans ms', sans-serif;\">Skate<\/span><\/strong><\/span><\/p>                    <\/div>\n                            <\/div><!-- .accordion-content -->\n        <\/li>\n        <\/ul>\n\n<\/div><!-- \/module accordion --><!-- module accordion -->\n<div  class=\"module module-accordion tb_k6lk430 \" data-behavior=\"accordion\" data-lazy=\"1\">\n    \n    <ul class=\"ui module-accordion  rounded embossed green\">\n            <li>\n            <div class=\"accordion-title tf_rel\">\n                <a href=\"#acc-k6lk430-0\" class=\"tb_title_accordion\" aria-controls=\"acc-k6lk430-0-content\" aria-expanded=\"false\">\n                    <i class=\"accordion-icon\"><svg  class=\"tf_fa tf-ti-angle-down\" aria-hidden=\"true\"><use href=\"#tf-ti-angle-down\"><\/use><\/svg><\/i>                    <i class=\"accordion-active-icon tf_hide\"><svg  class=\"tf_fa tf-ti-angle-up\" aria-hidden=\"true\"><use href=\"#tf-ti-angle-up\"><\/use><\/svg><\/i>                    PRECIO P\u00daBLICO DE AULA MATINAL, COMEDOR Y ACTIVIDADES EXTRAESCOLARES                <\/a>\n            <\/div><!-- .accordion-title -->\n            <div id=\"acc-k6lk430-0-content\" data-id=\"acc-k6lk430-0\" aria-hidden=\"true\" class=\"accordion-content tf_hide tf_clearfix\">\n                                    <div class=\"tb_text_wrap\">\n                        <p style=\"font-style: normal; font-weight: 400; font-size: 18px; font-family: Roboto, sans-serif; text-align: justify;\"><span style=\"font-size: 14pt; font-family: 'comic sans ms', sans-serif; color: #000000;\">Los acuerdos del Consejo de Gobierno Andaluz, de <strong>27 de julio de 2023<\/strong> y de <strong>30 de julio de 2024<\/strong>, establecen los precios p\u00fablicos de los servicios de aula matinal y actividades extraescolares y del comedor escolar, respectivamente,\u00a0<\/span><span style=\"font-size: 14pt; font-family: 'comic sans ms', sans-serif; color: #000000;\">en los centros docentes p\u00fablicos de Andaluc\u00eda.<\/span><\/p>\n<p style=\"font-style: normal; font-weight: 400; font-size: 18px; font-family: Roboto, sans-serif; text-align: justify;\"><span style=\"font-size: 14pt; font-family: 'comic sans ms', sans-serif; color: #000000;\">Tras los acuerdos <strong>los precios quedan como sigue<\/strong>:<\/span><\/p>\n<table class=\" aligncenter\" style=\"width: 100%; border-collapse: collapse; border-color: #000000; border-style: solid;\">\n<tbody>\n<tr>\n<td style=\"width: 27.5692%; border-color: #000000; border-style: solid; vertical-align: middle;\" colspan=\"2\"><strong>AULA MATINAL<\/strong><\/td>\n<td style=\"width: 32.3782%; border-color: #000000; border-style: solid; vertical-align: middle;\"><strong>COMEDOR<\/strong><\/td>\n<td style=\"width: 16.4251%; border-color: #000000; border-style: solid; vertical-align: middle;\" colspan=\"2\"><strong>ACTIVIDADES EXTRAESCOLARES<\/strong><\/td>\n<\/tr>\n<tr style=\"border-style: solid; border-color: #050505;\">\n<td style=\"width: 13.086%;\"><span style=\"font-size: 14pt; font-family: 'comic sans ms', sans-serif; color: #000000;\">Diario<\/span><\/td>\n<td style=\"width: 14.4832%; border-style: solid; border-color: #000000;\"><span style=\"font-size: 14pt; font-family: 'comic sans ms', sans-serif; color: #000000;\">Mensual<\/span><\/td>\n<td style=\"width: 32.3782%;\"><span style=\"font-size: 14pt; font-family: 'comic sans ms', sans-serif; color: #000000;\">Diario<\/span><\/td>\n<td style=\"width: 16.4251%; border-style: solid; border-color: #000000;\" colspan=\"2\"><span style=\"font-size: 14pt; font-family: 'comic sans ms', sans-serif; color: #000000;\">Mensual<\/span><\/td>\n<\/tr>\n<tr style=\"border-style: solid; border-color: #050505;\">\n<td style=\"width: 13.086%;\"><span style=\"font-size: 14pt; font-family: 'comic sans ms', sans-serif; color: #000000;\"><strong>1,33 \u20ac<\/strong><\/span><\/td>\n<td style=\"width: 14.4832%; border-style: solid; border-color: #000000;\"><span style=\"font-size: 14pt; font-family: 'comic sans ms', sans-serif; color: #000000;\"><strong>17,51 \u20ac<\/strong><\/span><\/td>\n<td style=\"width: 32.3782%;\"><span style=\"font-size: 14pt; font-family: 'comic sans ms', sans-serif; color: #000000;\"><strong>5,54 \u20ac<\/strong><\/span><\/td>\n<td style=\"width: 16.4251%; border-style: solid; border-color: #000000;\" colspan=\"2\"><span style=\"font-size: 14pt; font-family: 'comic sans ms', sans-serif; color: #000000;\"><strong>17,51 \u20ac<\/strong><\/span><\/td>\n<\/tr>\n<\/tbody>\n<\/table>\n<p>\u00a0<\/p>\n<p style=\"font-style: normal; font-weight: 400; font-size: 18px; font-family: Roboto, sans-serif; text-align: justify;\"><span style=\"color: #000000; font-family: 'comic sans ms', sans-serif; font-size: 14pt;\">Estos precios p\u00fablicos podr\u00e1n verse disminuidos en funci\u00f3n de la bonificaci\u00f3n obtenida por cada familia solicitante de dicha ayuda.<\/span><\/p>                    <\/div>\n                            <\/div><!-- .accordion-content -->\n        <\/li>\n        <\/ul>\n\n<\/div><!-- \/module accordion -->        <\/div>\n                        <\/div>\n        <\/div>\n        <\/div>\n<!--\/themify_builder_content-->","protected":false},"excerpt":{"rendered":"<p>&nbsp; &nbsp; &nbsp; &nbsp; &nbsp; El Decreto 137\/2002, de 30 de abril, de apoyo a las familias andaluzas, ha establecido un conjunto de medidas que afectan a \u00e1mbitos muy diversos de la sociedad, a saber, empleo, educaci\u00f3n, vivienda, servicios sociales, innovaci\u00f3n y salud, y que, en \u00faltimo t\u00e9rmino, pretenden apoyar a las familias andaluzas desde [&hellip;]<\/p>\n","protected":false},"author":15404,"featured_media":0,"parent":0,"menu_order":0,"comment_status":"closed","ping_status":"closed","template":"","meta":{"ngg_post_thumbnail":0,"footnotes":""},"aioseo_notices":[],"_links":{"self":[{"href":"https:\/\/blogsaverroes.juntadeandalucia.es\/condesadelasquemadas\/wp-json\/wp\/v2\/pages\/1134"}],"collection":[{"href":"https:\/\/blogsaverroes.juntadeandalucia.es\/condesadelasquemadas\/wp-json\/wp\/v2\/pages"}],"about":[{"href":"https:\/\/blogsaverroes.juntadeandalucia.es\/condesadelasquemadas\/wp-json\/wp\/v2\/types\/page"}],"author":[{"embeddable":true,"href":"https:\/\/blogsaverroes.juntadeandalucia.es\/condesadelasquemadas\/wp-json\/wp\/v2\/users\/15404"}],"replies":[{"embeddable":true,"href":"https:\/\/blogsaverroes.juntadeandalucia.es\/condesadelasquemadas\/wp-json\/wp\/v2\/comments?post=1134"}],"version-history":[{"count":28,"href":"https:\/\/blogsaverroes.juntadeandalucia.es\/condesadelasquemadas\/wp-json\/wp\/v2\/pages\/1134\/revisions"}],"predecessor-version":[{"id":4248,"href":"https:\/\/blogsaverroes.juntadeandalucia.es\/condesadelasquemadas\/wp-json\/wp\/v2\/pages\/1134\/revisions\/4248"}],"wp:attachment":[{"href":"https:\/\/blogsaverroes.juntadeandalucia.es\/condesadelasquemadas\/wp-json\/wp\/v2\/media?parent=1134"}],"curies":[{"name":"wp","href":"https:\/\/api.w.org\/{rel}","templated":true}]}}