{"id":256,"date":"2020-12-26T20:20:26","date_gmt":"2020-12-26T20:20:26","guid":{"rendered":"https:\/\/blogsaverroes.juntadeandalucia.es\/conectaconnuestraaula\/?page_id=256"},"modified":"2021-06-01T11:22:52","modified_gmt":"2021-06-01T11:22:52","slug":"como-contactarme","status":"publish","type":"page","link":"https:\/\/blogsaverroes.juntadeandalucia.es\/conectaconnuestraaula\/como-contactarme\/","title":{"rendered":"SOBRE M\u00cd"},"content":{"rendered":"<p>Soy maestra de Infantil desde el a\u00f1o 2005, y me defino como una maestra con p\u00e1jaros en la cabeza, \u00bfpor qu\u00e9?<\/p>\n<p>Le\u00ed el libro (\u00e1lbum ilustrado): <strong>P\u00e1jaros en la cabeza<\/strong> de Roc\u00edo Araya. Que habla de una maestra que le gusta mirar los cuadernos pero casi nunca mira por la ventana. Una ni\u00f1a, le dice que en lugar de dar clase le gustar\u00eda hacerse preguntas, algunas de \u00e9stas son:<\/p>\n<ul>\n<li>Si lo que siento es muy grande, \u00bfpuedo salirme de la l\u00ednea?<\/li>\n<li>\u00bfSe puede medir una nube?<\/li>\n<li>Despu\u00e9s del infinito&#8230; \u00bfqu\u00e9 n\u00famero viene?<\/li>\n<li>&#8230;..<\/li>\n<\/ul>\n<p>Esa maestra le dice que no es como ella, que ella entre muchos caminos elije siempre el mismo y otras cosas. La ni\u00f1a le dice que le regala un p\u00e1jaro de los que tiene en la cabeza, que ella tiene muchos.<\/p>\n<p>As\u00ed que yo quiero tener esos p\u00e1jaros en la cabeza, transmitir a mis peque\u00f1os y peque\u00f1as que tienen que hacerse preguntas, decidir qu\u00e9 caminos coger, analizar, reflexionar, imaginar y nunca parar de crear y so\u00f1ar cosas.<\/p>\n<p>Creo en la magia del trabajo por proyectos, una magia que hacen que nos ocurran cosas fant\u00e1sticas en el aula. Tambi\u00e9n me gusta mucho el aprendizaje cooperativo y tener siempre en mente una escuela inclusiva.<\/p>\n<p>Tutorizo y doy ponencias sobre ABP (Aprendizaje Basado en Proyectos) y tambi\u00e9n tutorizo desde hace muchos a\u00f1os el curso de Atenci\u00f3n a la Diversidad en el aula ordinaria en el aula virtual del profesorado. Tambi\u00e9n formo sobre lenguaje oral y escrito desde una perspectiva constructivista, formo parte de un grupo de maestras implicadas desde hace muchos a\u00f1os en eso, con el blog:&nbsp; <a href=\"http:\/\/aprenderhablando.blogspot.com\/\">http:\/\/aprenderhablando.blogspot.com\/.<\/a><\/p>\n<p>Tambi\u00e9n soy autora del \u00e1lbum ilustrado NO TE ENCUENTRO, de la editorial Loyola con su sello infantil Volteletras. Y del libro SUPUESTOS PR\u00c1CTICOS EDUCACI\u00d3N INFANTIL de la editorial Educalia.<\/p>\n<p>Este es mi blog:&nbsp;<a href=\"https:\/\/blogsaverroes.juntadeandalucia.es\/conectaconnuestraaula\/\">https:\/\/blogsaverroes.juntadeandalucia.es\/conectaconnuestraaula\/<\/a><\/p>\n<p>Y mi antiguo blog:&nbsp;<a href=\"http:\/\/conectaconnuestraaula.blogspot.com\/\">http:\/\/conectaconnuestraaula.blogspot.com\/<\/a><\/p>\n<p>Si quieres contactar conmigo puedes hacerlo a trav\u00e9s de:<\/p>\n<ul>\n<li>mi email:&nbsp; ronycd82@gmail.com<\/li>\n<li><a href=\"https:\/\/www.instagram.com\/cristinaamills\/\">Instagram: @cristinaamills<\/a><\/li>\n<li><a href=\"https:\/\/twitter.com\/crisamills\">Cuenta twitter: @crisamills<\/a><\/li>\n<\/ul>\n<p><img loading=\"lazy\" decoding=\"async\" class=\"alignnone size-medium wp-image-448\" src=\"https:\/\/blogsaverroes.juntadeandalucia.es\/conectaconnuestraaula\/files\/2021\/06\/152926843_10224700123999852_5136566536897746299_n-300x300.jpg\" alt=\"\" width=\"300\" height=\"300\" srcset=\"https:\/\/blogsaverroes.juntadeandalucia.es\/conectaconnuestraaula\/files\/2021\/06\/152926843_10224700123999852_5136566536897746299_n-300x300.jpg 300w, https:\/\/blogsaverroes.juntadeandalucia.es\/conectaconnuestraaula\/files\/2021\/06\/152926843_10224700123999852_5136566536897746299_n-150x150.jpg 150w, https:\/\/blogsaverroes.juntadeandalucia.es\/conectaconnuestraaula\/files\/2021\/06\/152926843_10224700123999852_5136566536897746299_n-768x768.jpg 768w, https:\/\/blogsaverroes.juntadeandalucia.es\/conectaconnuestraaula\/files\/2021\/06\/152926843_10224700123999852_5136566536897746299_n-700x700.jpg 700w, https:\/\/blogsaverroes.juntadeandalucia.es\/conectaconnuestraaula\/files\/2021\/06\/152926843_10224700123999852_5136566536897746299_n-332x332.jpg 332w, https:\/\/blogsaverroes.juntadeandalucia.es\/conectaconnuestraaula\/files\/2021\/06\/152926843_10224700123999852_5136566536897746299_n-432x432.jpg 432w, https:\/\/blogsaverroes.juntadeandalucia.es\/conectaconnuestraaula\/files\/2021\/06\/152926843_10224700123999852_5136566536897746299_n-268x268.jpg 268w, https:\/\/blogsaverroes.juntadeandalucia.es\/conectaconnuestraaula\/files\/2021\/06\/152926843_10224700123999852_5136566536897746299_n.jpg 900w\" sizes=\"(max-width: 300px) 100vw, 300px\" \/><\/p>\n","protected":false},"excerpt":{"rendered":"<p>Soy maestra de Infantil desde el a\u00f1o 2005, y me defino como una maestra con p\u00e1jaros en la cabeza, \u00bfpor qu\u00e9? Le\u00ed el libro (\u00e1lbum ilustrado): P\u00e1jaros en la cabeza de Roc\u00edo Araya. Que&#46;&#46;&#46;<\/p>\n","protected":false},"author":7570,"featured_media":0,"parent":0,"menu_order":1,"comment_status":"closed","ping_status":"closed","template":"","meta":{"ngg_post_thumbnail":0,"footnotes":""},"aioseo_notices":[],"_links":{"self":[{"href":"https:\/\/blogsaverroes.juntadeandalucia.es\/conectaconnuestraaula\/wp-json\/wp\/v2\/pages\/256"}],"collection":[{"href":"https:\/\/blogsaverroes.juntadeandalucia.es\/conectaconnuestraaula\/wp-json\/wp\/v2\/pages"}],"about":[{"href":"https:\/\/blogsaverroes.juntadeandalucia.es\/conectaconnuestraaula\/wp-json\/wp\/v2\/types\/page"}],"author":[{"embeddable":true,"href":"https:\/\/blogsaverroes.juntadeandalucia.es\/conectaconnuestraaula\/wp-json\/wp\/v2\/users\/7570"}],"replies":[{"embeddable":true,"href":"https:\/\/blogsaverroes.juntadeandalucia.es\/conectaconnuestraaula\/wp-json\/wp\/v2\/comments?post=256"}],"version-history":[{"count":6,"href":"https:\/\/blogsaverroes.juntadeandalucia.es\/conectaconnuestraaula\/wp-json\/wp\/v2\/pages\/256\/revisions"}],"predecessor-version":[{"id":449,"href":"https:\/\/blogsaverroes.juntadeandalucia.es\/conectaconnuestraaula\/wp-json\/wp\/v2\/pages\/256\/revisions\/449"}],"wp:attachment":[{"href":"https:\/\/blogsaverroes.juntadeandalucia.es\/conectaconnuestraaula\/wp-json\/wp\/v2\/media?parent=256"}],"curies":[{"name":"wp","href":"https:\/\/api.w.org\/{rel}","templated":true}]}}