{"id":2,"date":"2021-04-18T18:41:22","date_gmt":"2021-04-18T18:41:22","guid":{"rendered":"https:\/\/blogsaverroes.juntadeandalucia.es\/connombredemujer\/?page_id=2"},"modified":"2021-11-26T19:21:49","modified_gmt":"2021-11-26T19:21:49","slug":"pagina-ejemplo","status":"publish","type":"page","link":"https:\/\/blogsaverroes.juntadeandalucia.es\/connombredemujer\/","title":{"rendered":"Inicio"},"content":{"rendered":"<p>&nbsp;<\/p>\n<div id=\"attachment_18\" style=\"width: 310px\" class=\"wp-caption aligncenter\"><img fetchpriority=\"high\" decoding=\"async\" aria-describedby=\"caption-attachment-18\" class=\"size-medium wp-image-18\" src=\"https:\/\/blogsaverroes.juntadeandalucia.es\/connombredemujer\/files\/2021\/04\/salir-del-pozo-300x253.png\" alt=\"Pozo\" width=\"300\" height=\"253\" srcset=\"https:\/\/blogsaverroes.juntadeandalucia.es\/connombredemujer\/files\/2021\/04\/salir-del-pozo-300x253.png 300w, https:\/\/blogsaverroes.juntadeandalucia.es\/connombredemujer\/files\/2021\/04\/salir-del-pozo-1024x865.png 1024w, https:\/\/blogsaverroes.juntadeandalucia.es\/connombredemujer\/files\/2021\/04\/salir-del-pozo-768x649.png 768w, https:\/\/blogsaverroes.juntadeandalucia.es\/connombredemujer\/files\/2021\/04\/salir-del-pozo.png 1037w\" sizes=\"(max-width: 300px) 100vw, 300px\" \/><p id=\"caption-attachment-18\" class=\"wp-caption-text\">\u00abTienes que salir de aqu\u00ed\u00bb<\/p><\/div>\n<p>Hola&nbsp; a todos y a todas.&nbsp;<\/p>\n<p>Somos un Instituto de Educaci\u00f3n de Adultos integrado en la red de centros de Educaci\u00f3n Permanente de Andaluc\u00eda. Concretamente somos una la secci\u00f3n en Linares del IPEP (Ja\u00e9n) y os damos la bienvenida a nuestro Blog de Igualdad.<\/p>\n<p>En nuestro Centro llevamos trabajando en este campo durante muchos a\u00f1os porque consideramos&nbsp; que la violencia de g\u00e9nero es uno de los problemas m\u00e1s graves y complejos que afronta nuestra sociedad y, dado que \u201ces un tipo de violencia estructural e ideol\u00f3gica\u201d, compete a la Escuela combatirla desde los planteamientos de una educaci\u00f3n y formaci\u00f3n cr\u00edtica y en valores.<\/p>\n<p>Este Blog responde a la consideraci\u00f3n de que esta violencia, que \u201cse viene ejerciendo durante d\u00e9cadas sobre las mujeres por el mero hecho de serlo, sin distinci\u00f3n de raza, edad o clase social\u201d, es fruto del cambio de roles masculinos y femeninos en la sociedad moderna y de la resistencia de determinados sectores (masculinos y femeninos) a aceptarlos frente a la actitud reivindicativa de esta igualdad por parte de otros sectores de la sociedad, (femeninos, pero tambi\u00e9n masculinos). En la medida de nuestras posibilidades, este blog pretende actuar como altavoz de estas reivindicaciones.<\/p>\n<p>Asimismo, es cierto que muchas de las medidas que ocupan el centro de la atenci\u00f3n medi\u00e1tica y de las redes sociales en torno a la lucha por la igualdad de g\u00e9nero y otras en contra de la violencia de g\u00e9nero, m\u00e1s que aportar avances sociales concretos y medibles se convierten en focos de controversia y descalificaciones que enconan las posturas de unos y otros. En este sentido, entendemos la lucha por la erradicaci\u00f3n de la violencia como un proceso necesario, firme en su avance, pero, lamentablemente, lento. Por eso los objetivos y las actuaciones deben ser realistas, no demag\u00f3gicos. Adem\u00e1s, la clave de este realismo est\u00e1 en la comprensi\u00f3n del problema en sus distintas dimensiones, el an\u00e1lisis cr\u00edtico, el debate y la consolidaci\u00f3n de nuevos h\u00e1bitos. Por tanto, es en el \u00e1mbito escolar enfocado a las mujeres y los hombres de ma\u00f1ana donde se pueden plantar las semillas de los valores igualitarios, del respeto y del rechazo a la violencia de g\u00e9nero, (asentada \u00e9sta en los prejuicios y en los estereotipos sexistas).<\/p>\n","protected":false},"excerpt":{"rendered":"<p>&nbsp; Hola&nbsp; a todos y a todas.&nbsp; Somos un Instituto de Educaci\u00f3n de Adultos integrado en la red de centros de Educaci\u00f3n Permanente de Andaluc\u00eda. Concretamente somos una la secci\u00f3n en Linares del IPEP&#46;&#46;&#46;<\/p>\n","protected":false},"author":4035,"featured_media":0,"parent":0,"menu_order":0,"comment_status":"closed","ping_status":"open","template":"","meta":{"ngg_post_thumbnail":0,"footnotes":""},"aioseo_notices":[],"_links":{"self":[{"href":"https:\/\/blogsaverroes.juntadeandalucia.es\/connombredemujer\/wp-json\/wp\/v2\/pages\/2"}],"collection":[{"href":"https:\/\/blogsaverroes.juntadeandalucia.es\/connombredemujer\/wp-json\/wp\/v2\/pages"}],"about":[{"href":"https:\/\/blogsaverroes.juntadeandalucia.es\/connombredemujer\/wp-json\/wp\/v2\/types\/page"}],"author":[{"embeddable":true,"href":"https:\/\/blogsaverroes.juntadeandalucia.es\/connombredemujer\/wp-json\/wp\/v2\/users\/4035"}],"replies":[{"embeddable":true,"href":"https:\/\/blogsaverroes.juntadeandalucia.es\/connombredemujer\/wp-json\/wp\/v2\/comments?post=2"}],"version-history":[{"count":4,"href":"https:\/\/blogsaverroes.juntadeandalucia.es\/connombredemujer\/wp-json\/wp\/v2\/pages\/2\/revisions"}],"predecessor-version":[{"id":17,"href":"https:\/\/blogsaverroes.juntadeandalucia.es\/connombredemujer\/wp-json\/wp\/v2\/pages\/2\/revisions\/17"}],"wp:attachment":[{"href":"https:\/\/blogsaverroes.juntadeandalucia.es\/connombredemujer\/wp-json\/wp\/v2\/media?parent=2"}],"curies":[{"name":"wp","href":"https:\/\/api.w.org\/{rel}","templated":true}]}}