{"id":1336,"date":"2024-02-03T13:20:39","date_gmt":"2024-02-03T12:20:39","guid":{"rendered":"https:\/\/blogsaverroes.juntadeandalucia.es\/conservatorioalbox\/?page_id=1336"},"modified":"2024-02-03T13:20:39","modified_gmt":"2024-02-03T12:20:39","slug":"compdigedu-propositos-del-programa","status":"publish","type":"page","link":"https:\/\/blogsaverroes.juntadeandalucia.es\/conservatorioalbox\/compdigedu-propositos-del-programa\/","title":{"rendered":"Prop\u00f3sitos del programa"},"content":{"rendered":"<p>La Junta de Andaluc\u00eda, como resultado de los acuerdos de la Conferencia Sectorial de Educaci\u00f3n, ha puesto en marcha el programa #CompDigEdu, cuyos objetivos se establecen en la <a href=\"https:\/\/www.juntadeandalucia.es\/educacion\/portals\/delegate\/content\/1251bc74-27a2-49d3-83e9-d9c5ae94d4f3\/Resoluci%C3%B3n%20en%20el%20MARCO%20DEL%20PROGRAMA%20DE%20COOPERACI%C3%93N%20TERRITORIAL%20#CompDigEdu.\" target=\"_blank\" rel=\"noopener noreferrer\">Resoluci\u00f3n de 20 de septiembre, de la Direcci\u00f3n General de Tecnolog\u00edas Avanzadas y Transformaci\u00f3n Educativa:<\/a><\/p>\n<blockquote><p>Su finalidad es la de mejorar el desarrollo de la competencia digital del alumnado y el uso de las<br \/>\ntecnolog\u00edas digitales en el aprendizaje a trav\u00e9s del desarrollo de la competencia digital del profesorado y de la<br \/>\ntransformaci\u00f3n de los centros en organizaciones digitalmente competentes.<\/p><\/blockquote>\n<p>En esta secci\u00f3n encontrar\u00e9is materiales de inter\u00e9s para alumnado y profesorado sobre un uso competente y adecuado de la tecnolog\u00eda.<\/p>\n","protected":false},"excerpt":{"rendered":"<p>La Junta de Andaluc\u00eda, como resultado de los acuerdos de la Conferencia Sectorial de Educaci\u00f3n, ha puesto en marcha el programa #CompDigEdu, cuyos objetivos se establecen en la Resoluci\u00f3n de 20 de septiembre, de la Direcci\u00f3n General de Tecnolog\u00edas Avanzadas y Transformaci\u00f3n Educativa: Su finalidad es la de mejorar el desarrollo de la competencia digital [&hellip;]<\/p>\n","protected":false},"author":6802,"featured_media":0,"parent":0,"menu_order":0,"comment_status":"closed","ping_status":"closed","template":"","meta":{"_et_pb_use_builder":"","_et_pb_old_content":"","_et_gb_content_width":"","ngg_post_thumbnail":0,"footnotes":"","_mc_calendar":[]},"aioseo_notices":[],"post_mailing_queue_ids":[],"_links":{"self":[{"href":"https:\/\/blogsaverroes.juntadeandalucia.es\/conservatorioalbox\/wp-json\/wp\/v2\/pages\/1336"}],"collection":[{"href":"https:\/\/blogsaverroes.juntadeandalucia.es\/conservatorioalbox\/wp-json\/wp\/v2\/pages"}],"about":[{"href":"https:\/\/blogsaverroes.juntadeandalucia.es\/conservatorioalbox\/wp-json\/wp\/v2\/types\/page"}],"author":[{"embeddable":true,"href":"https:\/\/blogsaverroes.juntadeandalucia.es\/conservatorioalbox\/wp-json\/wp\/v2\/users\/6802"}],"replies":[{"embeddable":true,"href":"https:\/\/blogsaverroes.juntadeandalucia.es\/conservatorioalbox\/wp-json\/wp\/v2\/comments?post=1336"}],"version-history":[{"count":1,"href":"https:\/\/blogsaverroes.juntadeandalucia.es\/conservatorioalbox\/wp-json\/wp\/v2\/pages\/1336\/revisions"}],"predecessor-version":[{"id":1337,"href":"https:\/\/blogsaverroes.juntadeandalucia.es\/conservatorioalbox\/wp-json\/wp\/v2\/pages\/1336\/revisions\/1337"}],"wp:attachment":[{"href":"https:\/\/blogsaverroes.juntadeandalucia.es\/conservatorioalbox\/wp-json\/wp\/v2\/media?parent=1336"}],"curies":[{"name":"wp","href":"https:\/\/api.w.org\/{rel}","templated":true}]}}