{"id":651,"date":"2021-10-02T18:37:06","date_gmt":"2021-10-02T17:37:06","guid":{"rendered":"https:\/\/blogsaverroes.juntadeandalucia.es\/conservatorioalbox\/?page_id=651"},"modified":"2025-11-20T16:17:17","modified_gmt":"2025-11-20T15:17:17","slug":"organigrama","status":"publish","type":"page","link":"https:\/\/blogsaverroes.juntadeandalucia.es\/conservatorioalbox\/organigrama\/","title":{"rendered":"Organigrama"},"content":{"rendered":"<h2>Equipo directivo<\/h2>\n<ul>\n<li>D\u00f1a. Mar\u00eda Luisa S\u00e1nchez L\u00f3pez (Directora, Piano)<\/li>\n<li>D\u00f1a. Asunci\u00f3n Castellanos Navarro (Jefa de estudios, Flauta Travesera)<\/li>\n<li>D\u00f1a. Alba Mar\u00eda Hern\u00e1ndez Hern\u00e1ndez (Secretaria, Guitarra)<\/li>\n<\/ul>\n<p>Horario de atenci\u00f3n al p\u00fablico: Mi\u00e9rcoles y Jueves de 10:00-12:00<\/p>\n<h2>Profesorado<\/h2>\n<ul>\n<li>D.\u00aa Francisco Jos\u00e9 Burgos Mu\u00f1oz (Guitarra)\n<ul>\n<li>Tutor\u00eda de Atenci\u00f3n a Padres: Martes y Jueves de 20:00-20:30<\/li>\n<\/ul>\n<\/li>\n<li>D.\u00aa Asunci\u00f3n Castellanos Navarro (Flauta)\n<ul>\n<li>Tutor\u00eda de Atenci\u00f3n a Padres: Jueves de19:00-20:00<\/li>\n<\/ul>\n<\/li>\n<li>D.\u00aa Gemma Fern\u00e1ndez Del R\u00edo (Piano)\n<ul>\n<li>Tutor\u00eda de Atenci\u00f3n a Padres: Lunes y Mi\u00e9rcoles de 20:00-20:30<\/li>\n<\/ul>\n<\/li>\n<li>D.\u00aa Alba Mar\u00eda Hern\u00e1ndez Hern\u00e1ndez (Guitarra y Agrupaciones Musicales)\n<ul>\n<li>Tutor\u00eda de Atenci\u00f3n a Padres: Mi\u00e9rcoles de 18:00-18:30<\/li>\n<\/ul>\n<\/li>\n<li>D.\u00aa Mar\u00eda Krohn Montalvo (Viol\u00edn y Agrupaciones Musicales)\n<ul>\n<li>Tutor\u00eda de Atenci\u00f3n a Padres: Martes de 19:30-20:00<\/li>\n<\/ul>\n<\/li>\n<li>D. Oscar Antonio L\u00f3pez Martos (Clarinete, Agrupaciones Musicales)\n<ul>\n<li>Tutor\u00eda de Atenci\u00f3n a Padres: Martes de 20:00-20:30<\/li>\n<\/ul>\n<\/li>\n<li>D. Juan Manuel Pastor Garc\u00eda (Lenguaje Musical)<\/li>\n<li>D. Jos\u00e9 Manuel Ruiz Luque (Trompeta, Agrupaciones Musicales y Lenguaje Musical)\n<ul>\n<li>Tutor\u00eda de Atenci\u00f3n a Padres: Martes de 20:00-20:30<\/li>\n<\/ul>\n<\/li>\n<li>D.\u00aa Mar\u00eda Luisa S\u00e1nchez L\u00f3pez (Piano)\n<ul>\n<li>Tutor\u00eda de Atenci\u00f3n a Padres: Martes de 19:00-20:00<\/li>\n<\/ul>\n<\/li>\n<\/ul>\n<h2>Personal de Administraci\u00f3n y Servicios<\/h2>\n<ul>\n<li>D\u00f1a. Mar\u00eda Teresa M\u00e1rquez Rodr\u00edguez.<\/li>\n<\/ul>\n<p>Horario de ma\u00f1ana: Lunes y Viernes de 10:00-13:00<\/p>\n<p>Horario de tarde: Martes, Mi\u00e9rcoles y Jueves de 16:00-20:00<\/p>\n","protected":false},"excerpt":{"rendered":"<p>Equipo directivo D\u00f1a. Mar\u00eda Luisa S\u00e1nchez L\u00f3pez (Directora, Piano) D\u00f1a. Asunci\u00f3n Castellanos Navarro (Jefa de estudios, Flauta Travesera) D\u00f1a. Alba Mar\u00eda Hern\u00e1ndez Hern\u00e1ndez (Secretaria, Guitarra) Horario de atenci\u00f3n al p\u00fablico: Mi\u00e9rcoles y Jueves de 10:00-12:00 Profesorado D.\u00aa Francisco Jos\u00e9 Burgos Mu\u00f1oz (Guitarra) Tutor\u00eda de Atenci\u00f3n a Padres: Martes y Jueves de 20:00-20:30 D.\u00aa Asunci\u00f3n Castellanos [&hellip;]<\/p>\n","protected":false},"author":6802,"featured_media":0,"parent":0,"menu_order":0,"comment_status":"closed","ping_status":"closed","template":"","meta":{"_et_pb_use_builder":"off","_et_pb_old_content":"","_et_gb_content_width":"","ngg_post_thumbnail":0,"footnotes":"","_mc_calendar":[]},"aioseo_notices":[],"post_mailing_queue_ids":[],"_links":{"self":[{"href":"https:\/\/blogsaverroes.juntadeandalucia.es\/conservatorioalbox\/wp-json\/wp\/v2\/pages\/651"}],"collection":[{"href":"https:\/\/blogsaverroes.juntadeandalucia.es\/conservatorioalbox\/wp-json\/wp\/v2\/pages"}],"about":[{"href":"https:\/\/blogsaverroes.juntadeandalucia.es\/conservatorioalbox\/wp-json\/wp\/v2\/types\/page"}],"author":[{"embeddable":true,"href":"https:\/\/blogsaverroes.juntadeandalucia.es\/conservatorioalbox\/wp-json\/wp\/v2\/users\/6802"}],"replies":[{"embeddable":true,"href":"https:\/\/blogsaverroes.juntadeandalucia.es\/conservatorioalbox\/wp-json\/wp\/v2\/comments?post=651"}],"version-history":[{"count":17,"href":"https:\/\/blogsaverroes.juntadeandalucia.es\/conservatorioalbox\/wp-json\/wp\/v2\/pages\/651\/revisions"}],"predecessor-version":[{"id":1564,"href":"https:\/\/blogsaverroes.juntadeandalucia.es\/conservatorioalbox\/wp-json\/wp\/v2\/pages\/651\/revisions\/1564"}],"wp:attachment":[{"href":"https:\/\/blogsaverroes.juntadeandalucia.es\/conservatorioalbox\/wp-json\/wp\/v2\/media?parent=651"}],"curies":[{"name":"wp","href":"https:\/\/api.w.org\/{rel}","templated":true}]}}