{"id":690,"date":"2021-10-05T08:57:49","date_gmt":"2021-10-05T07:57:49","guid":{"rendered":"https:\/\/blogsaverroes.juntadeandalucia.es\/conservatorioalbox\/?page_id=690"},"modified":"2026-04-06T17:10:28","modified_gmt":"2026-04-06T16:10:28","slug":"acceso-a-1oeebb","status":"publish","type":"page","link":"https:\/\/blogsaverroes.juntadeandalucia.es\/conservatorioalbox\/acceso-a-1oeebb\/","title":{"rendered":"Acceso a primer curso de Ense\u00f1anzas B\u00e1sicas"},"content":{"rendered":"<h2>Requisitos<\/h2>\n<ul>\n<li>Tener como m\u00ednimo <strong>8 a\u00f1os de edad<\/strong> (sin l\u00edmite de edad) o cumplirlos en el a\u00f1o natural correspondiente al comienzo del curso escolar para el que se convocan las pruebas de acceso.<\/li>\n<\/ul>\n<h2>Plazo de presentaci\u00f3n de solicitudes para la admisi\u00f3n&nbsp;<\/h2>\n<p>Para el curso 2026-2027:<\/p>\n<ul>\n<li><strong>Del 1 al 30 de abril de 2026.<\/strong><\/li>\n<\/ul>\n<h2>Documentaci\u00f3n&nbsp;<\/h2>\n<h3>De forma Presencial<\/h3>\n<ul>\n<li><span style=\"font-weight: 400\"> &nbsp; <\/span> <span style=\"font-weight: 400\">Impreso de solicitud de admisi\u00f3n<\/span><span style=\"font-weight: 400\"> (<\/span><strong><span style=\"color: #3366ff\"><a style=\"color: #3366ff\" href=\"https:\/\/www.juntadeandalucia.es\/educacion\/portals\/delegate\/content\/fcc0d583-7160-4cd7-9a62-938940bbc3e7\/ANEXO%20I\">Anexo I<\/a><\/span><\/strong><span style=\"font-weight: 400\">).<\/span><\/li>\n<li><span style=\"font-weight: 400\"> &nbsp; <\/span> <span style=\"font-weight: 400\">Fotocopia del DNI o pasaporte o, en su defecto, la p\u00e1gina del libro de familia donde est\u00e9 inscrito\/a.<\/span><\/li>\n<\/ul>\n<h3>De forma telem\u00e1tica<\/h3>\n<ul>\n<li><span style=\"font-weight: 400\">La preinscripci\u00f3n puede realizarse a trav\u00e9s de la<\/span><strong><span style=\"color: #3366ff\"><a style=\"color: #3366ff\" href=\"https:\/\/www.juntadeandalucia.es\/educacion\/secretariavirtual\/\"> Secretar\u00eda Virtual de los centros educativos<\/a><\/span><\/strong><span style=\"font-weight: 400\">.<\/span><\/li>\n<\/ul>\n<h2>Prueba de aptitud<\/h2>\n<p><strong>El siguiente paso es la prueba de aptitud<\/strong> (consultar fechas a partir del 16 de mayo).<\/p>\n<p style=\"text-align: left\">Para acceder a las ense\u00f1anzas musicales que se imparten en el conservatorio, es necesario realizar previamente una prueba de aptitud. <strong>Importante: no se requieren conocimientos musicales previos.<\/strong><\/p>\n<p>\u00bfEn qu\u00e9 consiste la prueba? La prueba de aptitud se divide en dos apartados:<\/p>\n<ul>\n<li><strong>Capacidad r\u00edtmica:<\/strong> se valorar\u00e1 mediante la imitaci\u00f3n de estructuras r\u00edtmicas simples.<\/li>\n<li><strong>Capacidad auditiva:&nbsp;<\/strong>se valorar\u00e1 mediante la imitaci\u00f3n de melod\u00edas sencillas y ejercicios de canto sencillos. Adem\u00e1s, se solicitar\u00e1 al aspirante que distinga entre sonidos graves y agudos. Podr\u00e1 traerse preparada una canci\u00f3n f\u00e1cil o conocida de casa o del colegio.&nbsp;<\/li>\n<\/ul>\n<p>Mediante esta prueba se ordena a los aspirantes por edad (los m\u00e1s j\u00f3venes primero) y por la nota obtenida. El listado resultante servir\u00e1 para asignar de forma ordenada las plazas disponibles en cada instrumento.<\/p>\n<p>Una vez aprobada la prueba de aptitud, se asignar\u00e1n las plazas disponibles.<\/p>\n<ul>\n<li><strong>En la 1\u00aa convocatoria<\/strong>&nbsp;(del 1 al 10 de julio)&nbsp;<strong>se puede matricular<\/strong>&nbsp;en el instrumento asignado <strong>o realizar una reserva de plaza<\/strong>.<\/li>\n<li>La reserva de plaza permite esperar a la&nbsp;<strong>2\u00aa convocatoria<\/strong>&nbsp;(mediados de julio) para ver si se asigna un instrumento de mayor preferencia entre los indicados en la inscripci\u00f3n. En esta ocasi\u00f3n&nbsp;<strong>es obligatorio realizar la matr\u00edcula.<\/strong>&nbsp;De lo contrario, se perder\u00e1 todo derecho a matr\u00edcula.<\/li>\n<li>Todos aquellos aspirantes sin instrumento asignado tras la 2\u00aa convocatoria quedar\u00e1n en una lista de espera y se les avisar\u00e1 por tel\u00e9fono en caso de producirse alguna vacante hasta el 30 de noviembre.<\/li>\n<\/ul>\n<p>Para que la&nbsp;<strong>matr\u00edcula<\/strong>&nbsp;tenga validez,<strong>&nbsp;es obligatorio acompa\u00f1arla de la carta de pago sellada en entidad bancaria.<\/strong>&nbsp;Si la matr\u00edcula es cumplimentada en la Secretar\u00eda Virtual, guarde el resguardo electr\u00f3nico del pago para m\u00e1s seguridad.<\/p>\n","protected":false},"excerpt":{"rendered":"<p>Requisitos Tener como m\u00ednimo 8 a\u00f1os de edad (sin l\u00edmite de edad) o cumplirlos en el a\u00f1o natural correspondiente al comienzo del curso escolar para el que se convocan las pruebas de acceso. Plazo de presentaci\u00f3n de solicitudes para la admisi\u00f3n&nbsp; Para el curso 2026-2027: Del 1 al 30 de abril de 2026. Documentaci\u00f3n&nbsp; De [&hellip;]<\/p>\n","protected":false},"author":6802,"featured_media":0,"parent":0,"menu_order":0,"comment_status":"closed","ping_status":"closed","template":"","meta":{"_et_pb_use_builder":"","_et_pb_old_content":"","_et_gb_content_width":"","ngg_post_thumbnail":0,"footnotes":"","_mc_calendar":[]},"aioseo_notices":[],"post_mailing_queue_ids":[],"_links":{"self":[{"href":"https:\/\/blogsaverroes.juntadeandalucia.es\/conservatorioalbox\/wp-json\/wp\/v2\/pages\/690"}],"collection":[{"href":"https:\/\/blogsaverroes.juntadeandalucia.es\/conservatorioalbox\/wp-json\/wp\/v2\/pages"}],"about":[{"href":"https:\/\/blogsaverroes.juntadeandalucia.es\/conservatorioalbox\/wp-json\/wp\/v2\/types\/page"}],"author":[{"embeddable":true,"href":"https:\/\/blogsaverroes.juntadeandalucia.es\/conservatorioalbox\/wp-json\/wp\/v2\/users\/6802"}],"replies":[{"embeddable":true,"href":"https:\/\/blogsaverroes.juntadeandalucia.es\/conservatorioalbox\/wp-json\/wp\/v2\/comments?post=690"}],"version-history":[{"count":19,"href":"https:\/\/blogsaverroes.juntadeandalucia.es\/conservatorioalbox\/wp-json\/wp\/v2\/pages\/690\/revisions"}],"predecessor-version":[{"id":1573,"href":"https:\/\/blogsaverroes.juntadeandalucia.es\/conservatorioalbox\/wp-json\/wp\/v2\/pages\/690\/revisions\/1573"}],"wp:attachment":[{"href":"https:\/\/blogsaverroes.juntadeandalucia.es\/conservatorioalbox\/wp-json\/wp\/v2\/media?parent=690"}],"curies":[{"name":"wp","href":"https:\/\/api.w.org\/{rel}","templated":true}]}}