{"id":737,"date":"2021-10-05T15:47:47","date_gmt":"2021-10-05T14:47:47","guid":{"rendered":"https:\/\/blogsaverroes.juntadeandalucia.es\/conservatorioalbox\/?page_id=737"},"modified":"2022-02-22T10:25:17","modified_gmt":"2022-02-22T09:25:17","slug":"normativa","status":"publish","type":"page","link":"https:\/\/blogsaverroes.juntadeandalucia.es\/conservatorioalbox\/normativa\/","title":{"rendered":"Normativa"},"content":{"rendered":"<p>[et_pb_section fb_built=&#8221;1&#8243; _builder_version=&#8221;3.22&#8243; global_colors_info=&#8221;{}&#8221;][et_pb_row _builder_version=&#8221;3.25&#8243; background_size=&#8221;initial&#8221; background_position=&#8221;top_left&#8221; background_repeat=&#8221;repeat&#8221; global_colors_info=&#8221;{}&#8221;][et_pb_column type=&#8221;4_4&#8243; _builder_version=&#8221;3.25&#8243; custom_padding=&#8221;|||&#8221; global_colors_info=&#8221;{}&#8221; custom_padding__hover=&#8221;|||&#8221;][et_pb_post_title meta=&#8221;off&#8221; featured_image=&#8221;off&#8221; _builder_version=&#8221;4.5.0&#8243; _module_preset=&#8221;default&#8221; global_colors_info=&#8221;{}&#8221;][\/et_pb_post_title][et_pb_text _builder_version=&#8221;4.14.5&#8243; background_size=&#8221;initial&#8221; background_position=&#8221;top_left&#8221; background_repeat=&#8221;repeat&#8221; hover_enabled=&#8221;0&#8243; global_colors_info=&#8221;{}&#8221; sticky_enabled=&#8221;0&#8243;]<\/p>\n<p><strong><span style=\"color: #0000ff\"><a style=\"color: #0000ff\" href=\"https:\/\/www.adideandalucia.es\/normas\/decretos\/Decreto361-2011ReglamentoConservatoriosMusica.pdf\" target=\"_blank\" rel=\"noopener noreferrer\">DECRETO 361\/2011<\/a><\/span><\/strong>, de 7 de diciembre, por el que se aprueba el Reglamento Org\u00e1nico de los Conservatorios Elementales y de los Conservatorios Profesionales de M\u00fasica (BOJA 27-12-2011).<\/p>\n<p>&nbsp;<\/p>\n<p><strong><span style=\"color: #0000ff\"><a style=\"color: #0000ff\" href=\"https:\/\/www.adideandalucia.es\/normas\/ordenes\/Orden19marzo2012OrganizacionMusica.pdf\" target=\"_blank\" rel=\"noopener noreferrer\">ORDEN de 19 de marzo de 2012<\/a>,<\/span><\/strong> por la que se regula la organizaci\u00f3n y el funcionamiento de los conservatorios elementales y de los conservatorios profesionales de m\u00fasica, as\u00ed como el horario de los centros, del alumnado y del profesorado (BOJA 28-03-2012).<\/p>\n<p>&nbsp;<\/p>\n<p><strong><span style=\"color: #0000ff\"><a style=\"color: #0000ff\" href=\"https:\/\/www.adideandalucia.es\/normas\/decretos\/Decreto%2017-2009%20ordenacionmusica.pdf\" target=\"_blank\" rel=\"noopener noreferrer\">DECRETO 17\/2009<\/a>,<\/span><\/strong> de 20 de enero, por el que se establece la Ordenaci\u00f3n y el Curr\u00edculo de las Ense\u00f1anzas Elementales de M\u00fasica en Andaluc\u00eda.<\/p>\n<p>&nbsp;<\/p>\n<p><span style=\"color: #0000ff\"><strong><a style=\"color: #0000ff\" href=\"https:\/\/www.adideandalucia.es\/normas\/ordenes\/Orden24junio2009curriculoelementalmusica.pdf\" target=\"_blank\" rel=\"noopener noreferrer\">ORDEN de 24-6-2009<\/a>,<\/strong><\/span> por la que se desarrolla el curr\u00edculo de las ense\u00f1anzas elementales de m\u00fasica en Andaluc\u00eda (BOJA 14-07-2009).<\/p>\n<p>&nbsp;<\/p>\n<p><span style=\"color: #0000ff\"><strong><a style=\"color: #0000ff\" href=\"https:\/\/www.adideandalucia.es\/normas\/ordenes\/Orden24junio2009evaluacionelemdanzamusica.pdf\" target=\"_blank\" rel=\"noopener noreferrer\">ORDEN de 24-6-2009<\/a>,<\/strong><\/span> por la que se establece la ordenaci\u00f3n de la evaluaci\u00f3n del proceso de aprendizaje del alumnado de las ense\u00f1anzas elementales de danza y m\u00fasica de Andaluc\u00eda (BOJA 09-07-2009).<\/p>\n<p>&nbsp;<\/p>\n<p><span style=\"color: #0000ff\"><strong><a style=\"color: #0000ff\" href=\"https:\/\/www.adideandalucia.es\/normas\/ordenes\/Orden7julio2009Pruebasaptitudaccesomusica.pdf\" target=\"_blank\" rel=\"noopener noreferrer\">ORDEN de 7-7-2009<\/a>,<\/strong><\/span> por la que se regulan las pruebas de aptitud y de acceso a las ense\u00f1anzas b\u00e1sicas de las ense\u00f1anzas elementales de M\u00fasica en Andaluc\u00eda (BOJA 28-07-2009).<\/p>\n<p>&nbsp;<\/p>\n<p><span style=\"color: #0000ff\"><strong><a style=\"color: #0000ff\" href=\"https:\/\/www.adideandalucia.es\/normas\/ordenes\/Orden13marzo2013AdmisionMusicayDanza.pdf\" target=\"_blank\" rel=\"noopener noreferrer\">ORDEN de 13 de marzo de 2013<\/a>,<\/strong><\/span> por la que se regulan los criterios de admisi\u00f3n y los procedimientos de admisi\u00f3n y matriculaci\u00f3n del alumnado en las ense\u00f1anzas elementales b\u00e1sicas y profesionales de m\u00fasica y de danza, en los centros docentes p\u00fablicos de titularidad de la Junta de Andaluc\u00eda y se establece el calendario del procedimiento de admisi\u00f3n para el curso escolar 2013\/14 (BOJA 26-03-2013).<\/p>\n<p>&nbsp;<\/p>\n<p><span style=\"color: #0000ff\"><strong><a style=\"color: #0000ff\" href=\"https:\/\/www.adideandalucia.es\/normas\/instruc\/Instrucciones13julio2021FlexibilizacionCurricular.pdf\" target=\"_blank\" rel=\"noopener noreferrer\">INSTRUCCIONES de 13 de julio de 2021<\/a>,<\/strong><\/span> de la Viceconsejer\u00eda de Educaci\u00f3n y Deporte, relativas a la organizaci\u00f3n de los centros docentes y a la flexibilizaci\u00f3n curricular para el curso escolar 2021\/22. ANEXO (Medidas de prevenci\u00f3n centros docentes 2021-22).<\/p>\n<p>&nbsp;<\/p>\n<p><span style=\"color: #0000ff\"><strong><a style=\"color: #0000ff\" href=\"https:\/\/www.juntadeandalucia.es\/educacion\/portals\/delegate\/content\/007edc26-c1ab-4c96-8fba-eebd13e59679\/Instrucciones%20de%2010%20de%20febrero%20de%202022,%20de%20la%20Viceconsejer%C3%ADa%20de%20Educaci%C3%B3n%20y%20Deporte,%20por%20las%20que%20se%20modifican%20las%20Instrucciones%20de%2013%20de%20julio%20de%202021%20relativas%20a%20la%20organizaci%C3%B3n%20de%20los%20centros%20docentes%20y%20a%20la%20flexibilizaci%C3%B3n%20curricular%20para%20el%20curso%202021\/2022.\">INSTRUCCIONES de 10 de febrero de 2022,<\/a> <\/strong><\/span>de la Viceconsejer\u00eda de Educaci\u00f3n y Deporte, por las que se modifican las Instrucciones de 13 de julio de 2021 relativas a la organizaci\u00f3n de los centros docentes y a la flexibilizaci\u00f3n curricular para el curso 2021\/2022.<\/p>\n<p>[\/et_pb_text][\/et_pb_column][\/et_pb_row][\/et_pb_section]<\/p>\n","protected":false},"excerpt":{"rendered":"<p>DECRETO 361\/2011, de 7 de diciembre, por el que se aprueba el Reglamento Org\u00e1nico de los Conservatorios Elementales y de los Conservatorios Profesionales de M\u00fasica (BOJA 27-12-2011). &nbsp; ORDEN de 19 de marzo de 2012, por la que se regula la organizaci\u00f3n y el funcionamiento de los conservatorios elementales y de los conservatorios profesionales de [&hellip;]<\/p>\n","protected":false},"author":6802,"featured_media":0,"parent":0,"menu_order":0,"comment_status":"closed","ping_status":"closed","template":"","meta":{"_et_pb_use_builder":"on","_et_pb_old_content":"<p>P\u00e1gina en construcci\u00f3n...<\/p>","_et_gb_content_width":"","ngg_post_thumbnail":0,"footnotes":"","_mc_calendar":[]},"aioseo_notices":[],"post_mailing_queue_ids":[],"_links":{"self":[{"href":"https:\/\/blogsaverroes.juntadeandalucia.es\/conservatorioalbox\/wp-json\/wp\/v2\/pages\/737"}],"collection":[{"href":"https:\/\/blogsaverroes.juntadeandalucia.es\/conservatorioalbox\/wp-json\/wp\/v2\/pages"}],"about":[{"href":"https:\/\/blogsaverroes.juntadeandalucia.es\/conservatorioalbox\/wp-json\/wp\/v2\/types\/page"}],"author":[{"embeddable":true,"href":"https:\/\/blogsaverroes.juntadeandalucia.es\/conservatorioalbox\/wp-json\/wp\/v2\/users\/6802"}],"replies":[{"embeddable":true,"href":"https:\/\/blogsaverroes.juntadeandalucia.es\/conservatorioalbox\/wp-json\/wp\/v2\/comments?post=737"}],"version-history":[{"count":7,"href":"https:\/\/blogsaverroes.juntadeandalucia.es\/conservatorioalbox\/wp-json\/wp\/v2\/pages\/737\/revisions"}],"predecessor-version":[{"id":920,"href":"https:\/\/blogsaverroes.juntadeandalucia.es\/conservatorioalbox\/wp-json\/wp\/v2\/pages\/737\/revisions\/920"}],"wp:attachment":[{"href":"https:\/\/blogsaverroes.juntadeandalucia.es\/conservatorioalbox\/wp-json\/wp\/v2\/media?parent=737"}],"curies":[{"name":"wp","href":"https:\/\/api.w.org\/{rel}","templated":true}]}}