{"id":545,"date":"2024-02-01T13:56:10","date_gmt":"2024-02-01T12:56:10","guid":{"rendered":"https:\/\/blogsaverroes.juntadeandalucia.es\/conservatoriodemontoro\/?page_id=545"},"modified":"2024-10-29T15:44:03","modified_gmt":"2024-10-29T14:44:03","slug":"equipo-directivo","status":"publish","type":"page","link":"https:\/\/blogsaverroes.juntadeandalucia.es\/conservatoriodemontoro\/equipo-directivo\/","title":{"rendered":"Equipo Directivo"},"content":{"rendered":"<p>[et_pb_section fb_built=&#8221;1&#8243; disabled_on=&#8221;off|off|off&#8221; _builder_version=&#8221;4.16&#8243; custom_padding=&#8221;0px||0px|&#8221; z_index_tablet=&#8221;500&#8243; box_shadow_horizontal_tablet=&#8221;0px&#8221; box_shadow_vertical_tablet=&#8221;0px&#8221; box_shadow_blur_tablet=&#8221;40px&#8221; box_shadow_spread_tablet=&#8221;0px&#8221; global_colors_info=&#8221;{}&#8221;][et_pb_row _builder_version=&#8221;4.16&#8243; _module_preset=&#8221;default&#8221; custom_margin=&#8221;|auto|2px|auto||&#8221; global_colors_info=&#8221;{}&#8221;][et_pb_column type=&#8221;4_4&#8243; _builder_version=&#8221;4.16&#8243; _module_preset=&#8221;default&#8221; global_colors_info=&#8221;{}&#8221;][et_pb_text _builder_version=&#8221;4.16&#8243; _module_preset=&#8221;default&#8221; text_font_size=&#8221;18px&#8221; custom_margin=&#8221;||31px|||&#8221; global_colors_info=&#8221;{}&#8221;]<\/p>\n<ul>\n<li><strong>Directora<\/strong>: Elena Pomares S\u00e1nchez<\/li>\n<\/ul>\n<p>&nbsp;<\/p>\n<ul>\n<li><strong>Jefe de Estudios<\/strong>: Prudencio M\u00e1rquez Almansa<\/li>\n<\/ul>\n<p>&nbsp;<\/p>\n<ul>\n<li><strong>Secretario<\/strong>: Fernando Garc\u00eda Ant\u00f3n<\/li>\n<\/ul>\n<p>&nbsp;<\/p>\n<p>[\/et_pb_text][\/et_pb_column][\/et_pb_row][\/et_pb_section][et_pb_section fb_built=&#8221;1&#8243; _builder_version=&#8221;4.16&#8243; _module_preset=&#8221;default&#8221; global_colors_info=&#8221;{}&#8221;][\/et_pb_section]<\/p>\n","protected":false},"excerpt":{"rendered":"<p>Directora: Elena Pomares S\u00e1nchez &nbsp; Jefe de Estudios: Prudencio M\u00e1rquez Almansa &nbsp; Secretario: Fernando Garc\u00eda Ant\u00f3n &nbsp;<\/p>\n","protected":false},"author":17755,"featured_media":0,"parent":0,"menu_order":0,"comment_status":"closed","ping_status":"closed","template":"","meta":{"_et_pb_use_builder":"on","_et_pb_old_content":"","_et_gb_content_width":"","ngg_post_thumbnail":0,"footnotes":""},"aioseo_notices":[],"_links":{"self":[{"href":"https:\/\/blogsaverroes.juntadeandalucia.es\/conservatoriodemontoro\/wp-json\/wp\/v2\/pages\/545"}],"collection":[{"href":"https:\/\/blogsaverroes.juntadeandalucia.es\/conservatoriodemontoro\/wp-json\/wp\/v2\/pages"}],"about":[{"href":"https:\/\/blogsaverroes.juntadeandalucia.es\/conservatoriodemontoro\/wp-json\/wp\/v2\/types\/page"}],"author":[{"embeddable":true,"href":"https:\/\/blogsaverroes.juntadeandalucia.es\/conservatoriodemontoro\/wp-json\/wp\/v2\/users\/17755"}],"replies":[{"embeddable":true,"href":"https:\/\/blogsaverroes.juntadeandalucia.es\/conservatoriodemontoro\/wp-json\/wp\/v2\/comments?post=545"}],"version-history":[{"count":7,"href":"https:\/\/blogsaverroes.juntadeandalucia.es\/conservatoriodemontoro\/wp-json\/wp\/v2\/pages\/545\/revisions"}],"predecessor-version":[{"id":806,"href":"https:\/\/blogsaverroes.juntadeandalucia.es\/conservatoriodemontoro\/wp-json\/wp\/v2\/pages\/545\/revisions\/806"}],"wp:attachment":[{"href":"https:\/\/blogsaverroes.juntadeandalucia.es\/conservatoriodemontoro\/wp-json\/wp\/v2\/media?parent=545"}],"curies":[{"name":"wp","href":"https:\/\/api.w.org\/{rel}","templated":true}]}}