{"id":566,"date":"2024-02-02T11:46:50","date_gmt":"2024-02-02T10:46:50","guid":{"rendered":"https:\/\/blogsaverroes.juntadeandalucia.es\/conservatoriodemontoro\/?page_id=566"},"modified":"2026-03-20T12:18:33","modified_gmt":"2026-03-20T11:18:33","slug":"admision","status":"publish","type":"page","link":"https:\/\/blogsaverroes.juntadeandalucia.es\/conservatoriodemontoro\/admision\/","title":{"rendered":"Admisi\u00f3n"},"content":{"rendered":"<p>[et_pb_section fb_built=&#8221;1&#8243; admin_label=&#8221;section&#8221; _builder_version=&#8221;4.16&#8243; global_colors_info=&#8221;{}&#8221;][et_pb_row _builder_version=&#8221;4.16&#8243; _module_preset=&#8221;default&#8221; custom_padding=&#8221;|||0px||&#8221; global_colors_info=&#8221;{}&#8221;][et_pb_column type=&#8221;4_4&#8243; _builder_version=&#8221;4.16&#8243; _module_preset=&#8221;default&#8221; global_colors_info=&#8221;{}&#8221;][et_pb_button button_url=&#8221;https:\/\/blogsaverroes.juntadeandalucia.es\/conservatoriodemontoro\/files\/2026\/03\/Oferta-de-plazas-vacantes_26_27.pdf&#8221; button_text=&#8221;Oferta de vacantes&#8221; _builder_version=&#8221;4.24.2&#8243; _module_preset=&#8221;default&#8221; hover_enabled=&#8221;0&#8243; global_colors_info=&#8221;{}&#8221; sticky_enabled=&#8221;0&#8243;][\/et_pb_button][et_pb_text _builder_version=&#8221;4.24.2&#8243; _module_preset=&#8221;default&#8221; text_font=&#8221;Arial||||||||&#8221; text_font_size=&#8221;24px&#8221; link_text_color=&#8221;#E09900&#8243; hover_enabled=&#8221;0&#8243; global_colors_info=&#8221;{}&#8221; custom_padding=&#8221;|||3px||&#8221; sticky_enabled=&#8221;0&#8243;]<\/p>\n<p>Haz clic en el enlace de arriba para ver la oferta de vacantes.<\/p>\n<p>Al final de este documento est\u00e1n todas las fechas actualizadas del proceso de inscripci\u00f3n y matriculaci\u00f3n, con las fechas m\u00e1s importantes marcadas<span>\u00a0<\/span><strong>en negrita.<\/strong><\/p>\n<hr \/>\n<h1 class=\"fittexted_for_content_h5\"><strong>1. Inscripci\u00f3n.<\/strong><\/h1>\n<p><strong><\/strong><\/p>\n<p>Para entrar en el 1\u00ba curso del conservatorio, es necesario cumplir una serie de requisitos:<\/p>\n<ol>\n<li>Tener al menos <strong>8 a\u00f1os<\/strong> de edad (a cumplir en el a\u00f1o de matriculaci\u00f3n).<\/li>\n<li>Presentar el <a href=\"https:\/\/blogsaverroes.juntadeandalucia.es\/conservatoriodemontoro\/files\/2024\/02\/Solicitud-de-admisi%C3%B3n.pdf\" title=\"Impreso de inscripci\u00f3n\">Impreso de inscripci\u00f3n<\/a> en el plazo establecido por uno de estos medios:\n<ol>\n<li>En la secretar\u00eda del conservatorio.<\/li>\n<li>En la<span>\u00a0<\/span><a href=\"https:\/\/www.juntadeandalucia.es\/educacion\/secretariavirtual\/accesoTramite\/445\/\">Secretar\u00eda Virtual<\/a><span>\u00a0<\/span>de la Consejer\u00eda de Educaci\u00f3n y Deporte.<\/li>\n<\/ol>\n<\/li>\n<li>Es<span>\u00a0<\/span>necesario indicar en el impreso de inscripci\u00f3n al menos un instrumento entre nuestra oferta (piano, clarinete, flauta travesera, guitarra\u00a0y trompeta). Recomendamos rellenarlos todos por orden de preferencia. As\u00ed tendr\u00e1 m\u00e1s posibilidades de entrar en el conservatorio.<\/li>\n<\/ol>\n<hr \/>\n<h1 class=\"fittexted_for_content_h5\"><strong>2. Prueba de aptitud.<\/strong><\/h1>\n<p><strong><\/strong><\/p>\n<p>El siguiente paso es la<strong> prueba de aptitud<\/strong><span>\u00a0<\/span>(consultar fechas a partir del 15 de mayo).<\/p>\n<p>Esta prueba consiste en unos sencillos ejercicios de ritmo y canto, para los que no hacen falta conocimientos previos; tan solo muchas ganas de cantar.<\/p>\n<p>Mediante esta prueba se ordena a los aspirantes por edad (los m\u00e1s j\u00f3venes primero) y por la nota obtenida. El listado resultante servir\u00e1 para asignar de forma ordenada las plazas disponibles en cada instrumento.<\/p>\n<hr \/>\n<h1 class=\"fittexted_for_content_h5\"><strong>3. Adjudicaci\u00f3n y matr\u00edcula.<\/strong><\/h1>\n<p><strong><\/strong><\/p>\n<p>Una vez aprobada la prueba de aptitud, se asignar\u00e1n las plazas disponibles.<\/p>\n<ul>\n<li>En la<strong> 1\u00aa convocatoria<\/strong><span>\u00a0<\/span>(del 1 al 10 de julio)<span>\u00a0<\/span>se puede<strong> matricular<\/strong><span>\u00a0<\/span>en el instrumento asignado<span>\u00a0<\/span>o realizar una<strong> reserva de plaza.<\/strong>(<a href=\"https:\/\/blogsaverroes.juntadeandalucia.es\/conservatoriodemontoro\/files\/2024\/02\/Solicitud-de-matr%C3%ADcula.pdf\">Impreso de matr\u00edcula<\/a>) \u2013 (<a href=\"https:\/\/blogsaverroes.juntadeandalucia.es\/conservatoriodemontoro\/files\/2024\/02\/Reserva-de-plaza-solicitud.pdf\">Solicitud de reserva de plaza<\/a>).<\/li>\n<li>La reserva de plaza permite esperar a la<span>\u00a0<\/span><strong>2\u00aa convocatoria<\/strong><span>\u00a0<\/span>(a mediados de julio) para ver si se asigna un instrumento de mayor preferencia entre los indicados en la inscripci\u00f3n. En esta ocasi\u00f3n<span>\u00a0<\/span><strong>es obligatorio <\/strong>realizar la<strong> matr\u00edcula.<\/strong><span>\u00a0<\/span>De lo contrario, se perder\u00e1 todo derecho a matr\u00edcula.<\/li>\n<li>Todos aquellos aspirantes sin instrumento asignado tras la 2\u00aa convocatoria quedar\u00e1n en una <strong>lista de espera<\/strong> y se les avisar\u00e1 por tel\u00e9fono en caso de producirse alguna vacante hasta el <strong>30 de noviembre<\/strong>.<\/li>\n<\/ul>\n<p>&nbsp;<\/p>\n<p>Para que la<span>\u00a0<\/span><strong>matr\u00edcula<\/strong><span>\u00a0<\/span>tenga <strong>validez<\/strong>,es necesario acompa\u00f1arla de la<strong> carta de pago sellada<\/strong> en entidad bancaria<strong>.<\/strong><span>\u00a0<\/span>Si la matr\u00edcula es cumplimentada en la Secretar\u00eda Virtual, guarde el resguardo electr\u00f3nico del pago para m\u00e1s seguridad.<\/p>\n<p>&nbsp;<\/p>\n<p><span style=\"text-decoration: underline\"><strong>CALENDARIO DE ESCOLARIZACI\u00d3N<\/strong><\/span><\/p>\n<p><strong>NOTA IMPORTANTE:<\/strong> Los plazos rese\u00f1ados en negrita corresponden a tr\u00e1mites de obligado cumplimiento. Por lo tanto, la Direcci\u00f3n del Centro recomienda confirmar cada uno de ellos con varios d\u00edas de antelaci\u00f3n, bien por tel\u00e9fono (957 19 95 69) como en los tablones de anuncios del Conservatorio y de esta p\u00e1gina web. En todos los plazos, el primer y \u00faltimo d\u00eda rese\u00f1ado se consideran incluidos en dicho plazo.<\/p>\n<p>&nbsp;<\/p>\n<ul>\n<li><span><strong><span style=\"color: #7cda24\">20 de marzo de 2026<\/span><\/strong>: <\/span><span>Publicaci\u00f3n de vacantes por especialidad y curso.<\/span><strong><\/strong><span><\/span><\/li>\n<\/ul>\n<p><span><\/span><\/p>\n<ul>\n<li><span><strong><span style=\"color: #7cda24\">Del 1 al 30 de abril de 2026:<\/span> Plazo \u00fanico para la cumplimentaci\u00f3n de solicitudes de admisi\u00f3n para alumnos de nuevo ingreso en cualquier curso.<\/strong><\/span><span><strong><\/strong><\/span><\/li>\n<\/ul>\n<p><span><strong><\/strong><\/span><\/p>\n<ul>\n<li><span><span><strong><span style=\"color: #7cda24\">15 de mayo de 2026<\/span><\/strong>: <\/span><\/span>Publicaci\u00f3n del listado de solicitudes admitidas para 1\u00ba curso. Publicaci\u00f3n de fechas y horas para la prueba de aptitud para 1\u00ba curso.<\/li>\n<\/ul>\n<p>&nbsp;<\/p>\n<ul>\n<li><span style=\"color: #7cda24\"><span style=\"color: #7cda24\"><strong>Del 18 de mayo al 5 de junio de 2026: <\/strong><\/span><\/span><strong style=\"font-size: 24px\">PRUEBAS DE APTITUD PARA ALUMNOS DE NUEVO INGRESO EN 1\u00ba CURSO <\/strong><strong style=\"font-size: 24px\">(la fecha y hora en la que deber\u00e1 presentarse cada aspirante ser\u00e1 publicada con suficiente antelaci\u00f3n en los tablones de anuncios del conservatorio y de esta p\u00e1gina web).<\/strong><strong style=\"font-size: 24px\"><\/strong><\/li>\n<\/ul>\n<p><strong style=\"font-size: 24px\"><\/strong><\/p>\n<ul>\n<li><span><span style=\"color: #7cda24\"><strong>8 de junio de 2026:<\/strong><\/span> Publicaci\u00f3n del listado\u00a0<strong>provisional<\/strong> de calificaciones de las pruebas de aptitud para 1\u00ba\u00a0curso.<\/span><\/li>\n<\/ul>\n<p><span><\/span><\/p>\n<ul>\n<li><span><span style=\"color: #7cda24\"><strong>9 y 10 de junio de 2026:<\/strong><\/span> Plazo de reclamaci\u00f3n sobre el listado provisional de calificaciones de las pruebas de aptitud para 1\u00ba curso <span style=\"font-size: 24px\">(reclamaciones escritas en la secretar\u00eda del conservatorio, dirigidas a la Directora).<\/span><\/span><\/li>\n<\/ul>\n<p><span><span style=\"font-size: 24px\"><\/span><\/span><\/p>\n<ul>\n<li><span style=\"color: #7cda24\"><span style=\"color: #7cda24\"><strong><span style=\"font-size: 24px\">12 de junio de 2026: <\/span><\/strong><\/span><\/span>Publicaci\u00f3n de la resoluci\u00f3n de las reclamaciones a las calificaciones de las pruebas de aptitud al 1\u00ba curso. Publicaci\u00f3n del listado <strong style=\"font-size: 24px\">definitivo<\/strong><span style=\"font-size: 24px\"> de calificaciones obtenidas en las pruebas de aptitud para 1\u00ba curso.<\/span><\/li>\n<\/ul>\n<p><span style=\"font-size: 24px\"><\/span><\/p>\n<ul>\n<li><span style=\"color: #7cda24\"><strong><span style=\"font-size: 24px\">15 de junio de 2026: <\/span><\/strong><span style=\"font-size: 24px;color: #241f59\">Publicaci\u00f3n de la <strong>resoluci\u00f3n de admisi\u00f3n<\/strong> para 1\u00ba curso en 1\u00aa adjudicaci\u00f3n.<\/span><\/span><\/li>\n<\/ul>\n<p><span style=\"color: #7cda24\"><span style=\"font-size: 24px;color: #241f59\"><\/span><\/span><\/p>\n<ul>\n<li style=\"text-align: left\"><span style=\"color: #7cda24\"><strong>Del 16 de junio al 16 de julio de 2026: <\/strong><span style=\"color: #241f59\">Plazo de presentaci\u00f3n de recursos de alzada sobre la resoluci\u00f3n de admisi\u00f3n para 1\u00ba curso.<\/span><\/span><span style=\"text-decoration: underline\"><\/span><\/li>\n<\/ul>\n<p><span style=\"color: #7cda24\"><span style=\"color: #241f59\"><\/span><\/span><\/p>\n<ul>\n<li><span style=\"color: #7cda24\"><strong>Del 1 al 10 de julio de 2026: <\/strong><\/span><strong style=\"font-size: 24px\">PLAZO DE MATR\u00cdCULA O RESERVA DE PLAZA PARA 1\u00ba CURSO <\/strong><strong style=\"font-size: 24px\">(matr\u00edcula obligatoria para todos los solicitantes a los que se les haya asignado el instrumento preferente en 1\u00aa adjudicaci\u00f3n).<\/strong><strong style=\"font-size: 24px\"><\/strong><\/li>\n<\/ul>\n<p><strong style=\"font-size: 24px\"><\/strong><\/p>\n<ul>\n<li><span style=\"color: #7cda24\"><strong>14 de julio de 2026:<\/strong><\/span> publicaci\u00f3n de la segunda adjudicaci\u00f3n de reserva de plazas en 1\u00ba curso.<\/li>\n<\/ul>\n<p>&nbsp;<\/p>\n<ul>\n<li><span style=\"color: #7cda24\"><strong>15 y 16 de julio de 2026:<\/strong><\/span> <strong style=\"font-size: 24px\">PLAZO DE MATR\u00cdCULA PARA 1\u00ba\u00a0CURSO, EN 2\u00aa CONVOCATORIA.<\/strong><span><strong>(aplicable a todos los solicitantes que no hayan formalizado matr\u00edcula en 1\u00aa adjudicaci\u00f3n y se les haya asignado instrumento en 2\u00aa adjudicaci\u00f3n).<\/strong><\/span><\/li>\n<\/ul>\n<p><span><\/span><\/p>\n<p><span><\/span><\/p>\n<p><span><\/span><\/p>\n<p><span><\/span><\/p>\n<p><span><\/span><\/p>\n<p><span><\/span><\/p>\n<p><span><\/span><\/p>\n<p><span><\/span><\/p>\n<p><span><\/span><\/p>\n<table rules=\"COLS\" cellspacing=\"0\" cellpadding=\"4\" border=\"1\">\n<tbody>\n<tr>\n<td><\/td>\n<td><\/td>\n<\/tr>\n<tr class=\"alt\">\n<td><\/td>\n<td><\/td>\n<\/tr>\n<tr>\n<td bgcolor=\"#ffffff\"><\/td>\n<td bgcolor=\"#ffffff\"><\/td>\n<\/tr>\n<tr class=\"alt\">\n<td><\/td>\n<td><\/td>\n<\/tr>\n<tr>\n<td bgcolor=\"#ffffff\"><\/td>\n<td bgcolor=\"#ffffff\"><\/td>\n<\/tr>\n<tr class=\"alt\">\n<td><\/td>\n<td><\/td>\n<\/tr>\n<tr>\n<td bgcolor=\"#ffffff\"><\/td>\n<td bgcolor=\"#ffffff\"><\/td>\n<\/tr>\n<tr class=\"alt\">\n<td><\/td>\n<td><\/td>\n<\/tr>\n<tr>\n<td><\/td>\n<td><\/td>\n<\/tr>\n<tr class=\"alt\">\n<td><\/td>\n<td><\/td>\n<\/tr>\n<tr>\n<td><\/td>\n<td><\/td>\n<\/tr>\n<tr class=\"alt\">\n<td><\/td>\n<td><\/td>\n<\/tr>\n<tr>\n<td><\/td>\n<td><\/td>\n<\/tr>\n<tr class=\"alt\">\n<td><\/td>\n<td><\/td>\n<\/tr>\n<\/tbody>\n<\/table>\n<p>&nbsp;<\/p>\n<p>&nbsp;<\/p>\n<p>[\/et_pb_text][\/et_pb_column][\/et_pb_row][et_pb_row _builder_version=&#8221;4.16&#8243; _module_preset=&#8221;default&#8221; global_colors_info=&#8221;{}&#8221;][et_pb_column type=&#8221;4_4&#8243; _builder_version=&#8221;4.16&#8243; _module_preset=&#8221;default&#8221; global_colors_info=&#8221;{}&#8221;][\/et_pb_column][\/et_pb_row][\/et_pb_section]<\/p>\n","protected":false},"excerpt":{"rendered":"<p>Haz clic en el enlace de arriba para ver la oferta de vacantes. Al final de este documento est\u00e1n todas las fechas actualizadas del proceso de inscripci\u00f3n y matriculaci\u00f3n, con las fechas m\u00e1s importantes marcadas\u00a0en negrita. 1. Inscripci\u00f3n. Para entrar en el 1\u00ba curso del conservatorio, es necesario cumplir una serie de requisitos: Tener al [&hellip;]<\/p>\n","protected":false},"author":17755,"featured_media":0,"parent":0,"menu_order":0,"comment_status":"closed","ping_status":"closed","template":"","meta":{"_et_pb_use_builder":"on","_et_pb_old_content":"","_et_gb_content_width":"","ngg_post_thumbnail":0,"footnotes":""},"aioseo_notices":[],"_links":{"self":[{"href":"https:\/\/blogsaverroes.juntadeandalucia.es\/conservatoriodemontoro\/wp-json\/wp\/v2\/pages\/566"}],"collection":[{"href":"https:\/\/blogsaverroes.juntadeandalucia.es\/conservatoriodemontoro\/wp-json\/wp\/v2\/pages"}],"about":[{"href":"https:\/\/blogsaverroes.juntadeandalucia.es\/conservatoriodemontoro\/wp-json\/wp\/v2\/types\/page"}],"author":[{"embeddable":true,"href":"https:\/\/blogsaverroes.juntadeandalucia.es\/conservatoriodemontoro\/wp-json\/wp\/v2\/users\/17755"}],"replies":[{"embeddable":true,"href":"https:\/\/blogsaverroes.juntadeandalucia.es\/conservatoriodemontoro\/wp-json\/wp\/v2\/comments?post=566"}],"version-history":[{"count":24,"href":"https:\/\/blogsaverroes.juntadeandalucia.es\/conservatoriodemontoro\/wp-json\/wp\/v2\/pages\/566\/revisions"}],"predecessor-version":[{"id":931,"href":"https:\/\/blogsaverroes.juntadeandalucia.es\/conservatoriodemontoro\/wp-json\/wp\/v2\/pages\/566\/revisions\/931"}],"wp:attachment":[{"href":"https:\/\/blogsaverroes.juntadeandalucia.es\/conservatoriodemontoro\/wp-json\/wp\/v2\/media?parent=566"}],"curies":[{"name":"wp","href":"https:\/\/api.w.org\/{rel}","templated":true}]}}