{"id":661,"date":"2024-02-07T17:24:15","date_gmt":"2024-02-07T16:24:15","guid":{"rendered":"https:\/\/blogsaverroes.juntadeandalucia.es\/conservatoriodemontoro\/?page_id=661"},"modified":"2025-06-30T12:14:11","modified_gmt":"2025-06-30T11:14:11","slug":"matricula","status":"publish","type":"page","link":"https:\/\/blogsaverroes.juntadeandalucia.es\/conservatoriodemontoro\/matricula\/","title":{"rendered":"Matr\u00edcula"},"content":{"rendered":"<p>[et_pb_section fb_built=&#8221;1&#8243; _builder_version=&#8221;4.16&#8243; _module_preset=&#8221;default&#8221; custom_padding=&#8221;53px|||||&#8221; global_colors_info=&#8221;{}&#8221;][et_pb_row _builder_version=&#8221;4.16&#8243; _module_preset=&#8221;default&#8221; global_colors_info=&#8221;{}&#8221;][et_pb_column type=&#8221;4_4&#8243; _builder_version=&#8221;4.16&#8243; _module_preset=&#8221;default&#8221; global_colors_info=&#8221;{}&#8221;][et_pb_text _builder_version=&#8221;4.16&#8243; _module_preset=&#8221;default&#8221; global_colors_info=&#8221;{}&#8221;]<\/p>\n<p><span>Todo el alumnado que quiera continuar sus estudios (promocione o repita curso) y que no haya terminado los estudios de Ense\u00f1anzas Elementales de M\u00fasica, deber\u00e1 formalizar la matr\u00edcula para el siguiente curso\u00a0<\/span><strong>del 1 al 10 de julio<\/strong><span>\u00a0del a\u00f1o en curso.\u00a0<\/span><\/p>\n<p>[\/et_pb_text][et_pb_button button_url=&#8221;https:\/\/blogsaverroes.juntadeandalucia.es\/conservatoriodemontoro\/files\/2024\/06\/Matricula.pdf&#8221; button_text=&#8221;Impreso de matr\u00edcula&#8221; _builder_version=&#8221;4.24.2&#8243; _module_preset=&#8221;default&#8221; global_colors_info=&#8221;{}&#8221;][\/et_pb_button][et_pb_button button_url=&#8221;https:\/\/blogsaverroes.juntadeandalucia.es\/conservatoriodemontoro\/files\/2024\/06\/Autorizacion-para-publicacion-de-imagenes.pdf&#8221; button_text=&#8221;Autorizaci\u00f3n para publicaci\u00f3n de im\u00e1genes&#8221; _builder_version=&#8221;4.24.2&#8243; _module_preset=&#8221;default&#8221; global_colors_info=&#8221;{}&#8221;][\/et_pb_button][et_pb_button button_url=&#8221;https:\/\/blogsaverroes.juntadeandalucia.es\/conservatoriodemontoro\/files\/2025\/06\/Sugerencias-de-preferencia-horaria.pdf&#8221; button_text=&#8221;Preferencia horaria&#8221; _builder_version=&#8221;4.24.2&#8243; _module_preset=&#8221;default&#8221; global_colors_info=&#8221;{}&#8221;][\/et_pb_button][et_pb_button button_url=&#8221;https:\/\/blogsaverroes.juntadeandalucia.es\/conservatoriodemontoro\/files\/2025\/06\/Guia-cumplimentacion-modelo-169.pdf&#8221; button_text=&#8221;Instrucciones para la cumplimentaci\u00f3n modelo 169&#8243; _builder_version=&#8221;4.24.2&#8243; _module_preset=&#8221;default&#8221; hover_enabled=&#8221;0&#8243; global_colors_info=&#8221;{}&#8221; sticky_enabled=&#8221;0&#8243;][\/et_pb_button][et_pb_button button_url=&#8221;https:\/\/blogsaverroes.juntadeandalucia.es\/conservatoriodemontoro\/files\/2025\/06\/Guia-cumplimentacion-modelo-169-reducida.pdf&#8221; button_text=&#8221;Instrucciones para la cumplimentaci\u00f3n modelo 169 (resumido)&#8221; _builder_version=&#8221;4.24.2&#8243; _module_preset=&#8221;default&#8221; hover_enabled=&#8221;0&#8243; global_colors_info=&#8221;{}&#8221; sticky_enabled=&#8221;0&#8243;][\/et_pb_button][et_pb_button button_url=&#8221;https:\/\/blogsaverroes.juntadeandalucia.es\/conservatoriodemontoro\/files\/2024\/06\/Reserva-de-plaza.pdf&#8221; button_text=&#8221;Solicitud de reserva de plaza&#8221; _builder_version=&#8221;4.24.2&#8243; _module_preset=&#8221;default&#8221; custom_padding=&#8221;0px|||||&#8221; global_colors_info=&#8221;{}&#8221;][\/et_pb_button][\/et_pb_column][\/et_pb_row][\/et_pb_section]<\/p>\n","protected":false},"excerpt":{"rendered":"<p>Todo el alumnado que quiera continuar sus estudios (promocione o repita curso) y que no haya terminado los estudios de Ense\u00f1anzas Elementales de M\u00fasica, deber\u00e1 formalizar la matr\u00edcula para el siguiente curso\u00a0del 1 al 10 de julio\u00a0del a\u00f1o en curso.\u00a0<\/p>\n","protected":false},"author":17755,"featured_media":0,"parent":0,"menu_order":0,"comment_status":"closed","ping_status":"closed","template":"","meta":{"_et_pb_use_builder":"on","_et_pb_old_content":"","_et_gb_content_width":"","ngg_post_thumbnail":0,"footnotes":""},"aioseo_notices":[],"_links":{"self":[{"href":"https:\/\/blogsaverroes.juntadeandalucia.es\/conservatoriodemontoro\/wp-json\/wp\/v2\/pages\/661"}],"collection":[{"href":"https:\/\/blogsaverroes.juntadeandalucia.es\/conservatoriodemontoro\/wp-json\/wp\/v2\/pages"}],"about":[{"href":"https:\/\/blogsaverroes.juntadeandalucia.es\/conservatoriodemontoro\/wp-json\/wp\/v2\/types\/page"}],"author":[{"embeddable":true,"href":"https:\/\/blogsaverroes.juntadeandalucia.es\/conservatoriodemontoro\/wp-json\/wp\/v2\/users\/17755"}],"replies":[{"embeddable":true,"href":"https:\/\/blogsaverroes.juntadeandalucia.es\/conservatoriodemontoro\/wp-json\/wp\/v2\/comments?post=661"}],"version-history":[{"count":7,"href":"https:\/\/blogsaverroes.juntadeandalucia.es\/conservatoriodemontoro\/wp-json\/wp\/v2\/pages\/661\/revisions"}],"predecessor-version":[{"id":879,"href":"https:\/\/blogsaverroes.juntadeandalucia.es\/conservatoriodemontoro\/wp-json\/wp\/v2\/pages\/661\/revisions\/879"}],"wp:attachment":[{"href":"https:\/\/blogsaverroes.juntadeandalucia.es\/conservatoriodemontoro\/wp-json\/wp\/v2\/media?parent=661"}],"curies":[{"name":"wp","href":"https:\/\/api.w.org\/{rel}","templated":true}]}}