{"id":685,"date":"2024-02-13T17:32:11","date_gmt":"2024-02-13T16:32:11","guid":{"rendered":"https:\/\/blogsaverroes.juntadeandalucia.es\/conservatoriodemontoro\/?page_id=685"},"modified":"2024-02-13T17:43:01","modified_gmt":"2024-02-13T16:43:01","slug":"preguntas-frecuentes","status":"publish","type":"page","link":"https:\/\/blogsaverroes.juntadeandalucia.es\/conservatoriodemontoro\/preguntas-frecuentes\/","title":{"rendered":"Preguntas frecuentes"},"content":{"rendered":"<p>[et_pb_section fb_built=&#8221;1&#8243; _builder_version=&#8221;4.14.5&#8243; _module_preset=&#8221;default&#8221; global_colors_info=&#8221;{}&#8221;][et_pb_row _builder_version=&#8221;4.14.5&#8243; _module_preset=&#8221;default&#8221; global_colors_info=&#8221;{}&#8221;][et_pb_column type=&#8221;4_4&#8243; _builder_version=&#8221;4.14.5&#8243; _module_preset=&#8221;default&#8221; global_colors_info=&#8221;{}&#8221;][et_pb_text _builder_version=&#8221;4.14.5&#8243; _module_preset=&#8221;default&#8221; hover_enabled=&#8221;0&#8243; global_colors_info=&#8221;{}&#8221; text_font=&#8221;Arial||||||||&#8221; sticky_enabled=&#8221;0&#8243;]<\/p>\n<p><strong>\u00bfEn qu\u00e9 consiste la prueba de aptitud?<\/strong><\/p>\n<p>La prueba de aptitud para alumnos de nuevo ingreso es una sencilla prueba cuya finalidad es determinar, en cada aspirante, las capacidades relacionadas con la actividad musical. En la misma se valorar\u00e1 la capacidad r\u00edtmica, mediante la realizaci\u00f3n e imitaci\u00f3n de f\u00f3rmulas r\u00edtmicas sencillas. Tambi\u00e9n se valorar\u00e1 la capacidad auditiva a trav\u00e9s de la percepci\u00f3n del tono y la intensidad de los sonidos de una sencilla l\u00ednea mel\u00f3dica.<\/p>\n<p>Los alumnos no necesitan conocimientos previos de ning\u00fan instrumento para realizar la prueba, as\u00ed como ning\u00fan tipo de preparaci\u00f3n espec\u00edfica.<\/p>\n<p>&nbsp;<\/p>\n<p><strong>\u00bfEn qu\u00e9 consiste la prueba de acceso a cursos distintos de 1\u00ba?<\/strong><\/p>\n<p>La prueba de acceso a cursos distintos de 1\u00ba est\u00e1 abierta a todos los alumnos de nuevo ingreso que posean conocimientos previos de algunas de las especialidades instrumentales que se imparten en el conservatorio y deseen ingresar directamente en un curso superior a 1\u00ba, especificando esta circunstancia en el impreso de inscripci\u00f3n.<\/p>\n<p>La prueba consta de dos partes: una dedicada a la interpretaci\u00f3n de dos piezas de diferentes estilos y autores en el instrumento de su elecci\u00f3n, y la otra para valorar los conocimientos te\u00f3ricos-pr\u00e1cticos asociados a la asignatura de Lenguaje Musical, siempre adaptado al nivel del curso en el cual se desea ingresar.<\/p>\n<p>[\/et_pb_text][\/et_pb_column][\/et_pb_row][\/et_pb_section]<\/p>\n","protected":false},"excerpt":{"rendered":"<p>\u00bfEn qu\u00e9 consiste la prueba de aptitud? La prueba de aptitud para alumnos de nuevo ingreso es una sencilla prueba cuya finalidad es determinar, en cada aspirante, las capacidades relacionadas con la actividad musical. En la misma se valorar\u00e1 la capacidad r\u00edtmica, mediante la realizaci\u00f3n e imitaci\u00f3n de f\u00f3rmulas r\u00edtmicas sencillas. Tambi\u00e9n se valorar\u00e1 la [&hellip;]<\/p>\n","protected":false},"author":17755,"featured_media":0,"parent":0,"menu_order":0,"comment_status":"closed","ping_status":"closed","template":"","meta":{"_et_pb_use_builder":"on","_et_pb_old_content":"","_et_gb_content_width":"","ngg_post_thumbnail":0,"footnotes":""},"aioseo_notices":[],"_links":{"self":[{"href":"https:\/\/blogsaverroes.juntadeandalucia.es\/conservatoriodemontoro\/wp-json\/wp\/v2\/pages\/685"}],"collection":[{"href":"https:\/\/blogsaverroes.juntadeandalucia.es\/conservatoriodemontoro\/wp-json\/wp\/v2\/pages"}],"about":[{"href":"https:\/\/blogsaverroes.juntadeandalucia.es\/conservatoriodemontoro\/wp-json\/wp\/v2\/types\/page"}],"author":[{"embeddable":true,"href":"https:\/\/blogsaverroes.juntadeandalucia.es\/conservatoriodemontoro\/wp-json\/wp\/v2\/users\/17755"}],"replies":[{"embeddable":true,"href":"https:\/\/blogsaverroes.juntadeandalucia.es\/conservatoriodemontoro\/wp-json\/wp\/v2\/comments?post=685"}],"version-history":[{"count":4,"href":"https:\/\/blogsaverroes.juntadeandalucia.es\/conservatoriodemontoro\/wp-json\/wp\/v2\/pages\/685\/revisions"}],"predecessor-version":[{"id":691,"href":"https:\/\/blogsaverroes.juntadeandalucia.es\/conservatoriodemontoro\/wp-json\/wp\/v2\/pages\/685\/revisions\/691"}],"wp:attachment":[{"href":"https:\/\/blogsaverroes.juntadeandalucia.es\/conservatoriodemontoro\/wp-json\/wp\/v2\/media?parent=685"}],"curies":[{"name":"wp","href":"https:\/\/api.w.org\/{rel}","templated":true}]}}