{"id":19,"date":"2019-02-14T00:37:00","date_gmt":"2019-02-13T23:37:00","guid":{"rendered":"https:\/\/blogsaverroes.juntadeandalucia.es\/conservatoriomacarena\/?page_id=19"},"modified":"2024-10-16T05:53:11","modified_gmt":"2024-10-16T03:53:11","slug":"presentacion","status":"publish","type":"page","link":"https:\/\/blogsaverroes.juntadeandalucia.es\/conservatoriomacarena\/presentacion\/","title":{"rendered":"Presentaci\u00f3n"},"content":{"rendered":"<p>El Conservatorio Elemental de M\u00fasica \u201cMacarena\u201d es uno de los centros de ense\u00f1anzas oficiales de m\u00fasica que se encuentran en la ciudad de Sevilla. Dependiente de la Consejer\u00eda de Educaci\u00f3n de la Junta de Andaluc\u00eda, est\u00e1 especializado en la impartici\u00f3n de las ense\u00f1anzas elementales de m\u00fasica. En concreto, los alumnos de nuestro centro pueden optar a aprender las siguientes ense\u00f1anzas instrumentales:<\/p>\n<ul>\n<li>Clarinete.<\/li>\n<li>Flauta.<\/li>\n<li>Guitarra.<\/li>\n<li>Piano.<\/li>\n<li>Viol\u00edn.<\/li>\n<li>Violonchelo.<\/li>\n<\/ul>\n<p>&nbsp;<\/p>\n<p>Adem\u00e1s de una de estas especialidades, todos los alumnos reciben tambi\u00e9n clase de:<\/p>\n<ul>\n<li>Lenguaje Musical.<\/li>\n<li>Coro (solo 2\u00ba ciclo).<\/li>\n<li>Agrupaci\u00f3n musical (solo 2\u00ba ciclo).<\/li>\n<\/ul>\n<p>&nbsp;<\/p>\n<p>Las ense\u00f1anzas elementales de m\u00fasica est\u00e1n estructuradas en 2 ciclos, constando a su vez cada ciclo de 2 cursos, para formar un c\u00f3mputo global de 4 cursos. La carga horaria de cada curso se puede observar en el siguiente cuadro:<\/p>\n<table border=\"1\" width=\"100%\" rules=\"ROWS\" cellspacing=\"0\" cellpadding=\"4\">\n<tbody>\n<tr valign=\"TOP\">\n<td width=\"7%\">&nbsp;<\/td>\n<td bgcolor=\"#cccccc\" width=\"32%\">\n<p class=\"western\" align=\"CENTER\"><b>INSTRUMENTO<\/b><\/p>\n<\/td>\n<td bgcolor=\"#cccccc\" width=\"15%\">\n<p class=\"western\" align=\"CENTER\"><b>LENGUAJE MUSICAL<\/b><\/p>\n<\/td>\n<td bgcolor=\"#cccccc\" width=\"23%\">\n<p class=\"western\" align=\"CENTER\"><b>CORO<\/b><\/p>\n<\/td>\n<td bgcolor=\"#cccccc\" width=\"23%\">\n<p class=\"western\" align=\"CENTER\"><b>AGRUPACI\u00d3N MUSICAL<\/b><\/p>\n<\/td>\n<\/tr>\n<tr>\n<td bgcolor=\"#e6e6e6\" width=\"7%\">\n<p class=\"western\" align=\"LEFT\"><b>1\u00ba ciclo LEA<\/b><\/p>\n<\/td>\n<td bgcolor=\"#ffffff\" width=\"32%\">\n<p class=\"western\" align=\"LEFT\">2 clases semanales de 1 hora de duraci\u00f3n en grupos de hasta 3 alumnos.<\/p>\n<\/td>\n<td rowspan=\"2\" bgcolor=\"#ffffff\" width=\"15%\">\n<p class=\"western\" align=\"LEFT\">2 clases semanales de 1 hora de duraci\u00f3n en grupos de hasta 15 alumnos<\/p>\n<\/td>\n<td width=\"23%\">\n<p class=\"western\" align=\"CENTER\">NO CURSA<\/p>\n<\/td>\n<td width=\"23%\">\n<p class=\"western\" align=\"CENTER\">NO CURSA<\/p>\n<\/td>\n<\/tr>\n<tr>\n<td bgcolor=\"#e6e6e6\" width=\"7%\">\n<p class=\"western\" align=\"LEFT\"><b>2\u00ba ciclo LEA<\/b><\/p>\n<\/td>\n<td bgcolor=\"#ffffff\" width=\"32%\">\n<p class=\"western\" align=\"LEFT\">1 clase individual a la semana, de \u00bd hora de duraci\u00f3n como m\u00ednimo.<\/p>\n<\/td>\n<td bgcolor=\"#ffffff\" width=\"23%\">\n<p class=\"western\" align=\"LEFT\">1 clase semanal de 1 hora de duraci\u00f3n en grupos de hasta 35 alumnos.<\/p>\n<\/td>\n<td bgcolor=\"#ffffff\" width=\"23%\">\n<p class=\"western\" align=\"LEFT\">1 clase semanal de 1 hora de duraci\u00f3n en grupos de entre 8 y 12 alumnos.<\/p>\n<\/td>\n<\/tr>\n<\/tbody>\n<\/table>\n<p>&nbsp;<\/p>\n<p>El Conservatorio \u201cMacarena\u201d tiene en su ideario marcado el objetivo de proporcionar una formaci\u00f3n de calidad, al tiempo que promueva la vocaci\u00f3n por la m\u00fasica en sus alumnos. Una de las se\u00f1as de identidad que se ha fraguado a lo largo de su existencia es la atenci\u00f3n personalizada a sus alumnos y a los padres y madres de \u00e9stos, procurando conciliar las exigencias que marca el curr\u00edculo de ense\u00f1anzas elementales de m\u00fasica con las realidades familiares y personales de cada uno, adaptando los medios con los que cuenta el centro al servicio de la comunidad educativa, que no al rev\u00e9s.<\/p>\n<p>En nuestro permanente compromiso por la mejora, os ofrecemos esta p\u00e1gina web como fuente de contenidos y medio de comunicaci\u00f3n, en la confianza de que os resulte \u00fatil y agradable a partes iguales.<\/p>\n<p>Como complemento a este medio, disponemos tambi\u00e9n de una p\u00e1gina en Facebook, la cual os invitamos a visitar en este <a href=\"https:\/\/www.facebook.com\/conservatoriomacarena\/\">ENLACE<\/a>.<\/p>\n<p>&nbsp;<\/p>\n","protected":false},"excerpt":{"rendered":"<p>El Conservatorio Elemental de M\u00fasica \u201cMacarena\u201d es uno de los centros de ense\u00f1anzas oficiales de m\u00fasica que se encuentran en la ciudad de Sevilla. Dependiente de la Consejer\u00eda de Educaci\u00f3n de la Junta de Andaluc\u00eda,&#46;&#46;&#46;<\/p>\n","protected":false},"author":5168,"featured_media":0,"parent":0,"menu_order":1,"comment_status":"closed","ping_status":"closed","template":"","meta":{"ngg_post_thumbnail":0,"footnotes":""},"aioseo_notices":[],"_links":{"self":[{"href":"https:\/\/blogsaverroes.juntadeandalucia.es\/conservatoriomacarena\/wp-json\/wp\/v2\/pages\/19"}],"collection":[{"href":"https:\/\/blogsaverroes.juntadeandalucia.es\/conservatoriomacarena\/wp-json\/wp\/v2\/pages"}],"about":[{"href":"https:\/\/blogsaverroes.juntadeandalucia.es\/conservatoriomacarena\/wp-json\/wp\/v2\/types\/page"}],"author":[{"embeddable":true,"href":"https:\/\/blogsaverroes.juntadeandalucia.es\/conservatoriomacarena\/wp-json\/wp\/v2\/users\/5168"}],"replies":[{"embeddable":true,"href":"https:\/\/blogsaverroes.juntadeandalucia.es\/conservatoriomacarena\/wp-json\/wp\/v2\/comments?post=19"}],"version-history":[{"count":6,"href":"https:\/\/blogsaverroes.juntadeandalucia.es\/conservatoriomacarena\/wp-json\/wp\/v2\/pages\/19\/revisions"}],"predecessor-version":[{"id":2623,"href":"https:\/\/blogsaverroes.juntadeandalucia.es\/conservatoriomacarena\/wp-json\/wp\/v2\/pages\/19\/revisions\/2623"}],"wp:attachment":[{"href":"https:\/\/blogsaverroes.juntadeandalucia.es\/conservatoriomacarena\/wp-json\/wp\/v2\/media?parent=19"}],"curies":[{"name":"wp","href":"https:\/\/api.w.org\/{rel}","templated":true}]}}