{"id":21,"date":"2019-02-14T00:36:33","date_gmt":"2019-02-13T23:36:33","guid":{"rendered":"https:\/\/blogsaverroes.juntadeandalucia.es\/conservatoriomacarena\/?page_id=21"},"modified":"2021-06-16T20:09:55","modified_gmt":"2021-06-16T18:09:55","slug":"historia","status":"publish","type":"page","link":"https:\/\/blogsaverroes.juntadeandalucia.es\/conservatoriomacarena\/presentacion\/historia\/","title":{"rendered":"Historia"},"content":{"rendered":"<p><span style=\"color: #000000\"><img loading=\"lazy\" decoding=\"async\" class=\"wp-image-22 size-large alignright\" src=\"https:\/\/blogsaverroes.juntadeandalucia.es\/conservatoriomacarena\/files\/2019\/02\/Arias-Montano-1024x646.jpg\" alt=\"\" width=\"474\" height=\"299\" srcset=\"https:\/\/blogsaverroes.juntadeandalucia.es\/conservatoriomacarena\/files\/2019\/02\/Arias-Montano-1024x646.jpg 1024w, https:\/\/blogsaverroes.juntadeandalucia.es\/conservatoriomacarena\/files\/2019\/02\/Arias-Montano-300x189.jpg 300w, https:\/\/blogsaverroes.juntadeandalucia.es\/conservatoriomacarena\/files\/2019\/02\/Arias-Montano-768x484.jpg 768w, https:\/\/blogsaverroes.juntadeandalucia.es\/conservatoriomacarena\/files\/2019\/02\/Arias-Montano-24x15.jpg 24w, https:\/\/blogsaverroes.juntadeandalucia.es\/conservatoriomacarena\/files\/2019\/02\/Arias-Montano-36x23.jpg 36w, https:\/\/blogsaverroes.juntadeandalucia.es\/conservatoriomacarena\/files\/2019\/02\/Arias-Montano-48x30.jpg 48w, https:\/\/blogsaverroes.juntadeandalucia.es\/conservatoriomacarena\/files\/2019\/02\/Arias-Montano.jpg 1037w\" sizes=\"(max-width: 474px) 100vw, 474px\" \/><\/span><\/p>\n<p>Los antecedentes m\u00e1s lejanos del Conservatorio Macarena alcanzan hasta finales de la d\u00e9cada de los 80, cuando se instaura el aula de m\u00fasica de Pino Montano. Esta decisi\u00f3n forma parte de la estrategia de la Consejer\u00eda de Educaci\u00f3n y Ciencia de dotar a algunos distritos de la ciudad con centros de ense\u00f1anzas musicales en los que poder iniciar estos estudios sin tener que trasladarse al hasta entonces \u00fanico conservatorio de la ciudad, sito en la c\/ Jes\u00fas del Gran Poder.<\/p>\n<p>Poco despu\u00e9s recibe la denominaci\u00f3n que ha mantenido hasta entonces: Conservatorio Elemental de M\u00fasica \u201cMacarena\u201d, lo cual le habilita a impartir ense\u00f1anzas de car\u00e1cter oficial y a expedir los t\u00edtulos correspondientes.<img loading=\"lazy\" decoding=\"async\" class=\"wp-image-23 size-large alignleft\" src=\"https:\/\/blogsaverroes.juntadeandalucia.es\/conservatoriomacarena\/files\/2019\/02\/Becas-1024x680.jpg\" alt=\"\" width=\"474\" height=\"315\" srcset=\"https:\/\/blogsaverroes.juntadeandalucia.es\/conservatoriomacarena\/files\/2019\/02\/Becas-1024x680.jpg 1024w, https:\/\/blogsaverroes.juntadeandalucia.es\/conservatoriomacarena\/files\/2019\/02\/Becas-300x199.jpg 300w, https:\/\/blogsaverroes.juntadeandalucia.es\/conservatoriomacarena\/files\/2019\/02\/Becas-768x510.jpg 768w, https:\/\/blogsaverroes.juntadeandalucia.es\/conservatoriomacarena\/files\/2019\/02\/Becas-24x16.jpg 24w, https:\/\/blogsaverroes.juntadeandalucia.es\/conservatoriomacarena\/files\/2019\/02\/Becas-36x24.jpg 36w, https:\/\/blogsaverroes.juntadeandalucia.es\/conservatoriomacarena\/files\/2019\/02\/Becas-48x32.jpg 48w, https:\/\/blogsaverroes.juntadeandalucia.es\/conservatoriomacarena\/files\/2019\/02\/Becas.jpg 1194w\" sizes=\"(max-width: 474px) 100vw, 474px\" \/><\/p>\n<p>En una primera etapa lleva a cabo sus actividades compartiendo las instalaciones con el colegio \u201cArias Montano\u201d. Es durante esta etapa cuando el conservatorio sufre su primer traslado itinerante al colegio \u201cPedro Garfias\u201d, para retornar poco despu\u00e9s al \u201cArias Montano\u201d.<\/p>\n<p>Ser\u00eda con el cambio de milenio, que el \u201cMacarena\u201d obtendr\u00eda su primera sede de uso exclusivo, en el edificio del antiguo colegio \u201cCervantes\u201d, en la c\/ Becas. Durante toda una d\u00e9cada, este singular e hist\u00f3rico inmueble dio cobijo a varias generaciones de futuros instrumentistas, compaginando la pr\u00e1ctica musical con un entorno arquitect\u00f3nico envidiable, por cuanto el edificio hab\u00eda formado parte del Convento de Santa Clara durante varios siglos.<\/p>\n<p><img loading=\"lazy\" decoding=\"async\" class=\"wp-image-25 size-large alignright\" src=\"https:\/\/blogsaverroes.juntadeandalucia.es\/conservatoriomacarena\/files\/2019\/02\/Pedro-Garfias-1024x680.jpg\" alt=\"\" width=\"474\" height=\"315\" srcset=\"https:\/\/blogsaverroes.juntadeandalucia.es\/conservatoriomacarena\/files\/2019\/02\/Pedro-Garfias.jpg 1024w, https:\/\/blogsaverroes.juntadeandalucia.es\/conservatoriomacarena\/files\/2019\/02\/Pedro-Garfias-300x199.jpg 300w, https:\/\/blogsaverroes.juntadeandalucia.es\/conservatoriomacarena\/files\/2019\/02\/Pedro-Garfias-768x510.jpg 768w, https:\/\/blogsaverroes.juntadeandalucia.es\/conservatoriomacarena\/files\/2019\/02\/Pedro-Garfias-24x16.jpg 24w, https:\/\/blogsaverroes.juntadeandalucia.es\/conservatoriomacarena\/files\/2019\/02\/Pedro-Garfias-36x24.jpg 36w, https:\/\/blogsaverroes.juntadeandalucia.es\/conservatoriomacarena\/files\/2019\/02\/Pedro-Garfias-48x32.jpg 48w\" sizes=\"(max-width: 474px) 100vw, 474px\" \/><\/p>\n<p>Posteriormente, durante el invierno de 2010, las exigentes necesidades de conservaci\u00f3n del edificio de la calle Becas obligan al conservatorio a un nuevo desplazamiento. De nuevo ser\u00e1n las instalaciones del colegio \u201cPedro Garfias\u201d las que acojan al \u201cMacarena\u201d en esta segunda etapa itinerante. No obstante, este desplazamiento propiciar\u00eda el retorno del conservatorio a su distrito de referencia.<\/p>\n<p>El 15 de Septiembre de 2011, con algo m\u00e1s de 20 a\u00f1os de andadura, el Conservatorio Elemental de M\u00fasica \u00abMacarena\u00bb alcanza un hito hist\u00f3rico: se abren las puertas de una nueva sede en la cual, por primera vez, convergen simult\u00e1neamente las tres condiciones fundamentales: un edificio de uso exclusivo, en perfectas condiciones de conservaci\u00f3n y ubicado en una posici\u00f3n privilegiada de su distrito de referencia. Es de destacar la decidida apuesta de la Delegaci\u00f3n Provincial de Educaci\u00f3n de Sevilla por asignar una sede definitiva al \u00abMacarena\u00bb, as\u00ed como las intervenciones acometidas para readaptar al actual uso lo que hasta pocos meses antes hab\u00eda sido escuela de infantil. Igualmente trascendente en este desenlace ha sido el apoyo permanente de la Asociaci\u00f3n de Madres y Padres de Alumno \u00abHermanos Font de Anta\u00bb.<\/p>\n<p><img loading=\"lazy\" decoding=\"async\" class=\"wp-image-68 size-large alignleft\" src=\"https:\/\/blogsaverroes.juntadeandalucia.es\/conservatoriomacarena\/files\/2019\/02\/Patio-1024x680.jpg\" alt=\"\" width=\"474\" height=\"315\" srcset=\"https:\/\/blogsaverroes.juntadeandalucia.es\/conservatoriomacarena\/files\/2019\/02\/Patio.jpg 1024w, https:\/\/blogsaverroes.juntadeandalucia.es\/conservatoriomacarena\/files\/2019\/02\/Patio-300x199.jpg 300w, https:\/\/blogsaverroes.juntadeandalucia.es\/conservatoriomacarena\/files\/2019\/02\/Patio-768x510.jpg 768w, https:\/\/blogsaverroes.juntadeandalucia.es\/conservatoriomacarena\/files\/2019\/02\/Patio-24x16.jpg 24w, https:\/\/blogsaverroes.juntadeandalucia.es\/conservatoriomacarena\/files\/2019\/02\/Patio-36x24.jpg 36w, https:\/\/blogsaverroes.juntadeandalucia.es\/conservatoriomacarena\/files\/2019\/02\/Patio-48x32.jpg 48w\" sizes=\"(max-width: 474px) 100vw, 474px\" \/><\/p>\n<p>En la actualidad, son aproximadamente 150 alumnos los que cursan ense\u00f1anzas musicales en nuestro centro, entre las especialidades de clarinete, flauta travesera, guitarra cl\u00e1sica, piano, viol\u00edn y violonchelo, bajo la docencia de 11 profesores.<\/p>\n<p>&nbsp;<\/p>\n","protected":false},"excerpt":{"rendered":"<p>Los antecedentes m\u00e1s lejanos del Conservatorio Macarena alcanzan hasta finales de la d\u00e9cada de los 80, cuando se instaura el aula de m\u00fasica de Pino Montano. Esta decisi\u00f3n forma parte de la estrategia de la&#46;&#46;&#46;<\/p>\n","protected":false},"author":5168,"featured_media":0,"parent":19,"menu_order":2,"comment_status":"closed","ping_status":"closed","template":"","meta":{"ngg_post_thumbnail":0,"footnotes":""},"aioseo_notices":[],"_links":{"self":[{"href":"https:\/\/blogsaverroes.juntadeandalucia.es\/conservatoriomacarena\/wp-json\/wp\/v2\/pages\/21"}],"collection":[{"href":"https:\/\/blogsaverroes.juntadeandalucia.es\/conservatoriomacarena\/wp-json\/wp\/v2\/pages"}],"about":[{"href":"https:\/\/blogsaverroes.juntadeandalucia.es\/conservatoriomacarena\/wp-json\/wp\/v2\/types\/page"}],"author":[{"embeddable":true,"href":"https:\/\/blogsaverroes.juntadeandalucia.es\/conservatoriomacarena\/wp-json\/wp\/v2\/users\/5168"}],"replies":[{"embeddable":true,"href":"https:\/\/blogsaverroes.juntadeandalucia.es\/conservatoriomacarena\/wp-json\/wp\/v2\/comments?post=21"}],"version-history":[{"count":19,"href":"https:\/\/blogsaverroes.juntadeandalucia.es\/conservatoriomacarena\/wp-json\/wp\/v2\/pages\/21\/revisions"}],"predecessor-version":[{"id":256,"href":"https:\/\/blogsaverroes.juntadeandalucia.es\/conservatoriomacarena\/wp-json\/wp\/v2\/pages\/21\/revisions\/256"}],"up":[{"embeddable":true,"href":"https:\/\/blogsaverroes.juntadeandalucia.es\/conservatoriomacarena\/wp-json\/wp\/v2\/pages\/19"}],"wp:attachment":[{"href":"https:\/\/blogsaverroes.juntadeandalucia.es\/conservatoriomacarena\/wp-json\/wp\/v2\/media?parent=21"}],"curies":[{"name":"wp","href":"https:\/\/api.w.org\/{rel}","templated":true}]}}