{"id":227,"date":"2019-03-05T11:03:57","date_gmt":"2019-03-05T10:03:57","guid":{"rendered":"https:\/\/blogsaverroes.juntadeandalucia.es\/conservatoriomacarena\/?page_id=227"},"modified":"2024-10-16T05:54:32","modified_gmt":"2024-10-16T03:54:32","slug":"departamentos","status":"publish","type":"page","link":"https:\/\/blogsaverroes.juntadeandalucia.es\/conservatoriomacarena\/departamentos\/","title":{"rendered":"Departamentos"},"content":{"rendered":"<p><strong>El Conservatorio Elemental de M\u00fasica \u00abMacarena\u00bb tiene constituidos los siguientes departamentos:<\/strong><\/p>\n<ul>\n<li>Departamentos did\u00e1cticos:\n<ul>\n<li>Lenguaje musical y coro.<\/li>\n<li>Cuerda arco.<\/li>\n<li>Viento madera.<\/li>\n<li>Instrumentos polif\u00f3nicos.<\/li>\n<\/ul>\n<\/li>\n<li>Departamento de orientaci\u00f3n, formaci\u00f3n, evaluaci\u00f3n e innovaci\u00f3n educativa.<\/li>\n<li>Departamento de extensi\u00f3n cultural y promoci\u00f3n art\u00edstica.<\/li>\n<\/ul>\n<p>&nbsp;<\/p>\n<p><strong>Las funciones de los departamentos did\u00e1cticos son las siguientes:<\/strong><\/p>\n<ol style=\"list-style-type: lower-alpha\">\n<li>Colaborar en la elaboraci\u00f3n de los aspectos educativos del Plan de Centro.<\/li>\n<li>Elaborar la programaci\u00f3n did\u00e1ctica de las ense\u00f1anzas asignados al departamento.<\/li>\n<li>Realizar el seguimiento de la programaci\u00f3n did\u00e1ctica y proponer las medidas de mejora que se deriven del mismo.<\/li>\n<li>Colaborar en la aplicaci\u00f3n de las medidas de atenci\u00f3n a la diversidad.<\/li>\n<li>Realizar las funciones que la normativa vigente asigne al departamento en relaci\u00f3n con las pruebas de aptitud y de acceso.<\/li>\n<li>Resolver en primera instancia las reclamaciones derivadas del proceso de evaluaci\u00f3n.<\/li>\n<li>Proponer la distribuci\u00f3n entre el profesorado de las asignaturas.<\/li>\n<li>Evaluar la pr\u00e1ctica docente y los resultados del proceso de ense\u00f1anza-aprendizaje en las asignaturas integradas en el departamento.<\/li>\n<li>Proponer los m\u00e9todos y materiales did\u00e1cticos complementarios.<\/li>\n<li>Mantener actualizada la metodolog\u00eda did\u00e1ctica y adecuarla a los diferentes alumnos y alumnas de un mismo curso.<\/li>\n<\/ol>\n<p>&nbsp;<\/p>\n<p><strong>Las funciones del departamento de orientaci\u00f3n, formaci\u00f3n, evaluaci\u00f3n e innovaci\u00f3n educativa son las siguientes:<\/strong><\/p>\n<ol style=\"list-style-type: lower-alpha\">\n<li>Colaborar con el equipo directivo en la elaboraci\u00f3n del plan de orientaci\u00f3n y acci\u00f3n tutorial y en el plan de convivencia y contribuir al desarrollo y a la aplicaci\u00f3n de los mismos.<\/li>\n<li>Colaborar y asesorar a los departamentos de coordinaci\u00f3n did\u00e1ctica y al profesorado en el desarrollo de medidas de atenci\u00f3n a la diversidad del alumnado.<\/li>\n<li>Asesorar al alumnado sobre las opciones que le ofrece el sistema educativo.<\/li>\n<li>Realizar el diagn\u00f3stico de las necesidades formativas del profesorado.<\/li>\n<li>Proponer al equipo directivo las actividades formativas que constituir\u00e1n, cada curso escolar, el plan de formaci\u00f3n del profesorado.<\/li>\n<li>Elaborar, en colaboraci\u00f3n con el correspondiente centro del profesorado, los proyectos de formaci\u00f3n en centros.<\/li>\n<li>Coordinar la realizaci\u00f3n de las actividades de perfeccionamiento del profesorado.<\/li>\n<li>Colaborar con el centro del profesorado en cualquier otro aspecto relativo a la oferta de actividades formativas e informar al Claustro de Profesorado de las mismas.<\/li>\n<li>Investigar sobre el uso de las buenas pr\u00e1cticas docentes existentes y trasladarlas a los departamentos del conservatorio para su conocimiento y aplicaci\u00f3n.<\/li>\n<li>Fomentar el trabajo cooperativo de los equipos docentes.<\/li>\n<li>Informar al profesorado sobre l\u00edneas de investigaci\u00f3n did\u00e1ctica innovadoras que se est\u00e9n llevando a cabo con respecto al curr\u00edculo.<\/li>\n<li>Fomentar iniciativas entre los departamentos de coordinaci\u00f3n did\u00e1ctica que favorezcan la elaboraci\u00f3n de materiales curriculares.<\/li>\n<li>Establecer indicadores de calidad que permitan valorar la eficacia de las actividades desarrolladas por el conservatorio y realizar su seguimiento.<\/li>\n<li>Elevar al Claustro de Profesorado el plan para evaluar los aspectos educativos del Plan de Centro, la evoluci\u00f3n del aprendizaje y el proceso de ense\u00f1anza.<\/li>\n<li>Colaborar con la Agencia Andaluza de Evaluaci\u00f3n Educativa en aquellas actuaciones relacionadas con la evaluaci\u00f3n que se lleven a cabo en el conservatorio.<\/li>\n<li>Proponer, al equipo directivo y al Claustro de Profesorado, planes de mejora como resultado de las evaluaciones llevadas a cabo en el conservatorio.<\/li>\n<\/ol>\n<p>&nbsp;<\/p>\n<p><strong>El departamento de extensi\u00f3n cultural y promoci\u00f3n art\u00edstica promover\u00e1, coordinar\u00e1 y organizar\u00e1 la realizaci\u00f3n de <\/strong><strong>estas actividades en colaboraci\u00f3n con los departamentos de coordinaci\u00f3n did\u00e1ctica.<\/strong><\/p>\n<p>&nbsp;<\/p>\n","protected":false},"excerpt":{"rendered":"<p>El Conservatorio Elemental de M\u00fasica \u00abMacarena\u00bb tiene constituidos los siguientes departamentos: Departamentos did\u00e1cticos: Lenguaje musical y coro. Cuerda arco. Viento madera. Instrumentos polif\u00f3nicos. Departamento de orientaci\u00f3n, formaci\u00f3n, evaluaci\u00f3n e innovaci\u00f3n educativa. Departamento de extensi\u00f3n cultural&#46;&#46;&#46;<\/p>\n","protected":false},"author":5168,"featured_media":0,"parent":0,"menu_order":2,"comment_status":"closed","ping_status":"closed","template":"","meta":{"ngg_post_thumbnail":0,"footnotes":""},"aioseo_notices":[],"_links":{"self":[{"href":"https:\/\/blogsaverroes.juntadeandalucia.es\/conservatoriomacarena\/wp-json\/wp\/v2\/pages\/227"}],"collection":[{"href":"https:\/\/blogsaverroes.juntadeandalucia.es\/conservatoriomacarena\/wp-json\/wp\/v2\/pages"}],"about":[{"href":"https:\/\/blogsaverroes.juntadeandalucia.es\/conservatoriomacarena\/wp-json\/wp\/v2\/types\/page"}],"author":[{"embeddable":true,"href":"https:\/\/blogsaverroes.juntadeandalucia.es\/conservatoriomacarena\/wp-json\/wp\/v2\/users\/5168"}],"replies":[{"embeddable":true,"href":"https:\/\/blogsaverroes.juntadeandalucia.es\/conservatoriomacarena\/wp-json\/wp\/v2\/comments?post=227"}],"version-history":[{"count":7,"href":"https:\/\/blogsaverroes.juntadeandalucia.es\/conservatoriomacarena\/wp-json\/wp\/v2\/pages\/227\/revisions"}],"predecessor-version":[{"id":2624,"href":"https:\/\/blogsaverroes.juntadeandalucia.es\/conservatoriomacarena\/wp-json\/wp\/v2\/pages\/227\/revisions\/2624"}],"wp:attachment":[{"href":"https:\/\/blogsaverroes.juntadeandalucia.es\/conservatoriomacarena\/wp-json\/wp\/v2\/media?parent=227"}],"curies":[{"name":"wp","href":"https:\/\/api.w.org\/{rel}","templated":true}]}}