{"id":231,"date":"2019-03-05T11:12:04","date_gmt":"2019-03-05T10:12:04","guid":{"rendered":"https:\/\/blogsaverroes.juntadeandalucia.es\/conservatoriomacarena\/?page_id=231"},"modified":"2024-09-10T22:34:48","modified_gmt":"2024-09-10T20:34:48","slug":"cuerda-arco","status":"publish","type":"page","link":"https:\/\/blogsaverroes.juntadeandalucia.es\/conservatoriomacarena\/departamentos\/cuerda-arco\/","title":{"rendered":"Viento madera."},"content":{"rendered":"<h4><span style=\"color: #993300\">JEFE DE DEPARTAMENTO:<\/span><\/h4>\n<ul>\n<li>D. Jos\u00e9 Luis Maceda Arca.<\/li>\n<\/ul>\n<p>&nbsp;<\/p>\n<h4><span style=\"color: #993300\">PROFESORES ADSCRITOS:<\/span><\/h4>\n<ul>\n<li>D\u00aa Ramoni Fuentes Leal (flauta travesera).<\/li>\n<li>D. Jos\u00e9 Luis Maceda Arca (clarinete).<\/li>\n<\/ul>\n<p>&nbsp;<\/p>\n<h4><span style=\"color: #993300\">PROGRAMACI\u00d3N DID\u00c1CTICA Y PRUEBAS DE ACCESO:<\/span><\/h4>\n<p>Las programaciones did\u00e1cticas, as\u00ed como los contenidos de las pruebas de acceso, se pueden descargar desde nuestra secci\u00f3n <a href=\"https:\/\/blogsaverroes.juntadeandalucia.es\/conservatoriomacarena\/secretaria\/documentacion\/\">SECRETAR\u00cdA &#8211; DOCUMENTACI\u00d3N.<\/a><\/p>\n","protected":false},"excerpt":{"rendered":"<p>JEFE DE DEPARTAMENTO: D. Jos\u00e9 Luis Maceda Arca. &nbsp; PROFESORES ADSCRITOS: D\u00aa Ramoni Fuentes Leal (flauta travesera). D. Jos\u00e9 Luis Maceda Arca (clarinete). &nbsp; PROGRAMACI\u00d3N DID\u00c1CTICA Y PRUEBAS DE ACCESO: Las programaciones did\u00e1cticas, as\u00ed como&#46;&#46;&#46;<\/p>\n","protected":false},"author":5168,"featured_media":0,"parent":227,"menu_order":3,"comment_status":"closed","ping_status":"closed","template":"","meta":{"ngg_post_thumbnail":0,"footnotes":""},"aioseo_notices":[],"_links":{"self":[{"href":"https:\/\/blogsaverroes.juntadeandalucia.es\/conservatoriomacarena\/wp-json\/wp\/v2\/pages\/231"}],"collection":[{"href":"https:\/\/blogsaverroes.juntadeandalucia.es\/conservatoriomacarena\/wp-json\/wp\/v2\/pages"}],"about":[{"href":"https:\/\/blogsaverroes.juntadeandalucia.es\/conservatoriomacarena\/wp-json\/wp\/v2\/types\/page"}],"author":[{"embeddable":true,"href":"https:\/\/blogsaverroes.juntadeandalucia.es\/conservatoriomacarena\/wp-json\/wp\/v2\/users\/5168"}],"replies":[{"embeddable":true,"href":"https:\/\/blogsaverroes.juntadeandalucia.es\/conservatoriomacarena\/wp-json\/wp\/v2\/comments?post=231"}],"version-history":[{"count":14,"href":"https:\/\/blogsaverroes.juntadeandalucia.es\/conservatoriomacarena\/wp-json\/wp\/v2\/pages\/231\/revisions"}],"predecessor-version":[{"id":2559,"href":"https:\/\/blogsaverroes.juntadeandalucia.es\/conservatoriomacarena\/wp-json\/wp\/v2\/pages\/231\/revisions\/2559"}],"up":[{"embeddable":true,"href":"https:\/\/blogsaverroes.juntadeandalucia.es\/conservatoriomacarena\/wp-json\/wp\/v2\/pages\/227"}],"wp:attachment":[{"href":"https:\/\/blogsaverroes.juntadeandalucia.es\/conservatoriomacarena\/wp-json\/wp\/v2\/media?parent=231"}],"curies":[{"name":"wp","href":"https:\/\/api.w.org\/{rel}","templated":true}]}}