{"id":2626,"date":"2024-10-16T05:56:45","date_gmt":"2024-10-16T03:56:45","guid":{"rendered":"https:\/\/blogsaverroes.juntadeandalucia.es\/conservatoriomacarena\/?page_id=2626"},"modified":"2024-10-17T12:08:06","modified_gmt":"2024-10-17T10:08:06","slug":"instrumentos-polifonicos","status":"publish","type":"page","link":"https:\/\/blogsaverroes.juntadeandalucia.es\/conservatoriomacarena\/departamentos\/instrumentos-polifonicos\/","title":{"rendered":"Instrumentos polif\u00f3nicos."},"content":{"rendered":"<h4>JEFE DE DEPARTAMENTO:<\/h4>\n<ul>\n<li>D\u00aa Rosal\u00eda Santos C\u00e1ceres.<\/li>\n<\/ul>\n<p>&nbsp;<\/p>\n<h4>PROFESORES ADSCRITOS:<\/h4>\n<ul>\n<li>D\u00aa Rosa Mar\u00eda Borrego Ollero (guitarra y agrupaci\u00f3n musical).<\/li>\n<li>D. Pablo Lago Reina (piano y agrupaci\u00f3n musical).<\/li>\n<li>D\u00aa Rosal\u00eda Santos C\u00e1ceres (guitarra).<\/li>\n<\/ul>\n<p>&nbsp;<\/p>\n<h4>PROGRAMACI\u00d3N DID\u00c1CTICA Y PRUEBAS DE ACCESO:<\/h4>\n<p>Las programaciones did\u00e1cticas, as\u00ed como los contenidos de las pruebas de acceso, se pueden descargar desde nuestra secci\u00f3n <a href=\"https:\/\/blogsaverroes.juntadeandalucia.es\/conservatoriomacarena\/secretaria\/documentacion\/\">SECRETAR\u00cdA &#8211; DOCUMENTACI\u00d3N.<\/a><\/p>\n","protected":false},"excerpt":{"rendered":"<p>JEFE DE DEPARTAMENTO: D\u00aa Rosal\u00eda Santos C\u00e1ceres. &nbsp; PROFESORES ADSCRITOS: D\u00aa Rosa Mar\u00eda Borrego Ollero (guitarra y agrupaci\u00f3n musical). D. Pablo Lago Reina (piano y agrupaci\u00f3n musical). D\u00aa Rosal\u00eda Santos C\u00e1ceres (guitarra). &nbsp; PROGRAMACI\u00d3N DID\u00c1CTICA&#46;&#46;&#46;<\/p>\n","protected":false},"author":5168,"featured_media":0,"parent":227,"menu_order":4,"comment_status":"closed","ping_status":"closed","template":"","meta":{"ngg_post_thumbnail":0,"footnotes":""},"aioseo_notices":[],"_links":{"self":[{"href":"https:\/\/blogsaverroes.juntadeandalucia.es\/conservatoriomacarena\/wp-json\/wp\/v2\/pages\/2626"}],"collection":[{"href":"https:\/\/blogsaverroes.juntadeandalucia.es\/conservatoriomacarena\/wp-json\/wp\/v2\/pages"}],"about":[{"href":"https:\/\/blogsaverroes.juntadeandalucia.es\/conservatoriomacarena\/wp-json\/wp\/v2\/types\/page"}],"author":[{"embeddable":true,"href":"https:\/\/blogsaverroes.juntadeandalucia.es\/conservatoriomacarena\/wp-json\/wp\/v2\/users\/5168"}],"replies":[{"embeddable":true,"href":"https:\/\/blogsaverroes.juntadeandalucia.es\/conservatoriomacarena\/wp-json\/wp\/v2\/comments?post=2626"}],"version-history":[{"count":1,"href":"https:\/\/blogsaverroes.juntadeandalucia.es\/conservatoriomacarena\/wp-json\/wp\/v2\/pages\/2626\/revisions"}],"predecessor-version":[{"id":2627,"href":"https:\/\/blogsaverroes.juntadeandalucia.es\/conservatoriomacarena\/wp-json\/wp\/v2\/pages\/2626\/revisions\/2627"}],"up":[{"embeddable":true,"href":"https:\/\/blogsaverroes.juntadeandalucia.es\/conservatoriomacarena\/wp-json\/wp\/v2\/pages\/227"}],"wp:attachment":[{"href":"https:\/\/blogsaverroes.juntadeandalucia.es\/conservatoriomacarena\/wp-json\/wp\/v2\/media?parent=2626"}],"curies":[{"name":"wp","href":"https:\/\/api.w.org\/{rel}","templated":true}]}}