{"id":298,"date":"2019-03-07T00:40:18","date_gmt":"2019-03-06T23:40:18","guid":{"rendered":"https:\/\/blogsaverroes.juntadeandalucia.es\/conservatoriomacarena\/?page_id=298"},"modified":"2023-03-27T05:51:01","modified_gmt":"2023-03-27T03:51:01","slug":"inscripcion-matricula","status":"publish","type":"page","link":"https:\/\/blogsaverroes.juntadeandalucia.es\/conservatoriomacarena\/inscripcion-matricula\/","title":{"rendered":"Inscripci\u00f3n \/ matr\u00edcula"},"content":{"rendered":"<p>En esta secci\u00f3n est\u00e1n recogidos los tr\u00e1mites m\u00e1s comunes relacionados con los procesos de inscripci\u00f3n y matriculaci\u00f3n. Adem\u00e1s, se incluyen los calendarios de actuaci\u00f3n para ambos procesos y enlaces a los impresos correspondientes.<\/p>\n<p>A trav\u00e9s de las diferentes subsecciones se puede acceder a la informaci\u00f3n relativa a:<\/p>\n<ol>\n<li><a href=\"https:\/\/blogsaverroes.juntadeandalucia.es\/conservatoriomacarena\/inscripcion-matricula\/inscripcion-a-1o-curso\/\">Inscripci\u00f3n para alumnos de nuevo ingreso en 1er curso<\/a>.<\/li>\n<li><a href=\"https:\/\/blogsaverroes.juntadeandalucia.es\/conservatoriomacarena\/inscripcion-matricula\/inscripcion-a-otros-cursos\/\">Inscripci\u00f3n para alumnos de nuevo ingreso en cursos distintos de 1\u00ba<\/a>.<\/li>\n<li><a href=\"https:\/\/blogsaverroes.juntadeandalucia.es\/conservatoriomacarena\/inscripcion-matricula\/renovacion-de-matricula\/\">Renovaci\u00f3n de matr\u00edcula para alumnado en activo<\/a>.<\/li>\n<li><a href=\"https:\/\/blogsaverroes.juntadeandalucia.es\/conservatoriomacarena\/inscripcion-matricula\/reingreso\/\">Reingreso<\/a>.<\/li>\n<li><a href=\"https:\/\/blogsaverroes.juntadeandalucia.es\/conservatoriomacarena\/inscripcion-matricula\/traslado-de-matricula\/\">Traslado de matr\u00edcula<\/a>.<\/li>\n<li><a href=\"https:\/\/blogsaverroes.juntadeandalucia.es\/conservatoriomacarena\/inscripcion-matricula\/cambio-de-instrumento\/\">Cambio de especialidad instrumental<\/a>.<\/li>\n<li><a href=\"https:\/\/blogsaverroes.juntadeandalucia.es\/conservatoriomacarena\/inscripcion-matricula\/preguntas-frecuentes\/\">Preguntas frecuentes<\/a>.<\/li>\n<\/ol>\n","protected":false},"excerpt":{"rendered":"<p>En esta secci\u00f3n est\u00e1n recogidos los tr\u00e1mites m\u00e1s comunes relacionados con los procesos de inscripci\u00f3n y matriculaci\u00f3n. Adem\u00e1s, se incluyen los calendarios de actuaci\u00f3n para ambos procesos y enlaces a los impresos correspondientes. A trav\u00e9s&#46;&#46;&#46;<\/p>\n","protected":false},"author":5168,"featured_media":0,"parent":0,"menu_order":4,"comment_status":"closed","ping_status":"closed","template":"","meta":{"ngg_post_thumbnail":0,"footnotes":""},"aioseo_notices":[],"_links":{"self":[{"href":"https:\/\/blogsaverroes.juntadeandalucia.es\/conservatoriomacarena\/wp-json\/wp\/v2\/pages\/298"}],"collection":[{"href":"https:\/\/blogsaverroes.juntadeandalucia.es\/conservatoriomacarena\/wp-json\/wp\/v2\/pages"}],"about":[{"href":"https:\/\/blogsaverroes.juntadeandalucia.es\/conservatoriomacarena\/wp-json\/wp\/v2\/types\/page"}],"author":[{"embeddable":true,"href":"https:\/\/blogsaverroes.juntadeandalucia.es\/conservatoriomacarena\/wp-json\/wp\/v2\/users\/5168"}],"replies":[{"embeddable":true,"href":"https:\/\/blogsaverroes.juntadeandalucia.es\/conservatoriomacarena\/wp-json\/wp\/v2\/comments?post=298"}],"version-history":[{"count":11,"href":"https:\/\/blogsaverroes.juntadeandalucia.es\/conservatoriomacarena\/wp-json\/wp\/v2\/pages\/298\/revisions"}],"predecessor-version":[{"id":2066,"href":"https:\/\/blogsaverroes.juntadeandalucia.es\/conservatoriomacarena\/wp-json\/wp\/v2\/pages\/298\/revisions\/2066"}],"wp:attachment":[{"href":"https:\/\/blogsaverroes.juntadeandalucia.es\/conservatoriomacarena\/wp-json\/wp\/v2\/media?parent=298"}],"curies":[{"name":"wp","href":"https:\/\/api.w.org\/{rel}","templated":true}]}}