{"id":301,"date":"2019-03-07T00:43:36","date_gmt":"2019-03-06T23:43:36","guid":{"rendered":"https:\/\/blogsaverroes.juntadeandalucia.es\/conservatoriomacarena\/?page_id=301"},"modified":"2026-04-03T04:47:20","modified_gmt":"2026-04-03T02:47:20","slug":"inscripcion-a-1o-curso","status":"publish","type":"page","link":"https:\/\/blogsaverroes.juntadeandalucia.es\/conservatoriomacarena\/inscripcion-matricula\/inscripcion-a-1o-curso\/","title":{"rendered":"Inscripci\u00f3n a 1\u00ba curso"},"content":{"rendered":"<p>Al final de este documento est\u00e1n todas las fechas actualizadas del proceso de inscripci\u00f3n y matriculaci\u00f3n, con las fechas m\u00e1s importantes marcadas <strong>en negrita.<\/strong><\/p>\n<hr>\n<h5>1. Inscripci\u00f3n.<\/h5>\n<p>Para entrar en el 1<sup>er<\/sup> curso del conservatorio, es necesario cumplir una serie de requisitos:<\/p>\n<ol>\n<li>Tener al menos 8 a\u00f1os de edad (a cumplir en el a\u00f1o de matriculaci\u00f3n).<\/li>\n<li><strong>Presentar la <a href=\"https:\/\/blogsaverroes.juntadeandalucia.es\/conservatoriomacarena\/files\/2024\/07\/ANEXO-I-Solicitud-de-admision-en-ensenanzas-elementales-basicas-y-profesionales-de-musica.pdf\">Solicitud de admisi\u00f3n<\/a> en el plazo establecido <\/strong>por uno de estos medios:\n<ol>\n<li>En la secretar\u00eda del conservatorio (consultar direcci\u00f3n y horario en la p\u00e1gina principal).<\/li>\n<li>En la <a href=\"https:\/\/www.juntadeandalucia.es\/educacion\/secretariavirtual\/accesoTramite\/445\/\">Secretar\u00eda Virtual<\/a> de la Consejer\u00eda de Educaci\u00f3n y Deporte.<\/li>\n<\/ol>\n<\/li>\n<li>Es <strong>obligatorio <\/strong>indicar en el impreso de inscripci\u00f3n al menos un instrumento entre nuestra oferta (clarinete, flauta travesera, guitarra cl\u00e1sica, piano, viol\u00edn y violonchelo). Recomendamos rellenarlos todos por orden de preferencia. As\u00ed tendr\u00e1 m\u00e1s posibilidades de entrar en el conservatorio.<\/li>\n<\/ol>\n<hr>\n<h5>2. Prueba de aptitud.<\/h5>\n<p><strong>El siguiente paso es la prueba de aptitud<\/strong> (consultar fechas a partir del 15 de mayo).<\/p>\n<p>Esta prueba consiste en unos sencillos ejercicios de ritmo y canto, para los que no hacen falta conocimientos previos; tan solo muchas ganas de cantar.<\/p>\n<p>Mediante esta prueba se ordena a los aspirantes por edad (los m\u00e1s j\u00f3venes primero) y por la nota obtenida. El listado resultante servir\u00e1 para asignar de forma ordenada las plazas disponibles en cada instrumento.<\/p>\n<hr>\n<h5>3. Adjudicaci\u00f3n y matr\u00edcula.<\/h5>\n<p>Una vez aprobada la prueba de aptitud, se asignar\u00e1n las plazas disponibles.<\/p>\n<ul>\n<li><strong>En la 1\u00aa convocatoria<\/strong> (del 1 al 10 de julio) <strong>se puede matricular<\/strong> (<a href=\"https:\/\/blogsaverroes.juntadeandalucia.es\/conservatoriomacarena\/files\/2024\/07\/ANEXO-III-Matricula-en-ensenanzas-elementales-basicas-y-profesionales-de-musica.pdf\">Impreso de matr\u00edcula<\/a>) en el instrumento asignado <strong>o realizar una reserva de plaza<\/strong> (<a href=\"https:\/\/blogsaverroes.juntadeandalucia.es\/conservatoriomacarena\/files\/2024\/07\/ANEXO-V-Solicitud-de-reserva-de-plaza-en-el-instrumento-adjudicado.pdf\">Solicitud de reserva de plaza<\/a>).<\/li>\n<li>La reserva de plaza permite esperar a la <strong>2\u00aa convocatoria<\/strong> (mediados de julio) para ver si se asigna un instrumento de mayor preferencia entre los indicados en la inscripci\u00f3n. En esta ocasi\u00f3n <strong>es obligatorio realizar la matr\u00edcula.<\/strong> De lo contrario, se perder\u00e1 todo derecho a matr\u00edcula.<\/li>\n<li>Una vez terminada la 2\u00aa convocatoria, las posibles plazas vacantes ser\u00e1n ofertadas a los aspirantes en el plazo establecido en el calendario de escolarizaci\u00f3n (situado al final de esta p\u00e1gina).<\/li>\n<\/ul>\n<p>Para que la <strong>matr\u00edcula<\/strong> tenga validez,<strong> es obligatorio acompa\u00f1arla de la carta de pago sellada en entidad bancaria.<\/strong> Si la matr\u00edcula es cumplimentada en la Secretar\u00eda Virtual, guarde el resguardo electr\u00f3nico del pago para m\u00e1s seguridad.<\/p>\n<hr>\n<h2 style=\"text-align: center\">CALENDARIO DE ESCOLARIZACI\u00d3N.<\/h2>\n<table style=\"background-color: #ffffff\" border=\"1\" rules=\"COLS\" cellspacing=\"0\" cellpadding=\"4\">\n<tbody>\n<tr style=\"height: 24px\">\n<td style=\"background-color: #ffc380;text-align: right;height: 24px\"><span style=\"color: #000000\">20 de marzo de 2026:<br \/>\n<\/span><\/td>\n<td style=\"background-color: #ffc380;text-align: left;height: 24px\"><span style=\"color: #000000\">Publicaci\u00f3n de vacantes por especialidad y curso.<\/span><\/td>\n<\/tr>\n<tr style=\"height: 80px\">\n<td style=\"background-color: #ffe1bf;text-align: right;height: 80px\">\n<p align=\"RIGHT\"><span style=\"color: #000000\"><strong>Del 1 al 30 de abril de 2026:<br \/>\n<\/strong><\/span><\/p>\n<\/td>\n<td style=\"background-color: #ffe1bf;text-align: left;height: 80px\">\n<p align=\"LEFT\"><span style=\"color: #000000\"><strong>PLAZO \u00daNICO PARA CUMPLIMENTACI\u00d3N DE SOLICITUDES DE ADMISI\u00d3N PARA ALUMNOS DE NUEVO INGRESO EN CUALQUIER CURSO.<\/strong><\/span><\/p>\n<\/td>\n<\/tr>\n<tr style=\"background-color: #e0e0e0;height: 100px\">\n<td style=\"background-color: #ffc380;text-align: right;height: 100px\" bgcolor=\"#ffffff\"><span style=\"color: #000000\">15 de mayo de 2026:<\/span><\/td>\n<td style=\"background-color: #ffc380;text-align: left;height: 100px\" bgcolor=\"#ffffff\">\n<p align=\"LEFT\"><span style=\"color: #000000\">Publicaci\u00f3n del listado de solicitudes admitidas para 1<sup>er<\/sup> curso.<\/span><\/p>\n<p align=\"LEFT\"><span style=\"color: #000000\">Publicaci\u00f3n de fechas y horas para la prueba de aptitud para 1<sup>er<\/sup> curso.<\/span><\/p>\n<\/td>\n<\/tr>\n<tr style=\"height: 122px\">\n<td style=\"background-color: #ffe1bf;text-align: right;height: 122px\">\n<p align=\"RIGHT\"><span style=\"color: #000000\"><strong>Del 25 al 28 de mayo de 2026:<br \/>\n<\/strong><\/span><\/p>\n<\/td>\n<td style=\"background-color: #ffe1bf;text-align: left;height: 122px\">\n<p align=\"LEFT\"><span style=\"color: #000000\"><strong>PRUEBAS DE APTITUD PARA ALUMNOS DE NUEVO INGRESO EN 1<sup>er<\/sup> CURSO.<\/strong><\/span><\/p>\n<p align=\"LEFT\"><span style=\"font-size: 10pt;color: #000000\"><strong>(la fecha y hora en la que deber\u00e1 presentarse cada aspirante ser\u00e1 publicada con suficiente antelaci\u00f3n en los tablones de anuncios del conservatorio y de esta p\u00e1gina web).<\/strong><\/span><\/p>\n<\/td>\n<\/tr>\n<tr style=\"background-color: #e0e0e0;height: 58px\">\n<td style=\"background-color: #ffc380;text-align: right;height: 58px\" bgcolor=\"#ffffff\">\n<p align=\"RIGHT\"><span style=\"color: #000000\">8 de junio de 2026:<br \/>\n<\/span><\/p>\n<\/td>\n<td style=\"background-color: #ffc380;text-align: left;height: 58px\" bgcolor=\"#ffffff\">\n<p align=\"LEFT\"><span style=\"color: #000000\">Publicaci\u00f3n del listado <strong>provisional<\/strong> de calificaciones de las pruebas de aptitud para 1<sup>er<\/sup> curso.<\/span><\/p>\n<\/td>\n<\/tr>\n<tr style=\"height: 98px\">\n<td style=\"background-color: #ffe1bf;text-align: right;height: 98px\"><span style=\"color: #000000\">Del 9 al 10 de junio de 2026:<\/span><\/td>\n<td style=\"background-color: #ffe1bf;text-align: left;height: 98px\">\n<p align=\"LEFT\"><span style=\"color: #000000\">Plazo de reclamaci\u00f3n sobre el listado provisional de calificaciones de las pruebas de aptitud para 1<sup>er<\/sup> curso.<\/span><\/p>\n<p align=\"LEFT\"><span style=\"font-size: 10pt;color: #ff0000\">(reclamaciones escritas en la secretar\u00eda del conservatorio, dirigidas al Director).<\/span><\/p>\n<\/td>\n<\/tr>\n<tr style=\"background-color: #e0e0e0;height: 100px\">\n<td style=\"background-color: #ffc380;text-align: right;height: 100px\" bgcolor=\"#ffffff\">\n<p align=\"RIGHT\"><span style=\"color: #000000\">12 de junio de 2026:<br \/>\n<\/span><\/p>\n<\/td>\n<td style=\"background-color: #ffc380;text-align: left;height: 100px\" bgcolor=\"#ffffff\">\n<p align=\"LEFT\"><span style=\"color: #000000\">Publicaci\u00f3n de la resoluci\u00f3n de las reclamaciones a las calificaciones de las pruebas de aptitud al 1<sup>er<\/sup> curso.<\/span><\/p>\n<p align=\"LEFT\"><span style=\"color: #000000\">Publicaci\u00f3n del listado <strong>definitivo<\/strong> de calificaciones obtenidas en las pruebas de aptitud para 1<sup>er<\/sup> curso.<\/span><\/p>\n<\/td>\n<\/tr>\n<tr style=\"height: 56px\">\n<td style=\"background-color: #ffe1bf;text-align: right;height: 56px\"><span style=\"color: #000000\">15 de junio de 2026:<\/span><\/td>\n<td style=\"background-color: #ffe1bf;text-align: left;height: 56px\">\n<p align=\"LEFT\"><span style=\"color: #000000\">Publicaci\u00f3n de la resoluci\u00f3n de admisi\u00f3n para 1er curso en 1\u00aa adjudicaci\u00f3n.<\/span><\/p>\n<\/td>\n<\/tr>\n<tr style=\"height: 50px\">\n<td style=\"background-color: #ffc380;text-align: right;height: 50px\"><span style=\"color: #000000\">Del 16 de junio al 16 de julio de 2026:<\/span><\/td>\n<td style=\"background-color: #ffc380;text-align: left;height: 50px\"><span style=\"color: #000000\">Plazo de presentaci\u00f3n de recursos de alzada sobre la resoluci\u00f3n de admisi\u00f3n para 1<sup>er<\/sup> curso, ante el Delegado Territorial de Educaci\u00f3n de Sevilla.<\/span><\/td>\n<\/tr>\n<tr style=\"height: 98px\">\n<td style=\"background-color: #ffe1bf;text-align: right;height: 98px\">\n<p align=\"RIGHT\"><span style=\"color: #000000\"><strong>Del 1 al 10 de julio de 2026:<br \/>\n<\/strong><\/span><\/p>\n<\/td>\n<td style=\"background-color: #ffe1bf;text-align: left;height: 98px\">\n<p align=\"LEFT\"><span style=\"color: #000000\"><strong>PLAZO DE MATR\u00cdCULA O RESERVA DE PLAZA PARA 1<sup>er<\/sup> CURSO.<\/strong><\/span><\/p>\n<p align=\"LEFT\"><span style=\"font-size: 10pt;color: #ff0000\"><strong>(matr\u00edcula obligatoria para todos los solicitantes a los que se les haya asignado el instrumento preferente en 1\u00aa adjudicaci\u00f3n).<\/strong><\/span><\/p>\n<\/td>\n<\/tr>\n<tr style=\"height: 58px\">\n<td style=\"background-color: #ffc380;text-align: right;height: 58px\">\n<p align=\"RIGHT\"><span style=\"color: #000000\">14 de julio de 2026:<br \/>\n<\/span><\/p>\n<\/td>\n<td style=\"background-color: #ffc380;text-align: left;height: 58px\">\n<p align=\"LEFT\"><span style=\"color: #000000\">Publicaci\u00f3n de la resoluci\u00f3n de admisi\u00f3n para 1<sup>er<\/sup> curso en 2\u00aa adjudicaci\u00f3n.<\/span><\/p>\n<\/td>\n<\/tr>\n<tr style=\"height: 98px\">\n<td style=\"background-color: #ffe1bf;text-align: right;height: 98px\"><span style=\"color: #000000\"><strong>Del 15 al 16 de julio de 2026:<\/strong><\/span><\/td>\n<td style=\"background-color: #ffe1bf;text-align: left;height: 98px\"><span style=\"color: #000000\"><strong>PLAZO DE MATR\u00cdCULA PARA 1<sup>er<\/sup> CURSO, EN 2\u00aa CONVOCATORIA.<\/strong><\/span><\/p>\n<p><span style=\"font-size: 10pt;color: #ff0000\"><strong>(aplicable a todos los solicitantes que no hayan formalizado matr\u00edcula en 1\u00aa adjudicaci\u00f3n y se les haya asignado instrumento en 2\u00aa adjudicaci\u00f3n).<\/strong><\/span><\/td>\n<\/tr>\n<tr>\n<td style=\"background-color: #ffc380;text-align: right\"><span style=\"color: #000000\">17 de julio de 2026:<\/span><\/td>\n<td style=\"background-color: #ffc380;text-align: left\"><span style=\"color: #000000\">Publicaci\u00f3n de vacantes resultantes en 1<sup>er<\/sup> curso una vez finalizado el periodo ordinario de matriculaci\u00f3n.<\/span><\/td>\n<\/tr>\n<tr style=\"height: 26px\">\n<td style=\"background-color: #ffe1bf;text-align: right;height: 26px\"><span style=\"color: #000000\"><strong>Del 20 al 21 de julio de 2026:<\/strong><\/span><\/td>\n<td style=\"background-color: #ffe1bf;text-align: left;height: 26px\"><span style=\"color: #000000\">Adjudicaci\u00f3n de vacantes resultantes en 1<sup>er<\/sup> curso una vez finalizado el periodo ordinario de matriculaci\u00f3n.<\/span><\/p>\n<p><span style=\"color: #000000\"><strong>PLAZO DE MATR\u00cdCULA EN 1<sup>er<\/sup> CURSO PARA AQUELLOS ASPIRANTES A LOS QUE SE LES HAYA ASIGNADO VACANTE.<\/strong><\/span><\/td>\n<\/tr>\n<\/tbody>\n<\/table>\n<p>&nbsp;<\/p>\n<p><strong><u>NOTA IMPORTANTE:<\/u><\/strong> Los plazos rese\u00f1ados en negrita corresponden a tr\u00e1mites de obligado cumplimiento. Por lo tanto, la Direcci\u00f3n del Centro recomienda confirmar cada uno de ellos con varios d\u00edas de antelaci\u00f3n, bien por tel\u00e9fono (955 623 348 \/ 955 623 349 \/ 671 599 583) como en los tablones de anuncios del Conservatorio y de esta p\u00e1gina web. En todos los plazos, el primer y \u00faltimo d\u00eda rese\u00f1ado se consideran incluidos en dicho plazo.<\/p>\n<p>Para m\u00e1s informaci\u00f3n, puede contactar con nosotros en los tel\u00e9fonos mencionados en el p\u00e1rrafo anterior y en la propia secretar\u00eda del conservatorio, en la Plaza del Doctor Barraquer, s\/n, o a trav\u00e9s de nuestro <a href=\"https:\/\/blogsaverroes.juntadeandalucia.es\/conservatoriomacarena\/formulario-de-contacto\/\">formulario de contacto<\/a>.<\/p>\n","protected":false},"excerpt":{"rendered":"<p>Al final de este documento est\u00e1n todas las fechas actualizadas del proceso de inscripci\u00f3n y matriculaci\u00f3n, con las fechas m\u00e1s importantes marcadas en negrita. 1. Inscripci\u00f3n. Para entrar en el 1er curso del conservatorio, es&#46;&#46;&#46;<\/p>\n","protected":false},"author":5168,"featured_media":0,"parent":298,"menu_order":1,"comment_status":"closed","ping_status":"closed","template":"","meta":{"ngg_post_thumbnail":0,"footnotes":""},"aioseo_notices":[],"_links":{"self":[{"href":"https:\/\/blogsaverroes.juntadeandalucia.es\/conservatoriomacarena\/wp-json\/wp\/v2\/pages\/301"}],"collection":[{"href":"https:\/\/blogsaverroes.juntadeandalucia.es\/conservatoriomacarena\/wp-json\/wp\/v2\/pages"}],"about":[{"href":"https:\/\/blogsaverroes.juntadeandalucia.es\/conservatoriomacarena\/wp-json\/wp\/v2\/types\/page"}],"author":[{"embeddable":true,"href":"https:\/\/blogsaverroes.juntadeandalucia.es\/conservatoriomacarena\/wp-json\/wp\/v2\/users\/5168"}],"replies":[{"embeddable":true,"href":"https:\/\/blogsaverroes.juntadeandalucia.es\/conservatoriomacarena\/wp-json\/wp\/v2\/comments?post=301"}],"version-history":[{"count":37,"href":"https:\/\/blogsaverroes.juntadeandalucia.es\/conservatoriomacarena\/wp-json\/wp\/v2\/pages\/301\/revisions"}],"predecessor-version":[{"id":2901,"href":"https:\/\/blogsaverroes.juntadeandalucia.es\/conservatoriomacarena\/wp-json\/wp\/v2\/pages\/301\/revisions\/2901"}],"up":[{"embeddable":true,"href":"https:\/\/blogsaverroes.juntadeandalucia.es\/conservatoriomacarena\/wp-json\/wp\/v2\/pages\/298"}],"wp:attachment":[{"href":"https:\/\/blogsaverroes.juntadeandalucia.es\/conservatoriomacarena\/wp-json\/wp\/v2\/media?parent=301"}],"curies":[{"name":"wp","href":"https:\/\/api.w.org\/{rel}","templated":true}]}}