{"id":31,"date":"2019-02-14T00:37:10","date_gmt":"2019-02-13T23:37:10","guid":{"rendered":"https:\/\/blogsaverroes.juntadeandalucia.es\/conservatoriomacarena\/?page_id=31"},"modified":"2021-09-19T01:32:01","modified_gmt":"2021-09-18T23:32:01","slug":"ubicacion","status":"publish","type":"page","link":"https:\/\/blogsaverroes.juntadeandalucia.es\/conservatoriomacarena\/presentacion\/ubicacion\/","title":{"rendered":"Ubicaci\u00f3n"},"content":{"rendered":"<p>La direcci\u00f3n actual del conservatorio es \u00abPlaza del Doctor Barraquer, s\/n\u00bb, en el distrito postal 41009 de la Macarena. Son variados los puntos de referencia que ayudan a situar nuestra direcci\u00f3n en el mapa, siendo los m\u00e1s conocidos el campus y hospital universitario \u00abVirgen Macarena\u00bb, as\u00ed como el Parlamento de Andaluc\u00eda en el antiguo Hospital de las Cinco Llagas.<\/p>\n<p>Los nudos de comunicaci\u00f3n son igualmente variados, contando con carril-bici en la vecina calle Don Fadrique \/ Avenida de S\u00e1nchez Pizju\u00e1n. Para el transporte privado, la referencia es la calle Antonio Buero Vallejo, a la que se orienta la fachada trasera del conservatorio. En el mapa situado junto a estas l\u00edneas pod\u00e9is encontrar una referencia visual a todas estas indicaciones, completada con informaci\u00f3n de todas las paradas de autob\u00fas urbano colindantes y las l\u00edneas a las que prestan servicio.<\/p>\n<hr>\n<p><img loading=\"lazy\" decoding=\"async\" class=\"alignright wp-image-32\" src=\"https:\/\/blogsaverroes.juntadeandalucia.es\/conservatoriomacarena\/files\/2019\/02\/Plano-de-situaci\u00f3n-1.jpg\" alt=\"\" width=\"1380\" height=\"967\" srcset=\"https:\/\/blogsaverroes.juntadeandalucia.es\/conservatoriomacarena\/files\/2019\/02\/Plano-de-situaci\u00f3n-1.jpg 641w, https:\/\/blogsaverroes.juntadeandalucia.es\/conservatoriomacarena\/files\/2019\/02\/Plano-de-situaci\u00f3n-1-300x210.jpg 300w, https:\/\/blogsaverroes.juntadeandalucia.es\/conservatoriomacarena\/files\/2019\/02\/Plano-de-situaci\u00f3n-1-24x17.jpg 24w, https:\/\/blogsaverroes.juntadeandalucia.es\/conservatoriomacarena\/files\/2019\/02\/Plano-de-situaci\u00f3n-1-36x25.jpg 36w, https:\/\/blogsaverroes.juntadeandalucia.es\/conservatoriomacarena\/files\/2019\/02\/Plano-de-situaci\u00f3n-1-48x34.jpg 48w\" sizes=\"(max-width: 1380px) 100vw, 1380px\" \/><img loading=\"lazy\" decoding=\"async\" class=\"aligncenter size-full wp-image-1646\" src=\"https:\/\/blogsaverroes.juntadeandalucia.es\/conservatoriomacarena\/files\/2021\/09\/Plano-scaled.jpg\" alt=\"\" width=\"2560\" height=\"1810\" srcset=\"https:\/\/blogsaverroes.juntadeandalucia.es\/conservatoriomacarena\/files\/2021\/09\/Plano-scaled.jpg 2560w, https:\/\/blogsaverroes.juntadeandalucia.es\/conservatoriomacarena\/files\/2021\/09\/Plano-300x212.jpg 300w, https:\/\/blogsaverroes.juntadeandalucia.es\/conservatoriomacarena\/files\/2021\/09\/Plano-1024x724.jpg 1024w, https:\/\/blogsaverroes.juntadeandalucia.es\/conservatoriomacarena\/files\/2021\/09\/Plano-768x543.jpg 768w, https:\/\/blogsaverroes.juntadeandalucia.es\/conservatoriomacarena\/files\/2021\/09\/Plano-1536x1086.jpg 1536w, https:\/\/blogsaverroes.juntadeandalucia.es\/conservatoriomacarena\/files\/2021\/09\/Plano-2048x1448.jpg 2048w\" sizes=\"(max-width: 2560px) 100vw, 2560px\" \/><\/p>\n","protected":false},"excerpt":{"rendered":"<p>La direcci\u00f3n actual del conservatorio es \u00abPlaza del Doctor Barraquer, s\/n\u00bb, en el distrito postal 41009 de la Macarena. Son variados los puntos de referencia que ayudan a situar nuestra direcci\u00f3n en el mapa, siendo&#46;&#46;&#46;<\/p>\n","protected":false},"author":5168,"featured_media":0,"parent":19,"menu_order":1,"comment_status":"closed","ping_status":"closed","template":"","meta":{"ngg_post_thumbnail":0,"footnotes":""},"aioseo_notices":[],"_links":{"self":[{"href":"https:\/\/blogsaverroes.juntadeandalucia.es\/conservatoriomacarena\/wp-json\/wp\/v2\/pages\/31"}],"collection":[{"href":"https:\/\/blogsaverroes.juntadeandalucia.es\/conservatoriomacarena\/wp-json\/wp\/v2\/pages"}],"about":[{"href":"https:\/\/blogsaverroes.juntadeandalucia.es\/conservatoriomacarena\/wp-json\/wp\/v2\/types\/page"}],"author":[{"embeddable":true,"href":"https:\/\/blogsaverroes.juntadeandalucia.es\/conservatoriomacarena\/wp-json\/wp\/v2\/users\/5168"}],"replies":[{"embeddable":true,"href":"https:\/\/blogsaverroes.juntadeandalucia.es\/conservatoriomacarena\/wp-json\/wp\/v2\/comments?post=31"}],"version-history":[{"count":6,"href":"https:\/\/blogsaverroes.juntadeandalucia.es\/conservatoriomacarena\/wp-json\/wp\/v2\/pages\/31\/revisions"}],"predecessor-version":[{"id":1647,"href":"https:\/\/blogsaverroes.juntadeandalucia.es\/conservatoriomacarena\/wp-json\/wp\/v2\/pages\/31\/revisions\/1647"}],"up":[{"embeddable":true,"href":"https:\/\/blogsaverroes.juntadeandalucia.es\/conservatoriomacarena\/wp-json\/wp\/v2\/pages\/19"}],"wp:attachment":[{"href":"https:\/\/blogsaverroes.juntadeandalucia.es\/conservatoriomacarena\/wp-json\/wp\/v2\/media?parent=31"}],"curies":[{"name":"wp","href":"https:\/\/api.w.org\/{rel}","templated":true}]}}