{"id":321,"date":"2019-03-07T12:44:53","date_gmt":"2019-03-07T11:44:53","guid":{"rendered":"https:\/\/blogsaverroes.juntadeandalucia.es\/conservatoriomacarena\/?page_id=321"},"modified":"2026-04-03T04:50:33","modified_gmt":"2026-04-03T02:50:33","slug":"inscripcion-a-otros-cursos","status":"publish","type":"page","link":"https:\/\/blogsaverroes.juntadeandalucia.es\/conservatoriomacarena\/inscripcion-matricula\/inscripcion-a-otros-cursos\/","title":{"rendered":"Inscripci\u00f3n a cursos superiores."},"content":{"rendered":"<p>Al final de este documento est\u00e1n todas las fechas actualizadas del proceso de inscripci\u00f3n y matriculaci\u00f3n, con las fechas m\u00e1s importantes marcadas <strong>en negrita.<\/strong><\/p>\n<hr>\n<h5>1. Inscripci\u00f3n.<\/h5>\n<p>Para entrar en cursos superiores a 1\u00ba del conservatorio, es necesario cumplir una serie de requisitos:<\/p>\n<ol>\n<li>Tener al menos 8 a\u00f1os de edad (a cumplir en el a\u00f1o de matriculaci\u00f3n).<\/li>\n<li><strong>Presentar la <a href=\"https:\/\/blogsaverroes.juntadeandalucia.es\/conservatoriomacarena\/files\/2024\/07\/ANEXO-I-Solicitud-de-admision-en-ensenanzas-elementales-basicas-y-profesionales-de-musica.pdf\">Solicitud de admisi\u00f3n<\/a> en el plazo establecido <\/strong>por uno de estos medios:\n<ol>\n<li>En la secretar\u00eda del conservatorio (consultar direcci\u00f3n y horario en la p\u00e1gina principal).<\/li>\n<li>En la <a href=\"https:\/\/www.juntadeandalucia.es\/educacion\/secretariavirtual\/accesoTramite\/445\/\">Secretar\u00eda Virtual<\/a> de la Consejer\u00eda de Educaci\u00f3n y Deporte.<\/li>\n<\/ol>\n<\/li>\n<li>Es <strong>obligatorio <\/strong>indicar en el impreso de inscripci\u00f3n al menos un instrumento entre nuestra oferta (clarinete, flauta travesera, guitarra cl\u00e1sica, piano, viol\u00edn y violonchelo). Pueden solicitarse pruebas a dos cursos diferentes (no necesariamente consecutivos) de la misma especialidad.<\/li>\n<\/ol>\n<hr>\n<h5>2. Prueba de acceso.<\/h5>\n<p><strong>El siguiente paso es la prueba de acceso <\/strong>(consultar fechas a mediados de julio).<\/p>\n<p>Esta prueba consiste en <strong>dos ex\u00e1menes: uno sobre el instrumento escogido y otra prueba sobre conocimientos de Lenguaje Musical,<\/strong> ambas adaptadas al nivel del curso al que se quiere acceder.<\/p>\n<p>El contenido de las pruebas de acceso est\u00e1 disponible en nuestra secci\u00f3n <a href=\"https:\/\/blogsaverroes.juntadeandalucia.es\/conservatoriomacarena\/secretaria\/documentacion\/\">SECRETAR\u00cdA: DOCUMENTACI\u00d3N<\/a>. Es recomendable la preparaci\u00f3n de ambas pruebas con profesores especializados o en academias de m\u00fasica.<\/p>\n<hr>\n<h5>3. Adjudicaci\u00f3n y matr\u00edcula.<\/h5>\n<p>Una vez aprobada la prueba de acceso, se asignar\u00e1n las plazas disponibles (consultar fechas).<\/p>\n<p>Quien reciba una plaza <strong>deber\u00e1 matricularse<\/strong> en los dos d\u00edas h\u00e1biles siguientes. De lo contrario, perder\u00e1 todo derecho a matr\u00edcula. (<a href=\"https:\/\/blogsaverroes.juntadeandalucia.es\/conservatoriomacarena\/files\/2024\/07\/ANEXO-III-Matricula-en-ensenanzas-elementales-basicas-y-profesionales-de-musica.pdf\">Impreso de matr\u00edcula<\/a>).<\/p>\n<p>Para que la <strong>matr\u00edcula<\/strong> tenga validez,<strong> es obligatorio acompa\u00f1arla de la carta de pago sellada en entidad bancaria.<\/strong> Si la matr\u00edcula es cumplimentada en la Secretar\u00eda Virtual, guarde el resguardo electr\u00f3nico del pago para m\u00e1s seguridad.<\/p>\n<hr>\n<h2 style=\"text-align: center\">CALENDARIO DE ESCOLARIZACI\u00d3N.<\/h2>\n<table style=\"width: 100%;height: 960px\" border=\"1\" rules=\"COLS\" cellspacing=\"0\" cellpadding=\"4\">\n<tbody>\n<tr style=\"height: 24px\">\n<td style=\"background-color: #ffc380;text-align: right;width: 24.4709%;height: 24px\"><span style=\"color: #000000\">20 de marzo de 2026:<\/span><\/td>\n<td style=\"background-color: #ffc380;text-align: left;width: 75.3968%;height: 24px\"><span style=\"color: #000000\">Publicaci\u00f3n de vacantes por especialidad y curso.<\/span><\/td>\n<\/tr>\n<tr style=\"height: 80px\">\n<td style=\"background-color: #ffe1bf;text-align: right;width: 24.4709%;height: 80px\">\n<p align=\"RIGHT\"><span style=\"color: #000000\"><strong>Del 1 al 30 de abril de 2026:<br \/>\n<\/strong><\/span><\/p>\n<\/td>\n<td style=\"background-color: #ffe1bf;text-align: left;width: 75.3968%;height: 80px\">\n<p align=\"LEFT\"><span style=\"color: #000000\"><strong>PLAZO \u00daNICO PARA CUMPLIMENTACI\u00d3N DE SOLICITUDES DE ADMISI\u00d3N PARA ALUMNOS DE NUEVO INGRESO EN CUALQUIER CURSO.<\/strong><\/span><\/p>\n<\/td>\n<\/tr>\n<tr style=\"height: 56px\">\n<td style=\"background-color: #ffc380;text-align: right;width: 24.4709%;height: 56px\">\n<p align=\"RIGHT\"><span style=\"color: #000000\">13 de julio de 2026:<br \/>\n<\/span><\/p>\n<\/td>\n<td style=\"background-color: #ffc380;text-align: left;width: 75.3968%;height: 56px\">\n<p align=\"LEFT\"><span style=\"color: #000000\">Publicaci\u00f3n de fechas y horas para las pruebas de acceso a cursos distintos de 1\u00ba.<\/span><\/p>\n<\/td>\n<\/tr>\n<tr style=\"height: 120px\">\n<td style=\"background-color: #ffe1bf;text-align: right;width: 24.4709%;height: 120px\">\n<p align=\"RIGHT\"><span style=\"color: #000000\"><strong>(Por determinar) septiembre de 2026:<\/strong><\/span><\/p>\n<\/td>\n<td style=\"background-color: #ffe1bf;width: 75.3968%;height: 120px;text-align: left\">\n<p align=\"LEFT\"><span style=\"color: #000000\"><strong>PRUEBAS DE ACCESO A CURSOS DISTINTOS DE 1\u00ba PARA ALUMNOS DE NUEVO INGRESO.<\/strong><\/span><\/p>\n<p align=\"LEFT\"><span style=\"font-size: 10pt;color: #000000\"><strong>(la fecha y hora espec\u00edfica en la que deber\u00e1 presentarse cada aspirante ser\u00e1 publicada previa a la realizaci\u00f3n de las pruebas en los tablones de anuncios del conservatorio y de esta p\u00e1gina web).<\/strong><\/span><\/p>\n<\/td>\n<\/tr>\n<tr style=\"height: 56px\">\n<td style=\"text-align: right;width: 24.4709%;height: 56px;background-color: #ffc380\">10 de septiembre de 2026:<\/td>\n<td style=\"text-align: left;width: 75.3968%;height: 56px;background-color: #ffc380\">\n<p align=\"LEFT\"><span style=\"color: #000000\">1\u00aa actualizaci\u00f3n de vacantes para cursos distintos de 1\u00ba.<\/span><\/p>\n<\/td>\n<\/tr>\n<tr style=\"height: 56px\">\n<td style=\"text-align: right;width: 24.4709%;height: 56px;background-color: #ffe1bf\">\n<p align=\"RIGHT\"><span style=\"color: #000000\">10 de septiembre de 2026:<br \/>\n<\/span><\/p>\n<\/td>\n<td style=\"text-align: left;width: 75.3968%;height: 56px;background-color: #ffe1bf\">\n<p align=\"LEFT\"><span style=\"color: #000000\">Publicaci\u00f3n del listado <strong>provisional<\/strong> de calificaciones de las pruebas de acceso a cursos distintos de 1\u00ba.<\/span><\/p>\n<\/td>\n<\/tr>\n<tr style=\"height: 96px\">\n<td style=\"text-align: right;width: 24.4709%;height: 96px;background-color: #ffc380\"><span style=\"color: #000000\">Del 11 al 14 de septiembre de 2026:<\/span><\/td>\n<td style=\"text-align: left;width: 75.3968%;height: 96px;background-color: #ffc380\">\n<p align=\"LEFT\"><span style=\"color: #000000\">Plazo de reclamaci\u00f3n sobre el listado provisional de calificaciones de las pruebas acceso a cursos distintos de 1\u00ba.<\/span><\/p>\n<p><span style=\"color: #800000;font-size: 10pt\">(reclamaciones escritas en la secretar\u00eda del conservatorio, dirigidas al Director).<\/span><\/td>\n<\/tr>\n<tr style=\"height: 96px\">\n<td style=\"text-align: right;width: 24.4709%;height: 96px;background-color: #ffe1bf\"><span style=\"color: #000000\">16 de septiembre de 2026:<\/span><\/td>\n<td style=\"text-align: left;width: 75.3968%;height: 96px;background-color: #ffe1bf\">\n<p align=\"LEFT\"><span style=\"color: #000000\">Resoluci\u00f3n de las reclamaciones a las calificaciones sobre las pruebas de acceso a cursos distintos de 1\u00ba.<\/span><\/p>\n<p align=\"LEFT\"><span style=\"color: #000000\">Publicaci\u00f3n del listado <strong>definitivo<\/strong> de calificaciones obtenidas en las pruebas de de acceso a cursos distintos de 1\u00ba.<\/span><\/p>\n<\/td>\n<\/tr>\n<tr style=\"height: 48px\">\n<td style=\"text-align: right;width: 24.4709%;height: 48px;background-color: #ffc380\"><span style=\"color: #000000\">17 de septiembre de 2026:<\/span><\/td>\n<td style=\"text-align: left;width: 75.3968%;height: 48px;background-color: #ffc380\"><span style=\"color: #000000\">Publicaci\u00f3n de la 1\u00aa resoluci\u00f3n de admisi\u00f3n para cursos distintos de 1\u00ba <span style=\"font-size: 10pt\">(solicitantes de reingreso y aprobados en pruebas de acceso).<\/span><\/span><\/td>\n<\/tr>\n<tr style=\"height: 48px\">\n<td style=\"text-align: right;width: 24.4709%;height: 48px;background-color: #ffe1bf\"><span style=\"color: #000000\">Del 18 de septiembre al 19 de octubre de 2026:<\/span><\/td>\n<td style=\"text-align: left;width: 75.3968%;height: 48px;background-color: #ffe1bf\"><span style=\"color: #000000\">Recursos de alzada sobre la 1\u00aa resoluci\u00f3n de admisi\u00f3n para cursos distintos de 1\u00ba, ante el Delegado Provincial de Educaci\u00f3n de Sevilla.<\/span><\/td>\n<\/tr>\n<tr style=\"height: 160px\">\n<td style=\"text-align: right;width: 24.4709%;height: 160px;background-color: #ffc380\">\n<p align=\"RIGHT\"><span style=\"color: #000000\"><strong>Del 18 al 21 de septiembre de 2026:<br \/>\n<\/strong><\/span><\/p>\n<\/td>\n<td style=\"text-align: left;width: 75.3968%;height: 160px;background-color: #ffc380\"><span style=\"color: #000000\"><strong>PLAZO DE MATR\u00cdCULA EN CURSOS DISTINTOS DE 1\u00ba.<br \/>\n<\/strong><\/span><span style=\"font-size: 10pt;color: #000000\"><strong>(aplicable a quienes hayan obtenido plaza <span style=\"color: #000000\">en la&nbsp; 1\u00aa resoluci\u00f3n de admisi\u00f3n para cursos distintos de 1\u00ba).<\/span><\/strong><\/span><\/td>\n<\/tr>\n<tr>\n<td style=\"width: 24.4709%;background-color: #ffe1bf;text-align: right\"><strong>Del 22 al 23 de septiembre de 2026:<\/strong><\/td>\n<td style=\"width: 75.3968%;background-color: #ffe1bf\"><strong>2\u00aa adjudicaci\u00f3n de vacantes y PLAZO DE MATR\u00cdCULA EN CURSOS DISTINTOS DE 1\u00ba para los nuevos adjudicatarios.<\/strong><\/td>\n<\/tr>\n<tr style=\"height: 48px\">\n<td style=\"text-align: right;width: 24.4709%;height: 48px;background-color: #ffc380\"><strong>Del 24 al 25 de septiembre de 2026:<\/strong><\/td>\n<td style=\"text-align: left;width: 75.3968%;height: 48px;background-color: #ffc380\"><strong>3\u00aa adjudicaci\u00f3n de vacantes y PLAZO DE MATR\u00cdCULA EN CURSOS DISTINTOS DE 1\u00ba para los nuevos adjudicatarios.<\/strong><\/td>\n<\/tr>\n<\/tbody>\n<\/table>\n<p>&nbsp;<\/p>\n<p><strong><u>NOTA IMPORTANTE:<\/u><\/strong> Los plazos rese\u00f1ados en negrita corresponden a tr\u00e1mites de obligado cumplimiento. Por lo tanto, la Direcci\u00f3n del Centro recomienda confirmar cada uno de ellos con varios d\u00edas de antelaci\u00f3n, bien por tel\u00e9fono (955 623 348 \/ 955 623 349 \/ 671 599 583) como en los tablones de anuncios del Conservatorio y de esta p\u00e1gina web. En todos los plazos, el primer y \u00faltimo d\u00eda rese\u00f1ado se consideran incluidos en dicho plazo.<\/p>\n<p>Para m\u00e1s informaci\u00f3n, puede contactar con nosotros en los tel\u00e9fonos arriba mencionados en el p\u00e1rrafo anterior y en la propia secretar\u00eda del conservatorio, en la Plaza del Doctor Barraquer, s\/n, o a trav\u00e9s de nuestro <a href=\"https:\/\/blogsaverroes.juntadeandalucia.es\/conservatoriomacarena\/formulario-de-contacto\/\">formulario de contacto<\/a>.<\/p>\n<h3>&nbsp;<\/h3>\n","protected":false},"excerpt":{"rendered":"<p>Al final de este documento est\u00e1n todas las fechas actualizadas del proceso de inscripci\u00f3n y matriculaci\u00f3n, con las fechas m\u00e1s importantes marcadas en negrita. 1. Inscripci\u00f3n. Para entrar en cursos superiores a 1\u00ba del conservatorio,&#46;&#46;&#46;<\/p>\n","protected":false},"author":5168,"featured_media":0,"parent":298,"menu_order":2,"comment_status":"closed","ping_status":"closed","template":"","meta":{"ngg_post_thumbnail":0,"footnotes":""},"aioseo_notices":[],"_links":{"self":[{"href":"https:\/\/blogsaverroes.juntadeandalucia.es\/conservatoriomacarena\/wp-json\/wp\/v2\/pages\/321"}],"collection":[{"href":"https:\/\/blogsaverroes.juntadeandalucia.es\/conservatoriomacarena\/wp-json\/wp\/v2\/pages"}],"about":[{"href":"https:\/\/blogsaverroes.juntadeandalucia.es\/conservatoriomacarena\/wp-json\/wp\/v2\/types\/page"}],"author":[{"embeddable":true,"href":"https:\/\/blogsaverroes.juntadeandalucia.es\/conservatoriomacarena\/wp-json\/wp\/v2\/users\/5168"}],"replies":[{"embeddable":true,"href":"https:\/\/blogsaverroes.juntadeandalucia.es\/conservatoriomacarena\/wp-json\/wp\/v2\/comments?post=321"}],"version-history":[{"count":43,"href":"https:\/\/blogsaverroes.juntadeandalucia.es\/conservatoriomacarena\/wp-json\/wp\/v2\/pages\/321\/revisions"}],"predecessor-version":[{"id":2902,"href":"https:\/\/blogsaverroes.juntadeandalucia.es\/conservatoriomacarena\/wp-json\/wp\/v2\/pages\/321\/revisions\/2902"}],"up":[{"embeddable":true,"href":"https:\/\/blogsaverroes.juntadeandalucia.es\/conservatoriomacarena\/wp-json\/wp\/v2\/pages\/298"}],"wp:attachment":[{"href":"https:\/\/blogsaverroes.juntadeandalucia.es\/conservatoriomacarena\/wp-json\/wp\/v2\/media?parent=321"}],"curies":[{"name":"wp","href":"https:\/\/api.w.org\/{rel}","templated":true}]}}