{"id":344,"date":"2019-03-14T22:22:08","date_gmt":"2019-03-14T21:22:08","guid":{"rendered":"https:\/\/blogsaverroes.juntadeandalucia.es\/conservatoriomacarena\/?page_id=344"},"modified":"2024-07-01T02:47:22","modified_gmt":"2024-07-01T00:47:22","slug":"renovacion-de-matricula","status":"publish","type":"page","link":"https:\/\/blogsaverroes.juntadeandalucia.es\/conservatoriomacarena\/inscripcion-matricula\/renovacion-de-matricula\/","title":{"rendered":"Renovaci\u00f3n de matr\u00edcula"},"content":{"rendered":"<p>Todo el alumnado que quiera continuar sus estudios (promocione o repita curso) y que no haya terminado los estudios de Ense\u00f1anzas Elementales de M\u00fasica, deber\u00e1 formalizar la matr\u00edcula para el siguiente curso <strong>del 1 al 10 de julio<\/strong> del a\u00f1o en curso (<a href=\"https:\/\/blogsaverroes.juntadeandalucia.es\/conservatoriomacarena\/files\/2024\/07\/ANEXO-III-Matricula-en-ensenanzas-elementales-basicas-y-profesionales-de-musica.pdf\">Impreso de matr\u00edcula<\/a>).<\/p>\n<p>Toda la documentaci\u00f3n se podr\u00e1 presentar en la secretar\u00eda del conservatorio (Plaza del Doctor Barraquer, s\/n) <strong>en horario de secretar\u00eda <\/strong>o bien mediante la <a href=\"https:\/\/www.juntadeandalucia.es\/educacion\/secretariavirtual\/accesoTramite\/656\/\">Secretar\u00eda Virtual<\/a>.<br \/>\nTambi\u00e9n podr\u00e1n presentar la documentaci\u00f3n mediante alguna de las restantes f\u00f3rmulas contempladas en el art\u00edculo 16 de la <a href=\"https:\/\/www.boe.es\/eli\/es\/l\/2015\/10\/01\/39\/con\">Ley 39\/2015, de 1 de octubre, del Procedimiento Administrativo Com\u00fan de las Administraciones P\u00fablicas<\/a>, y en los art\u00edculos 82 y 83 de la <a href=\"https:\/\/www.juntadeandalucia.es\/boja\/2007\/215\/1\">Ley 9\/2007, de 22 de octubre, de la Administraci\u00f3n de la Junta de Andaluc\u00eda<\/a>. De optar por alguna de ellas y para agilizar el procedimiento, se recomienda remitir copia autenticada al centro docente al que se dirige la solicitud.<\/p>\n","protected":false},"excerpt":{"rendered":"<p>Todo el alumnado que quiera continuar sus estudios (promocione o repita curso) y que no haya terminado los estudios de Ense\u00f1anzas Elementales de M\u00fasica, deber\u00e1 formalizar la matr\u00edcula para el siguiente curso del 1 al&#46;&#46;&#46;<\/p>\n","protected":false},"author":5168,"featured_media":0,"parent":298,"menu_order":3,"comment_status":"closed","ping_status":"closed","template":"","meta":{"ngg_post_thumbnail":0,"footnotes":""},"aioseo_notices":[],"_links":{"self":[{"href":"https:\/\/blogsaverroes.juntadeandalucia.es\/conservatoriomacarena\/wp-json\/wp\/v2\/pages\/344"}],"collection":[{"href":"https:\/\/blogsaverroes.juntadeandalucia.es\/conservatoriomacarena\/wp-json\/wp\/v2\/pages"}],"about":[{"href":"https:\/\/blogsaverroes.juntadeandalucia.es\/conservatoriomacarena\/wp-json\/wp\/v2\/types\/page"}],"author":[{"embeddable":true,"href":"https:\/\/blogsaverroes.juntadeandalucia.es\/conservatoriomacarena\/wp-json\/wp\/v2\/users\/5168"}],"replies":[{"embeddable":true,"href":"https:\/\/blogsaverroes.juntadeandalucia.es\/conservatoriomacarena\/wp-json\/wp\/v2\/comments?post=344"}],"version-history":[{"count":11,"href":"https:\/\/blogsaverroes.juntadeandalucia.es\/conservatoriomacarena\/wp-json\/wp\/v2\/pages\/344\/revisions"}],"predecessor-version":[{"id":2478,"href":"https:\/\/blogsaverroes.juntadeandalucia.es\/conservatoriomacarena\/wp-json\/wp\/v2\/pages\/344\/revisions\/2478"}],"up":[{"embeddable":true,"href":"https:\/\/blogsaverroes.juntadeandalucia.es\/conservatoriomacarena\/wp-json\/wp\/v2\/pages\/298"}],"wp:attachment":[{"href":"https:\/\/blogsaverroes.juntadeandalucia.es\/conservatoriomacarena\/wp-json\/wp\/v2\/media?parent=344"}],"curies":[{"name":"wp","href":"https:\/\/api.w.org\/{rel}","templated":true}]}}