{"id":346,"date":"2019-03-14T22:26:03","date_gmt":"2019-03-14T21:26:03","guid":{"rendered":"https:\/\/blogsaverroes.juntadeandalucia.es\/conservatoriomacarena\/?page_id=346"},"modified":"2025-03-22T03:25:23","modified_gmt":"2025-03-22T02:25:23","slug":"reingreso","status":"publish","type":"page","link":"https:\/\/blogsaverroes.juntadeandalucia.es\/conservatoriomacarena\/inscripcion-matricula\/reingreso\/","title":{"rendered":"Reingreso"},"content":{"rendered":"<p>Todo el alumnado que, habiendo abandonado los estudios correspondientes a las ense\u00f1anzas elementales de m\u00fasica, solicite reingresar en el instrumento que estuviese cursando deber\u00e1 realizar los mismos tr\u00e1mites en los mismos plazos que los <a href=\"https:\/\/blogsaverroes.juntadeandalucia.es\/conservatoriomacarena\/inscripcion-matricula\/inscripcion-a-otros-cursos\/\">aspirantes a cursos distintos de 1\u00ba.<\/a><\/p>\n<p>En caso de haber vacantes en la especialidad y curso que le corresponda, ser\u00e1 admitido sin necesidad de realizar prueba de acceso alguna, siempre que no haya transcurrido m\u00e1s de un a\u00f1o sin estar matriculado. En caso contrario, el alumno deber\u00e1 realizar y superar la prueba de acceso.<\/p>\n<p>El <strong>calendario de escolarizaci\u00f3n<\/strong> es similar al aplicable para la admisi\u00f3n en cursos distintos de 1\u00ba y se puede consultar en este <a title=\"Inscripci\u00f3n a cursos superiores.\" href=\"https:\/\/blogsaverroes.juntadeandalucia.es\/conservatoriomacarena\/inscripcion-matricula\/inscripcion-a-otros-cursos\/\"><strong>ENLACE<\/strong><\/a>.<\/p>\n","protected":false},"excerpt":{"rendered":"<p>Todo el alumnado que, habiendo abandonado los estudios correspondientes a las ense\u00f1anzas elementales de m\u00fasica, solicite reingresar en el instrumento que estuviese cursando deber\u00e1 realizar los mismos tr\u00e1mites en los mismos plazos que los aspirantes&#46;&#46;&#46;<\/p>\n","protected":false},"author":5168,"featured_media":0,"parent":298,"menu_order":4,"comment_status":"closed","ping_status":"closed","template":"","meta":{"ngg_post_thumbnail":0,"footnotes":""},"aioseo_notices":[],"_links":{"self":[{"href":"https:\/\/blogsaverroes.juntadeandalucia.es\/conservatoriomacarena\/wp-json\/wp\/v2\/pages\/346"}],"collection":[{"href":"https:\/\/blogsaverroes.juntadeandalucia.es\/conservatoriomacarena\/wp-json\/wp\/v2\/pages"}],"about":[{"href":"https:\/\/blogsaverroes.juntadeandalucia.es\/conservatoriomacarena\/wp-json\/wp\/v2\/types\/page"}],"author":[{"embeddable":true,"href":"https:\/\/blogsaverroes.juntadeandalucia.es\/conservatoriomacarena\/wp-json\/wp\/v2\/users\/5168"}],"replies":[{"embeddable":true,"href":"https:\/\/blogsaverroes.juntadeandalucia.es\/conservatoriomacarena\/wp-json\/wp\/v2\/comments?post=346"}],"version-history":[{"count":16,"href":"https:\/\/blogsaverroes.juntadeandalucia.es\/conservatoriomacarena\/wp-json\/wp\/v2\/pages\/346\/revisions"}],"predecessor-version":[{"id":2723,"href":"https:\/\/blogsaverroes.juntadeandalucia.es\/conservatoriomacarena\/wp-json\/wp\/v2\/pages\/346\/revisions\/2723"}],"up":[{"embeddable":true,"href":"https:\/\/blogsaverroes.juntadeandalucia.es\/conservatoriomacarena\/wp-json\/wp\/v2\/pages\/298"}],"wp:attachment":[{"href":"https:\/\/blogsaverroes.juntadeandalucia.es\/conservatoriomacarena\/wp-json\/wp\/v2\/media?parent=346"}],"curies":[{"name":"wp","href":"https:\/\/api.w.org\/{rel}","templated":true}]}}