{"id":370,"date":"2019-03-14T23:05:08","date_gmt":"2019-03-14T22:05:08","guid":{"rendered":"https:\/\/blogsaverroes.juntadeandalucia.es\/conservatoriomacarena\/?page_id=370"},"modified":"2024-11-20T21:10:17","modified_gmt":"2024-11-20T20:10:17","slug":"tutorias-atencion-al-publico","status":"publish","type":"page","link":"https:\/\/blogsaverroes.juntadeandalucia.es\/conservatoriomacarena\/secretaria\/tutorias-atencion-al-publico\/","title":{"rendered":"Tutor\u00edas \/ atenci\u00f3n al p\u00fablico"},"content":{"rendered":"<p>Las tutor\u00edas se realizar\u00e1n previa cita y de forma presencial. Solo se realizar\u00e1n tutor\u00edas telem\u00e1ticas por petici\u00f3n expresa de los padres y madres de alumnos.<\/p>\n<p>Pueden solicitarlas a trav\u00e9s de nuestro <a href=\"https:\/\/blogsaverroes.juntadeandalucia.es\/conservatoriomacarena\/formulario-de-tutorias\/\">FORMULARIO DE TUTOR\u00cdAS<\/a> o llamando a los tel\u00e9fonos del conservatorio.<\/p>\n<ul>\n<li><strong>CLARINETE:<\/strong>\n<ul>\n<li>D. Jos\u00e9 Luis Maceda Arca:\n<ul>\n<li>Martes, de 19:00 a 20:00.<\/li>\n<\/ul>\n<\/li>\n<\/ul>\n<\/li>\n<li><strong>FLAUTA:<\/strong>\n<ul>\n<li>D\u00aa Ramoni Fuentes Leal:\n<ul>\n<li>Martes, de 19:30 a 20:30<\/li>\n<\/ul>\n<\/li>\n<\/ul>\n<\/li>\n<li><strong>GUITARRA<\/strong>:\n<ul>\n<li>D\u00aa Rosa Mar\u00eda Borrego Ollero:\n<ul>\n<li>Martes, de 19:30 a 20:30.<\/li>\n<\/ul>\n<\/li>\n<li>D\u00aa Rosal\u00eda Santos C\u00e1ceres:\n<ul>\n<li>Jueves, de 20:00 a 21:00.<\/li>\n<\/ul>\n<\/li>\n<\/ul>\n<\/li>\n<li><strong>PIANO:<\/strong>\n<ul>\n<li>D. Pablo Lago Reina:\n<ul>\n<li>Lunes, de 20:00 a 21:00.<\/li>\n<\/ul>\n<\/li>\n<\/ul>\n<\/li>\n<li><strong>VIOL\u00cdN:<\/strong>\n<ul>\n<li>D. Ignacio P\u00e9rez de Arag\u00f3n:\n<ul>\n<li>Lunes, de 20:00 a 21:00.<\/li>\n<\/ul>\n<\/li>\n<li>D\u00aa Raquel Batalloso Manzano:\n<ul>\n<li>Jueves, de 19:00 a 20:00.<\/li>\n<\/ul>\n<\/li>\n<\/ul>\n<\/li>\n<li><strong>VIOLONCHELO:<\/strong>\n<ul>\n<li>D\u00aa Ana Isabel S\u00e1nchez Barrueco:\n<ul>\n<li>Jueves, de 16:00 a 17:00.<\/li>\n<\/ul>\n<\/li>\n<\/ul>\n<\/li>\n<\/ul>\n<hr>\n<ul>\n<li><strong>DIRECCI\u00d3N<\/strong> (D. Ignacio P\u00e9rez de Arag\u00f3n): PREVIA CITA.\n<ul>\n<li>Lunes y mi\u00e9rcoles, de 20:00 a 20:30.<\/li>\n<li><a href=\"mailto:director@conservatoriomacarena.com\">SOLICITAR CITA.<\/a><\/li>\n<\/ul>\n<\/li>\n<li><strong>JEFATURA DE ESTUDIOS<\/strong> (D. Pablo Lago Reina): PREVIA CITA.\n<ul>\n<li><a href=\"mailto:plagrei337@g.educaand.es\">SOLICITAR CITA.<\/a><\/li>\n<\/ul>\n<\/li>\n<\/ul>\n","protected":false},"excerpt":{"rendered":"<p>Las tutor\u00edas se realizar\u00e1n previa cita y de forma presencial. Solo se realizar\u00e1n tutor\u00edas telem\u00e1ticas por petici\u00f3n expresa de los padres y madres de alumnos. Pueden solicitarlas a trav\u00e9s de nuestro FORMULARIO DE TUTOR\u00cdAS o&#46;&#46;&#46;<\/p>\n","protected":false},"author":5168,"featured_media":0,"parent":393,"menu_order":2,"comment_status":"closed","ping_status":"closed","template":"","meta":{"ngg_post_thumbnail":0,"footnotes":""},"aioseo_notices":[],"_links":{"self":[{"href":"https:\/\/blogsaverroes.juntadeandalucia.es\/conservatoriomacarena\/wp-json\/wp\/v2\/pages\/370"}],"collection":[{"href":"https:\/\/blogsaverroes.juntadeandalucia.es\/conservatoriomacarena\/wp-json\/wp\/v2\/pages"}],"about":[{"href":"https:\/\/blogsaverroes.juntadeandalucia.es\/conservatoriomacarena\/wp-json\/wp\/v2\/types\/page"}],"author":[{"embeddable":true,"href":"https:\/\/blogsaverroes.juntadeandalucia.es\/conservatoriomacarena\/wp-json\/wp\/v2\/users\/5168"}],"replies":[{"embeddable":true,"href":"https:\/\/blogsaverroes.juntadeandalucia.es\/conservatoriomacarena\/wp-json\/wp\/v2\/comments?post=370"}],"version-history":[{"count":24,"href":"https:\/\/blogsaverroes.juntadeandalucia.es\/conservatoriomacarena\/wp-json\/wp\/v2\/pages\/370\/revisions"}],"predecessor-version":[{"id":2642,"href":"https:\/\/blogsaverroes.juntadeandalucia.es\/conservatoriomacarena\/wp-json\/wp\/v2\/pages\/370\/revisions\/2642"}],"up":[{"embeddable":true,"href":"https:\/\/blogsaverroes.juntadeandalucia.es\/conservatoriomacarena\/wp-json\/wp\/v2\/pages\/393"}],"wp:attachment":[{"href":"https:\/\/blogsaverroes.juntadeandalucia.es\/conservatoriomacarena\/wp-json\/wp\/v2\/media?parent=370"}],"curies":[{"name":"wp","href":"https:\/\/api.w.org\/{rel}","templated":true}]}}