{"id":393,"date":"2019-03-14T23:24:38","date_gmt":"2019-03-14T22:24:38","guid":{"rendered":"https:\/\/blogsaverroes.juntadeandalucia.es\/conservatoriomacarena\/?page_id=393"},"modified":"2025-02-21T03:26:47","modified_gmt":"2025-02-21T02:26:47","slug":"secretaria","status":"publish","type":"page","link":"https:\/\/blogsaverroes.juntadeandalucia.es\/conservatoriomacarena\/secretaria\/","title":{"rendered":"Secretar\u00eda"},"content":{"rendered":"<ul>\n<li><strong>Auxiliar administrativo:<\/strong>\n<ul>\n<li>D. Santiago Casta\u00f1eda Guti\u00e9rrez.<\/li>\n<\/ul>\n<\/li>\n<\/ul>\n<p>&nbsp;<\/p>\n<ul>\n<li><strong>Horario de atenci\u00f3n en secretar\u00eda:<\/strong>\n<ul>\n<li>Del 1 de septiembre al 30 de junio:\n<ul>\n<li>Mi\u00e9rcoles y jueves, de 16:00 a 20:00 horas.<\/li>\n<\/ul>\n<\/li>\n<li>Del 1 al 20 de julio:\n<ul>\n<li>Mi\u00e9rcoles a viernes, de 10:00 a 12:30 horas.<\/li>\n<\/ul>\n<\/li>\n<li>Del 21 de julio al 31 de agosto:\n<ul>\n<li>CERRADO.<\/li>\n<\/ul>\n<\/li>\n<\/ul>\n<\/li>\n<\/ul>\n<p>&nbsp;<\/p>\n<ul>\n<li><strong>Tel\u00e9fonos de contacto:<\/strong>\n<ul>\n<li>955623348 (conserjer\u00eda).<\/li>\n<li>955623349 (secretar\u00eda).<\/li>\n<li>671599583 (m\u00f3vil).<\/li>\n<\/ul>\n<\/li>\n<\/ul>\n<p>&nbsp;<\/p>\n<ul>\n<li><a title=\"Formulario de secretar\u00eda.\" href=\"https:\/\/blogsaverroes.juntadeandalucia.es\/conservatoriomacarena\/formulario-de-secretaria\/\"><strong>Formulario de contacto<\/strong><strong> de secretar\u00eda.<\/strong><\/a><\/li>\n<\/ul>\n","protected":false},"excerpt":{"rendered":"<p>Auxiliar administrativo: D. Santiago Casta\u00f1eda Guti\u00e9rrez. &nbsp; Horario de atenci\u00f3n en secretar\u00eda: Del 1 de septiembre al 30 de junio: Mi\u00e9rcoles y jueves, de 16:00 a 20:00 horas. Del 1 al 20 de julio: Mi\u00e9rcoles&#46;&#46;&#46;<\/p>\n","protected":false},"author":5168,"featured_media":0,"parent":0,"menu_order":3,"comment_status":"closed","ping_status":"closed","template":"","meta":{"ngg_post_thumbnail":0,"footnotes":""},"aioseo_notices":[],"_links":{"self":[{"href":"https:\/\/blogsaverroes.juntadeandalucia.es\/conservatoriomacarena\/wp-json\/wp\/v2\/pages\/393"}],"collection":[{"href":"https:\/\/blogsaverroes.juntadeandalucia.es\/conservatoriomacarena\/wp-json\/wp\/v2\/pages"}],"about":[{"href":"https:\/\/blogsaverroes.juntadeandalucia.es\/conservatoriomacarena\/wp-json\/wp\/v2\/types\/page"}],"author":[{"embeddable":true,"href":"https:\/\/blogsaverroes.juntadeandalucia.es\/conservatoriomacarena\/wp-json\/wp\/v2\/users\/5168"}],"replies":[{"embeddable":true,"href":"https:\/\/blogsaverroes.juntadeandalucia.es\/conservatoriomacarena\/wp-json\/wp\/v2\/comments?post=393"}],"version-history":[{"count":20,"href":"https:\/\/blogsaverroes.juntadeandalucia.es\/conservatoriomacarena\/wp-json\/wp\/v2\/pages\/393\/revisions"}],"predecessor-version":[{"id":2688,"href":"https:\/\/blogsaverroes.juntadeandalucia.es\/conservatoriomacarena\/wp-json\/wp\/v2\/pages\/393\/revisions\/2688"}],"wp:attachment":[{"href":"https:\/\/blogsaverroes.juntadeandalucia.es\/conservatoriomacarena\/wp-json\/wp\/v2\/media?parent=393"}],"curies":[{"name":"wp","href":"https:\/\/api.w.org\/{rel}","templated":true}]}}