{"id":423,"date":"2023-10-06T20:00:17","date_gmt":"2023-10-06T18:00:17","guid":{"rendered":"https:\/\/blogsaverroes.juntadeandalucia.es\/conservatoriomacarena\/?page_id=423"},"modified":"2025-06-30T12:16:26","modified_gmt":"2025-06-30T10:16:26","slug":"ampa","status":"publish","type":"page","link":"https:\/\/blogsaverroes.juntadeandalucia.es\/conservatoriomacarena\/ampa\/","title":{"rendered":"AFA \u00abHermanos Font de Anta\u00bb"},"content":{"rendered":"<p>&nbsp;<\/p>\n<hr>\n<h4><span style=\"color: #993300\">Mensaje de bienvenida de la AFA. \u00abHermanos Font de Anta\u00bb.<\/span><\/h4>\n<p>&nbsp;<\/p>\n<p>Estimados padres y madres de alumnos:<\/p>\n<p>Desde la Junta Directiva de la AFA \u201cHERMANOS FONT DE ANTA\u201d queremos animar a <strong>apuntaros a la AFA<\/strong> tanto a los que entr\u00e1is en este centro por primera vez como aquellos que continu\u00e1is. Os invitamos tambi\u00e9n a que de cara al pr\u00f3ximo curso <strong>colabor\u00e9is con las actividades que se realizan<\/strong> y, por supuesto, a que <strong>propong\u00e1is los proyectos e ideas<\/strong> que os gustar\u00edan que se llevar\u00e1n a cabo.<\/p>\n<p>Apuntarse es muy sencillo, rellenando el <strong>formulario<\/strong> que os dejamos a continuaci\u00f3n y abonar la <strong>cuota de 15 euros por familia<\/strong>, bien en efectivo (a cualquier miembro de la Junta Directiva o en conserjer\u00eda) o ingres\u00e1ndolo e indicando el nombre del alumno\/a, en la cuenta:<\/p>\n<p><strong>Openbank<\/strong>: <strong>ES73 0073 0100 5605 0558 6618.<\/strong><\/p>\n<hr>\n<ul>\n<li>\n<h4><a href=\"https:\/\/blogsaverroes.juntadeandalucia.es\/conservatoriomacarena\/files\/2025\/06\/FORMULARIO_AFILIACION_AFA.pdf\">Formulario IMPRESO<\/a>&nbsp;(entregar en conserjer\u00eda).<\/h4>\n<\/li>\n<li>\n<h4><a href=\"https:\/\/docs.google.com\/forms\/d\/e\/1FAIpQLScA8Pa0kq1bor-LWwrtS7QQRLJm7xLvxKSIqbbR4B_VGGqqgg\/viewform?usp=sf_link\">Formulario ONLINE.<\/a><\/h4>\n<\/li>\n<\/ul>\n<hr>\n<p>Para que conozc\u00e1is un poco m\u00e1s las <strong>actividades<\/strong> que se desarrollan desde la AFA, serian entre otras:<\/p>\n<ul>\n<li>Colaborar en las actividades que necesite el Conservatorio.<\/li>\n<li>Reunirnos con Delegaci\u00f3n para pedir recursos que necesite el Conservatorio.<\/li>\n<li>Colaboraci\u00f3n en los Premios de J\u00f3venes Instrumentistas<\/li>\n<li>Organizar merienda-convivencia en concierto (Halloween, Navidad, Fin de curso, &#8230;).<\/li>\n<li>Gesti\u00f3n de las agendas del curso escolar.<\/li>\n<li>Gesti\u00f3n de la reserva de auditorio para los conciertos.<\/li>\n<li>Gesti\u00f3n y entrega de orlas a los alumnos que se grad\u00faan.<\/li>\n<\/ul>\n<p>Todas estas actividades y algunas m\u00e1s (que tenemos en mente y que tambi\u00e9n pod\u00e9is sugerir en caso de que pens\u00e9is puedan ser interesantes), dependen de vosotros que se puedan llevar a cabo. <strong>Necesitamos que seamos muchas personas asociadas<\/strong> para poder tener medios para poder realizarlas. Por esto os pedimos que os apunt\u00e9is, y contribuy\u00e1is no s\u00f3lo econ\u00f3micamente sino tambi\u00e9n participando activamente y aportando ideas.<\/p>\n<p>La AFA es, junto a los dem\u00e1s miembros representantes del Consejo Escolar, <strong>el \u00f3rgano id\u00f3neo para recabar opiniones y realizar propuestas al Conservatorio<\/strong>, siendo adem\u00e1s el m\u00e1s cercano a la Direcci\u00f3n del Centro. Mientras m\u00e1s numerosa y participativa sea nuestra Asociaci\u00f3n, mayores ser\u00e1n los logros que obtengamos, los cuales se reflejar\u00e1n en mejores condiciones para nuestros hijos.<\/p>\n<p>Gracias a todas las familias que os hab\u00e9is unido a nosotros, y animaros a hacerlo a las que a\u00fan no lo hab\u00e9is hecho. Cuantos m\u00e1s seamos, m\u00e1s cosas se podr\u00e1n organizar y m\u00e1s fuerza tendremos.<\/p>\n<p>Cualquier cosa que quer\u00e1is, <strong>sugerencias o aportaci\u00f3n de ideas<\/strong> nos ayudar\u00e1n mucho, as\u00ed que no dud\u00e9is en escribirnos al correo:&nbsp;<strong>\u00ab<a href=\"mailto:afa@conservatoriomacarena.com\">afa@conservatoriomacarena.com<\/a>\u00ab<\/strong>.<\/p>\n<p>Os esperamos. Saludos.<\/p>\n<p><em>Junta Directiva.<\/em><br \/>\n<em>AFA \u201cHNOS. FONT DE ANTA\u201d.<\/em><\/p>\n<hr>\n<p><img loading=\"lazy\" decoding=\"async\" class=\"aligncenter size-full wp-image-2809\" src=\"https:\/\/blogsaverroes.juntadeandalucia.es\/conservatoriomacarena\/files\/2025\/06\/Logo-AFA-y-QR.jpg\" alt=\"\" width=\"561\" height=\"285\" srcset=\"https:\/\/blogsaverroes.juntadeandalucia.es\/conservatoriomacarena\/files\/2025\/06\/Logo-AFA-y-QR.jpg 561w, https:\/\/blogsaverroes.juntadeandalucia.es\/conservatoriomacarena\/files\/2025\/06\/Logo-AFA-y-QR-300x152.jpg 300w\" sizes=\"(max-width: 561px) 100vw, 561px\" \/><\/p>\n<hr>\n","protected":false},"excerpt":{"rendered":"<p>&nbsp; Mensaje de bienvenida de la AFA. \u00abHermanos Font de Anta\u00bb. &nbsp; Estimados padres y madres de alumnos: Desde la Junta Directiva de la AFA \u201cHERMANOS FONT DE ANTA\u201d queremos animar a apuntaros a la&#46;&#46;&#46;<\/p>\n","protected":false},"author":5168,"featured_media":0,"parent":0,"menu_order":91,"comment_status":"closed","ping_status":"closed","template":"","meta":{"ngg_post_thumbnail":0,"footnotes":""},"aioseo_notices":[],"_links":{"self":[{"href":"https:\/\/blogsaverroes.juntadeandalucia.es\/conservatoriomacarena\/wp-json\/wp\/v2\/pages\/423"}],"collection":[{"href":"https:\/\/blogsaverroes.juntadeandalucia.es\/conservatoriomacarena\/wp-json\/wp\/v2\/pages"}],"about":[{"href":"https:\/\/blogsaverroes.juntadeandalucia.es\/conservatoriomacarena\/wp-json\/wp\/v2\/types\/page"}],"author":[{"embeddable":true,"href":"https:\/\/blogsaverroes.juntadeandalucia.es\/conservatoriomacarena\/wp-json\/wp\/v2\/users\/5168"}],"replies":[{"embeddable":true,"href":"https:\/\/blogsaverroes.juntadeandalucia.es\/conservatoriomacarena\/wp-json\/wp\/v2\/comments?post=423"}],"version-history":[{"count":21,"href":"https:\/\/blogsaverroes.juntadeandalucia.es\/conservatoriomacarena\/wp-json\/wp\/v2\/pages\/423\/revisions"}],"predecessor-version":[{"id":2810,"href":"https:\/\/blogsaverroes.juntadeandalucia.es\/conservatoriomacarena\/wp-json\/wp\/v2\/pages\/423\/revisions\/2810"}],"wp:attachment":[{"href":"https:\/\/blogsaverroes.juntadeandalucia.es\/conservatoriomacarena\/wp-json\/wp\/v2\/media?parent=423"}],"curies":[{"name":"wp","href":"https:\/\/api.w.org\/{rel}","templated":true}]}}