{"id":443,"date":"2019-03-18T03:09:45","date_gmt":"2019-03-18T02:09:45","guid":{"rendered":"https:\/\/blogsaverroes.juntadeandalucia.es\/conservatoriomacarena\/?page_id=443"},"modified":"2019-03-18T03:33:44","modified_gmt":"2019-03-18T02:33:44","slug":"formulario-de-tutorias","status":"publish","type":"page","link":"https:\/\/blogsaverroes.juntadeandalucia.es\/conservatoriomacarena\/formulario-de-tutorias\/","title":{"rendered":"Formulario de tutor\u00edas"},"content":{"rendered":"<p>El presente formulario es para la petici\u00f3n de tutor\u00edas. Para su correcta tramitaci\u00f3n, es importante indicar tanto el nombre del alumno como del profesor al que se solicita la tutor\u00eda.<\/p>\n<p>Una vez recibida su petici\u00f3n, el profesor indicado se pondr\u00e1 en contacto para concertar la fecha y hora de la tutor\u00eda.<\/p>\n<p>Recordamos que los horarios de tutor\u00eda para todo el profesorado est\u00e1 expuesto en nuestra secci\u00f3n <a href=\"https:\/\/blogsaverroes.juntadeandalucia.es\/conservatoriomacarena\/secretaria\/tutorias-atencion-al-publico\/\">SECRETAR\u00cdA: TUTOR\u00cdAS.<\/a><\/p>\n\n<div class=\"wpcf7 no-js\" id=\"wpcf7-f442-o1\" lang=\"es-ES\" dir=\"ltr\">\n<div class=\"screen-reader-response\"><p role=\"status\" aria-live=\"polite\" aria-atomic=\"true\"><\/p> <ul><\/ul><\/div>\n<form action=\"\/conservatoriomacarena\/wp-json\/wp\/v2\/pages\/443#wpcf7-f442-o1\" method=\"post\" class=\"wpcf7-form init\" aria-label=\"Formulario de contacto\" novalidate=\"novalidate\" data-status=\"init\">\n<div style=\"display: none;\">\n<input type=\"hidden\" name=\"_wpcf7\" value=\"442\" \/>\n<input type=\"hidden\" name=\"_wpcf7_version\" value=\"5.9.8\" \/>\n<input type=\"hidden\" name=\"_wpcf7_locale\" value=\"es_ES\" \/>\n<input type=\"hidden\" name=\"_wpcf7_unit_tag\" value=\"wpcf7-f442-o1\" \/>\n<input type=\"hidden\" name=\"_wpcf7_container_post\" value=\"0\" \/>\n<input type=\"hidden\" name=\"_wpcf7_posted_data_hash\" value=\"\" \/>\n<\/div>\n<p><label> Nombre (requerido)<br \/>\n<span class=\"wpcf7-form-control-wrap\" data-name=\"your-name\"><input size=\"40\" maxlength=\"400\" class=\"wpcf7-form-control wpcf7-text wpcf7-validates-as-required\" aria-required=\"true\" aria-invalid=\"false\" value=\"\" type=\"text\" name=\"your-name\" \/><\/span> <\/label>\n<\/p>\n<p><label> Tu correo electr\u00f3nico (requerido)<br \/>\n<span class=\"wpcf7-form-control-wrap\" data-name=\"your-email\"><input size=\"40\" maxlength=\"400\" class=\"wpcf7-form-control wpcf7-email wpcf7-validates-as-required wpcf7-text wpcf7-validates-as-email\" aria-required=\"true\" aria-invalid=\"false\" value=\"\" type=\"email\" name=\"your-email\" \/><\/span> <\/label>\n<\/p>\n<p><label> Nombre del alumno (requerido)<br \/>\n<span class=\"wpcf7-form-control-wrap\" data-name=\"student\"><input size=\"40\" maxlength=\"400\" class=\"wpcf7-form-control wpcf7-text\" aria-invalid=\"false\" value=\"\" type=\"text\" name=\"student\" \/><\/span> <\/label>\n<\/p>\n<p><label> Nombre del profesor (requerido)<br \/>\n<span class=\"wpcf7-form-control-wrap\" data-name=\"your-message\"><input size=\"40\" maxlength=\"400\" class=\"wpcf7-form-control wpcf7-text\" aria-invalid=\"false\" value=\"\" type=\"text\" name=\"your-message\" \/><\/span> <\/label>\n<\/p>\n<p><input class=\"wpcf7-form-control wpcf7-submit has-spinner\" type=\"submit\" value=\"Enviar\" \/>\n<\/p><div class=\"wpcf7-response-output\" aria-hidden=\"true\"><\/div>\n<\/form>\n<\/div>\n\n","protected":false},"excerpt":{"rendered":"<p>El presente formulario es para la petici\u00f3n de tutor\u00edas. Para su correcta tramitaci\u00f3n, es importante indicar tanto el nombre del alumno como del profesor al que se solicita la tutor\u00eda. Una vez recibida su petici\u00f3n,&#46;&#46;&#46;<\/p>\n","protected":false},"author":5168,"featured_media":0,"parent":0,"menu_order":82,"comment_status":"closed","ping_status":"closed","template":"","meta":{"ngg_post_thumbnail":0,"footnotes":""},"aioseo_notices":[],"_links":{"self":[{"href":"https:\/\/blogsaverroes.juntadeandalucia.es\/conservatoriomacarena\/wp-json\/wp\/v2\/pages\/443"}],"collection":[{"href":"https:\/\/blogsaverroes.juntadeandalucia.es\/conservatoriomacarena\/wp-json\/wp\/v2\/pages"}],"about":[{"href":"https:\/\/blogsaverroes.juntadeandalucia.es\/conservatoriomacarena\/wp-json\/wp\/v2\/types\/page"}],"author":[{"embeddable":true,"href":"https:\/\/blogsaverroes.juntadeandalucia.es\/conservatoriomacarena\/wp-json\/wp\/v2\/users\/5168"}],"replies":[{"embeddable":true,"href":"https:\/\/blogsaverroes.juntadeandalucia.es\/conservatoriomacarena\/wp-json\/wp\/v2\/comments?post=443"}],"version-history":[{"count":3,"href":"https:\/\/blogsaverroes.juntadeandalucia.es\/conservatoriomacarena\/wp-json\/wp\/v2\/pages\/443\/revisions"}],"predecessor-version":[{"id":458,"href":"https:\/\/blogsaverroes.juntadeandalucia.es\/conservatoriomacarena\/wp-json\/wp\/v2\/pages\/443\/revisions\/458"}],"wp:attachment":[{"href":"https:\/\/blogsaverroes.juntadeandalucia.es\/conservatoriomacarena\/wp-json\/wp\/v2\/media?parent=443"}],"curies":[{"name":"wp","href":"https:\/\/api.w.org\/{rel}","templated":true}]}}