{"id":1245,"date":"2019-11-15T21:15:17","date_gmt":"2019-11-15T21:15:17","guid":{"rendered":"https:\/\/blogsaverroes.juntadeandalucia.es\/constribuyendo\/?page_id=1245"},"modified":"2019-11-15T21:24:27","modified_gmt":"2019-11-15T21:24:27","slug":"la-quinta","status":"publish","type":"page","link":"https:\/\/blogsaverroes.juntadeandalucia.es\/constribuyendo\/la-quinta\/","title":{"rendered":"La Quinta"},"content":{"rendered":"<p>D. Andr\u00e9s Manj\u00f3n cre\u00f3 las Escuelas del Ave Mar\u00eda, en 1889, con un pensamiento cristiano y una pedagog\u00eda originales. Su deseo fue trabajar por la promoci\u00f3n cultural, social y religiosa de la sociedad en que vivi\u00f3. Siguiendo sus directrices deseamos contribuir, por medio del clima creado en el colegio y del tipo de educaci\u00f3n que impartimos a&nbsp; nuestros alumnos, a la formaci\u00f3n de una sociedad m\u00e1s humana y m\u00e1s justa, animada por el esp\u00edritu evang\u00e9lico.<br \/>\nNuestro centro\u2026<br \/>\n&#8211; Ofrece una formaci\u00f3n educativa personalizada.<br \/>\n&#8211;&nbsp; Pretende el desarrollo integral de los alumnos y alumnas: formar hombres y mujeres cabales preparados para asumir el papel que la sociedad actual les demanda.<br \/>\n&#8211;&nbsp; Potencia: la amistad, el compa\u00f1erismo, la tolerancia, etc.<br \/>\n&#8211;&nbsp; Forma hombres y mujeres con profundas convicciones morales y religiosas, que les proporcionen un esp\u00edritu moderno y sensible con los problemas que hoy se plantean en el mundo<br \/>\n&#8211;&nbsp; Favorece: el orden, la disciplina, el trabajo, la solidaridad, la puntualidad, la limpieza, el respeto a los dem\u00e1s y el sentido de la responsabilidad.<br \/>\n&#8211; Procura mantener el binomio ense\u00f1ar-educando como algo inseparable de la pedagog\u00eda manjoniana.<\/p>\n<p>\u00ab<em>El Ave Mar\u00eda aspira a ense\u00f1ar haciendo, para educar ense\u00f1ando<\/em>\u00bb (Andr\u00e9s Manj\u00f3n)<\/p>\n<p><img loading=\"lazy\" decoding=\"async\" class=\"aligncenter wp-image-1258 size-full\" src=\"https:\/\/blogsaverroes.juntadeandalucia.es\/constribuyendo\/files\/2019\/11\/Ave-Maria-La-Quinta@2x.jpg\" alt=\"\" width=\"600\" height=\"416\" srcset=\"https:\/\/blogsaverroes.juntadeandalucia.es\/constribuyendo\/files\/2019\/11\/Ave-Maria-La-Quinta@2x.jpg 600w, https:\/\/blogsaverroes.juntadeandalucia.es\/constribuyendo\/files\/2019\/11\/Ave-Maria-La-Quinta@2x-300x208.jpg 300w, https:\/\/blogsaverroes.juntadeandalucia.es\/constribuyendo\/files\/2019\/11\/Ave-Maria-La-Quinta@2x-24x17.jpg 24w, https:\/\/blogsaverroes.juntadeandalucia.es\/constribuyendo\/files\/2019\/11\/Ave-Maria-La-Quinta@2x-36x25.jpg 36w, https:\/\/blogsaverroes.juntadeandalucia.es\/constribuyendo\/files\/2019\/11\/Ave-Maria-La-Quinta@2x-48x33.jpg 48w\" sizes=\"(max-width: 600px) 100vw, 600px\" \/><\/p>\n","protected":false},"excerpt":{"rendered":"<p>D. Andr\u00e9s Manj\u00f3n cre\u00f3 las Escuelas del Ave Mar\u00eda, en 1889, con un pensamiento cristiano y una pedagog\u00eda originales. Su deseo fue trabajar por la promoci\u00f3n cultural, social y religiosa de la sociedad en que vivi\u00f3. Siguiendo sus directrices deseamos contribuir, por medio del clima creado en el colegio y&#46;&#46;&#46;<\/p>\n","protected":false},"author":4031,"featured_media":0,"parent":0,"menu_order":0,"comment_status":"closed","ping_status":"closed","template":"","meta":{"ngg_post_thumbnail":0,"footnotes":""},"aioseo_notices":[],"_links":{"self":[{"href":"https:\/\/blogsaverroes.juntadeandalucia.es\/constribuyendo\/wp-json\/wp\/v2\/pages\/1245"}],"collection":[{"href":"https:\/\/blogsaverroes.juntadeandalucia.es\/constribuyendo\/wp-json\/wp\/v2\/pages"}],"about":[{"href":"https:\/\/blogsaverroes.juntadeandalucia.es\/constribuyendo\/wp-json\/wp\/v2\/types\/page"}],"author":[{"embeddable":true,"href":"https:\/\/blogsaverroes.juntadeandalucia.es\/constribuyendo\/wp-json\/wp\/v2\/users\/4031"}],"replies":[{"embeddable":true,"href":"https:\/\/blogsaverroes.juntadeandalucia.es\/constribuyendo\/wp-json\/wp\/v2\/comments?post=1245"}],"version-history":[{"count":3,"href":"https:\/\/blogsaverroes.juntadeandalucia.es\/constribuyendo\/wp-json\/wp\/v2\/pages\/1245\/revisions"}],"predecessor-version":[{"id":1259,"href":"https:\/\/blogsaverroes.juntadeandalucia.es\/constribuyendo\/wp-json\/wp\/v2\/pages\/1245\/revisions\/1259"}],"wp:attachment":[{"href":"https:\/\/blogsaverroes.juntadeandalucia.es\/constribuyendo\/wp-json\/wp\/v2\/media?parent=1245"}],"curies":[{"name":"wp","href":"https:\/\/api.w.org\/{rel}","templated":true}]}}