{"id":1247,"date":"2019-11-15T21:15:28","date_gmt":"2019-11-15T21:15:28","guid":{"rendered":"https:\/\/blogsaverroes.juntadeandalucia.es\/constribuyendo\/?page_id=1247"},"modified":"2019-11-15T21:33:40","modified_gmt":"2019-11-15T21:33:40","slug":"san-isidro","status":"publish","type":"page","link":"https:\/\/blogsaverroes.juntadeandalucia.es\/constribuyendo\/san-isidro\/","title":{"rendered":"San Isidro"},"content":{"rendered":"<p style=\"text-align: justify\">El Centro Ave Mar\u00eda San Isidro apuesta por un proyecto de reciclaje de pl\u00e1stico que no deja de ser de suma importancia ya que contribuye a la protecci\u00f3n del medio ambiente. Nuestros alumnos, como el resto de la sociedad, se encuentran inmersos dentro de un gran consumismo, que produce grandes cantidades de desechos s\u00f3lidos. Este es un hecho constatable a diario, simplemente observando las papeleras del patio despu\u00e9s del recreo, el alumno puede tener una visi\u00f3n r\u00e1pida de ese consumo desmedido y desproporcionado. Con el reciclaje muchos de los materiales de desperdicio ser\u00e1n reutilizados y transformados en nuevos productos, as\u00ed como la b\u00fasqueda de nuevas alternativas a dicho material.<\/p>\n<p style=\"text-align: justify\">El proyecto que proponemos, sin duda trae consigo beneficios para nuestra sociedad y para el planeta en general. Con la puesta en pr\u00e1ctica de este proyecto, pretendemos que nuestros alumnos aprendan a amar el planeta en el que viven, partiendo de su entorno m\u00e1s pr\u00f3ximo y siendo conscientes de que con su aportaci\u00f3n, conseguir\u00e1n una disminuci\u00f3n de la contaminaci\u00f3n en r\u00edos, suelo, mares\u2026, reduciendo el volumen de basura y la deforestaci\u00f3n, en definitiva, una mayor conciencia y responsabilidad social.<\/p>\n<p style=\"text-align: justify\">Con lo expuesto anteriormente, consideramos imprescindible ense\u00f1ar a los ni\u00f1os, desde edades muy tempranas, a reciclar. La interiorizaci\u00f3n del reciclaje ayuda a tener un pa\u00eds y por tanto un planeta m\u00e1s limpio, educando en el respeto del entorno.<\/p>\n<p style=\"text-align: justify\">Desde el momento que nuestro Centro tuvo conocimiento del programa Innicia, ha apostado por participar en el mismo, reconociendo la importancia que tiene el emprendimiento en los colegios. Un programa que ayuda a la formaci\u00f3n del alumnado, potenciando su creatividad, afianzando su desarrollo personal, social y c\u00edvico; creando riqueza sin dejar a un lado la solidaridad, por la que siempre apuesta nuestra Comunidad Aut\u00f3noma, reflejada a trav\u00e9s de sus colegios.&nbsp;&nbsp;<\/p>\n<p style=\"text-align: justify\">En nuestro proyecto, utilizaremos la metodolog\u00eda de Aprendizaje \u2013 Servicio, contribuyendo a la consecuci\u00f3n de los objetivos de desarrollo sostenible de la ONU, tales como:<\/p>\n<ul style=\"text-align: justify\">\n<li>PRODUCCI\u00d3N Y CONSUMO RESPONSABLES<\/li>\n<li>ACCI\u00d3N POR EL CLIMA<\/li>\n<li>AGUA LIMPIA Y SANEAMIENTO<\/li>\n<li>VIDA SUBMARINA<\/li>\n<li>ENERG\u00cdA ASEQUIBLE Y NO CONTAMINANTE<\/li>\n<li>INDUSTRIA, INNOVACI\u00d3N E INFRAESTRUCTURA.<\/li>\n<li>CIUDADES Y COMUNIDADES SOSTENIBLES<\/li>\n<li>SALUD Y BIENESTAR<\/li>\n<li>VIDA DE ECOSISTEMAS TERRESTRES<\/li>\n<\/ul>\n<p style=\"text-align: justify\">En definitiva, pretendemos:<\/p>\n<ul>\n<li style=\"text-align: justify\">Concienciar al alumnado de los problemas medio ambientales del uso del pl\u00e1stico.<\/li>\n<li style=\"text-align: justify\">Buscar alternativas a dicho material.<\/li>\n<li style=\"text-align: justify\">Reutilizar el pl\u00e1stico.<\/li>\n<li style=\"text-align: justify\">Beneficios del uso de materiales menos contaminantes.<\/li>\n<\/ul>\n<p><img loading=\"lazy\" decoding=\"async\" class=\"aligncenter wp-image-1261 size-large\" src=\"https:\/\/blogsaverroes.juntadeandalucia.es\/constribuyendo\/files\/2019\/11\/san-isidro-1024x768.jpg\" alt=\"\" width=\"1024\" height=\"768\" srcset=\"https:\/\/blogsaverroes.juntadeandalucia.es\/constribuyendo\/files\/2019\/11\/san-isidro-1024x768.jpg 1024w, https:\/\/blogsaverroes.juntadeandalucia.es\/constribuyendo\/files\/2019\/11\/san-isidro-300x225.jpg 300w, https:\/\/blogsaverroes.juntadeandalucia.es\/constribuyendo\/files\/2019\/11\/san-isidro-768x576.jpg 768w, https:\/\/blogsaverroes.juntadeandalucia.es\/constribuyendo\/files\/2019\/11\/san-isidro-24x18.jpg 24w, https:\/\/blogsaverroes.juntadeandalucia.es\/constribuyendo\/files\/2019\/11\/san-isidro-36x27.jpg 36w, https:\/\/blogsaverroes.juntadeandalucia.es\/constribuyendo\/files\/2019\/11\/san-isidro-48x36.jpg 48w, https:\/\/blogsaverroes.juntadeandalucia.es\/constribuyendo\/files\/2019\/11\/san-isidro.jpg 1600w\" sizes=\"(max-width: 1024px) 100vw, 1024px\" \/><\/p>\n","protected":false},"excerpt":{"rendered":"<p>El Centro Ave Mar\u00eda San Isidro apuesta por un proyecto de reciclaje de pl\u00e1stico que no deja de ser de suma importancia ya que contribuye a la protecci\u00f3n del medio ambiente. Nuestros alumnos, como el resto de la sociedad, se encuentran inmersos dentro de un gran consumismo, que produce grandes&#46;&#46;&#46;<\/p>\n","protected":false},"author":4031,"featured_media":0,"parent":0,"menu_order":0,"comment_status":"closed","ping_status":"closed","template":"","meta":{"ngg_post_thumbnail":0,"footnotes":""},"aioseo_notices":[],"_links":{"self":[{"href":"https:\/\/blogsaverroes.juntadeandalucia.es\/constribuyendo\/wp-json\/wp\/v2\/pages\/1247"}],"collection":[{"href":"https:\/\/blogsaverroes.juntadeandalucia.es\/constribuyendo\/wp-json\/wp\/v2\/pages"}],"about":[{"href":"https:\/\/blogsaverroes.juntadeandalucia.es\/constribuyendo\/wp-json\/wp\/v2\/types\/page"}],"author":[{"embeddable":true,"href":"https:\/\/blogsaverroes.juntadeandalucia.es\/constribuyendo\/wp-json\/wp\/v2\/users\/4031"}],"replies":[{"embeddable":true,"href":"https:\/\/blogsaverroes.juntadeandalucia.es\/constribuyendo\/wp-json\/wp\/v2\/comments?post=1247"}],"version-history":[{"count":3,"href":"https:\/\/blogsaverroes.juntadeandalucia.es\/constribuyendo\/wp-json\/wp\/v2\/pages\/1247\/revisions"}],"predecessor-version":[{"id":1262,"href":"https:\/\/blogsaverroes.juntadeandalucia.es\/constribuyendo\/wp-json\/wp\/v2\/pages\/1247\/revisions\/1262"}],"wp:attachment":[{"href":"https:\/\/blogsaverroes.juntadeandalucia.es\/constribuyendo\/wp-json\/wp\/v2\/media?parent=1247"}],"curies":[{"name":"wp","href":"https:\/\/api.w.org\/{rel}","templated":true}]}}