{"id":1541,"date":"2020-08-26T07:12:18","date_gmt":"2020-08-26T07:12:18","guid":{"rendered":"https:\/\/blogsaverroes.juntadeandalucia.es\/constribuyendo\/?page_id=1541"},"modified":"2020-08-26T07:56:04","modified_gmt":"2020-08-26T07:56:04","slug":"cei-julio-cesar","status":"publish","type":"page","link":"https:\/\/blogsaverroes.juntadeandalucia.es\/constribuyendo\/cei-julio-cesar\/","title":{"rendered":"CEI Julio Cesar"},"content":{"rendered":"<p style=\"text-align: justify\"><img loading=\"lazy\" decoding=\"async\" class=\"alignleft wp-image-1544 size-medium\" src=\"https:\/\/blogsaverroes.juntadeandalucia.es\/constribuyendo\/files\/2020\/08\/patrullas-300x288.jpg\" alt=\"\" width=\"300\" height=\"288\" srcset=\"https:\/\/blogsaverroes.juntadeandalucia.es\/constribuyendo\/files\/2020\/08\/patrullas-300x288.jpg 300w, https:\/\/blogsaverroes.juntadeandalucia.es\/constribuyendo\/files\/2020\/08\/patrullas-768x738.jpg 768w, https:\/\/blogsaverroes.juntadeandalucia.es\/constribuyendo\/files\/2020\/08\/patrullas-24x24.jpg 24w, https:\/\/blogsaverroes.juntadeandalucia.es\/constribuyendo\/files\/2020\/08\/patrullas-36x36.jpg 36w, https:\/\/blogsaverroes.juntadeandalucia.es\/constribuyendo\/files\/2020\/08\/patrullas-48x46.jpg 48w, https:\/\/blogsaverroes.juntadeandalucia.es\/constribuyendo\/files\/2020\/08\/patrullas.jpg 971w\" sizes=\"(max-width: 300px) 100vw, 300px\" \/>El colegio de Educaci\u00f3n Infantil Julio C\u00e9sar es un centro p\u00fablico de segundo ciclo con larga tradici\u00f3n en el barrio de Pino Montano de la ciudad de Sevilla.<\/p>\n<p style=\"text-align: justify\">Nuestro Proyecto Educativo apuesta principalmente por la creaci\u00f3n, desde edades tempranas, de escenarios educativos que fomenten valores de convivencia positiva, la igualdad de buen trato entre personas y la atenci\u00f3n a la diversidad desde una mirada inclusiva con la participaci\u00f3n de todos los sectores. Nuestro proyecto es el instrumento que nos gu\u00eda en el dise\u00f1o y desarrollo de situaciones educativas que ayudan a crear v\u00ednculos afectivos sanos entre las personas que conviven, tratarse bien a una y uno mismo, valorarse por encima de todo, aceptarse y acoger lo que sentimos como paso previo para aprender a querer bien a los dem\u00e1s.<\/p>\n<p style=\"text-align: justify\">Profesorado y familias hemos cambiado la mirada para poner el acento en anticipar, compensar e identificar alarmas y situaciones de riesgo especialmente relacionadas con la existencia de estereotipos y roles de g\u00e9nero. En este sentido se ha realizado un largo recorrido para fomentar actitudes, h\u00e1bitos y comportamientos que docentes y familias, podemos inculcar al alumnado para relacionarse con otros ni\u00f1os y ni\u00f1as de forma sana. Consideramos el conflicto como una oportunidad educativa y motor de cambio.<\/p>\n<p><img loading=\"lazy\" decoding=\"async\" class=\"alignright wp-image-1549 size-medium\" src=\"https:\/\/blogsaverroes.juntadeandalucia.es\/constribuyendo\/files\/2020\/08\/IMG-20191210-WA0051-300x200.jpg\" alt=\"\" width=\"300\" height=\"200\" srcset=\"https:\/\/blogsaverroes.juntadeandalucia.es\/constribuyendo\/files\/2020\/08\/IMG-20191210-WA0051-300x200.jpg 300w, https:\/\/blogsaverroes.juntadeandalucia.es\/constribuyendo\/files\/2020\/08\/IMG-20191210-WA0051-768x512.jpg 768w, https:\/\/blogsaverroes.juntadeandalucia.es\/constribuyendo\/files\/2020\/08\/IMG-20191210-WA0051-1024x683.jpg 1024w, https:\/\/blogsaverroes.juntadeandalucia.es\/constribuyendo\/files\/2020\/08\/IMG-20191210-WA0051-24x16.jpg 24w, https:\/\/blogsaverroes.juntadeandalucia.es\/constribuyendo\/files\/2020\/08\/IMG-20191210-WA0051-36x24.jpg 36w, https:\/\/blogsaverroes.juntadeandalucia.es\/constribuyendo\/files\/2020\/08\/IMG-20191210-WA0051-48x32.jpg 48w, https:\/\/blogsaverroes.juntadeandalucia.es\/constribuyendo\/files\/2020\/08\/IMG-20191210-WA0051.jpg 1600w\" sizes=\"(max-width: 300px) 100vw, 300px\" \/><\/p>\n<p style=\"text-align: justify\">Desde el Julio C\u00e9sar, se pretende definir y dise\u00f1ar unas bases igualitarias que ayuden a construir una nueva visi\u00f3n del mundo y se haga visible en las din\u00e1micas de relaci\u00f3n y en el compromiso social de toda la comunidad educativa para alcanzar una sociedad democr\u00e1tica y cada vez m\u00e1s justa.<\/p>\n<p style=\"text-align: justify\">Entre las metodolog\u00edas favorecedoras de esta mejora destaca la implementaci\u00f3n de proyectos de ApS (Aprendizaje-Servicio) con la participaci\u00f3n de la comunidad educativa (ponderando especialmente las entidades educativas y sociales del barrio de Pino Montano), estrategias de aprendizaje cooperativo desde los tres a\u00f1os, proyecto de transformaci\u00f3n de patio \u201cRe-inventamos nuestro recreo\u201d o el Programa preventivo de Acoso Escolar \u201cYo cuento\u201d desde el \u00e1mbito de intervenci\u00f3n del PT.<\/p>\n<p style=\"text-align: justify\">Un modelo educativo que apuesta por PREVENIR, ACOMPA\u00d1AR, ADELANTAR Y ACTUAR como premisas fundamentales para ser felices y ser capaz de transformar el mundo.<\/p>\n","protected":false},"excerpt":{"rendered":"<p>El colegio de Educaci\u00f3n Infantil Julio C\u00e9sar es un centro p\u00fablico de segundo ciclo con larga tradici\u00f3n en el barrio de Pino Montano de la ciudad de Sevilla. Nuestro Proyecto Educativo apuesta principalmente por la creaci\u00f3n, desde edades tempranas, de escenarios educativos que fomenten valores de convivencia positiva, la igualdad&#46;&#46;&#46;<\/p>\n","protected":false},"author":4031,"featured_media":0,"parent":0,"menu_order":0,"comment_status":"closed","ping_status":"closed","template":"","meta":{"ngg_post_thumbnail":0,"footnotes":""},"aioseo_notices":[],"_links":{"self":[{"href":"https:\/\/blogsaverroes.juntadeandalucia.es\/constribuyendo\/wp-json\/wp\/v2\/pages\/1541"}],"collection":[{"href":"https:\/\/blogsaverroes.juntadeandalucia.es\/constribuyendo\/wp-json\/wp\/v2\/pages"}],"about":[{"href":"https:\/\/blogsaverroes.juntadeandalucia.es\/constribuyendo\/wp-json\/wp\/v2\/types\/page"}],"author":[{"embeddable":true,"href":"https:\/\/blogsaverroes.juntadeandalucia.es\/constribuyendo\/wp-json\/wp\/v2\/users\/4031"}],"replies":[{"embeddable":true,"href":"https:\/\/blogsaverroes.juntadeandalucia.es\/constribuyendo\/wp-json\/wp\/v2\/comments?post=1541"}],"version-history":[{"count":5,"href":"https:\/\/blogsaverroes.juntadeandalucia.es\/constribuyendo\/wp-json\/wp\/v2\/pages\/1541\/revisions"}],"predecessor-version":[{"id":1550,"href":"https:\/\/blogsaverroes.juntadeandalucia.es\/constribuyendo\/wp-json\/wp\/v2\/pages\/1541\/revisions\/1550"}],"wp:attachment":[{"href":"https:\/\/blogsaverroes.juntadeandalucia.es\/constribuyendo\/wp-json\/wp\/v2\/media?parent=1541"}],"curies":[{"name":"wp","href":"https:\/\/api.w.org\/{rel}","templated":true}]}}