{"id":2,"date":"2018-09-22T07:36:58","date_gmt":"2018-09-22T07:36:58","guid":{"rendered":"https:\/\/blogsaverroes.juntadeandalucia.es\/constribuyendo\/?page_id=2"},"modified":"2019-06-30T20:25:35","modified_gmt":"2019-06-30T20:25:35","slug":"osapuntais","status":"publish","type":"page","link":"https:\/\/blogsaverroes.juntadeandalucia.es\/constribuyendo\/osapuntais\/","title":{"rendered":"\u00bfOs apunt\u00e1is?"},"content":{"rendered":"<p style=\"text-align: justify\">La iniciativa &#8216;Escuelas que Constribuyen 2030&#8217;&nbsp;surge con el \u00fanico (y hermoso) prop\u00f3sito de sumar acciones y crear alianzas para que, juntas, nuestras escuelas puedan hacer realidad los objetivos de Desarrollo Sostenible de la ONU para el 2030. A veces llevamos a cabo acciones muy peque\u00f1as desde nuestras aulas, poniendo toda nuestra energ\u00eda para crear un mundo mejor; Sin embargo, en demasiadas ocasiones esas acciones nos pueden parecen insignificantes y\/o de bajo impacto. Esta iniciativa es un ejemplo de que, peque\u00f1os pasos dados desde un aula que se abre al mundo, acaban siendo enormes conquistas.&nbsp;<\/p>\n<p style=\"text-align: justify\">La escuela debe ser el mayor motor de transformaci\u00f3n social y el Aprendizaje-Servicio nos ayuda a que lo que nuestros peques (y no tan peques) aprenden en las escuelas, puede tener un gran impacto. Juntos y juntas damos vida al objetivo 17 (ALIANZAS) y hacemos realidad un objetivo com\u00fan. Juntas y juntos nos sentimos m\u00e1s unidos, m\u00e1s grandes y el impacto de nuestras acciones se multiplica.&nbsp;<\/p>\n<p style=\"text-align: justify\">Sabemos que hay cientos de escuelas dando pasos en esta direcci\u00f3n, si eres una de ellas&#8230; \u00bfTe unes a nuestra alianza? Si os anim\u00e1is, s\u00f3lo ten\u00e9is que enviarnos un correo a la direcci\u00f3n de email que te indicamos a continuaci\u00f3n y nos pondremos en contacto con vosotras y vosotros. Estamos a tiempo. <em>\u00a1\u00a1\u00a1\u00danete y Constribuye!!!<\/em><\/p>\n<p style=\"text-align: justify\">email de contacto: jmpoquet.formacion@gmail.com&nbsp;<\/p>\n<p><img loading=\"lazy\" decoding=\"async\" class=\"aligncenter wp-image-1030 size-full\" src=\"https:\/\/blogsaverroes.juntadeandalucia.es\/constribuyendo\/files\/2019\/06\/bloque_ofertas_empleo.png\" alt=\"\" width=\"768\" height=\"590\" srcset=\"https:\/\/blogsaverroes.juntadeandalucia.es\/constribuyendo\/files\/2019\/06\/bloque_ofertas_empleo.png 768w, https:\/\/blogsaverroes.juntadeandalucia.es\/constribuyendo\/files\/2019\/06\/bloque_ofertas_empleo-300x230.png 300w, https:\/\/blogsaverroes.juntadeandalucia.es\/constribuyendo\/files\/2019\/06\/bloque_ofertas_empleo-24x18.png 24w, https:\/\/blogsaverroes.juntadeandalucia.es\/constribuyendo\/files\/2019\/06\/bloque_ofertas_empleo-36x28.png 36w, https:\/\/blogsaverroes.juntadeandalucia.es\/constribuyendo\/files\/2019\/06\/bloque_ofertas_empleo-48x37.png 48w\" sizes=\"(max-width: 768px) 100vw, 768px\" \/><\/p>\n","protected":false},"excerpt":{"rendered":"<p>La iniciativa &#8216;Escuelas que Constribuyen 2030&#8217;&nbsp;surge con el \u00fanico (y hermoso) prop\u00f3sito de sumar acciones y crear alianzas para que, juntas, nuestras escuelas puedan hacer realidad los objetivos de Desarrollo Sostenible de la ONU para el 2030. A veces llevamos a cabo acciones muy peque\u00f1as desde nuestras aulas, poniendo toda&#46;&#46;&#46;<\/p>\n","protected":false},"author":4031,"featured_media":0,"parent":0,"menu_order":0,"comment_status":"closed","ping_status":"closed","template":"","meta":{"ngg_post_thumbnail":0,"footnotes":""},"aioseo_notices":[],"_links":{"self":[{"href":"https:\/\/blogsaverroes.juntadeandalucia.es\/constribuyendo\/wp-json\/wp\/v2\/pages\/2"}],"collection":[{"href":"https:\/\/blogsaverroes.juntadeandalucia.es\/constribuyendo\/wp-json\/wp\/v2\/pages"}],"about":[{"href":"https:\/\/blogsaverroes.juntadeandalucia.es\/constribuyendo\/wp-json\/wp\/v2\/types\/page"}],"author":[{"embeddable":true,"href":"https:\/\/blogsaverroes.juntadeandalucia.es\/constribuyendo\/wp-json\/wp\/v2\/users\/4031"}],"replies":[{"embeddable":true,"href":"https:\/\/blogsaverroes.juntadeandalucia.es\/constribuyendo\/wp-json\/wp\/v2\/comments?post=2"}],"version-history":[{"count":8,"href":"https:\/\/blogsaverroes.juntadeandalucia.es\/constribuyendo\/wp-json\/wp\/v2\/pages\/2\/revisions"}],"predecessor-version":[{"id":1068,"href":"https:\/\/blogsaverroes.juntadeandalucia.es\/constribuyendo\/wp-json\/wp\/v2\/pages\/2\/revisions\/1068"}],"wp:attachment":[{"href":"https:\/\/blogsaverroes.juntadeandalucia.es\/constribuyendo\/wp-json\/wp\/v2\/media?parent=2"}],"curies":[{"name":"wp","href":"https:\/\/api.w.org\/{rel}","templated":true}]}}