{"id":21,"date":"2018-09-22T08:57:39","date_gmt":"2018-09-22T08:57:39","guid":{"rendered":"https:\/\/blogsaverroes.juntadeandalucia.es\/constribuyendo\/?page_id=21"},"modified":"2018-10-13T18:24:56","modified_gmt":"2018-10-13T18:24:56","slug":"no-estamos-locos-sabemos-lo-que-queremos","status":"publish","type":"page","link":"https:\/\/blogsaverroes.juntadeandalucia.es\/constribuyendo\/no-estamos-locos-sabemos-lo-que-queremos\/","title":{"rendered":"\u00a1No estamos locos, sabemos lo que queremos!"},"content":{"rendered":"<p style=\"text-align: justify\">Somos un grupo de docentes convencidos al cien por cien del enorme poder transformador que tiene la escuela. No existe otro grupo humano m\u00e1s numeroso, y con m\u00e1s fuerza, para poder conseguir que nuestro mundo sea un lugar mejor. Partiendo de esta idea, las escuelas que forman parte de este proyecto &#8216;Constribuyendo 2030\u00b4han decidido poner su granito de arena a la consecuci\u00f3n de los objetivos de desarrollo sostenible planteados por la ONU. \u00bfC\u00f3mo van a conseguir estos objetivos sin que los ciudadanos que gestionar\u00e1n nuestro planeta en 2030 formen parte de la soluci\u00f3n? Los docentes que lideran esta iniciativa pensamos que no es posible conseguirlo sin nuestros ni\u00f1os, ni\u00f1as y j\u00f3venes, as\u00ed que nos hemos propuesto no dejarlos fuera de esta importante misi\u00f3n.<\/p>\n<p style=\"text-align: justify\">Debemos dejar de promover que en nuestras escuelas solo se aprenda para el futuro y empezar a favorecer que en nuestras escuelas se act\u00fae desde el presente con una perspectiva de futuro. Con esta premisa y unas dosis de emoci\u00f3n e ilusi\u00f3n que no tienen fronteras, nace nuestro proyecto &#8216;ESCUELAS QUE CONSTRIBUYEN&#8217; convencidos que no hay mejor lugar para construir que la escuela y no hay mejor escuela que la que contribuye a que nuestro planeta sea un lugar mejor.<\/p>\n<p style=\"text-align: justify\">En este nuevo proyecto se hace m\u00e1s realidad que nunca, el lema que hemos llevado a todas las escuelas en las que hemos estado los coordinadores de esta iniciativa: \u00a1Juntos no s\u00f3lo somos m\u00e1s, somos mejores!\u00a0En esta nueva etapa desde el CEIP Juan Pablo I (Valderrubio, Granada) nuestro lema tiene m\u00e1s sentido que nunca, porque buscamos centros educativos, instituciones, empresas y organizaciones que se sumen a este fascinante reto. La marcha atr\u00e1s ha comenzado para nuestro planeta, \u00bfte vas a quedar esperando a que llegue o vas a hacer algo para evitarlo?<\/p>\n<p style=\"text-align: justify\">Nosotros lo tememos claro: 3,2,1&#8230; \u00abACCI\u00d3N\u00bb<\/p>\n<p><img loading=\"lazy\" decoding=\"async\" class=\"aligncenter wp-image-175 size-full\" src=\"https:\/\/blogsaverroes.juntadeandalucia.es\/constribuyendo\/files\/2018\/09\/quieres-salvar-al-planeta.jpg\" alt=\"\" width=\"712\" height=\"350\" srcset=\"https:\/\/blogsaverroes.juntadeandalucia.es\/constribuyendo\/files\/2018\/09\/quieres-salvar-al-planeta.jpg 712w, https:\/\/blogsaverroes.juntadeandalucia.es\/constribuyendo\/files\/2018\/09\/quieres-salvar-al-planeta-300x147.jpg 300w, https:\/\/blogsaverroes.juntadeandalucia.es\/constribuyendo\/files\/2018\/09\/quieres-salvar-al-planeta-24x12.jpg 24w, https:\/\/blogsaverroes.juntadeandalucia.es\/constribuyendo\/files\/2018\/09\/quieres-salvar-al-planeta-36x18.jpg 36w, https:\/\/blogsaverroes.juntadeandalucia.es\/constribuyendo\/files\/2018\/09\/quieres-salvar-al-planeta-48x24.jpg 48w\" sizes=\"(max-width: 712px) 100vw, 712px\" \/><\/p>\n<p>&nbsp;<\/p>\n","protected":false},"excerpt":{"rendered":"<p>Somos un grupo de docentes convencidos al cien por cien del enorme poder transformador que tiene la escuela. No existe otro grupo humano m\u00e1s numeroso, y con m\u00e1s fuerza, para poder conseguir que nuestro mundo sea un lugar mejor. Partiendo de esta idea, las escuelas que forman parte de este&#46;&#46;&#46;<\/p>\n","protected":false},"author":4031,"featured_media":0,"parent":0,"menu_order":0,"comment_status":"closed","ping_status":"closed","template":"","meta":{"ngg_post_thumbnail":0,"footnotes":""},"aioseo_notices":[],"_links":{"self":[{"href":"https:\/\/blogsaverroes.juntadeandalucia.es\/constribuyendo\/wp-json\/wp\/v2\/pages\/21"}],"collection":[{"href":"https:\/\/blogsaverroes.juntadeandalucia.es\/constribuyendo\/wp-json\/wp\/v2\/pages"}],"about":[{"href":"https:\/\/blogsaverroes.juntadeandalucia.es\/constribuyendo\/wp-json\/wp\/v2\/types\/page"}],"author":[{"embeddable":true,"href":"https:\/\/blogsaverroes.juntadeandalucia.es\/constribuyendo\/wp-json\/wp\/v2\/users\/4031"}],"replies":[{"embeddable":true,"href":"https:\/\/blogsaverroes.juntadeandalucia.es\/constribuyendo\/wp-json\/wp\/v2\/comments?post=21"}],"version-history":[{"count":4,"href":"https:\/\/blogsaverroes.juntadeandalucia.es\/constribuyendo\/wp-json\/wp\/v2\/pages\/21\/revisions"}],"predecessor-version":[{"id":176,"href":"https:\/\/blogsaverroes.juntadeandalucia.es\/constribuyendo\/wp-json\/wp\/v2\/pages\/21\/revisions\/176"}],"wp:attachment":[{"href":"https:\/\/blogsaverroes.juntadeandalucia.es\/constribuyendo\/wp-json\/wp\/v2\/media?parent=21"}],"curies":[{"name":"wp","href":"https:\/\/api.w.org\/{rel}","templated":true}]}}