{"id":748,"date":"2019-05-03T09:04:54","date_gmt":"2019-05-03T09:04:54","guid":{"rendered":"https:\/\/blogsaverroes.juntadeandalucia.es\/constribuyendo\/?page_id=748"},"modified":"2019-06-14T08:24:15","modified_gmt":"2019-06-14T08:24:15","slug":"casa-madre","status":"publish","type":"page","link":"https:\/\/blogsaverroes.juntadeandalucia.es\/constribuyendo\/casa-madre\/","title":{"rendered":"Casa Madre"},"content":{"rendered":"<p style=\"text-align: justify\">El colegio Ave Mar\u00eda Casa Madre sigue las directrices marcadas por su fundador, desea contribuir a la formaci\u00f3n de una sociedad m\u00e1s humana y m\u00e1s justa.<\/p>\n<p style=\"text-align: justify\">A trav\u00e9s del Fondo Solidario del colegio pretendemos realizar acciones encaminadas a disminuir las desventajas econ\u00f3micas de nuestro alumnado. Con el lema \u201cJuntos hacemos fuerza, juntos podremos ayudar m\u00e1s y mejor\u201d<\/p>\n<p style=\"text-align: justify\">Y con proyectos como El Aula de la Naturaleza &#8216;Valpara\u00edso&#8217; que pretende ayudar al desarrollo integral y arm\u00f3nico de las personas que formamos la comunidad educativa a trav\u00e9s de la Educaci\u00f3n Ambiental, contribuyendo a la creaci\u00f3n de valores y conocimientos importantes para los habitantes futuros.<\/p>\n<p style=\"text-align: justify\"><img loading=\"lazy\" decoding=\"async\" class=\"aligncenter wp-image-882 size-full\" src=\"https:\/\/blogsaverroes.juntadeandalucia.es\/constribuyendo\/files\/2019\/05\/Casa-Madre.jpg\" alt=\"\" width=\"800\" height=\"235\" srcset=\"https:\/\/blogsaverroes.juntadeandalucia.es\/constribuyendo\/files\/2019\/05\/Casa-Madre.jpg 800w, https:\/\/blogsaverroes.juntadeandalucia.es\/constribuyendo\/files\/2019\/05\/Casa-Madre-300x88.jpg 300w, https:\/\/blogsaverroes.juntadeandalucia.es\/constribuyendo\/files\/2019\/05\/Casa-Madre-768x226.jpg 768w, https:\/\/blogsaverroes.juntadeandalucia.es\/constribuyendo\/files\/2019\/05\/Casa-Madre-24x7.jpg 24w, https:\/\/blogsaverroes.juntadeandalucia.es\/constribuyendo\/files\/2019\/05\/Casa-Madre-36x11.jpg 36w, https:\/\/blogsaverroes.juntadeandalucia.es\/constribuyendo\/files\/2019\/05\/Casa-Madre-48x14.jpg 48w\" sizes=\"(max-width: 800px) 100vw, 800px\" \/><\/p>\n<p style=\"text-align: justify\">&#8216;Escuelas que Constribuyen 2030&#8217; es la&nbsp;alianza para conseguir aportar nuestro granito de arena en la consecuci\u00f3n de los Objetivos de Desarrollo Sostenible de la ONU.<\/p>\n<p style=\"text-align: justify\">Todo el centro est\u00e1 involucrado en demostrar que las acciones peque\u00f1as, pueden convertirse en ondas expansivas que cambien a mejor nuestro entorno.<\/p>\n","protected":false},"excerpt":{"rendered":"<p>El colegio Ave Mar\u00eda Casa Madre sigue las directrices marcadas por su fundador, desea contribuir a la formaci\u00f3n de una sociedad m\u00e1s humana y m\u00e1s justa. A trav\u00e9s del Fondo Solidario del colegio pretendemos realizar acciones encaminadas a disminuir las desventajas econ\u00f3micas de nuestro alumnado. Con el lema \u201cJuntos hacemos&#46;&#46;&#46;<\/p>\n","protected":false},"author":4031,"featured_media":0,"parent":0,"menu_order":0,"comment_status":"closed","ping_status":"closed","template":"","meta":{"ngg_post_thumbnail":0,"footnotes":""},"aioseo_notices":[],"_links":{"self":[{"href":"https:\/\/blogsaverroes.juntadeandalucia.es\/constribuyendo\/wp-json\/wp\/v2\/pages\/748"}],"collection":[{"href":"https:\/\/blogsaverroes.juntadeandalucia.es\/constribuyendo\/wp-json\/wp\/v2\/pages"}],"about":[{"href":"https:\/\/blogsaverroes.juntadeandalucia.es\/constribuyendo\/wp-json\/wp\/v2\/types\/page"}],"author":[{"embeddable":true,"href":"https:\/\/blogsaverroes.juntadeandalucia.es\/constribuyendo\/wp-json\/wp\/v2\/users\/4031"}],"replies":[{"embeddable":true,"href":"https:\/\/blogsaverroes.juntadeandalucia.es\/constribuyendo\/wp-json\/wp\/v2\/comments?post=748"}],"version-history":[{"count":3,"href":"https:\/\/blogsaverroes.juntadeandalucia.es\/constribuyendo\/wp-json\/wp\/v2\/pages\/748\/revisions"}],"predecessor-version":[{"id":883,"href":"https:\/\/blogsaverroes.juntadeandalucia.es\/constribuyendo\/wp-json\/wp\/v2\/pages\/748\/revisions\/883"}],"wp:attachment":[{"href":"https:\/\/blogsaverroes.juntadeandalucia.es\/constribuyendo\/wp-json\/wp\/v2\/media?parent=748"}],"curies":[{"name":"wp","href":"https:\/\/api.w.org\/{rel}","templated":true}]}}