{"id":752,"date":"2019-05-03T09:06:15","date_gmt":"2019-05-03T09:06:15","guid":{"rendered":"https:\/\/blogsaverroes.juntadeandalucia.es\/constribuyendo\/?page_id=752"},"modified":"2019-11-13T22:00:01","modified_gmt":"2019-11-13T22:00:01","slug":"albolote","status":"publish","type":"page","link":"https:\/\/blogsaverroes.juntadeandalucia.es\/constribuyendo\/albolote\/","title":{"rendered":"Albolote"},"content":{"rendered":"<p style=\"text-align: justify\"><img loading=\"lazy\" decoding=\"async\" class=\"wp-image-1229 size-full alignleft\" src=\"https:\/\/blogsaverroes.juntadeandalucia.es\/constribuyendo\/files\/2019\/11\/Vista-arriba-cole.jpg\" alt=\"\" width=\"800\" height=\"404\" srcset=\"https:\/\/blogsaverroes.juntadeandalucia.es\/constribuyendo\/files\/2019\/11\/Vista-arriba-cole.jpg 800w, https:\/\/blogsaverroes.juntadeandalucia.es\/constribuyendo\/files\/2019\/11\/Vista-arriba-cole-300x152.jpg 300w, https:\/\/blogsaverroes.juntadeandalucia.es\/constribuyendo\/files\/2019\/11\/Vista-arriba-cole-768x388.jpg 768w, https:\/\/blogsaverroes.juntadeandalucia.es\/constribuyendo\/files\/2019\/11\/Vista-arriba-cole-24x12.jpg 24w, https:\/\/blogsaverroes.juntadeandalucia.es\/constribuyendo\/files\/2019\/11\/Vista-arriba-cole-36x18.jpg 36w, https:\/\/blogsaverroes.juntadeandalucia.es\/constribuyendo\/files\/2019\/11\/Vista-arriba-cole-48x24.jpg 48w\" sizes=\"(max-width: 800px) 100vw, 800px\" \/>El Colegio Ave Mar\u00eda de Albolote es uno de los nueve centros que forman actualmente el Patronato de las Escuelas del Ave Mar\u00eda. La incorporaci\u00f3n de nuestro colegio a la Instituci\u00f3n Avemariana se produjo en el a\u00f1o 1965, cuarenta y dos a\u00f1os despu\u00e9s de la muerte de Don Andr\u00e9s Manj\u00f3n, fundador de las Escuelas del Ave Mar\u00eda. Nuestra instituci\u00f3n, hoy es presidida por un Patronato que tiene la misi\u00f3n de continuar con la exitosa labor desarrollada por el fundador. En Albolote viv\u00eda a mediados del siglo pasado, un matrimonio formado por don Felipe Fern\u00e1ndez Quir\u00f3s y do\u00f1a Francisca Fern\u00e1ndez Robles. La pareja no ten\u00eda descendencia, fue un matrimonio bondadoso y muy creyente. El d\u00eda 30 de julio del a\u00f1o 1953, sucedi\u00f3 un hecho important\u00edsimo para el futuro del centro Ave Mar\u00eda de Albolote. Do\u00f1a Francisca, en su \u00faltimo testamento, destin\u00f3 parte de su patrimonio a la creaci\u00f3n de la Fundaci\u00f3n Ben\u00e9fico-Docente Mar\u00eda Isabel, para ni\u00f1os de la localidad y alrededores. Los objetivos principales de esta instituci\u00f3n ser\u00edan fomentar la educaci\u00f3n y la fe cat\u00f3lica en la localidad.<br \/>\nDo\u00f1a Francisca no pudo hacer realidad su hermoso sue\u00f1o ya que el d\u00eda 02 de octubre del a\u00f1o 1953, le sorprendi\u00f3 la muerte sin haber constituido la Fundaci\u00f3n anhelada. Don Felipe, conocedor de las \u00faltimas voluntades de su esposa, la constituy\u00f3 poco despu\u00e9s, cumpliendo fielmente los deseos manifestados por su esposa en el testamento.<br \/>\nDon Pedro Manj\u00f3n Lastra, Presidente del Patronato del Ave Mar\u00eda de Granada, y sobrino de don Andr\u00e9s Manj\u00f3n, aconsej\u00f3 y ayud\u00f3 a don Felipe a establecer unos estatutos para la constituci\u00f3n de la Fundaci\u00f3n Mar\u00eda Isabel, la cual se hizo realidad y empez\u00f3 a funcionar tiempo despu\u00e9s de la muerte de Do\u00f1a Francisca.<br \/>\nEn los inicios del centro, bajo la tutela de la Fundaci\u00f3n Mar\u00eda Isabel, funcionaban pocas clases, con escaso n\u00famero de alumnos de distintas edades. Todos eran vecinos de la localidad y de cortijos cercanos. Pero la escasez de alumnos y la carga que le supon\u00eda a Don Felipe dirigir la instituci\u00f3n debido a su edad, le condujeron a la fusi\u00f3n entre el Patronato del Ave Mar\u00eda y la Fundaci\u00f3n Mar\u00eda Isabel, el d\u00eda 9 de agosto de 1965.<br \/>\nActualmente en el colegio se conserva, en la sala de profesores, junto a una escultura de una virgen, un cuadro al \u00f3leo, del matrimonio de Don Felipe y Do\u00f1a Mar\u00eda Isabel, donado por D. Felipe en el momento de la fusi\u00f3n.<br \/>\nLa llegada de don Jos\u00e9 Montero al colegio fue como un soplo de aire renovador, lo mejor\u00f3 todo, tanto que Don Felipe escribi\u00f3: \u201cCuando ya por circunstancias diversas de la vida, hab\u00eda perdido la fe en <img loading=\"lazy\" decoding=\"async\" class=\"alignright wp-image-1230 \" src=\"https:\/\/blogsaverroes.juntadeandalucia.es\/constribuyendo\/files\/2019\/11\/Foto-Clases-ESO.jpg\" alt=\"\" width=\"528\" height=\"354\" srcset=\"https:\/\/blogsaverroes.juntadeandalucia.es\/constribuyendo\/files\/2019\/11\/Foto-Clases-ESO.jpg 380w, https:\/\/blogsaverroes.juntadeandalucia.es\/constribuyendo\/files\/2019\/11\/Foto-Clases-ESO-300x201.jpg 300w, https:\/\/blogsaverroes.juntadeandalucia.es\/constribuyendo\/files\/2019\/11\/Foto-Clases-ESO-24x16.jpg 24w, https:\/\/blogsaverroes.juntadeandalucia.es\/constribuyendo\/files\/2019\/11\/Foto-Clases-ESO-36x24.jpg 36w, https:\/\/blogsaverroes.juntadeandalucia.es\/constribuyendo\/files\/2019\/11\/Foto-Clases-ESO-48x32.jpg 48w\" sizes=\"(max-width: 528px) 100vw, 528px\" \/>la Fundaci\u00f3n, este ejemplar sacerdote, con su entusiasmo, cooperaci\u00f3n y aliento, ha puesto en marcha el colegio y ha hecho realidad la continuaci\u00f3n de la Fundaci\u00f3n, creando cuatro clases donde reciben educaci\u00f3n social y religiosa m\u00e1s de cien ni\u00f1os, que Dios premie su abnegada y valiente ayuda a tan fecunda labor.\u201d<br \/>\nComo todos los centros de la Instituci\u00f3n, en el colegio Ave Mar\u00eda de Albolote seguimos la l\u00ednea metodol\u00f3gica trazada por don Andr\u00e9s fundador de las escuelas del Ave Mar\u00eda. Se puede decir que el centro desde sus inicios, ha estado y est\u00e1 permanentemente vivo, siempre ha sido objeto de constantes obras de remodelaci\u00f3n y ampliaci\u00f3n para responder a las necesidades de la infancia y de la juventud albolote\u00f1a.<br \/>\nMuchas de las obras que se realizaron, fueron en gran medida fruto del entusiasmo y aportaci\u00f3n de las familias, de tantos y tantos padres y madres que han apostado por nuestro centro, por nuestra&nbsp;pedagog\u00eda manjoniana, por nuestro estilo y forma de hacer.<\/p>\n<p style=\"text-align: justify\">El Centro ha experimentado importantes cambios gracias al esfuerzo y la ilusi\u00f3n de toda la comunidad educativa y esperemos que siga en esa din\u00e1mica de constante evoluci\u00f3n y adaptaci\u00f3n a los tiempos y a las personas. Somos un centro que siempre buscamos la calidad en el trabajo realizado, hacemos grandes esfuerzos por responder de una manera adecuada y efectiva a los cambios del sistema educativo y que la sociedad demanda. Somos una Escuela Activa, pues siempre hemos buscado y perseguido unas metas claras que funcionen de acuerdo a nuestros ideales educativos avemarianos.<\/p>\n<p style=\"text-align: center\">\u201cEducar es instruir y mucho m\u00e1s, es ense\u00f1ar a pensar, querer, sentir y vivir. Hay hombres instruidos que no saben pensar, y otros muchos que teniendo cultivada la inteligencia, tienen&nbsp;yermo el coraz\u00f3n y hacen in\u00fatil su vida\u201d (Andr\u00e9s Manj\u00f3n).<\/p>\n","protected":false},"excerpt":{"rendered":"<p>El Colegio Ave Mar\u00eda de Albolote es uno de los nueve centros que forman actualmente el Patronato de las Escuelas del Ave Mar\u00eda. La incorporaci\u00f3n de nuestro colegio a la Instituci\u00f3n Avemariana se produjo en el a\u00f1o 1965, cuarenta y dos a\u00f1os despu\u00e9s de la muerte de Don Andr\u00e9s Manj\u00f3n,&#46;&#46;&#46;<\/p>\n","protected":false},"author":4031,"featured_media":0,"parent":0,"menu_order":0,"comment_status":"closed","ping_status":"closed","template":"","meta":{"ngg_post_thumbnail":0,"footnotes":""},"aioseo_notices":[],"_links":{"self":[{"href":"https:\/\/blogsaverroes.juntadeandalucia.es\/constribuyendo\/wp-json\/wp\/v2\/pages\/752"}],"collection":[{"href":"https:\/\/blogsaverroes.juntadeandalucia.es\/constribuyendo\/wp-json\/wp\/v2\/pages"}],"about":[{"href":"https:\/\/blogsaverroes.juntadeandalucia.es\/constribuyendo\/wp-json\/wp\/v2\/types\/page"}],"author":[{"embeddable":true,"href":"https:\/\/blogsaverroes.juntadeandalucia.es\/constribuyendo\/wp-json\/wp\/v2\/users\/4031"}],"replies":[{"embeddable":true,"href":"https:\/\/blogsaverroes.juntadeandalucia.es\/constribuyendo\/wp-json\/wp\/v2\/comments?post=752"}],"version-history":[{"count":4,"href":"https:\/\/blogsaverroes.juntadeandalucia.es\/constribuyendo\/wp-json\/wp\/v2\/pages\/752\/revisions"}],"predecessor-version":[{"id":1231,"href":"https:\/\/blogsaverroes.juntadeandalucia.es\/constribuyendo\/wp-json\/wp\/v2\/pages\/752\/revisions\/1231"}],"wp:attachment":[{"href":"https:\/\/blogsaverroes.juntadeandalucia.es\/constribuyendo\/wp-json\/wp\/v2\/media?parent=752"}],"curies":[{"name":"wp","href":"https:\/\/api.w.org\/{rel}","templated":true}]}}