{"id":754,"date":"2019-05-03T09:07:00","date_gmt":"2019-05-03T09:07:00","guid":{"rendered":"https:\/\/blogsaverroes.juntadeandalucia.es\/constribuyendo\/?page_id=754"},"modified":"2019-06-14T08:16:38","modified_gmt":"2019-06-14T08:16:38","slug":"cee-jean-piaget","status":"publish","type":"page","link":"https:\/\/blogsaverroes.juntadeandalucia.es\/constribuyendo\/cee-jean-piaget\/","title":{"rendered":"CPEEE Jean Piaget"},"content":{"rendered":"<p style=\"text-align: justify\"><span style=\"font-weight: 400\">El CPEEE \u201cJean Piaget\u201d, es el \u00fanico centro espec\u00edfico p\u00fablico de educaci\u00f3n especial de la provincia de Granada, &nbsp;ubicado en el municipio de Og\u00edjares, al que diariamente acuden alumnos y alumnas de toda la provincia de Granada. La organizaci\u00f3n de las ense\u00f1anzas est\u00e1 dividido en dos niveles educativos: los tres ciclos de Formaci\u00f3n B\u00e1sica Obligatoria (FBO), y el Programa para la Formaci\u00f3n y la Transici\u00f3n a la Vida adulta y Laboral (PFTVAL). <\/span><\/p>\n<p style=\"text-align: justify\"><span style=\"font-weight: 400\">Esta etapa de PFTVAL est\u00e1 dirigida a alumnos y alumnas con edades comprendidas entre los 16 y los 21 a\u00f1os de edad, con capacidades diferentes y posibilidades infinitas, por lo que este tipo de programas van encamados a facilitar el desarrollo de la autonom\u00eda personal y la integraci\u00f3n social y laboral del alumnado.<\/span><\/p>\n<p style=\"text-align: justify\"><span style=\"font-weight: 400\">Conociendo la importancia que tiene para nuestro cuerpo llevar una vida saludable, los superh\u00e9roes del PFTVAL se han puesto manos a la obra para colaborar con la iniciativa &#8216;Escuelas que Constribuyen 2030&#8217;que nos propone colaborar con los objetivos de la ONU, con as\u00ed concienciar a la sociedad a mantener una dieta sana y equilibrada, y realizar frecuentemente ejercicio f\u00edsico que ayude a fortalecer nuestro cuerpo y nuestra mente. <\/span><\/p>\n<p style=\"text-align: justify\"><span style=\"font-weight: 400\">Como pod\u00e9is comprobar, con esta gran iniciativa, desde el CPEEE Jean Piaget estaremos contribuyendo a que se cumpla el&nbsp;<\/span>objetivo n\u00ba 3 Salud y bienestar para el 2030.<\/p>\n<p><img loading=\"lazy\" decoding=\"async\" class=\"aligncenter wp-image-879 size-large\" src=\"https:\/\/blogsaverroes.juntadeandalucia.es\/constribuyendo\/files\/2019\/05\/CPEEE-Jean-Piaget-1024x768.jpg\" alt=\"\" width=\"1024\" height=\"768\" srcset=\"https:\/\/blogsaverroes.juntadeandalucia.es\/constribuyendo\/files\/2019\/05\/CPEEE-Jean-Piaget-1024x768.jpg 1024w, https:\/\/blogsaverroes.juntadeandalucia.es\/constribuyendo\/files\/2019\/05\/CPEEE-Jean-Piaget-300x225.jpg 300w, https:\/\/blogsaverroes.juntadeandalucia.es\/constribuyendo\/files\/2019\/05\/CPEEE-Jean-Piaget-768x576.jpg 768w, https:\/\/blogsaverroes.juntadeandalucia.es\/constribuyendo\/files\/2019\/05\/CPEEE-Jean-Piaget-24x18.jpg 24w, https:\/\/blogsaverroes.juntadeandalucia.es\/constribuyendo\/files\/2019\/05\/CPEEE-Jean-Piaget-36x27.jpg 36w, https:\/\/blogsaverroes.juntadeandalucia.es\/constribuyendo\/files\/2019\/05\/CPEEE-Jean-Piaget-48x36.jpg 48w, https:\/\/blogsaverroes.juntadeandalucia.es\/constribuyendo\/files\/2019\/05\/CPEEE-Jean-Piaget.jpg 1600w\" sizes=\"(max-width: 1024px) 100vw, 1024px\" \/><\/p>\n","protected":false},"excerpt":{"rendered":"<p>El CPEEE \u201cJean Piaget\u201d, es el \u00fanico centro espec\u00edfico p\u00fablico de educaci\u00f3n especial de la provincia de Granada, &nbsp;ubicado en el municipio de Og\u00edjares, al que diariamente acuden alumnos y alumnas de toda la provincia de Granada. La organizaci\u00f3n de las ense\u00f1anzas est\u00e1 dividido en dos niveles educativos: los tres&#46;&#46;&#46;<\/p>\n","protected":false},"author":4031,"featured_media":0,"parent":0,"menu_order":0,"comment_status":"closed","ping_status":"closed","template":"","meta":{"ngg_post_thumbnail":0,"footnotes":""},"aioseo_notices":[],"_links":{"self":[{"href":"https:\/\/blogsaverroes.juntadeandalucia.es\/constribuyendo\/wp-json\/wp\/v2\/pages\/754"}],"collection":[{"href":"https:\/\/blogsaverroes.juntadeandalucia.es\/constribuyendo\/wp-json\/wp\/v2\/pages"}],"about":[{"href":"https:\/\/blogsaverroes.juntadeandalucia.es\/constribuyendo\/wp-json\/wp\/v2\/types\/page"}],"author":[{"embeddable":true,"href":"https:\/\/blogsaverroes.juntadeandalucia.es\/constribuyendo\/wp-json\/wp\/v2\/users\/4031"}],"replies":[{"embeddable":true,"href":"https:\/\/blogsaverroes.juntadeandalucia.es\/constribuyendo\/wp-json\/wp\/v2\/comments?post=754"}],"version-history":[{"count":4,"href":"https:\/\/blogsaverroes.juntadeandalucia.es\/constribuyendo\/wp-json\/wp\/v2\/pages\/754\/revisions"}],"predecessor-version":[{"id":880,"href":"https:\/\/blogsaverroes.juntadeandalucia.es\/constribuyendo\/wp-json\/wp\/v2\/pages\/754\/revisions\/880"}],"wp:attachment":[{"href":"https:\/\/blogsaverroes.juntadeandalucia.es\/constribuyendo\/wp-json\/wp\/v2\/media?parent=754"}],"curies":[{"name":"wp","href":"https:\/\/api.w.org\/{rel}","templated":true}]}}