{"id":120,"date":"2021-03-25T10:19:37","date_gmt":"2021-03-25T10:19:37","guid":{"rendered":"https:\/\/blogsaverroes.juntadeandalucia.es\/cosjmalaga\/?page_id=120"},"modified":"2021-03-25T10:19:37","modified_gmt":"2021-03-25T10:19:37","slug":"protocolo-de-identidad-de-genero","status":"publish","type":"page","link":"https:\/\/blogsaverroes.juntadeandalucia.es\/cosjmalaga\/protocolo-de-identidad-de-genero\/","title":{"rendered":"PROTOCOLO DE IDENTIDAD DE G\u00c9NERO"},"content":{"rendered":"<p>En esta p\u00e1gina encontrar\u00e1s Orientaciones para los Centros Educativos, Medidas Organizativas y Actividades de Sensibilizaci\u00f3n.<\/p>\n","protected":false},"excerpt":{"rendered":"<p>En esta p\u00e1gina encontrar\u00e1s Orientaciones para los Centros Educativos, Medidas Organizativas y Actividades de Sensibilizaci\u00f3n.<\/p>\n","protected":false},"author":12075,"featured_media":0,"parent":0,"menu_order":0,"comment_status":"closed","ping_status":"closed","template":"","meta":{"ngg_post_thumbnail":0,"footnotes":""},"aioseo_notices":[],"post_mailing_queue_ids":[],"_links":{"self":[{"href":"https:\/\/blogsaverroes.juntadeandalucia.es\/cosjmalaga\/wp-json\/wp\/v2\/pages\/120"}],"collection":[{"href":"https:\/\/blogsaverroes.juntadeandalucia.es\/cosjmalaga\/wp-json\/wp\/v2\/pages"}],"about":[{"href":"https:\/\/blogsaverroes.juntadeandalucia.es\/cosjmalaga\/wp-json\/wp\/v2\/types\/page"}],"author":[{"embeddable":true,"href":"https:\/\/blogsaverroes.juntadeandalucia.es\/cosjmalaga\/wp-json\/wp\/v2\/users\/12075"}],"replies":[{"embeddable":true,"href":"https:\/\/blogsaverroes.juntadeandalucia.es\/cosjmalaga\/wp-json\/wp\/v2\/comments?post=120"}],"version-history":[{"count":1,"href":"https:\/\/blogsaverroes.juntadeandalucia.es\/cosjmalaga\/wp-json\/wp\/v2\/pages\/120\/revisions"}],"predecessor-version":[{"id":122,"href":"https:\/\/blogsaverroes.juntadeandalucia.es\/cosjmalaga\/wp-json\/wp\/v2\/pages\/120\/revisions\/122"}],"wp:attachment":[{"href":"https:\/\/blogsaverroes.juntadeandalucia.es\/cosjmalaga\/wp-json\/wp\/v2\/media?parent=120"}],"curies":[{"name":"wp","href":"https:\/\/api.w.org\/{rel}","templated":true}]}}