{"id":132,"date":"2021-03-25T10:24:44","date_gmt":"2021-03-25T10:24:44","guid":{"rendered":"https:\/\/blogsaverroes.juntadeandalucia.es\/cosjmalaga\/?page_id=132"},"modified":"2025-06-11T08:39:06","modified_gmt":"2025-06-11T08:39:06","slug":"asociaciones","status":"publish","type":"page","link":"https:\/\/blogsaverroes.juntadeandalucia.es\/cosjmalaga\/asociaciones\/","title":{"rendered":"Recursos en la prevenci\u00f3n y abordaje de la Violencia Sexual"},"content":{"rendered":"<blockquote><p><strong><span style=\"font-family: arial, helvetica, sans-serif;font-size: 14pt\">Recursos P\u00fablicos&nbsp;<\/span><\/strong><\/p><\/blockquote>\n<ul>\n<li><span style=\"font-family: arial, helvetica, sans-serif;font-size: 14pt\"><a href=\"https:\/\/blogsaverroes.juntadeandalucia.es\/cosjmalaga\/files\/2022\/11\/DATOS-SPAF.pdf\"><strong>Servicio de Prevenci\u00f3n y Atenci\u00f3n a la familia:&nbsp;<\/strong> DATOS de contacto del SPAF&nbsp; y enlace a m\u00e1s informaci\u00f3n: <\/a><\/span><a href=\"https:\/\/juntadeandalucia.es\/organismos\/assda\/servicios\/procedimientos\/detalle\/7088.html\">https:\/\/juntadeandalucia.es\/organismos\/assda\/servicios\/procedimientos\/detalle\/7088.html<\/a><\/li>\n<li class=\"title\"><strong><span class=\"field field--name-title field--type-string field--label-hidden\" style=\"font-family: arial, helvetica, sans-serif;font-size: 14pt\">Programa de Evaluaci\u00f3n, Diagn\u00f3stico y Tratamiento a menores v\u00edctimas de violencia sexual, Aqu\u00ed est\u00e1 el <a href=\"https:\/\/blogsaverroes.juntadeandalucia.es\/cosjmalaga\/files\/2025\/06\/Formulario_FICHA-DERIVACION-CON-OPCION.pdf\">Formulario_de Derivaci\u00f3n, <\/a><\/span><\/strong><span class=\"field field--name-title field--type-string field--label-hidden\" style=\"font-family: arial, helvetica, sans-serif;font-size: 14pt\">&nbsp;informaci\u00f3n en este enlace:&nbsp;<a href=\"https:\/\/juntadeandalucia.es\/organismos\/inclusionsocialjuventudfamiliaseigualdad\/areas\/infancia-familias\/tratamiento\/paginas\/tratamientofamiliasmenores.html\">https:\/\/juntadeandalucia.es\/organismos\/inclusionsocialjuventudfamiliaseigualdad\/areas\/infancia-familias\/tratamiento\/paginas\/tratamientofamiliasmenores.html<\/a><\/span><\/li>\n<li><span style=\"font-family: arial, helvetica, sans-serif;font-size: 14pt\">Presentaci\u00f3n de la Jornada de la&nbsp; <strong><a href=\"https:\/\/blogsaverroes.juntadeandalucia.es\/cosjmalaga\/files\/2022\/02\/RED-ORIENTACI\u00d3N-ASI-16.02.22.pdf\">RED ORIENTACI\u00d3N: Mesa sobre Abuso Sexual Infantil 16.02.22<\/a><\/strong><\/span><\/li>\n<\/ul>\n<blockquote><p><strong><span style=\"font-family: arial, helvetica, sans-serif;font-size: 14pt\">Asociaciones sobre Abuso Sexual Infantil<\/span><\/strong><\/p><\/blockquote>\n<p><span style=\"font-family: arial, helvetica, sans-serif;font-size: 14pt\"><a href=\"https:\/\/redime.net\/\"><strong>Redime<\/strong> (M\u00e1laga)<\/a><\/span><\/p>\n<p><span style=\"font-family: arial, helvetica, sans-serif;font-size: 14pt\"><a href=\"https:\/\/asociacionconciencia.com\/blog\/tag\/abuso-sexual\/\"><strong>Conciencia<\/strong> (M\u00e1laga)<\/a><\/span><\/p>\n<p><span style=\"font-family: arial, helvetica, sans-serif;font-size: 14pt\"><a href=\"https:\/\/www.aminogal.es\/materiales\/\"><strong>Amino<\/strong> (Galicia)<\/a><\/span><\/p>\n<p><span style=\"font-family: arial, helvetica, sans-serif;font-size: 14pt\"><strong><a href=\"https:\/\/www.fbernadet.org\/es\/\">Fundaci\u00f3n Vicki Bernadet<\/a><\/strong><\/span><\/p>\n<p><span style=\"font-family: arial, helvetica, sans-serif;font-size: 14pt\"><strong><a href=\"https:\/\/www.fundacionrana.org\/\">Fundaci\u00f3n RANA<\/a>&nbsp;<\/strong><\/span><\/p>\n<p><span style=\"font-family: arial, helvetica, sans-serif;font-size: 14pt\"><a href=\"http:\/\/aspasi.org\/contacto\/\"><strong>Aspasi<\/strong> (Madrid)<\/a><\/span><\/p>\n<p><span style=\"font-family: arial, helvetica, sans-serif;font-size: 14pt\"><strong><a href=\"https:\/\/www.elmundodelosasi.org\/\">El mundo de los ASI<\/a><\/strong><\/span><\/p>\n<p><span style=\"font-family: arial, helvetica, sans-serif;font-size: 14pt\"><a href=\"https:\/\/www.fapmi.es\/\"><strong>FAMPI<\/strong> La Federaci\u00f3n de Asociaciones para la Prevenci\u00f3n del Maltrato Infantil (FAPMI)<\/a><\/span><\/p>\n<p><span style=\"font-family: arial, helvetica, sans-serif;font-size: 14pt\"><strong><a href=\"https:\/\/secretosqueduelen.es\/?page_id=539\">Campa\u00f1a Secretos que Duelen<\/a><\/strong>, campa\u00f1a de prevenci\u00f3n contra la violencia sexual contra ni\u00f1os, ni\u00f1as y adolescentes de la Consejer\u00eda de Igualdad, Pol\u00edticas Sociales y Conciliaci\u00f3n de la JJAA.&nbsp;<\/span><\/p>\n<blockquote><p><strong><span style=\"font-family: arial, helvetica, sans-serif;font-size: 14pt\">Lecturas recomendadas sobre prevenci\u00f3n de Violencia Sexual:<\/span><\/strong><\/p><\/blockquote>\n<p><strong><span style=\"font-family: arial, helvetica, sans-serif\">Estudio de Investigaci\u00f3n en M\u00e1laga: <a href=\"https:\/\/blogsaverroes.juntadeandalucia.es\/cosjmalaga\/files\/2023\/09\/Theachers-Knowledge.pdf\">Theachers Knowledge<\/a><\/span><\/strong><\/p>\n","protected":false},"excerpt":{"rendered":"<p>Recursos P\u00fablicos&nbsp; Servicio de Prevenci\u00f3n y Atenci\u00f3n a la familia:&nbsp; DATOS de contacto del SPAF&nbsp; y enlace a m\u00e1s informaci\u00f3n: https:\/\/juntadeandalucia.es\/organismos\/assda\/servicios\/procedimientos\/detalle\/7088.html Programa de Evaluaci\u00f3n, Diagn\u00f3stico y Tratamiento a menores v\u00edctimas de violencia sexual, Aqu\u00ed&#46;&#46;&#46;<\/p>\n","protected":false},"author":12075,"featured_media":0,"parent":0,"menu_order":0,"comment_status":"closed","ping_status":"closed","template":"","meta":{"ngg_post_thumbnail":0,"footnotes":""},"aioseo_notices":[],"post_mailing_queue_ids":[],"_links":{"self":[{"href":"https:\/\/blogsaverroes.juntadeandalucia.es\/cosjmalaga\/wp-json\/wp\/v2\/pages\/132"}],"collection":[{"href":"https:\/\/blogsaverroes.juntadeandalucia.es\/cosjmalaga\/wp-json\/wp\/v2\/pages"}],"about":[{"href":"https:\/\/blogsaverroes.juntadeandalucia.es\/cosjmalaga\/wp-json\/wp\/v2\/types\/page"}],"author":[{"embeddable":true,"href":"https:\/\/blogsaverroes.juntadeandalucia.es\/cosjmalaga\/wp-json\/wp\/v2\/users\/12075"}],"replies":[{"embeddable":true,"href":"https:\/\/blogsaverroes.juntadeandalucia.es\/cosjmalaga\/wp-json\/wp\/v2\/comments?post=132"}],"version-history":[{"count":17,"href":"https:\/\/blogsaverroes.juntadeandalucia.es\/cosjmalaga\/wp-json\/wp\/v2\/pages\/132\/revisions"}],"predecessor-version":[{"id":1497,"href":"https:\/\/blogsaverroes.juntadeandalucia.es\/cosjmalaga\/wp-json\/wp\/v2\/pages\/132\/revisions\/1497"}],"wp:attachment":[{"href":"https:\/\/blogsaverroes.juntadeandalucia.es\/cosjmalaga\/wp-json\/wp\/v2\/media?parent=132"}],"curies":[{"name":"wp","href":"https:\/\/api.w.org\/{rel}","templated":true}]}}