{"id":135,"date":"2021-03-25T10:24:59","date_gmt":"2021-03-25T10:24:59","guid":{"rendered":"https:\/\/blogsaverroes.juntadeandalucia.es\/cosjmalaga\/?page_id=135"},"modified":"2025-03-10T12:42:01","modified_gmt":"2025-03-10T12:42:01","slug":"recursos-didacticos","status":"publish","type":"page","link":"https:\/\/blogsaverroes.juntadeandalucia.es\/cosjmalaga\/recursos-didacticos\/","title":{"rendered":"Recursos Did\u00e1cticos para la Prevenci\u00f3n Violencia Sexual"},"content":{"rendered":"<p><span style=\"font-size: 14pt\"><strong><span style=\"font-family: arial, helvetica, sans-serif\">V\u00cdDEO SOBRE \u00c9TICA RELACIONAL Y PREVENCI\u00d3N DE ABUSO SEXUAL INFANTIL:&nbsp;<\/span><\/strong><\/span><\/p>\n<p>V\u00eddeo Mi cuerpo es mi cuerpo<\/p>\n<p><iframe loading=\"lazy\" title=\"Mi Cuerpo Es Mi Cuerpo  Programa Completo Mantener a los ni\u00f1os a salvo\" width=\"500\" height=\"281\" src=\"https:\/\/www.youtube.com\/embed\/Rp9LJDR7mls?feature=oembed&#038;wmode=opaque\" frameborder=\"0\" allow=\"accelerometer; autoplay; clipboard-write; encrypted-media; gyroscope; picture-in-picture; web-share\" referrerpolicy=\"strict-origin-when-cross-origin\" allowfullscreen><\/iframe><\/p>\n<p><span style=\"font-family: arial, helvetica, sans-serif;font-size: 14pt\">V\u00eddeo: <strong>El consentimiento explicado para ni\u00f1os<\/strong><\/span><\/p>\n<div style=\"width: 1280px;\" class=\"wp-video\"><!--[if lt IE 9]><script>document.createElement('video');<\/script><![endif]-->\n<video class=\"wp-video-shortcode\" id=\"video-135-1\" width=\"1280\" height=\"720\" preload=\"metadata\" controls=\"controls\"><source type=\"video\/mp4\" src=\"https:\/\/blogsaverroes.juntadeandalucia.es\/cosjmalaga\/files\/2022\/12\/EXPLICAMOS\u2122-EL-CONSENTIMIENTO-PARA-NI\u00d1@S-videoexplicativo.mp4?_=1\" \/><a href=\"https:\/\/blogsaverroes.juntadeandalucia.es\/cosjmalaga\/files\/2022\/12\/EXPLICAMOS\u2122-EL-CONSENTIMIENTO-PARA-NI\u00d1@S-videoexplicativo.mp4\">https:\/\/blogsaverroes.juntadeandalucia.es\/cosjmalaga\/files\/2022\/12\/EXPLICAMOS\u2122-EL-CONSENTIMIENTO-PARA-NI\u00d1@S-videoexplicativo.mp4<\/a><\/video><\/div>\n<blockquote><p>&nbsp;<\/p>\n<p><strong><span style=\"font-family: arial, helvetica, sans-serif;font-size: 14pt\">CAMPA\u00d1AS RELEVANTES EN PREVENCI\u00d3N DE VIOLENCIA SEXUAL<\/span><\/strong><\/p>\n<p><strong style=\"font-family: arial, helvetica, sans-serif;font-size: 14pt\"><a href=\"https:\/\/secretosqueduelen.es\/?page_id=539\">Campa\u00f1a Secretos que Duelen<\/a><\/strong><span style=\"font-family: arial, helvetica, sans-serif;font-size: 14pt\">, campa\u00f1a de prevenci\u00f3n contra la violencia sexual contra ni\u00f1os, ni\u00f1as y adolescentes de la Consejer\u00eda de Igualdad, Pol\u00edticas Sociales y Conciliaci\u00f3n de la JJAA.&nbsp;<\/span><\/p><\/blockquote>\n<div style=\"width: 720px;\" class=\"wp-video\"><video class=\"wp-video-shortcode\" id=\"video-135-2\" width=\"720\" height=\"720\" preload=\"metadata\" controls=\"controls\"><source type=\"video\/mp4\" src=\"https:\/\/blogsaverroes.juntadeandalucia.es\/cosjmalaga\/files\/2022\/02\/Presentaci\u00f3n-de-la-campa\u00f1a-Secretos-que-duelen-para-prevenir-la-violencia-sexual-contra-ni\u00f1os.mp4?_=2\" \/><a href=\"https:\/\/blogsaverroes.juntadeandalucia.es\/cosjmalaga\/files\/2022\/02\/Presentaci\u00f3n-de-la-campa\u00f1a-Secretos-que-duelen-para-prevenir-la-violencia-sexual-contra-ni\u00f1os.mp4\">https:\/\/blogsaverroes.juntadeandalucia.es\/cosjmalaga\/files\/2022\/02\/Presentaci\u00f3n-de-la-campa\u00f1a-Secretos-que-duelen-para-prevenir-la-violencia-sexual-contra-ni\u00f1os.mp4<\/a><\/video><\/div>\n<p><span style=\"color: #0000ff\"><strong><span style=\"font-family: arial, helvetica, sans-serif\">Campa\u00f1a de UNICEF \u00abEl hombre de algod\u00f3n de az\u00facar\u00bb<\/span><\/strong><\/span><\/p>\n<div style=\"width: 640px;\" class=\"wp-video\"><video class=\"wp-video-shortcode\" id=\"video-135-3\" width=\"640\" height=\"360\" preload=\"metadata\" controls=\"controls\"><source type=\"video\/mp4\" src=\"https:\/\/blogsaverroes.juntadeandalucia.es\/cosjmalaga\/files\/2022\/02\/Prevenir-el-abuso-sexual-infantil-UNICEF.mp4?_=3\" \/><a href=\"https:\/\/blogsaverroes.juntadeandalucia.es\/cosjmalaga\/files\/2022\/02\/Prevenir-el-abuso-sexual-infantil-UNICEF.mp4\">https:\/\/blogsaverroes.juntadeandalucia.es\/cosjmalaga\/files\/2022\/02\/Prevenir-el-abuso-sexual-infantil-UNICEF.mp4<\/a><\/video><\/div>\n<p>&nbsp;<\/p>\n<p><strong><span style=\"font-family: arial, helvetica, sans-serif;font-size: 12pt\"><span style=\"color: #0000ff\">Campa\u00f1a del Consejo de Europa<\/span> contra la violencia sexual sobre los ni\u00f1os, ni\u00f1as y adolescentes. Entra aqu\u00ed: <\/span><\/strong><a href=\"https:\/\/ecpat-spain.org\/campana-1-de-cada-5\/\">https:\/\/ecpat-spain.org\/campana-1-de-cada-5\/: <\/a><\/p>\n<p>&nbsp;<\/p>\n<div style=\"width: 1280px;\" class=\"wp-video\"><video class=\"wp-video-shortcode\" id=\"video-135-4\" width=\"1280\" height=\"720\" preload=\"metadata\" controls=\"controls\"><source type=\"video\/mp4\" src=\"https:\/\/blogsaverroes.juntadeandalucia.es\/cosjmalaga\/files\/2022\/12\/SPOT-KIKO-Y-LA-MANO.mp4?_=4\" \/><a href=\"https:\/\/blogsaverroes.juntadeandalucia.es\/cosjmalaga\/files\/2022\/12\/SPOT-KIKO-Y-LA-MANO.mp4\">https:\/\/blogsaverroes.juntadeandalucia.es\/cosjmalaga\/files\/2022\/12\/SPOT-KIKO-Y-LA-MANO.mp4<\/a><\/video><\/div>\n<p><a href=\"https:\/\/www.youtube.com\/channel\/UCV4VpXz_0IujThjnmGwzKbw\">Pantallas Amigas:&nbsp;<\/a>&nbsp;<a href=\"https:\/\/www.youtube.com\/channel\/UCV4VpXz_0IujThjnmGwzKbw\">https:\/\/www.youtube.com\/channel\/UCV4VpXz_0IujThjnmGwzKbw<\/a><\/p>\n<p><span style=\"font-size: 12pt\">Campa\u00f1a del Consejo de Europa: \u00abCu\u00e9ntaselo a alguien de confianza\u00bb: <a href=\"https:\/\/www.youtube.com\/watch?v=nEOomYqdDXI\">https:\/\/www.youtube.com\/watch?v=nEOomYqdDXI<\/a><\/span><\/p>\n<ul>\n<li><span style=\"font-family: arial, helvetica, sans-serif;font-size: 14pt\">Cuento:<strong> <a href=\"https:\/\/blogsaverroes.juntadeandalucia.es\/cosjmalaga\/files\/2022\/12\/kiko-y-la-manocuento.pdf\">kiko y la mano<\/a><\/strong><\/span><\/li>\n<li><span style=\"font-family: arial, helvetica, sans-serif;font-size: 14pt\"><strong><a href=\"https:\/\/blogsaverroes.juntadeandalucia.es\/cosjmalaga\/files\/2022\/12\/guia-did\u00e1ctica.pdf\">Gu\u00eda did\u00e1ctica Cuento Kiko y la Mano<\/a><\/strong><\/span><\/li>\n<li><span style=\"font-family: arial, helvetica, sans-serif;font-size: 14pt\">&nbsp;Gu\u00eda para familias y educadores\/as <strong>Ense\u00f1e la <a href=\"https:\/\/blogsaverroes.juntadeandalucia.es\/cosjmalaga\/files\/2022\/12\/Regla-de-Kiko.pdf\">Regla de Kiko<\/a><\/strong><\/span><\/li>\n<li><span style=\"font-size: 14pt;font-family: arial, helvetica, sans-serif\"><strong><span style=\"font-family: arial, helvetica, sans-serif;font-size: 14pt\"><a href=\"https:\/\/blogsaverroes.juntadeandalucia.es\/cosjmalaga\/files\/2022\/12\/tocando-bien-y-mal.pdf\">Carteler\u00eda: tocando bien y mal,<\/a><\/span><\/strong><\/span><\/li>\n<li><span style=\"font-size: 14pt;font-family: arial, helvetica, sans-serif\"><strong><span style=\"font-family: arial, helvetica, sans-serif;font-size: 14pt\"><a href=\"https:\/\/blogsaverroes.juntadeandalucia.es\/cosjmalaga\/files\/2022\/12\/los-secretos.pdf\">Carteler\u00eda: Los secretos<\/a><\/span><\/strong><\/span><\/li>\n<li><span style=\"font-family: arial, helvetica, sans-serif;font-size: 14pt\"><a href=\"https:\/\/blogsaverroes.juntadeandalucia.es\/cosjmalaga\/files\/2021\/03\/Cuento-Kiko-y-la-Mano.pdf\">Programa del Consejo de Europa 1 de cada 5:&nbsp; <strong>Cuento Kiko y la Mano<\/strong><\/a><strong>,&nbsp;<\/strong><a href=\"https:\/\/blogsaverroes.juntadeandalucia.es\/cosjmalaga\/files\/2021\/03\/kiko_01_Guia-Did\u00e1ctica.pdf\"><strong>Gu\u00eda Did\u00e1ctica<\/strong> <\/a><a href=\"https:\/\/blogsaverroes.juntadeandalucia.es\/cosjmalaga\/files\/2021\/03\/kiko_01_Guia-Did\u00e1ctica.pdf\">y <\/a><strong><a href=\"https:\/\/blogsaverroes.juntadeandalucia.es\/cosjmalaga\/files\/2021\/03\/Kiko_Guia-para-Familias.pdf\">Gu\u00eda-para-Familias<\/a><\/strong><\/span><\/li>\n<\/ul>\n<p><span style=\"font-family: arial, helvetica, sans-serif;font-size: 14pt\">Campa\u00f1a del Consejo de Europa: <a href=\"https:\/\/www.youtube.com\/watch?v=nEOomYqdDXI\"><strong>\u00abCu\u00e9ntaselo a alguien de confianza\u00bb (V\u00eddeo de dibujos animados) FAMPI:<\/strong><\/a><\/span><\/p>\n<div style=\"width: 1280px;\" class=\"wp-video\"><video class=\"wp-video-shortcode\" id=\"video-135-5\" width=\"1280\" height=\"720\" preload=\"metadata\" controls=\"controls\"><source type=\"video\/mp4\" src=\"https:\/\/blogsaverroes.juntadeandalucia.es\/cosjmalaga\/files\/2022\/02\/Campa\u00f1a-del-Consejo-de-Europa_-_Cu\u00e9ntaselo-a-alguien-de-confianza_-1.mp4?_=5\" \/><a href=\"https:\/\/blogsaverroes.juntadeandalucia.es\/cosjmalaga\/files\/2022\/02\/Campa\u00f1a-del-Consejo-de-Europa_-_Cu\u00e9ntaselo-a-alguien-de-confianza_-1.mp4\">https:\/\/blogsaverroes.juntadeandalucia.es\/cosjmalaga\/files\/2022\/02\/Campa\u00f1a-del-Consejo-de-Europa_-_Cu\u00e9ntaselo-a-alguien-de-confianza_-1.mp4<\/a><\/video><\/div>\n<p>&nbsp;<\/p>\n<p><strong><span style=\"font-family: arial, helvetica, sans-serif\"><span style=\"color: #0000ff\">Campa\u00f1a Prevenci\u00f3n de Abuso de Unicef:<\/span> Super H\u00e9roes <\/span><\/strong><\/p>\n<p><strong><span style=\"font-family: arial, helvetica, sans-serif\">V\u00eddeo Super H\u00e9roes<\/span><\/strong><\/p>\n<div style=\"width: 1280px;\" class=\"wp-video\"><video class=\"wp-video-shortcode\" id=\"video-135-6\" width=\"1280\" height=\"720\" preload=\"metadata\" controls=\"controls\"><source type=\"video\/mp4\" src=\"https:\/\/blogsaverroes.juntadeandalucia.es\/cosjmalaga\/files\/2022\/02\/Video-de-UNICEF-para-prevenir-el-abuso-sexual-contra-los-ni\u00f1os.mp4?_=6\" \/><a href=\"https:\/\/blogsaverroes.juntadeandalucia.es\/cosjmalaga\/files\/2022\/02\/Video-de-UNICEF-para-prevenir-el-abuso-sexual-contra-los-ni\u00f1os.mp4\">https:\/\/blogsaverroes.juntadeandalucia.es\/cosjmalaga\/files\/2022\/02\/Video-de-UNICEF-para-prevenir-el-abuso-sexual-contra-los-ni\u00f1os.mp4<\/a><\/video><\/div>\n<blockquote><p>&nbsp;<\/p>\n<p><span style=\"font-size: 14pt;color: #000000\"><strong>OTROS RECURSOS EN PREVENCI\u00d3N DE ASI<\/strong><\/span><\/p><\/blockquote>\n<p><span style=\"font-family: arial, helvetica, sans-serif;font-size: 14pt\"><a href=\"https:\/\/prezi.com\/nbob_7p6dtf-\/no-mas-secretos-pautas-para-la-prevencion-y-deteccion-de-asi\/\">Presentaci\u00f3n sobre la <strong>prevenci\u00f3n del ASI<\/strong><\/a><\/span><\/p>\n<p><span style=\"font-family: arial, helvetica, sans-serif;font-size: 14pt\"><strong><a href=\"https:\/\/blogsaverroes.juntadeandalucia.es\/cosjmalaga\/files\/2021\/03\/conversar_ninos_abusosexual.pdf\">C\u00f3mo hablar de abuso sexual&nbsp;<\/a><\/strong><\/span><\/p>\n<p><span style=\"font-family: arial, helvetica, sans-serif;font-size: 14pt\"><a href=\"https:\/\/blogsaverroes.juntadeandalucia.es\/cosjmalaga\/files\/2021\/03\/Eh-no-te-despistes.pdf\">Gu\u00eda: <strong>Eh!&nbsp; no te despistes<\/strong><\/a><\/span><\/p>\n<p><span style=\"font-family: arial, helvetica, sans-serif;font-size: 14pt\"><a href=\"https:\/\/blogsaverroes.juntadeandalucia.es\/cosjmalaga\/files\/2021\/03\/Guia_de_Recursos_Abuso_Sexual_Infantil_2012.pdf\"><strong>Gu\u00eda de Recursos para la prevenci\u00f3n y atenci\u00f3n del Abuso Sexual Infantil<\/strong> (Save the Childrem)<\/a><\/span><\/p>\n<p><span style=\"font-family: arial, helvetica, sans-serif;font-size: 14pt\"><a href=\"https:\/\/rompesuabuso.com\/\"><strong>App Rompe su Abuso&nbsp;<\/strong><\/a><\/span><\/p>\n<p><span style=\"font-family: arial, helvetica, sans-serif;font-size: 14pt\"><a href=\"https:\/\/www.notecallescuentalo.org\/\"><strong>Proyecto no te calles, cu\u00e9ntalo<\/strong><\/a> (Fundaci\u00f3n Edalevives)<\/span><\/p>\n<p><span style=\"font-family: arial, helvetica, sans-serif;font-size: 14pt\"><a href=\"https:\/\/blogsaverroes.juntadeandalucia.es\/cosjmalaga\/files\/2021\/03\/ojos_que_no_quieren_ver_27092017.pdf\"><strong>Gu\u00eda&nbsp; Ojos que no quieren ver<\/strong> (Save The Children)<\/a><\/span><\/p>\n<p><span style=\"font-family: arial, helvetica, sans-serif;font-size: 14pt\"><a href=\"https:\/\/blogsaverroes.juntadeandalucia.es\/cosjmalaga\/files\/2021\/03\/unicef-educa-csd-guia-actividades-prevencion-abuso-sexual-infantil-deporte-educacion-infantil.pdf\">Programa de prevenci\u00f3n de abuso sexual infantil en el&nbsp; \u00e1mbito del deporte (Consejo Superior del Deporte) <strong>Gu\u00eda para E. Infantil<\/strong><\/a>, <strong><a href=\"https:\/\/blogsaverroes.juntadeandalucia.es\/cosjmalaga\/files\/2021\/03\/unicef-educa-csd-guia-actividades-prevencion-abuso-sexual-infantil-deporte-educacion-primaria.pdf\">Gu\u00eda para E. Primaria (7-12 a\u00f1os)<\/a>, <a href=\"https:\/\/blogsaverroes.juntadeandalucia.es\/cosjmalaga\/files\/2021\/03\/unicef-educa-csd-guia-actividades-prevencion-abuso-sexual-infantil-deporte-educacion-secundaria.pdf\">Gu\u00eda para E. Secundaria (13-17 a\u00f1os), <\/a><a href=\"https:\/\/blogsaverroes.juntadeandalucia.es\/cosjmalaga\/files\/2021\/03\/unicef-educa-csd-guia-deteccion-abuso-sexual-infantil-deporte-para-profesionales.pdf\">Gu\u00eda detecci\u00f3n para profesionales<\/a><\/strong><\/span><\/p>\n<p><span style=\"font-family: arial, helvetica, sans-serif;font-size: 14pt\"><a href=\"https:\/\/www.bienestaryproteccioninfantil.es\/fuentes.asp?sec=2&amp;subs=471\"><strong>Cuentos<\/strong> para la prevenci\u00f3n del ASI (FAMPI)&nbsp;<\/a><\/span><\/p>\n<p><span style=\"font-family: arial, helvetica, sans-serif;font-size: 14pt\"><strong><a href=\"https:\/\/www.youtube.com\/watch?v=G3YzqDj7lnA\">V\u00eddeo Prevenir el abuso sexual jugando<\/a><\/strong><\/span><\/p>\n<p><span style=\"font-family: arial, helvetica, sans-serif;font-size: 14pt\"><a href=\"https:\/\/www.youtube.com\/watch?v=GRgt0Kyxl8w\"><strong>Cuento \u00abNo te calles, cu\u00e9ntalo\u00bb<\/strong><\/a><\/span><\/p>\n<p><span style=\"font-family: arial, helvetica, sans-serif;font-size: 14pt\">Video iniciativa prevenci\u00f3n abuso sexual: 19N D\u00eda Contra el Abuso Sexual Infantil &#8211; V\u00eddeo Participativo &#8211; \u00abNo voy a guardar secretos\u00bb&nbsp;<strong><a href=\"https:\/\/www.youtube.com\/watch?v=To9e9UUtPSI&amp;feature=youtu.be&amp;fbclid=IwAR3-bgCl3GpNIrNpnke62DEU3MI4e9UFgfIDIBNB4Hf3s_XqeflQAPcdv40\">Pincha aqu\u00ed para visualizar&nbsp;<\/a><\/strong><\/span><\/p>\n<p><span style=\"font-family: arial, helvetica, sans-serif;font-size: 14pt\">Iniciativa social Booooo es una campa\u00f1a sensibilizaci\u00f3n para la igualdad, diversidad y prevenci\u00f3n de violencia de g\u00e9nero y abuso sexual. (Ayto de las Rozas).<strong>&nbsp;<a href=\"http:\/\/booooo.org\">http:\/\/booooo.org\/voces-colores\/<\/a><\/strong><\/span><\/p>\n<p><span style=\"font-family: arial, helvetica, sans-serif;font-size: 14pt\">Infograf\u00edas para trabajar el Abuso Sexual Infantil<a href=\"https:\/\/blogsaverroes.juntadeandalucia.es\/cosjmalaga\/files\/2022\/02\/infograf\u00edas-ASI-20220212T192812Z-001.zip\">Infograf\u00edas ASI<\/a><\/span><\/p>\n<p><span style=\"font-family: arial, helvetica, sans-serif;font-size: 14pt\">Fichas con pictogramas sobre el concepto de Intimidad <a href=\"https:\/\/blogsaverroes.juntadeandalucia.es\/cosjmalaga\/files\/2022\/02\/ficha3-la-intimidad.pdf\">ficha-la-intimidad<\/a> y c\u00edrculos de Relaciones Personales <a href=\"https:\/\/blogsaverroes.juntadeandalucia.es\/cosjmalaga\/files\/2022\/02\/ficha2-mis-circulos-de-relaciones.pdf\">ficha2-mis-circulos-de-relaciones<\/a><\/span><\/p>\n<p>&nbsp;<\/p>\n<p><strong><span style=\"font-family: arial, helvetica, sans-serif\"><a href=\"https:\/\/blogsaverroes.juntadeandalucia.es\/cosjmalaga\/files\/2022\/02\/MATERIALES-PARA-TRABAJAR-PREVENCION-DE-VIOLENCIA-SEXUAL.docx\">MATERIALES PARA TRABAJAR PREVENCION DE VIOLENCIA SEXUAL<\/a><\/span><\/strong><\/p>\n<blockquote><p>&nbsp;<\/p>\n<p><span style=\"font-size: 14pt\"><strong><span style=\"font-family: arial, helvetica, sans-serif\">CUENTOS ESPEC\u00cdFICOS DE PREVENCI\u00d3N DE ABUSO SEXUAL<\/span><\/strong><\/span><\/p>\n<p>&nbsp;<\/p>\n<p><img loading=\"lazy\" decoding=\"async\" class=\"alignnone wp-image-887\" src=\"https:\/\/blogsaverroes.juntadeandalucia.es\/cosjmalaga\/files\/2022\/02\/NI-UN-BESITO.jpg\" alt=\"\" width=\"223\" height=\"315\"><img loading=\"lazy\" decoding=\"async\" class=\"alignnone wp-image-888\" src=\"https:\/\/blogsaverroes.juntadeandalucia.es\/cosjmalaga\/files\/2022\/02\/NI-UN-ABRAZO.jpg\" alt=\"\" width=\"237\" height=\"328\"><img loading=\"lazy\" decoding=\"async\" class=\"alignnone wp-image-889\" src=\"https:\/\/blogsaverroes.juntadeandalucia.es\/cosjmalaga\/files\/2022\/02\/LA-ASAMBLEA-DE-LOS-MONOS.jpg\" alt=\"\" width=\"296\" height=\"284\"><img loading=\"lazy\" decoding=\"async\" class=\"wp-image-890 alignleft\" src=\"https:\/\/blogsaverroes.juntadeandalucia.es\/cosjmalaga\/files\/2022\/02\/NO-TE-CALLES.jpg\" alt=\"\" width=\"421\" height=\"302\"><img loading=\"lazy\" decoding=\"async\" class=\"alignnone wp-image-891\" src=\"https:\/\/blogsaverroes.juntadeandalucia.es\/cosjmalaga\/files\/2022\/02\/OJOS-VERDES.jpg\" alt=\"\" width=\"258\" height=\"275\"><img loading=\"lazy\" decoding=\"async\" class=\"alignnone wp-image-892\" src=\"https:\/\/blogsaverroes.juntadeandalucia.es\/cosjmalaga\/files\/2022\/02\/CATA-Y-BENJA.jpg\" alt=\"\" width=\"270\" height=\"270\" srcset=\"https:\/\/blogsaverroes.juntadeandalucia.es\/cosjmalaga\/files\/2022\/02\/CATA-Y-BENJA.jpg 225w, https:\/\/blogsaverroes.juntadeandalucia.es\/cosjmalaga\/files\/2022\/02\/CATA-Y-BENJA-150x150.jpg 150w, https:\/\/blogsaverroes.juntadeandalucia.es\/cosjmalaga\/files\/2022\/02\/CATA-Y-BENJA-80x80.jpg 80w\" sizes=\"(max-width: 270px) 100vw, 270px\" \/><img loading=\"lazy\" decoding=\"async\" class=\"alignnone wp-image-893\" src=\"https:\/\/blogsaverroes.juntadeandalucia.es\/cosjmalaga\/files\/2022\/02\/EL-DIA-QUE.jpg\" alt=\"\" width=\"280\" height=\"281\" srcset=\"https:\/\/blogsaverroes.juntadeandalucia.es\/cosjmalaga\/files\/2022\/02\/EL-DIA-QUE.jpg 225w, https:\/\/blogsaverroes.juntadeandalucia.es\/cosjmalaga\/files\/2022\/02\/EL-DIA-QUE-150x150.jpg 150w, https:\/\/blogsaverroes.juntadeandalucia.es\/cosjmalaga\/files\/2022\/02\/EL-DIA-QUE-80x80.jpg 80w\" sizes=\"(max-width: 280px) 100vw, 280px\" \/><img loading=\"lazy\" decoding=\"async\" class=\"alignnone wp-image-894\" src=\"https:\/\/blogsaverroes.juntadeandalucia.es\/cosjmalaga\/files\/2022\/02\/KIKO.jpg\" alt=\"\" width=\"292\" height=\"293\" srcset=\"https:\/\/blogsaverroes.juntadeandalucia.es\/cosjmalaga\/files\/2022\/02\/KIKO.jpg 224w, https:\/\/blogsaverroes.juntadeandalucia.es\/cosjmalaga\/files\/2022\/02\/KIKO-150x150.jpg 150w, https:\/\/blogsaverroes.juntadeandalucia.es\/cosjmalaga\/files\/2022\/02\/KIKO-80x80.jpg 80w\" sizes=\"(max-width: 292px) 100vw, 292px\" \/><img loading=\"lazy\" decoding=\"async\" class=\"alignnone size-full wp-image-1421\" src=\"https:\/\/blogsaverroes.juntadeandalucia.es\/cosjmalaga\/files\/2024\/11\/ese-juego-no-me-gusta.jpeg\" alt=\"\" width=\"223\" height=\"226\" srcset=\"https:\/\/blogsaverroes.juntadeandalucia.es\/cosjmalaga\/files\/2024\/11\/ese-juego-no-me-gusta.jpeg 223w, https:\/\/blogsaverroes.juntadeandalucia.es\/cosjmalaga\/files\/2024\/11\/ese-juego-no-me-gusta-80x80.jpeg 80w\" sizes=\"(max-width: 223px) 100vw, 223px\" \/><\/p><\/blockquote>\n<p>&nbsp;<\/p>\n<p>&nbsp;<\/p>\n<p>&nbsp;<\/p>\n","protected":false},"excerpt":{"rendered":"<p>V\u00cdDEO SOBRE \u00c9TICA RELACIONAL Y PREVENCI\u00d3N DE ABUSO SEXUAL INFANTIL:&nbsp; V\u00eddeo Mi cuerpo es mi cuerpo V\u00eddeo: El consentimiento explicado para ni\u00f1os &nbsp; CAMPA\u00d1AS RELEVANTES EN PREVENCI\u00d3N DE VIOLENCIA SEXUAL Campa\u00f1a Secretos que Duelen,&#46;&#46;&#46;<\/p>\n","protected":false},"author":12075,"featured_media":0,"parent":0,"menu_order":0,"comment_status":"closed","ping_status":"closed","template":"","meta":{"ngg_post_thumbnail":0,"footnotes":""},"aioseo_notices":[],"post_mailing_queue_ids":[],"_links":{"self":[{"href":"https:\/\/blogsaverroes.juntadeandalucia.es\/cosjmalaga\/wp-json\/wp\/v2\/pages\/135"}],"collection":[{"href":"https:\/\/blogsaverroes.juntadeandalucia.es\/cosjmalaga\/wp-json\/wp\/v2\/pages"}],"about":[{"href":"https:\/\/blogsaverroes.juntadeandalucia.es\/cosjmalaga\/wp-json\/wp\/v2\/types\/page"}],"author":[{"embeddable":true,"href":"https:\/\/blogsaverroes.juntadeandalucia.es\/cosjmalaga\/wp-json\/wp\/v2\/users\/12075"}],"replies":[{"embeddable":true,"href":"https:\/\/blogsaverroes.juntadeandalucia.es\/cosjmalaga\/wp-json\/wp\/v2\/comments?post=135"}],"version-history":[{"count":48,"href":"https:\/\/blogsaverroes.juntadeandalucia.es\/cosjmalaga\/wp-json\/wp\/v2\/pages\/135\/revisions"}],"predecessor-version":[{"id":1472,"href":"https:\/\/blogsaverroes.juntadeandalucia.es\/cosjmalaga\/wp-json\/wp\/v2\/pages\/135\/revisions\/1472"}],"wp:attachment":[{"href":"https:\/\/blogsaverroes.juntadeandalucia.es\/cosjmalaga\/wp-json\/wp\/v2\/media?parent=135"}],"curies":[{"name":"wp","href":"https:\/\/api.w.org\/{rel}","templated":true}]}}