{"id":138,"date":"2021-03-25T10:25:24","date_gmt":"2021-03-25T10:25:24","guid":{"rendered":"https:\/\/blogsaverroes.juntadeandalucia.es\/cosjmalaga\/?page_id=138"},"modified":"2022-02-13T20:34:28","modified_gmt":"2022-02-13T20:34:28","slug":"materiales-para-familias","status":"publish","type":"page","link":"https:\/\/blogsaverroes.juntadeandalucia.es\/cosjmalaga\/materiales-para-familias\/","title":{"rendered":"Materiales para familias Educaci\u00f3n Infantil y Primaria"},"content":{"rendered":"<p><span style=\"font-family: arial, helvetica, sans-serif;font-size: 14pt\"><a href=\"https:\/\/blogsaverroes.juntadeandalucia.es\/cosjmalaga\/files\/2022\/02\/mito-y-dato-educaci\u00f3n-sexual.pdf\">Mitos y datos sobre la&nbsp; educaci\u00f3n sexual<\/a><\/span><\/p>\n<p><span style=\"font-family: arial, helvetica, sans-serif;font-size: 14pt\"><strong><a href=\"https:\/\/blogsaverroes.juntadeandalucia.es\/cosjmalaga\/files\/2021\/10\/GU\u00cdA-75-LIBROS-EDUCACI\u00d3N-SEXUAL-FAMILIAS-CON-PEQUES.-ASEXOVI.-CRUZ-ROJA.-2020.-PDF.pdf\">GU\u00cdA 75 LIBROS EDUCACI\u00d3N SEXUAL FAMILIAS CON PEQUES. ASEXOVI. CRUZ ROJA. 2020. <\/a><\/strong><\/span><\/p>\n<p><span style=\"font-family: arial, helvetica, sans-serif;font-size: 14pt\"><strong><a href=\"https:\/\/blogsaverroes.juntadeandalucia.es\/cosjmalaga\/files\/2021\/03\/orientaciones-familia-masturbacion.pdf\">Orientaciones a familias ante la autoestimulaci\u00f3n infantil<\/a><\/strong><\/span><\/p>\n<p><span style=\"font-family: arial, helvetica, sans-serif;font-size: 14pt\"><strong><a href=\"https:\/\/blogsaverroes.juntadeandalucia.es\/cosjmalaga\/files\/2021\/03\/Edusexinfantil-y-primaria.pdf\">Educaci\u00f3n Sexual de la Primera Infancia (Gu\u00eda para familias y profesorado de Educaci\u00f3n Infantil 0-6 a\u00f1os)<\/a><\/strong><\/span><\/p>\n<p><span style=\"font-family: arial, helvetica, sans-serif;font-size: 14pt\"><a href=\"https:\/\/blogsaverroes.juntadeandalucia.es\/cosjmalaga\/files\/2021\/03\/La_educacion_sexual_de_ninas_y_ninos_de_6_a_12_anios_Guia_de_madres_padre_y_profesorado.pdf\"><strong>La educaci\u00f3n sexual de ni\u00f1as y ni\u00f1os de 6 a 12 a\u00f1os: Gu\u00eda de madres padres y profesorado<\/strong><\/a><\/span><\/p>\n<p><span style=\"font-family: arial, helvetica, sans-serif;font-size: 14pt\"><strong><a href=\"https:\/\/blogsaverroes.juntadeandalucia.es\/cosjmalaga\/files\/2021\/03\/Guia_infancia_intolerancia_genero.pdf\">Gu\u00eda para la infancia: Intolerancia por el G\u00e9nero<\/a><\/strong><\/span><\/p>\n<p><span style=\"font-family: arial, helvetica, sans-serif;font-size: 14pt\"><a href=\"https:\/\/blogsaverroes.juntadeandalucia.es\/cosjmalaga\/files\/2021\/03\/respuestas_faciles_a_preguntas_dificiles_0.pdf\">Gu\u00eda: <strong>Respuestas F\u00e1ciles a Preguntas Dif\u00edciles<\/strong> (desde los 0 a 18 a\u00f1os) (Save the Children)<\/a><\/span><\/p>\n<p><span style=\"font-family: arial, helvetica, sans-serif;font-size: 14pt\"><a href=\"https:\/\/blogsaverroes.juntadeandalucia.es\/cosjmalaga\/files\/2021\/03\/CUENTOS-PARA-EDUCAR-EN-FAMILIA.pdf\"><strong>Cuentos<\/strong> para Educar en Familia (CEAPA)<\/a><\/span><\/p>\n<p><span style=\"font-family: arial, helvetica, sans-serif;font-size: 14pt\"><strong><a href=\"https:\/\/rejuega.com\/reflexiones-y-recursos\/literatura-infantil\/libros-sobre-sexualidad-para-toda-la-familia\/\">Cuentos educaci\u00f3n sexual<\/a><\/strong><\/span><\/p>\n<p><span style=\"font-family: arial, helvetica, sans-serif;font-size: 14pt\"><strong><a href=\"https:\/\/blogsaverroes.juntadeandalucia.es\/cosjmalaga\/files\/2021\/05\/Tenemos_que_hablar_del_porno.pdf\">Tenemos que hablar del porno.<\/a><\/strong><a href=\"https:\/\/blogsaverroes.juntadeandalucia.es\/cosjmalaga\/files\/2021\/05\/Tenemos_que_hablar_del_porno.pdf\">Gu\u00eda para familias sobre el consumo <\/a><a href=\"https:\/\/blogsaverroes.juntadeandalucia.es\/cosjmalaga\/files\/2021\/05\/Tenemos_que_hablar_del_porno.pdf\">de pornograf\u00eda en la adolescencia (Save the Children)<\/a><\/span><\/p>\n<p><span style=\"font-family: arial, helvetica, sans-serif;font-size: 14pt\"><strong><a href=\"https:\/\/blogsaverroes.juntadeandalucia.es\/cosjmalaga\/files\/2021\/11\/guia_para_padres_y_madres.pdf\">Guia_para_padres_y_madres. Federaci\u00f3n Arco\u00edoris. Familias por la Diversidad<\/a><\/strong><\/span><\/p>\n<p><span style=\"font-family: arial, helvetica, sans-serif;font-size: 14pt\"><strong><a href=\"https:\/\/blogsaverroes.juntadeandalucia.es\/cosjmalaga\/files\/2021\/11\/guia_como_contarselo_a_tu_familia.pdf\">Guia_como_contarselo_a_tu_familia. FELGTB<\/a><\/strong><\/span><\/p>\n","protected":false},"excerpt":{"rendered":"<p>Mitos y datos sobre la&nbsp; educaci\u00f3n sexual GU\u00cdA 75 LIBROS EDUCACI\u00d3N SEXUAL FAMILIAS CON PEQUES. ASEXOVI. CRUZ ROJA. 2020. Orientaciones a familias ante la autoestimulaci\u00f3n infantil Educaci\u00f3n Sexual de la Primera Infancia (Gu\u00eda para&#46;&#46;&#46;<\/p>\n","protected":false},"author":12075,"featured_media":0,"parent":0,"menu_order":0,"comment_status":"closed","ping_status":"closed","template":"","meta":{"ngg_post_thumbnail":0,"footnotes":""},"aioseo_notices":[],"post_mailing_queue_ids":[],"_links":{"self":[{"href":"https:\/\/blogsaverroes.juntadeandalucia.es\/cosjmalaga\/wp-json\/wp\/v2\/pages\/138"}],"collection":[{"href":"https:\/\/blogsaverroes.juntadeandalucia.es\/cosjmalaga\/wp-json\/wp\/v2\/pages"}],"about":[{"href":"https:\/\/blogsaverroes.juntadeandalucia.es\/cosjmalaga\/wp-json\/wp\/v2\/types\/page"}],"author":[{"embeddable":true,"href":"https:\/\/blogsaverroes.juntadeandalucia.es\/cosjmalaga\/wp-json\/wp\/v2\/users\/12075"}],"replies":[{"embeddable":true,"href":"https:\/\/blogsaverroes.juntadeandalucia.es\/cosjmalaga\/wp-json\/wp\/v2\/comments?post=138"}],"version-history":[{"count":23,"href":"https:\/\/blogsaverroes.juntadeandalucia.es\/cosjmalaga\/wp-json\/wp\/v2\/pages\/138\/revisions"}],"predecessor-version":[{"id":870,"href":"https:\/\/blogsaverroes.juntadeandalucia.es\/cosjmalaga\/wp-json\/wp\/v2\/pages\/138\/revisions\/870"}],"wp:attachment":[{"href":"https:\/\/blogsaverroes.juntadeandalucia.es\/cosjmalaga\/wp-json\/wp\/v2\/media?parent=138"}],"curies":[{"name":"wp","href":"https:\/\/api.w.org\/{rel}","templated":true}]}}