{"id":141,"date":"2021-03-25T11:05:18","date_gmt":"2021-03-25T11:05:18","guid":{"rendered":"https:\/\/blogsaverroes.juntadeandalucia.es\/cosjmalaga\/?page_id=141"},"modified":"2025-11-12T11:10:32","modified_gmt":"2025-11-12T11:10:32","slug":"biblioteca-y-videoteca","status":"publish","type":"page","link":"https:\/\/blogsaverroes.juntadeandalucia.es\/cosjmalaga\/biblioteca-y-videoteca\/","title":{"rendered":"Videos y Libros para Educaci\u00f3n Infantil y Primaria"},"content":{"rendered":"<p><span style=\"font-family: arial, helvetica, sans-serif;font-size: 14pt\"><strong>V\u00cdDEOS PARA TRABAJAR LA EXPRESI\u00d3N EXTERIOR Y RESPETO A LA CREATIVIDAD DE G\u00c9NERO&nbsp;<\/strong><\/span><\/p>\n<p><span style=\"font-family: arial, helvetica, sans-serif\"><span style=\"font-family: arial, helvetica, sans-serif\">V\u00eddeo <\/span><b style=\"font-family: arial, helvetica, sans-serif\">Lalo el <\/b><span style=\"font-family: arial, helvetica, sans-serif\"><b>Pr\u00edncipe<\/b><\/span><b style=\"font-family: arial, helvetica, sans-serif\"> Rosa<\/b><span style=\"font-family: arial, helvetica, sans-serif\">. Cuento coeducativo creado y escrito por Gema Otero Guti\u00e9rrez<\/span><\/span><\/p>\n<div style=\"width: 1280px;\" class=\"wp-video\"><!--[if lt IE 9]><script>document.createElement('video');<\/script><![endif]-->\n<video class=\"wp-video-shortcode\" id=\"video-141-1\" width=\"1280\" height=\"720\" preload=\"metadata\" controls=\"controls\"><source type=\"video\/mp4\" src=\"https:\/\/blogsaverroes.juntadeandalucia.es\/cosjmalaga\/files\/2021\/10\/Lalo-el-pr\u00edncipe-rosa-Video-cuento.mp4?_=1\" \/><a href=\"https:\/\/blogsaverroes.juntadeandalucia.es\/cosjmalaga\/files\/2021\/10\/Lalo-el-pr\u00edncipe-rosa-Video-cuento.mp4\">https:\/\/blogsaverroes.juntadeandalucia.es\/cosjmalaga\/files\/2021\/10\/Lalo-el-pr\u00edncipe-rosa-Video-cuento.mp4<\/a><\/video><\/div>\n<p>&nbsp;<\/p>\n<p><span style=\"font-family: arial, helvetica, sans-serif;font-size: 12pt\"><strong>V\u00eddeo SuperLola.<\/strong> Cuento coeducativo creado y escrito por Gema Otero Guti\u00e9rrez. Se puede aplicar con esta<strong> <a href=\"https:\/\/blogsaverroes.juntadeandalucia.es\/cosjmalaga\/files\/2021\/10\/Guia-SuperLola.pdf\">Gu\u00eda<\/a><\/strong><\/span><\/p>\n<div style=\"width: 640px;\" class=\"wp-video\"><video class=\"wp-video-shortcode\" id=\"video-141-2\" width=\"640\" height=\"360\" preload=\"metadata\" controls=\"controls\"><source type=\"video\/mp4\" src=\"https:\/\/blogsaverroes.juntadeandalucia.es\/cosjmalaga\/files\/2021\/10\/CAMPA\u00d1A-COEDUCACI\u00d3N-8-MARZO-SUPERLOLA.mp4?_=2\" \/><a href=\"https:\/\/blogsaverroes.juntadeandalucia.es\/cosjmalaga\/files\/2021\/10\/CAMPA\u00d1A-COEDUCACI\u00d3N-8-MARZO-SUPERLOLA.mp4\">https:\/\/blogsaverroes.juntadeandalucia.es\/cosjmalaga\/files\/2021\/10\/CAMPA\u00d1A-COEDUCACI\u00d3N-8-MARZO-SUPERLOLA.mp4<\/a><\/video><\/div>\n<p>&nbsp; &nbsp;<\/p>\n<p>Cuento Infantil sobre sexualidad <strong>DE CAMINO A LA VIDA<\/strong>: <strong>https:\/\/www.youtube.com\/embed\/fgA8dQS1YkI?wmode=transparent<\/strong><\/p>\n<p>REA Qu\u00e9 es la sexualidad:&nbsp;<a title=\"QU\u00c9 ES LA SEXUALIDAD\" href=\"https:\/\/www.youtube.com\/watch?v=uQ3ARUFiqzI\">https:\/\/www.youtube.com\/watch?v=uQ3ARUFiqzI<\/a><\/p>\n<p><span style=\"font-size: 14pt\"><strong><span style=\"font-family: arial, helvetica, sans-serif\">V\u00cdDEO SOBRE \u00c9TICA RELACIONAL Y PREVENCI\u00d3N DE ABUSO SEXUAL INFANTIL:&nbsp;<\/span><\/strong><\/span><\/p>\n<p><span style=\"font-family: arial, helvetica, sans-serif\">V\u00eddeo: <strong>El consentimiento explicado para ni\u00f1os<\/strong><\/span><\/p>\n<div style=\"width: 1280px;\" class=\"wp-video\"><video class=\"wp-video-shortcode\" id=\"video-141-3\" width=\"1280\" height=\"720\" preload=\"metadata\" controls=\"controls\"><source type=\"video\/mp4\" src=\"https:\/\/blogsaverroes.juntadeandalucia.es\/cosjmalaga\/files\/2022\/12\/EXPLICAMOS\u2122-EL-CONSENTIMIENTO-PARA-NI\u00d1@S-videoexplicativo.mp4?_=3\" \/><a href=\"https:\/\/blogsaverroes.juntadeandalucia.es\/cosjmalaga\/files\/2022\/12\/EXPLICAMOS\u2122-EL-CONSENTIMIENTO-PARA-NI\u00d1@S-videoexplicativo.mp4\">https:\/\/blogsaverroes.juntadeandalucia.es\/cosjmalaga\/files\/2022\/12\/EXPLICAMOS\u2122-EL-CONSENTIMIENTO-PARA-NI\u00d1@S-videoexplicativo.mp4<\/a><\/video><\/div>\n<p><span style=\"font-family: arial, helvetica, sans-serif\"><a href=\"https:\/\/blogsaverroes.juntadeandalucia.es\/cosjmalaga\/files\/2021\/03\/GUIA-48-LIBROS-EDUCACION-SEXUAL-FAMILIAS-CON-PEQUES.-ASEXOVI-2.pdf\"><strong>Gu\u00eda de Libros de Educaci\u00f3n Sexual para Familias<\/strong> con peques( ASEXOVI)<\/a><\/span><\/p>\n<p><span style=\"font-family: arial, helvetica, sans-serif\"><strong><a href=\"https:\/\/www.youtube.com\/watch?v=EOs55BhDBoY\">V\u00eddeo La primera regla<\/a><\/strong><\/span><\/p>\n<p><span style=\"font-family: arial, helvetica, sans-serif\"><a href=\"https:\/\/blogsaverroes.juntadeandalucia.es\/cosjmalaga\/files\/2021\/03\/literatura-infantil-prevencion-homo_transfobia.pdf\"><strong>Literatura Infantil y Juvenil<\/strong> para la prevenci\u00f3n de LGTBIfobia<\/a><\/span><\/p>\n<p><span style=\"font-family: arial, helvetica, sans-serif\"><strong><a href=\"https:\/\/blogsaverroes.juntadeandalucia.es\/cosjmalaga\/files\/2021\/10\/GU\u00cdA-75-LIBROS-EDUCACI\u00d3N-SEXUAL-FAMILIAS-CON-PEQUES.-ASEXOVI.-CRUZ-ROJA.-2020.-PDF.pdf\">GU\u00cdA 75 LIBROS EDUCACI\u00d3N SEXUAL FAMILIAS CON PEQUES. ASEXOVI. CRUZ ROJA. 2020.<\/a><\/strong><\/span><\/p>\n<p><strong><span style=\"font-family: arial, helvetica, sans-serif\">CUENTOS SOBRE LA MENSTRUACI\u00d3N:&nbsp;<\/span><\/strong><\/p>\n<ul>\n<li><a href=\"https:\/\/blogsaverroes.juntadeandalucia.es\/cosjmalaga\/files\/2025\/11\/mama-me-ha-venido-la-regla-1.pdf\">mama-me-ha-venido-la-regla<\/a><\/li>\n<li><a href=\"https:\/\/blogsaverroes.juntadeandalucia.es\/cosjmalaga\/files\/2025\/11\/Guia-Didactica-el-tesoro-de-Lilth.-Cuento-Coeducativo-Cantado.pdf\">Guia-Dida\u0301ctica-el-tesoro-de-Lilth<\/a><\/li>\n<\/ul>\n<p>&nbsp;<\/p>\n<blockquote><p><strong><span style=\"font-family: arial, helvetica, sans-serif;font-size: 14pt\">PROPUESTA DE CUENTOS PARA HACER EDUCACI\u00d3N SEXUAL (recomendaciones para biblioteca del cole o para casa):<\/span><\/strong><\/p><\/blockquote>\n<p><img loading=\"lazy\" decoding=\"async\" class=\"wp-image-874 alignleft\" src=\"https:\/\/blogsaverroes.juntadeandalucia.es\/cosjmalaga\/files\/2022\/02\/sexo-es-una-palabra-divertida.jpg\" alt=\"\" width=\"292\" height=\"359\"><\/p>\n<p><img loading=\"lazy\" decoding=\"async\" class=\"alignnone wp-image-876\" src=\"https:\/\/blogsaverroes.juntadeandalucia.es\/cosjmalaga\/files\/2022\/02\/CUENTAMELO-TODO.jpg\" alt=\"\" width=\"325\" height=\"420\"><\/p>\n<p>&nbsp;<\/p>\n<p><img loading=\"lazy\" decoding=\"async\" class=\"alignnone wp-image-1153\" src=\"https:\/\/blogsaverroes.juntadeandalucia.es\/cosjmalaga\/files\/2022\/12\/HABLEMOS-DE-SEXO.jpg\" alt=\"\" width=\"311\" height=\"409\"><img loading=\"lazy\" decoding=\"async\" class=\"alignnone wp-image-880\" src=\"https:\/\/blogsaverroes.juntadeandalucia.es\/cosjmalaga\/files\/2022\/02\/cuentame-m\u00e1s-cosas.jpg\" alt=\"\" width=\"320\" height=\"418\"><\/p>\n<p><img loading=\"lazy\" decoding=\"async\" class=\"alignnone wp-image-1154\" src=\"https:\/\/blogsaverroes.juntadeandalucia.es\/cosjmalaga\/files\/2022\/12\/EL-SEMEN-MOLA.jpg\" alt=\"\" width=\"377\" height=\"490\"><img loading=\"lazy\" decoding=\"async\" class=\"alignnone wp-image-881\" src=\"https:\/\/blogsaverroes.juntadeandalucia.es\/cosjmalaga\/files\/2022\/02\/qu\u00e9-me-esta-pasando.jpg\" alt=\"\" width=\"302\" height=\"455\"><img loading=\"lazy\" decoding=\"async\" class=\"alignnone wp-image-1155\" src=\"https:\/\/blogsaverroes.juntadeandalucia.es\/cosjmalaga\/files\/2022\/12\/TU-CUERPO-MOLA.jpg\" alt=\"\" width=\"400\" height=\"520\"><img loading=\"lazy\" decoding=\"async\" class=\"alignnone wp-image-1216\" src=\"https:\/\/blogsaverroes.juntadeandalucia.es\/cosjmalaga\/files\/2023\/05\/todo-el-mundo-tiene-un-trasero.jpg\" alt=\"\" width=\"213\" height=\"292\"><img loading=\"lazy\" decoding=\"async\" class=\"alignnone wp-image-1156\" src=\"https:\/\/blogsaverroes.juntadeandalucia.es\/cosjmalaga\/files\/2022\/12\/TU-CUERPO-MOLA-TYLER.jpg\" alt=\"\" width=\"302\" height=\"302\" srcset=\"https:\/\/blogsaverroes.juntadeandalucia.es\/cosjmalaga\/files\/2022\/12\/TU-CUERPO-MOLA-TYLER.jpg 225w, https:\/\/blogsaverroes.juntadeandalucia.es\/cosjmalaga\/files\/2022\/12\/TU-CUERPO-MOLA-TYLER-150x150.jpg 150w, https:\/\/blogsaverroes.juntadeandalucia.es\/cosjmalaga\/files\/2022\/12\/TU-CUERPO-MOLA-TYLER-80x80.jpg 80w\" sizes=\"(max-width: 302px) 100vw, 302px\" \/>&nbsp;<img loading=\"lazy\" decoding=\"async\" class=\"alignnone wp-image-1205\" src=\"https:\/\/blogsaverroes.juntadeandalucia.es\/cosjmalaga\/files\/2023\/05\/A-MI-TAMBI\u00c9N.jpg\" alt=\"\" width=\"269\" height=\"269\" srcset=\"https:\/\/blogsaverroes.juntadeandalucia.es\/cosjmalaga\/files\/2023\/05\/A-MI-TAMBI\u00c9N.jpg 140w, https:\/\/blogsaverroes.juntadeandalucia.es\/cosjmalaga\/files\/2023\/05\/A-MI-TAMBI\u00c9N-80x80.jpg 80w\" sizes=\"(max-width: 269px) 100vw, 269px\" \/><img loading=\"lazy\" decoding=\"async\" class=\"alignnone wp-image-1206\" src=\"https:\/\/blogsaverroes.juntadeandalucia.es\/cosjmalaga\/files\/2023\/05\/cambios.jpg\" alt=\"\" width=\"222\" height=\"335\"><img loading=\"lazy\" decoding=\"async\" class=\"alignnone wp-image-1210\" src=\"https:\/\/blogsaverroes.juntadeandalucia.es\/cosjmalaga\/files\/2023\/05\/hola-menstruaci\u00f3n.jpg\" alt=\"\" width=\"219\" height=\"279\"><img loading=\"lazy\" decoding=\"async\" class=\"alignnone wp-image-1423\" src=\"https:\/\/blogsaverroes.juntadeandalucia.es\/cosjmalaga\/files\/2024\/11\/tu-cuerpo-es-tuyo.jpeg\" alt=\"\" width=\"238\" height=\"288\"><img loading=\"lazy\" decoding=\"async\" class=\"alignnone wp-image-1222\" src=\"https:\/\/blogsaverroes.juntadeandalucia.es\/cosjmalaga\/files\/2023\/05\/huevo.jpg\" alt=\"\" width=\"309\" height=\"296\"><img loading=\"lazy\" decoding=\"async\" class=\"alignnone wp-image-1424\" src=\"https:\/\/blogsaverroes.juntadeandalucia.es\/cosjmalaga\/files\/2024\/11\/el-porno-no-mola.jpeg\" alt=\"\" width=\"238\" height=\"297\"><\/p>\n<p><img loading=\"lazy\" decoding=\"async\" class=\" wp-image-875 alignleft\" src=\"https:\/\/blogsaverroes.juntadeandalucia.es\/cosjmalaga\/files\/2022\/02\/como-se-hace-una-criatura.jpg\" alt=\"\" width=\"377\" height=\"373\" srcset=\"https:\/\/blogsaverroes.juntadeandalucia.es\/cosjmalaga\/files\/2022\/02\/como-se-hace-una-criatura.jpg 226w, https:\/\/blogsaverroes.juntadeandalucia.es\/cosjmalaga\/files\/2022\/02\/como-se-hace-una-criatura-80x80.jpg 80w\" sizes=\"(max-width: 377px) 100vw, 377px\" \/><\/p>\n<p><img loading=\"lazy\" decoding=\"async\" class=\" wp-image-877 alignleft\" src=\"https:\/\/blogsaverroes.juntadeandalucia.es\/cosjmalaga\/files\/2022\/02\/LA-REGLA-MOLA.jpg\" alt=\"\" width=\"315\" height=\"409\"><\/p>\n","protected":false},"excerpt":{"rendered":"<p>V\u00cdDEOS PARA TRABAJAR LA EXPRESI\u00d3N EXTERIOR Y RESPETO A LA CREATIVIDAD DE G\u00c9NERO&nbsp; V\u00eddeo Lalo el Pr\u00edncipe Rosa. Cuento coeducativo creado y escrito por Gema Otero Guti\u00e9rrez &nbsp; V\u00eddeo SuperLola. Cuento coeducativo creado y&#46;&#46;&#46;<\/p>\n","protected":false},"author":12075,"featured_media":0,"parent":0,"menu_order":0,"comment_status":"closed","ping_status":"closed","template":"","meta":{"ngg_post_thumbnail":0,"footnotes":""},"aioseo_notices":[],"post_mailing_queue_ids":[],"_links":{"self":[{"href":"https:\/\/blogsaverroes.juntadeandalucia.es\/cosjmalaga\/wp-json\/wp\/v2\/pages\/141"}],"collection":[{"href":"https:\/\/blogsaverroes.juntadeandalucia.es\/cosjmalaga\/wp-json\/wp\/v2\/pages"}],"about":[{"href":"https:\/\/blogsaverroes.juntadeandalucia.es\/cosjmalaga\/wp-json\/wp\/v2\/types\/page"}],"author":[{"embeddable":true,"href":"https:\/\/blogsaverroes.juntadeandalucia.es\/cosjmalaga\/wp-json\/wp\/v2\/users\/12075"}],"replies":[{"embeddable":true,"href":"https:\/\/blogsaverroes.juntadeandalucia.es\/cosjmalaga\/wp-json\/wp\/v2\/comments?post=141"}],"version-history":[{"count":29,"href":"https:\/\/blogsaverroes.juntadeandalucia.es\/cosjmalaga\/wp-json\/wp\/v2\/pages\/141\/revisions"}],"predecessor-version":[{"id":1568,"href":"https:\/\/blogsaverroes.juntadeandalucia.es\/cosjmalaga\/wp-json\/wp\/v2\/pages\/141\/revisions\/1568"}],"wp:attachment":[{"href":"https:\/\/blogsaverroes.juntadeandalucia.es\/cosjmalaga\/wp-json\/wp\/v2\/media?parent=141"}],"curies":[{"name":"wp","href":"https:\/\/api.w.org\/{rel}","templated":true}]}}