{"id":147,"date":"2021-03-25T11:06:23","date_gmt":"2021-03-25T11:06:23","guid":{"rendered":"https:\/\/blogsaverroes.juntadeandalucia.es\/cosjmalaga\/?page_id=147"},"modified":"2025-11-12T11:42:58","modified_gmt":"2025-11-12T11:42:58","slug":"normativa-lgtbi","status":"publish","type":"page","link":"https:\/\/blogsaverroes.juntadeandalucia.es\/cosjmalaga\/normativa-lgtbi\/","title":{"rendered":"Normativa LGTBI+"},"content":{"rendered":"<p><span style=\"font-family: arial, helvetica, sans-serif;font-size: 14pt\"><strong><a href=\"https:\/\/blogsaverroes.juntadeandalucia.es\/cosjmalaga\/files\/2025\/11\/Protocolo-LGTBIfobia.pdf\">Ejemplo de Protocolo LGTBIfobia en centros educativos<\/a><\/strong><\/span><\/p>\n<p><span style=\"font-family: arial, helvetica, sans-serif;font-size: 14pt\"><strong><a href=\"https:\/\/blogsaverroes.juntadeandalucia.es\/cosjmalaga\/files\/2021\/09\/Declaraci\u00f3n-universal-DDHH.pdf\">Declaraci\u00f3n Universal<\/a> de los Derechos Humanos<\/strong><\/span><\/p>\n<p><span style=\"font-family: arial, helvetica, sans-serif;font-size: 14pt\"><strong><a href=\"https:\/\/blogsaverroes.juntadeandalucia.es\/cosjmalaga\/files\/2021\/09\/Yogyakarta-10-plus-principles_sp.pdf\">Principios de Yogyakarta 10 plus.<\/a> <\/strong>Estos principios ratifican est\u00e1ndares legales internacionales vinculantes de los distintos Estados en materia de derechos humanos relacionados con&nbsp; orientaci\u00f3n sexual e identidad de g\u00e9nero.&nbsp;<\/span><\/p>\n<p><span style=\"font-family: arial, helvetica, sans-serif;font-size: 14pt\"><strong><span style=\"color: #000000\">La Convenci\u00f3n de los Derechos del Ni\u00f1o <\/span><a href=\"https:\/\/blogsaverroes.juntadeandalucia.es\/cosjmalaga\/files\/2021\/09\/CDN-1.pdf\">CDN<\/a>,<\/strong> es un referente internacional muy relevante. Aqu\u00ed tienes tambi\u00e9n un<strong> resumen-presentaci\u00f3n de los <a href=\"https:\/\/blogsaverroes.juntadeandalucia.es\/cosjmalaga\/files\/2021\/09\/derechos-de-los-ni\u00f1os.pptx\">Derechos de los ni\u00f1os<\/a><\/strong><\/span><\/p>\n<p><span style=\"font-family: arial, helvetica, sans-serif;font-size: 14pt\">Aqu\u00ed puedes descargarte los <strong><a href=\"https:\/\/blogsaverroes.juntadeandalucia.es\/cosjmalaga\/files\/2021\/09\/Derechos-Sexuales-1997.pdf\">Derechos Sexuales<\/a> <\/strong>que son una serie de derechos&nbsp; humanos universales basados en la libertad, dignidad e igualdad inherentes a todos los seres humanos.&nbsp; Nuestro gobierno tambi\u00e9n lo publica en otro formato como este: <strong><a href=\"https:\/\/blogsaverroes.juntadeandalucia.es\/cosjmalaga\/files\/2021\/09\/Declaraci\u00f3n-de-derechos-sexuales.pdf\">Declaraci\u00f3n de derechos sexuales<\/a><\/strong><\/span><\/p>\n<blockquote><p><span style=\"font-size: 14pt;font-family: arial, helvetica, sans-serif\"><strong>ANDALUC\u00cdA<\/strong><\/span><\/p><\/blockquote>\n<p><span style=\"font-family: arial, helvetica, sans-serif;font-size: 14pt\"><strong>Decreto 9\/2020, de 30 de enero, por el que se regula la organizaci\u00f3n y funcionamiento del Consejo Andaluz LGTBI <\/strong>(BOJA n\u00famero 25 de 06\/02\/2020). <a class=\"doclink\" href=\"https:\/\/juntadeandalucia.es\/boja\/2020\/25\/2\" target=\"_blank\" rel=\"noreferrer noopener\">https:\/\/juntadeandalucia.es\/boja\/2020\/25\/2<\/a><\/span><\/p>\n<p style=\"text-align: justify\"><span style=\"font-family: arial, helvetica, sans-serif;font-size: 14pt\"><strong><a href=\"https:\/\/blogsaverroes.juntadeandalucia.es\/cosjmalaga\/files\/2021\/09\/ley-8_2017-no-discriminacion-LGTBI.pdf\">Ley 8\/ 2017,<\/a>&nbsp;<\/strong>de 28 de diciembre, para garantizar los derechos, la igualdad de trato y no discriminaci\u00f3n de las personas LGTBI y sus familiares en Andaluc\u00eda.<\/span><\/p>\n<p style=\"text-align: justify\"><span style=\"font-family: arial, helvetica, sans-serif;font-size: 14pt\"><strong><a href=\"https:\/\/blogsaverroes.juntadeandalucia.es\/cosjmalaga\/files\/2021\/09\/Ley-despatologizaci\u00f3n-TRANs.pdf\">Ley <\/a>2\/2014, de 8 de julio,<\/strong> integral para la no discriminaci\u00f3n por motivos de identidad de g\u00e9nero y reconocimiento de los derechos de las personas transexuales de Andaluc\u00eda.<\/span><\/p>\n<p style=\"text-align: justify\"><span style=\"font-family: arial, helvetica, sans-serif;font-size: 14pt\"><strong>Protocolo de actuaci\u00f3n sobre&nbsp;<a href=\"http:\/\/portal.ced.junta-andalucia.es\/educacion\/webportal\/ishare-servlet\/content\/0c4f4c50-b038-48c0-9a80-de10bf5ad75a\">identidad de g\u00e9nero en el sistema educativo andaluz<\/a><\/strong>. (BOJA n\u00fam. 96 de 21 de mayo de 2015)<\/span><\/p>\n<p style=\"text-align: justify\"><span style=\"font-family: arial, helvetica, sans-serif;font-size: 14pt\"><b><a href=\"https:\/\/blogsaverroes.juntadeandalucia.es\/cosjmalaga\/files\/2023\/09\/Plan-Estrat\u00e9gico-Igualdad.pdf\">Plan Estrat\u00e9gico para la Igualdad de Mujeres y Hombres en Andaluc\u00eda (22_28) <\/a><\/b>Acuerdo de 8 de marzo de 2022, del Consejo de Gobierno, por el que se aprueba el Plan Estrat\u00e9gico para la Igualdad de Mujeres y Hombres en Andaluc\u00eda 2022-2028.<\/span><\/p>\n<p style=\"text-align: justify\"><span style=\"font-family: arial, helvetica, sans-serif;font-size: 14pt\">Derechos de las personas en materia de diversidad sexual y g\u00e9nero y prevenci\u00f3n de delitos de odio,&nbsp;<\/span><span style=\"font-family: arial, helvetica, sans-serif;font-size: 14pt\"><strong><a href=\"https:\/\/www.juntadeandalucia.es\/export\/drupaljda\/publicacion\/20\/10\/LGTBI%20espan%CC%83ol.pdf\" target=\"_blank\" rel=\"noreferrer noopener\" aria-label=\"Derechos de las personas en materia de diversidad sexual y de g\u00e9nero y prevenci\u00f3n de delitos de odio (se abre en una nueva pesta\u00f1a)\">Derechos de las personas en materia de diversidad sexual y de g\u00e9nero y prevenci\u00f3n de delitos de odio<\/a>,<\/strong> es tr\u00edptico de la JJAA muy \u00fatil para&nbsp; proporcionar asesoramiento a v\u00edctimas de delitos de odio por raz\u00f3n de orientaci\u00f3n, identidad de g\u00e9nero real o percibida. Tambi\u00e9n se puede leer <strong><a href=\"https:\/\/www.juntadeandalucia.es\/export\/drupaljda\/publicacion\/19\/01\/GuiadelitosodioLGTBI2ed.pdf\" target=\"_blank\" rel=\"noreferrer noopener\" aria-label=\"Gu\u00eda de Delitos de Odio LGTBI (se abre en una nueva pesta\u00f1a)\">Gu\u00eda de Delitos de Odio LGTBI<\/a><\/strong> (2\u00aa edici\u00f3n), donde podr\u00e1s conocer tipolog\u00edas de delitos por ser, parecer o asociaci\u00f3n con personas LGTBI, as\u00ed como leer la <strong><em><a href=\"https:\/\/www.abogacia.es\/wp-content\/uploads\/2018\/12\/GUIA-DELITOS-DE-ODIO.pdf\" target=\"_blank\" rel=\"noreferrer noopener\" aria-label=\"Gu\u00eda Pr\u00e1ctica de Delitos de Odio para la Abogac\u00eda (se abre en una nueva pesta\u00f1a)\">Gu\u00eda Pr\u00e1ctica de Delitos de Odio para la Abogac\u00eda<\/a><\/em><\/strong> editada por la (Fundaci\u00f3n Abogac\u00eda Espa\u00f1ola donde Charo Alises, abogada responsable de la Comisi\u00f3n de Derechos Humanos del Colegio de Abogados de M\u00e1laga tambi\u00e9n es coautora).&nbsp;<\/span><\/p>\n<p><strong><span style=\"font-size: 14pt\"><span style=\"font-family: arial, helvetica, sans-serif\"><a href=\"https:\/\/blogsaverroes.juntadeandalucia.es\/cosjmalaga\/files\/2021\/12\/LGTBI-JUNTA-DE-ANDALUCIA.pdf\">LGTBI JUNTA DE ANDALUCIA.&nbsp; <\/a><\/span>Tr\u00edptico que recoge informaci\u00f3n sobre conceptos b\u00e1sicos y normativa en materia de derechos humanos y de las personas LGTBI.<\/span><\/strong><\/p>\n<p><span style=\"font-family: arial, helvetica, sans-serif;font-size: 14pt\"><strong><a href=\"https:\/\/blogsaverroes.juntadeandalucia.es\/cosjmalaga\/files\/2021\/09\/calendario-efem\u00e9rides-LGTBIQ.pdf\">Calendario efem\u00e9rides LGTBIQ. <\/a><\/strong>\u00datil recurso para orientarnos en el trabajo de la convivencia en los centros educativos<\/span><\/p>\n<p>&nbsp;<\/p>\n<p>&nbsp;<\/p>\n<p>&nbsp;<\/p>\n<p>&nbsp;<\/p>\n","protected":false},"excerpt":{"rendered":"<p>Ejemplo de Protocolo LGTBIfobia en centros educativos Declaraci\u00f3n Universal de los Derechos Humanos Principios de Yogyakarta 10 plus. Estos principios ratifican est\u00e1ndares legales internacionales vinculantes de los distintos Estados en materia de derechos humanos&#46;&#46;&#46;<\/p>\n","protected":false},"author":12075,"featured_media":0,"parent":0,"menu_order":0,"comment_status":"closed","ping_status":"closed","template":"","meta":{"ngg_post_thumbnail":0,"footnotes":""},"aioseo_notices":[],"post_mailing_queue_ids":[],"_links":{"self":[{"href":"https:\/\/blogsaverroes.juntadeandalucia.es\/cosjmalaga\/wp-json\/wp\/v2\/pages\/147"}],"collection":[{"href":"https:\/\/blogsaverroes.juntadeandalucia.es\/cosjmalaga\/wp-json\/wp\/v2\/pages"}],"about":[{"href":"https:\/\/blogsaverroes.juntadeandalucia.es\/cosjmalaga\/wp-json\/wp\/v2\/types\/page"}],"author":[{"embeddable":true,"href":"https:\/\/blogsaverroes.juntadeandalucia.es\/cosjmalaga\/wp-json\/wp\/v2\/users\/12075"}],"replies":[{"embeddable":true,"href":"https:\/\/blogsaverroes.juntadeandalucia.es\/cosjmalaga\/wp-json\/wp\/v2\/comments?post=147"}],"version-history":[{"count":34,"href":"https:\/\/blogsaverroes.juntadeandalucia.es\/cosjmalaga\/wp-json\/wp\/v2\/pages\/147\/revisions"}],"predecessor-version":[{"id":1570,"href":"https:\/\/blogsaverroes.juntadeandalucia.es\/cosjmalaga\/wp-json\/wp\/v2\/pages\/147\/revisions\/1570"}],"wp:attachment":[{"href":"https:\/\/blogsaverroes.juntadeandalucia.es\/cosjmalaga\/wp-json\/wp\/v2\/media?parent=147"}],"curies":[{"name":"wp","href":"https:\/\/api.w.org\/{rel}","templated":true}]}}