{"id":174,"date":"2021-03-29T09:40:54","date_gmt":"2021-03-29T09:40:54","guid":{"rendered":"https:\/\/blogsaverroes.juntadeandalucia.es\/cosjmalaga\/?page_id=174"},"modified":"2025-09-17T10:37:44","modified_gmt":"2025-09-17T10:37:44","slug":"contacta","status":"publish","type":"page","link":"https:\/\/blogsaverroes.juntadeandalucia.es\/cosjmalaga\/contacta\/","title":{"rendered":"CONTACTA"},"content":{"rendered":"<p style=\"text-align: justify\"><span style=\"font-family: arial, helvetica, sans-serif;font-size: 14pt\">Para centros Educativos: <a href=\"https:\/\/blogsaverroes.juntadeandalucia.es\/cosjmalaga\/files\/2024\/09\/deriv_EOEE_O_SEXUAL24.doc\">Solicitud odt<\/a> o <a href=\"https:\/\/blogsaverroes.juntadeandalucia.es\/cosjmalaga\/files\/2024\/09\/deriv_EOEE_O_SEXUAL24.pdf\">Solicitud pdf<\/a><\/span><\/p>\n<p style=\"text-align: justify\"><span style=\"font-family: arial, helvetica, sans-serif;font-size: 14pt\"><strong>Enviar a: <a href=\"mailto:orientasexual.dpma.ced@juntadeandalucia.es\">orientasexual.dpma.ced@juntadeandalucia.es <\/a><\/strong><\/span><span style=\"font-family: arial, helvetica, sans-serif\">Tel\u00e9fono directo (mi\u00e9rcoles en sede): <strong>951 293 653<\/strong><\/span><\/p>\n<p><img loading=\"lazy\" decoding=\"async\" class=\"alignnone wp-image-1330\" src=\"https:\/\/blogsaverroes.juntadeandalucia.es\/cosjmalaga\/files\/2024\/09\/Tarjeta-EOEE-ORIENTACION-SEXUAL-1-300x171.png\" alt=\"\" width=\"575\" height=\"328\" srcset=\"https:\/\/blogsaverroes.juntadeandalucia.es\/cosjmalaga\/files\/2024\/09\/Tarjeta-EOEE-ORIENTACION-SEXUAL-1-300x171.png 300w, https:\/\/blogsaverroes.juntadeandalucia.es\/cosjmalaga\/files\/2024\/09\/Tarjeta-EOEE-ORIENTACION-SEXUAL-1-1024x585.png 1024w, https:\/\/blogsaverroes.juntadeandalucia.es\/cosjmalaga\/files\/2024\/09\/Tarjeta-EOEE-ORIENTACION-SEXUAL-1-768x439.png 768w, https:\/\/blogsaverroes.juntadeandalucia.es\/cosjmalaga\/files\/2024\/09\/Tarjeta-EOEE-ORIENTACION-SEXUAL-1.png 1050w\" sizes=\"(max-width: 575px) 100vw, 575px\" \/><\/p>\n<p><span style=\"font-family: arial, helvetica, sans-serif;font-size: 12pt\">Se podr\u00e1 asesorar en casos concretos as\u00ed como proporcionar FORMACI\u00d3N para<strong>:&nbsp;<\/strong><\/span><\/p>\n<ul>\n<li style=\"text-align: justify\"><span style=\"font-size: 12pt;font-family: arial, helvetica, sans-serif\"><strong>FAMILIAS: <\/strong>(Asociaciones de madres y padres (AMPAS) o familias de tutor\u00eda de los centros educativos) podr\u00e1n recibir formaci\u00f3n sobre: educaci\u00f3n sexual, sensibilizaci\u00f3n hacia la diversidad sexogen\u00e9rica, claves en las distintas etapas evolutivas de la infancia y adolescencia&#8230;etc.&nbsp;<\/span><\/li>\n<li style=\"text-align: justify\"><span style=\"font-size: 12pt;font-family: arial, helvetica, sans-serif\"><strong>PROFESIONALES: <\/strong>para el dise\u00f1o, desarrollo e implementaci\u00f3n de programas o acciones de educaci\u00f3n sexual, atenci\u00f3n a la diversidad sexual, afectiva, familiar y de g\u00e9nero.&nbsp;<\/span><\/li>\n<\/ul>\n<p>&nbsp;<\/p>\n","protected":false},"excerpt":{"rendered":"<p>Para centros Educativos: Solicitud odt o Solicitud pdf Enviar a: orientasexual.dpma.ced@juntadeandalucia.es Tel\u00e9fono directo (mi\u00e9rcoles en sede): 951 293 653 Se podr\u00e1 asesorar en casos concretos as\u00ed como proporcionar FORMACI\u00d3N para:&nbsp; FAMILIAS: (Asociaciones de madres&#46;&#46;&#46;<\/p>\n","protected":false},"author":12075,"featured_media":0,"parent":0,"menu_order":0,"comment_status":"closed","ping_status":"closed","template":"","meta":{"ngg_post_thumbnail":0,"footnotes":""},"aioseo_notices":[],"post_mailing_queue_ids":[],"_links":{"self":[{"href":"https:\/\/blogsaverroes.juntadeandalucia.es\/cosjmalaga\/wp-json\/wp\/v2\/pages\/174"}],"collection":[{"href":"https:\/\/blogsaverroes.juntadeandalucia.es\/cosjmalaga\/wp-json\/wp\/v2\/pages"}],"about":[{"href":"https:\/\/blogsaverroes.juntadeandalucia.es\/cosjmalaga\/wp-json\/wp\/v2\/types\/page"}],"author":[{"embeddable":true,"href":"https:\/\/blogsaverroes.juntadeandalucia.es\/cosjmalaga\/wp-json\/wp\/v2\/users\/12075"}],"replies":[{"embeddable":true,"href":"https:\/\/blogsaverroes.juntadeandalucia.es\/cosjmalaga\/wp-json\/wp\/v2\/comments?post=174"}],"version-history":[{"count":46,"href":"https:\/\/blogsaverroes.juntadeandalucia.es\/cosjmalaga\/wp-json\/wp\/v2\/pages\/174\/revisions"}],"predecessor-version":[{"id":1505,"href":"https:\/\/blogsaverroes.juntadeandalucia.es\/cosjmalaga\/wp-json\/wp\/v2\/pages\/174\/revisions\/1505"}],"wp:attachment":[{"href":"https:\/\/blogsaverroes.juntadeandalucia.es\/cosjmalaga\/wp-json\/wp\/v2\/media?parent=174"}],"curies":[{"name":"wp","href":"https:\/\/api.w.org\/{rel}","templated":true}]}}