{"id":16,"date":"2020-01-10T07:39:23","date_gmt":"2020-01-10T06:39:23","guid":{"rendered":"http:\/\/blogsaverroes.juntadeandalucia.es\/pre\/nuevoiesv2\/?page_id=16"},"modified":"2021-04-24T21:29:54","modified_gmt":"2021-04-24T19:29:54","slug":"espa","status":"publish","type":"page","link":"https:\/\/blogsaverroes.juntadeandalucia.es\/cperpaulofreire\/espa\/","title":{"rendered":"ESPA"},"content":{"rendered":"<p>[et_pb_section fb_built=&#8221;1&#8243; admin_label=&#8221;ESPA&#8221; _builder_version=&#8221;3.23.3&#8243; custom_padding=&#8221;0px||0px|&#8221; z_index_tablet=&#8221;500&#8243; box_shadow_horizontal_tablet=&#8221;0px&#8221; box_shadow_vertical_tablet=&#8221;0px&#8221; box_shadow_blur_tablet=&#8221;40px&#8221; box_shadow_spread_tablet=&#8221;0px&#8221;][et_pb_row _builder_version=&#8221;3.25&#8243; background_size=&#8221;initial&#8221; background_position=&#8221;top_left&#8221; background_repeat=&#8221;repeat&#8221;][et_pb_column type=&#8221;4_4&#8243; _builder_version=&#8221;3.0.47&#8243; custom_padding=&#8221;|||&#8221; custom_padding__hover=&#8221;|||&#8221;][et_pb_image src=&#8221;https:\/\/blogsaverroes.juntadeandalucia.es\/cperpaulofreire\/files\/2021\/04\/student-849825_1920-e1619286045296.jpg&#8221; title_text=&#8221;student-849825_1920&#8243; admin_label=&#8221;Imagen de la portada&#8221; _builder_version=&#8221;4.5.0&#8243; vertical_offset_tablet=&#8221;0&#8243; horizontal_offset_tablet=&#8221;0&#8243; module_alignment=&#8221;center&#8221; max_height=&#8221;1000px&#8221; hover_enabled=&#8221;0&#8243; z_index_tablet=&#8221;500&#8243; border_radii=&#8221;on|24px|24px|24px|24px&#8221; border_width_all=&#8221;3px&#8221; border_color_all=&#8221;#3a6300&#8243; box_shadow_style=&#8221;preset2&#8243; box_shadow_horizontal_tablet=&#8221;0px&#8221; box_shadow_vertical_tablet=&#8221;0px&#8221; box_shadow_blur_tablet=&#8221;40px&#8221; box_shadow_spread_tablet=&#8221;0px&#8221; animation_style=&#8221;fade&#8221;][\/et_pb_image][et_pb_text admin_label=&#8221;Texto descriptivo&#8221; _builder_version=&#8221;4.5.0&#8243; z_index_tablet=&#8221;500&#8243; text_text_shadow_horizontal_length_tablet=&#8221;0px&#8221; text_text_shadow_vertical_length_tablet=&#8221;0px&#8221; text_text_shadow_blur_strength_tablet=&#8221;1px&#8221; link_text_shadow_horizontal_length_tablet=&#8221;0px&#8221; link_text_shadow_vertical_length_tablet=&#8221;0px&#8221; link_text_shadow_blur_strength_tablet=&#8221;1px&#8221; ul_text_shadow_horizontal_length_tablet=&#8221;0px&#8221; ul_text_shadow_vertical_length_tablet=&#8221;0px&#8221; ul_text_shadow_blur_strength_tablet=&#8221;1px&#8221; ol_text_shadow_horizontal_length_tablet=&#8221;0px&#8221; ol_text_shadow_vertical_length_tablet=&#8221;0px&#8221; ol_text_shadow_blur_strength_tablet=&#8221;1px&#8221; quote_text_shadow_horizontal_length_tablet=&#8221;0px&#8221; quote_text_shadow_vertical_length_tablet=&#8221;0px&#8221; quote_text_shadow_blur_strength_tablet=&#8221;1px&#8221; header_text_shadow_horizontal_length_tablet=&#8221;0px&#8221; header_text_shadow_vertical_length_tablet=&#8221;0px&#8221; header_text_shadow_blur_strength_tablet=&#8221;1px&#8221; header_2_text_shadow_horizontal_length_tablet=&#8221;0px&#8221; header_2_text_shadow_vertical_length_tablet=&#8221;0px&#8221; header_2_text_shadow_blur_strength_tablet=&#8221;1px&#8221; header_3_text_shadow_horizontal_length_tablet=&#8221;0px&#8221; header_3_text_shadow_vertical_length_tablet=&#8221;0px&#8221; header_3_text_shadow_blur_strength_tablet=&#8221;1px&#8221; header_4_text_shadow_horizontal_length_tablet=&#8221;0px&#8221; header_4_text_shadow_vertical_length_tablet=&#8221;0px&#8221; header_4_text_shadow_blur_strength_tablet=&#8221;1px&#8221; header_5_text_shadow_horizontal_length_tablet=&#8221;0px&#8221; header_5_text_shadow_vertical_length_tablet=&#8221;0px&#8221; header_5_text_shadow_blur_strength_tablet=&#8221;1px&#8221; header_6_text_shadow_horizontal_length_tablet=&#8221;0px&#8221; header_6_text_shadow_vertical_length_tablet=&#8221;0px&#8221; header_6_text_shadow_blur_strength_tablet=&#8221;1px&#8221; box_shadow_horizontal_tablet=&#8221;0px&#8221; box_shadow_vertical_tablet=&#8221;0px&#8221; box_shadow_blur_tablet=&#8221;40px&#8221; box_shadow_spread_tablet=&#8221;0px&#8221;]<\/p>\n<h2 style=\"text-align: center\"><span style=\"text-decoration: underline;color: #000080\"><strong><em>Tutor\u00eda de Apoyo el Estudio para la Obtenci\u00f3n del T\u00edtulo de Secundaria<\/em><\/strong><\/span><\/h2>\n<p><span style=\"text-decoration: underline;color: #000080\"><strong><em><\/em><\/strong><\/span><\/p>\n<p><span style=\"font-weight: 400\">Este Plan consta de Nivel I y Nivel II. Dependiendo de tu nivel de estudios y de tu certificaci\u00f3n acad\u00e9mica, acceder\u00e1s a uno de los dos Niveles. <\/span><\/p>\n<p><span style=\"font-weight: 400\">Cada Nivel est\u00e1 formado por 3 \u00e1mbitos: <b>\u00c1mbito de Comunicaci\u00f3n<\/b> ( el cual consta de las asignaturas de Ingl\u00e9s y Lengua), <b>\u00c1mbito Cient\u00edfico Tecnol\u00f3gico y \u00c1mbito Social.<\/b> <\/span><\/p>\n<p><span style=\"font-weight: 400\">Al concluir el Nivel II, con todos los \u00e1mbitos aprobados, habr\u00e1s obtenido tu titulaci\u00f3n de Graduado en Secundaria Obligatoria.<\/span><\/p>\n<p>Las sesiones son presenciales en nuestras aulas. <span style=\"font-weight: 400\">Se califica la asistencia, actividades de clase, las tareas y cuestionarios realizados a trav\u00e9s de la Plataforma y los ex\u00e1menes presenciales trimestrales.<\/span><\/p>\n<p><span style=\"font-weight: 400\">Tienes la posibilidad de asistir a las clases presenciales de cada asignatura en horario de ma\u00f1ana o de tarde, seg\u00fan tu disponibilidad.<\/span><\/p>\n<p><span style=\"font-weight: 400\">Es importante disponer en casa de ordenador y conexi\u00f3n a internet, as\u00ed como tener un manejo b\u00e1sico de inform\u00e1tica, para realizar las tareas de la Plataforma virtual. Aunque el Centro ofrece la posibilidad de asistir\u00a0 a un horario aparte para resolver dudas relacionadas con estas cuestiones y poder utilizar los ordenadores del Centro disponibles si hiciera falta.<\/span><\/p>\n<p><strong>Este Plan Educativo es totalmente gratuito.<\/strong><span style=\"font-weight: 400\"><\/span><\/p>\n<p>Si necesitas m\u00e1s informaci\u00f3n puedes visitar estos enlaces:<strong><\/strong><\/p>\n<p>&#8211; <span style=\"text-decoration: underline\"><a href=\"https:\/\/www.juntadeandalucia.es\/educacion\/portals\/web\/educacion-permanente\/eso\/semipresencial\" target=\"_blank\" rel=\"noopener noreferrer\">Aspectos importantes de la ESPA.<\/a><strong> <\/strong><\/span><\/p>\n<p>&#8211;<span style=\"text-decoration: underline\"> <a href=\"https:\/\/www.juntadeandalucia.es\/educacion\/portals\/web\/educacion-permanente\/eso\/requisitos\" target=\"_blank\" rel=\"noopener noreferrer\">Requisitos para cursar la ESPA.\u00a0<\/a><\/span><\/p>\n<p>&#8211;<span style=\"text-decoration: underline\"> <a href=\"https:\/\/www.juntadeandalucia.es\/educacion\/portals\/web\/educacion-permanente\/eso\/normativa\/ensenanzas\" target=\"_blank\" rel=\"noopener noreferrer\">Normativa que regula la ESPA.\u00a0<\/a><\/span><\/p>\n<p>&#8211;<span style=\"text-decoration: underline\"> <a href=\"https:\/\/www.juntadeandalucia.es\/educacion\/portals\/web\/educacion-permanente\/eso\/faqs\" target=\"_blank\" rel=\"noopener noreferrer\">Preguntas frecuentes.<\/a>\u00a0<\/span><\/p>\n<p><span style=\"font-weight: 400\"><\/span><\/p>\n<p>[\/et_pb_text][\/et_pb_column][\/et_pb_row][\/et_pb_section]<\/p>\n","protected":false},"excerpt":{"rendered":"<p>Tutor\u00eda de Apoyo el Estudio para la Obtenci\u00f3n del T\u00edtulo de Secundaria Este Plan consta de Nivel I y Nivel II. Dependiendo de tu nivel de estudios y de tu certificaci\u00f3n acad\u00e9mica, acceder\u00e1s a uno de los dos Niveles. Cada Nivel est\u00e1 formado por 3 \u00e1mbitos: \u00c1mbito de Comunicaci\u00f3n ( el cual consta de las [&hellip;]<\/p>\n","protected":false},"author":7051,"featured_media":0,"parent":0,"menu_order":0,"comment_status":"closed","ping_status":"closed","template":"","meta":{"_et_pb_use_builder":"on","_et_pb_old_content":"","_et_gb_content_width":"","footnotes":""},"aioseo_notices":[],"_links":{"self":[{"href":"https:\/\/blogsaverroes.juntadeandalucia.es\/cperpaulofreire\/wp-json\/wp\/v2\/pages\/16"}],"collection":[{"href":"https:\/\/blogsaverroes.juntadeandalucia.es\/cperpaulofreire\/wp-json\/wp\/v2\/pages"}],"about":[{"href":"https:\/\/blogsaverroes.juntadeandalucia.es\/cperpaulofreire\/wp-json\/wp\/v2\/types\/page"}],"author":[{"embeddable":true,"href":"https:\/\/blogsaverroes.juntadeandalucia.es\/cperpaulofreire\/wp-json\/wp\/v2\/users\/7051"}],"replies":[{"embeddable":true,"href":"https:\/\/blogsaverroes.juntadeandalucia.es\/cperpaulofreire\/wp-json\/wp\/v2\/comments?post=16"}],"version-history":[{"count":20,"href":"https:\/\/blogsaverroes.juntadeandalucia.es\/cperpaulofreire\/wp-json\/wp\/v2\/pages\/16\/revisions"}],"predecessor-version":[{"id":1523,"href":"https:\/\/blogsaverroes.juntadeandalucia.es\/cperpaulofreire\/wp-json\/wp\/v2\/pages\/16\/revisions\/1523"}],"wp:attachment":[{"href":"https:\/\/blogsaverroes.juntadeandalucia.es\/cperpaulofreire\/wp-json\/wp\/v2\/media?parent=16"}],"curies":[{"name":"wp","href":"https:\/\/api.w.org\/{rel}","templated":true}]}}