{"id":565,"date":"2021-02-24T17:20:33","date_gmt":"2021-02-24T16:20:33","guid":{"rendered":"https:\/\/blogsaverroes.juntadeandalucia.es\/cperpaulofreire\/?page_id=565"},"modified":"2023-05-15T11:08:23","modified_gmt":"2023-05-15T09:08:23","slug":"documentacion","status":"publish","type":"page","link":"https:\/\/blogsaverroes.juntadeandalucia.es\/cperpaulofreire\/documentacion\/","title":{"rendered":"Documentaci\u00f3n"},"content":{"rendered":"<p>[et_pb_section fb_built=&#8221;1&#8243; _builder_version=&#8221;4.5.0&#8243; _module_preset=&#8221;default&#8221; global_colors_info=&#8221;{}&#8221;][et_pb_row _builder_version=&#8221;4.5.0&#8243; _module_preset=&#8221;default&#8221; global_colors_info=&#8221;{}&#8221;][et_pb_column type=&#8221;4_4&#8243; _builder_version=&#8221;4.5.0&#8243; _module_preset=&#8221;default&#8221; global_colors_info=&#8221;{}&#8221;][et_pb_text _builder_version=&#8221;4.5.0&#8243; _module_preset=&#8221;default&#8221; global_colors_info=&#8221;{}&#8221;]<\/p>\n<h1 style=\"text-align: center\"><span style=\"color: #0000ff\"><em><strong>Documentaci\u00f3n para la\u00a0 matriculaci\u00f3n<\/strong><\/em><\/span><\/h1>\n<p>[\/et_pb_text][et_pb_image src=&#8221;https:\/\/blogsaverroes.juntadeandalucia.es\/cperpaulofreire\/files\/2021\/05\/writing-1149962_1920-e1621325665930.jpg&#8221; title_text=&#8221;writing-1149962_1920&#8243; _builder_version=&#8221;4.5.0&#8243; _module_preset=&#8221;default&#8221; border_radii=&#8221;on|35px|35px|35px|35px&#8221; border_width_all=&#8221;6px&#8221; border_color_all=&#8221;#c3dd00&#8243; box_shadow_style=&#8221;preset2&#8243; global_colors_info=&#8221;{}&#8221;][\/et_pb_image][et_pb_text _builder_version=&#8221;4.14.5&#8243; _module_preset=&#8221;default&#8221; hover_enabled=&#8221;0&#8243; global_colors_info=&#8221;{}&#8221; sticky_enabled=&#8221;0&#8243;]<\/p>\n<ul>\n<li><strong>Documentaci\u00f3n a presentar en todos los Planes:<\/strong>\n<ul>\n<li>Fotocopia del D.N.I.<\/li>\n<li>Fotograf\u00eda tama\u00f1o carnet<\/li>\n<li>Matr\u00edcula debidamente cumplimentada<\/li>\n<li>Autorizaci\u00f3n uso de im\u00e1genes en Internet<\/li>\n<\/ul>\n<\/li>\n<\/ul>\n<p>&nbsp;<\/p>\n<ul>\n<li><em><strong>Documentaci\u00f3n para el Plan Educativo de Tutor\u00eda de Apoyo al Estudio para la obtenci\u00f3n del T\u00edtulo de Secundaria:<\/strong><\/em>\n<ul>\n<li>Matr\u00edcula del Centro debidamente cumplimentada<\/li>\n<li>Matr\u00edcula del I.E.S. Mar\u00eda Bellido debidamente cumplimentada<\/li>\n<li>2 fotograf\u00edas tama\u00f1o carnet<\/li>\n<li>2 fotocopias del D.N.I.<\/li>\n<li>Fotocopia del certificado de notas de Secundaria, o fotocopia del t\u00edtulo de E.G.B.<\/li>\n<li>Si eres menor de 28 a\u00f1os pago del seguro escolar (1,12\u20ac)<\/li>\n<\/ul>\n<\/li>\n<\/ul>\n<p>&nbsp;<\/p>\n<p>[\/et_pb_text][\/et_pb_column][\/et_pb_row][\/et_pb_section]<\/p>\n","protected":false},"excerpt":{"rendered":"<p>Documentaci\u00f3n para la\u00a0 matriculaci\u00f3n Documentaci\u00f3n a presentar en todos los Planes: Fotocopia del D.N.I. Fotograf\u00eda tama\u00f1o carnet Matr\u00edcula debidamente cumplimentada Autorizaci\u00f3n uso de im\u00e1genes en Internet &nbsp; Documentaci\u00f3n para el Plan Educativo de Tutor\u00eda de Apoyo al Estudio para la obtenci\u00f3n del T\u00edtulo de Secundaria: Matr\u00edcula del Centro debidamente cumplimentada Matr\u00edcula del I.E.S. Mar\u00eda Bellido [&hellip;]<\/p>\n","protected":false},"author":12387,"featured_media":0,"parent":0,"menu_order":0,"comment_status":"closed","ping_status":"closed","template":"","meta":{"_et_pb_use_builder":"on","_et_pb_old_content":"","_et_gb_content_width":"","footnotes":""},"aioseo_notices":[],"_links":{"self":[{"href":"https:\/\/blogsaverroes.juntadeandalucia.es\/cperpaulofreire\/wp-json\/wp\/v2\/pages\/565"}],"collection":[{"href":"https:\/\/blogsaverroes.juntadeandalucia.es\/cperpaulofreire\/wp-json\/wp\/v2\/pages"}],"about":[{"href":"https:\/\/blogsaverroes.juntadeandalucia.es\/cperpaulofreire\/wp-json\/wp\/v2\/types\/page"}],"author":[{"embeddable":true,"href":"https:\/\/blogsaverroes.juntadeandalucia.es\/cperpaulofreire\/wp-json\/wp\/v2\/users\/12387"}],"replies":[{"embeddable":true,"href":"https:\/\/blogsaverroes.juntadeandalucia.es\/cperpaulofreire\/wp-json\/wp\/v2\/comments?post=565"}],"version-history":[{"count":9,"href":"https:\/\/blogsaverroes.juntadeandalucia.es\/cperpaulofreire\/wp-json\/wp\/v2\/pages\/565\/revisions"}],"predecessor-version":[{"id":2298,"href":"https:\/\/blogsaverroes.juntadeandalucia.es\/cperpaulofreire\/wp-json\/wp\/v2\/pages\/565\/revisions\/2298"}],"wp:attachment":[{"href":"https:\/\/blogsaverroes.juntadeandalucia.es\/cperpaulofreire\/wp-json\/wp\/v2\/media?parent=565"}],"curies":[{"name":"wp","href":"https:\/\/api.w.org\/{rel}","templated":true}]}}