{"id":567,"date":"2021-02-24T17:20:45","date_gmt":"2021-02-24T16:20:45","guid":{"rendered":"https:\/\/blogsaverroes.juntadeandalucia.es\/cperpaulofreire\/?page_id=567"},"modified":"2024-05-28T14:48:56","modified_gmt":"2024-05-28T12:48:56","slug":"secretaria","status":"publish","type":"page","link":"https:\/\/blogsaverroes.juntadeandalucia.es\/cperpaulofreire\/secretaria\/","title":{"rendered":"Secretar\u00eda"},"content":{"rendered":"<p>[et_pb_section fb_built=&#8221;1&#8243; _builder_version=&#8221;4.16&#8243; _module_preset=&#8221;default&#8221; global_colors_info=&#8221;{}&#8221;][et_pb_row _builder_version=&#8221;4.16&#8243; _module_preset=&#8221;default&#8221; global_colors_info=&#8221;{}&#8221;][et_pb_column type=&#8221;4_4&#8243; _builder_version=&#8221;4.16&#8243; _module_preset=&#8221;default&#8221; global_colors_info=&#8221;{}&#8221;][et_pb_image src=&#8221;https:\/\/blogsaverroes.juntadeandalucia.es\/cperpaulofreire\/files\/2021\/05\/IMG_20210518_084858-scaled-e1621321514703.jpg&#8221; title_text=&#8221;IMG_20210518_084858&#8243; align=&#8221;center&#8221; _builder_version=&#8221;4.16&#8243; _module_preset=&#8221;default&#8221; border_radii=&#8221;on|32px|32px|32px|32px&#8221; border_width_all=&#8221;5px&#8221; border_color_all=&#8221;#005cd6&#8243; box_shadow_style=&#8221;preset2&#8243; box_shadow_blur=&#8221;3px&#8221; box_shadow_spread=&#8221;1px&#8221; global_colors_info=&#8221;{}&#8221;][\/et_pb_image][et_pb_text _builder_version=&#8221;4.16&#8243; _module_preset=&#8221;default&#8221; global_colors_info=&#8221;{}&#8221;]<\/p>\n<h1 style=\"text-align: center\"><em><strong>Secretar\u00eda<\/strong><\/em><\/h1>\n<p>[\/et_pb_text][et_pb_text _builder_version=&#8221;4.16&#8243; _module_preset=&#8221;default&#8221; global_colors_info=&#8221;{}&#8221;]<\/p>\n<p>El horario de atenci\u00f3n al p\u00fablico durante la matriculaci\u00f3n en secretar\u00eda desde el <strong>1 al 15 de junio<\/strong> ser\u00e1 el siguiente:<\/p>\n<ul>\n<li><em><strong>\u00a0C.E.PER. Paulo Freire\u00a0 (Linares):<\/strong><\/em>\n<ul>\n<li><span style=\"text-decoration: underline\">Horario de ma\u00f1ana:<\/span>\n<ul>\n<li>De lunes a viernes de 9:30 a 12:00<\/li>\n<\/ul>\n<\/li>\n<li>\u00a0<span style=\"text-decoration: underline\">Horario de tarde:<\/span>\n<ul>\n<li>De lunes a jueves de 18:00 a 20:00<\/li>\n<\/ul>\n<\/li>\n<\/ul>\n<\/li>\n<\/ul>\n<p>&nbsp;<\/p>\n<ul>\n<li>\u00a0<em><strong>S.E.PER. Nicol\u00e1s Kerche (Guarrom\u00e1n):<\/strong><\/em>\n<ul>\n<li><span style=\"text-decoration: underline\">Horario de ma\u00f1ana:<\/span>\n<ul>\n<li>Martes y viernes de 9:30 a 11:30<\/li>\n<\/ul>\n<\/li>\n<li><span style=\"text-decoration: underline\">Horario de tarde:<\/span>\n<ul>\n<li>De lunes a jueves de 16:00 a 20:30<\/li>\n<\/ul>\n<\/li>\n<\/ul>\n<\/li>\n<\/ul>\n<p>&nbsp;<\/p>\n<ul>\n<li>\u00a0<em><strong>S.E.PER. Torre Estiviel (Jabalquinto-Torreblascopedro):<\/strong><\/em>\n<ul>\n<li><strong>Torreblascopedro:<\/strong>\n<ul>\n<li><span style=\"text-decoration: underline\">Horario de ma\u00f1ana:<\/span>\n<ul>\n<li>Martes de 10:00 a 12:30<\/li>\n<\/ul>\n<\/li>\n<li><span style=\"text-decoration: underline\">Horario de tarde:<\/span>\n<ul>\n<li>De lunes a jueves de 16:00 a 20:00<\/li>\n<\/ul>\n<\/li>\n<\/ul>\n<\/li>\n<li><strong>Jabalquinto:<\/strong>\n<ul>\n<li><span style=\"text-decoration: underline\">Horario de ma\u00f1ana:<\/span>\n<ul>\n<li>Viernes de 10:00 a 12:30<\/li>\n<\/ul>\n<\/li>\n<li><span style=\"text-decoration: underline\">Horario de tarde:<\/span>\n<ul>\n<li>De lunes a jueves de 16:00 a 20:00<\/li>\n<\/ul>\n<\/li>\n<\/ul>\n<\/li>\n<\/ul>\n<\/li>\n<\/ul>\n<p>&nbsp;<\/p>\n<p><span style=\"font-size: 14px\">Para conocer la documentaci\u00f3n necesaria para realizar la matr\u00edcula pinche en este <\/span><a title=\"Documentaci\u00f3n\" href=\"https:\/\/blogsaverroes.juntadeandalucia.es\/cperpaulofreire\/documentacion\/\" style=\"font-size: 14px\">ENLACE.<\/a><\/p>\n<p>[\/et_pb_text][et_pb_text _builder_version=&#8221;4.16&#8243; _module_preset=&#8221;default&#8221; global_colors_info=&#8221;{}&#8221;]<\/p>\n<p><em><strong>Del 1 al 15 de septiembre<\/strong> <\/em>podr\u00e1s matricularte en nuestro Centro en aquellos grupos en los que a\u00fan queden plazas disponibles.\u00a0El horario de atenci\u00f3n al p\u00fablico para este per\u00edodo de matriculaci\u00f3n en secretar\u00eda ser\u00e1 el siguiente:<\/p>\n<ul>\n<li><em><strong>\u00a0C.E.PER. Paulo Freire\u00a0 (Linares):<\/strong><\/em>\n<ul>\n<li><span style=\"text-decoration: underline\">Horario de ma\u00f1ana:<\/span>\n<ul>\n<li>De lunes a viernes de 10:00 a 12:00<\/li>\n<\/ul>\n<\/li>\n<\/ul>\n<\/li>\n<\/ul>\n<p><span style=\"font-size: 14px\">\u00a0<\/span><\/p>\n<ul>\n<li>\u00a0<em><strong>S.E.PER. Nicol\u00e1s Kerche (Guarrom\u00e1n):<\/strong><\/em>\n<ul>\n<li>De lunes a viernes de 10:00 a 13:00<\/li>\n<\/ul>\n<\/li>\n<\/ul>\n<p><span style=\"font-size: 14px\">\u00a0<\/span><\/p>\n<ul>\n<li>\u00a0<em><strong>S.E.PER. Torre Estiviel (Jabalquinto-Torreblascopedro):<\/strong><\/em>\n<ul>\n<li>Torreblascopedro: martes y jueves de 10:00 a 14:00<\/li>\n<li>Jabalquinto: lunes, mi\u00e9rcoles y viernes de 10:00 a 14:00<\/li>\n<\/ul>\n<\/li>\n<\/ul>\n<p>&nbsp;<\/p>\n<p>Para conocer la documentaci\u00f3n necesaria para realizar la matr\u00edcula pinche en este <a title=\"Documentaci\u00f3n\" href=\"https:\/\/blogsaverroes.juntadeandalucia.es\/cperpaulofreire\/documentacion\/\">ENLACE.<\/a><\/p>\n<p>[\/et_pb_text][et_pb_text _builder_version=&#8221;4.16&#8243; _module_preset=&#8221;default&#8221; global_colors_info=&#8221;{}&#8221;]<\/p>\n<p>Una vez<em><strong> finalizado el periodo de matriculaci\u00f3n<\/strong><\/em>, el horario de atenci\u00f3n en ventanilla ser\u00e1 de lunes, mi\u00e9rcoles y jueves de 12:30 a 14:00 horas. Si no te es posible visitarnos en este horario, ponte en comunicaci\u00f3n con nosotros\/as en el tel\u00e9fono 953609668.<\/p>\n<p>[\/et_pb_text][\/et_pb_column][\/et_pb_row][\/et_pb_section]<\/p>\n","protected":false},"excerpt":{"rendered":"<p>Secretar\u00edaEl horario de atenci\u00f3n al p\u00fablico durante la matriculaci\u00f3n en secretar\u00eda desde el 1 al 15 de junio ser\u00e1 el siguiente: \u00a0C.E.PER. Paulo Freire\u00a0 (Linares): Horario de ma\u00f1ana: De lunes a viernes de 9:30 a 12:00 \u00a0Horario de tarde: De lunes a jueves de 18:00 a 20:00 &nbsp; \u00a0S.E.PER. Nicol\u00e1s Kerche (Guarrom\u00e1n): Horario de ma\u00f1ana: [&hellip;]<\/p>\n","protected":false},"author":12387,"featured_media":0,"parent":0,"menu_order":0,"comment_status":"closed","ping_status":"closed","template":"","meta":{"_et_pb_use_builder":"on","_et_pb_old_content":"","_et_gb_content_width":"","footnotes":""},"aioseo_notices":[],"_links":{"self":[{"href":"https:\/\/blogsaverroes.juntadeandalucia.es\/cperpaulofreire\/wp-json\/wp\/v2\/pages\/567"}],"collection":[{"href":"https:\/\/blogsaverroes.juntadeandalucia.es\/cperpaulofreire\/wp-json\/wp\/v2\/pages"}],"about":[{"href":"https:\/\/blogsaverroes.juntadeandalucia.es\/cperpaulofreire\/wp-json\/wp\/v2\/types\/page"}],"author":[{"embeddable":true,"href":"https:\/\/blogsaverroes.juntadeandalucia.es\/cperpaulofreire\/wp-json\/wp\/v2\/users\/12387"}],"replies":[{"embeddable":true,"href":"https:\/\/blogsaverroes.juntadeandalucia.es\/cperpaulofreire\/wp-json\/wp\/v2\/comments?post=567"}],"version-history":[{"count":30,"href":"https:\/\/blogsaverroes.juntadeandalucia.es\/cperpaulofreire\/wp-json\/wp\/v2\/pages\/567\/revisions"}],"predecessor-version":[{"id":2591,"href":"https:\/\/blogsaverroes.juntadeandalucia.es\/cperpaulofreire\/wp-json\/wp\/v2\/pages\/567\/revisions\/2591"}],"wp:attachment":[{"href":"https:\/\/blogsaverroes.juntadeandalucia.es\/cperpaulofreire\/wp-json\/wp\/v2\/media?parent=567"}],"curies":[{"name":"wp","href":"https:\/\/api.w.org\/{rel}","templated":true}]}}