{"id":644,"date":"2021-03-02T16:41:55","date_gmt":"2021-03-02T15:41:55","guid":{"rendered":"https:\/\/blogsaverroes.juntadeandalucia.es\/cperpaulofreire\/?page_id=644"},"modified":"2023-05-16T11:54:43","modified_gmt":"2023-05-16T09:54:43","slug":"acceso","status":"publish","type":"page","link":"https:\/\/blogsaverroes.juntadeandalucia.es\/cperpaulofreire\/acceso\/","title":{"rendered":"Acceso"},"content":{"rendered":"<p>[et_pb_section fb_built=&#8221;1&#8243; admin_label=&#8221;Acceso&#8221; _builder_version=&#8221;3.23.3&#8243; custom_padding=&#8221;0px||0px|&#8221; z_index_tablet=&#8221;500&#8243; box_shadow_horizontal_tablet=&#8221;0px&#8221; box_shadow_vertical_tablet=&#8221;0px&#8221; box_shadow_blur_tablet=&#8221;40px&#8221; box_shadow_spread_tablet=&#8221;0px&#8221; global_colors_info=&#8221;{}&#8221;][et_pb_row _builder_version=&#8221;3.25&#8243; background_size=&#8221;initial&#8221; background_position=&#8221;top_left&#8221; background_repeat=&#8221;repeat&#8221; global_colors_info=&#8221;{}&#8221;][et_pb_column type=&#8221;4_4&#8243; _builder_version=&#8221;3.0.47&#8243; custom_padding=&#8221;|||&#8221; global_colors_info=&#8221;{}&#8221; custom_padding__hover=&#8221;|||&#8221;][et_pb_image src=&#8221;https:\/\/blogsaverroes.juntadeandalucia.es\/cperpaulofreire\/files\/2021\/04\/ujaen-escuela-politecnica-superior-linares-background-e1619005755666.jpg&#8221; title_text=&#8221;ujaen-escuela-politecnica-superior-linares-background&#8221; align=&#8221;center&#8221; admin_label=&#8221;Imagen de la portada&#8221; _builder_version=&#8221;4.5.0&#8243; vertical_offset_tablet=&#8221;0&#8243; horizontal_offset_tablet=&#8221;0&#8243; filter_contrast=&#8221;128%&#8221; animation_style=&#8221;fade&#8221; hover_enabled=&#8221;0&#8243; z_index_tablet=&#8221;500&#8243; border_radii=&#8221;on|19px|19px|19px|19px&#8221; border_width_all=&#8221;3px&#8221; border_color_all=&#8221;rgba(0,19,96,0.73)&#8221; box_shadow_style=&#8221;preset2&#8243; box_shadow_horizontal_tablet=&#8221;0px&#8221; box_shadow_vertical_tablet=&#8221;0px&#8221; box_shadow_blur_tablet=&#8221;40px&#8221; box_shadow_spread_tablet=&#8221;0px&#8221; global_colors_info=&#8221;{}&#8221; sticky_enabled=&#8221;0&#8243;][\/et_pb_image][et_pb_text admin_label=&#8221;Texto descriptivo&#8221; _builder_version=&#8221;4.5.0&#8243; custom_padding=&#8221;||1px|||&#8221; z_index_tablet=&#8221;500&#8243; text_text_shadow_horizontal_length_tablet=&#8221;0px&#8221; text_text_shadow_vertical_length_tablet=&#8221;0px&#8221; text_text_shadow_blur_strength_tablet=&#8221;1px&#8221; link_text_shadow_horizontal_length_tablet=&#8221;0px&#8221; link_text_shadow_vertical_length_tablet=&#8221;0px&#8221; link_text_shadow_blur_strength_tablet=&#8221;1px&#8221; ul_text_shadow_horizontal_length_tablet=&#8221;0px&#8221; ul_text_shadow_vertical_length_tablet=&#8221;0px&#8221; ul_text_shadow_blur_strength_tablet=&#8221;1px&#8221; ol_text_shadow_horizontal_length_tablet=&#8221;0px&#8221; ol_text_shadow_vertical_length_tablet=&#8221;0px&#8221; ol_text_shadow_blur_strength_tablet=&#8221;1px&#8221; quote_text_shadow_horizontal_length_tablet=&#8221;0px&#8221; quote_text_shadow_vertical_length_tablet=&#8221;0px&#8221; quote_text_shadow_blur_strength_tablet=&#8221;1px&#8221; header_text_shadow_horizontal_length_tablet=&#8221;0px&#8221; header_text_shadow_vertical_length_tablet=&#8221;0px&#8221; header_text_shadow_blur_strength_tablet=&#8221;1px&#8221; header_2_text_shadow_horizontal_length_tablet=&#8221;0px&#8221; header_2_text_shadow_vertical_length_tablet=&#8221;0px&#8221; header_2_text_shadow_blur_strength_tablet=&#8221;1px&#8221; header_3_text_shadow_horizontal_length_tablet=&#8221;0px&#8221; header_3_text_shadow_vertical_length_tablet=&#8221;0px&#8221; header_3_text_shadow_blur_strength_tablet=&#8221;1px&#8221; header_4_text_shadow_horizontal_length_tablet=&#8221;0px&#8221; header_4_text_shadow_vertical_length_tablet=&#8221;0px&#8221; header_4_text_shadow_blur_strength_tablet=&#8221;1px&#8221; header_5_text_shadow_horizontal_length_tablet=&#8221;0px&#8221; header_5_text_shadow_vertical_length_tablet=&#8221;0px&#8221; header_5_text_shadow_blur_strength_tablet=&#8221;1px&#8221; header_6_text_shadow_horizontal_length_tablet=&#8221;0px&#8221; header_6_text_shadow_vertical_length_tablet=&#8221;0px&#8221; header_6_text_shadow_blur_strength_tablet=&#8221;1px&#8221; box_shadow_horizontal_tablet=&#8221;0px&#8221; box_shadow_vertical_tablet=&#8221;0px&#8221; box_shadow_blur_tablet=&#8221;40px&#8221; box_shadow_spread_tablet=&#8221;0px&#8221; global_colors_info=&#8221;{}&#8221;]<\/p>\n<h2 style=\"text-align: center\"><span style=\"text-decoration: underline;color: #003366\"><em><strong>Preparaci\u00f3n para la Prueba de Acceso a la Universidad para Mayores de 25 y 45 a\u00f1os<\/strong><\/em><\/span><\/h2>\n<p>La superac\u00edon de esta prueba te permite el acceso a cualquier Universidad Andaluza y a cualquier Grado.<\/p>\n<p>Este Plan Educativo tiene 2 modalidades diferentes seg\u00fan la edad:<\/p>\n<ul>\n<li>Prueba de Acceso para la universidad para mayores de 25 a\u00f1os.<\/li>\n<\/ul>\n<p>Esta modalidad tiene 5 asignaturas:<\/p>\n<p>&#8211; 3 Comunes: <strong>Lengua<\/strong>, <strong>Comentario de Texto<\/strong> e <strong>Idioma<\/strong>.<\/p>\n<p>-2 Espec\u00edficas: Que dependen de la rama de conocimiento que eligas. Nosotros te preparamos para la rama de Ciencias Sociales y Jur\u00eddicas con las asignaturas de <strong>Matem\u00e1ticas Aplicadas a las Ciencias Sociales<\/strong> y <strong>Geograf\u00eda<\/strong>.<\/p>\n<p>Esta modalidad tiene equivalencia al Bachillerato en aquellas pruebas, oposiciones o bases en las que se exija Bachillerato o <strong>&#8220;similar&#8221;<\/strong>.<\/p>\n<p>Si necesitas m\u00e1s informaci\u00f3n haz clic en el siguiente enlace:<\/p>\n<p style=\"text-align: center\"><a href=\"https:\/\/www.ujaen.es\/estudios\/acceso-y-matricula\/acceso-y-admision-la-uja\/mayores-de-25-anos\" target=\"_blank\" rel=\"noopener noreferrer\"><span style=\"text-decoration: underline\">ACCESO A LA UNIVERSIDAD MAYORES DE 25 A\u00d1OS<\/span><\/a><\/p>\n<ul>\n<li>Prueba de Acceso a la universidad para mayores de 45 a\u00f1os:<\/li>\n<\/ul>\n<p>Esta modalidad tiene 2 asignaturas comunes: <strong>Lengua<\/strong> y <strong>Comentario de Texto.<\/strong><\/p>\n<p>Esta modalidad s\u00f3lo te permite el acceso la Universidad para realizar cualquier Grado.<\/p>\n<p>Si necesitas m\u00e1s informaci\u00f3n haz clic en el siguiente enlace:<\/p>\n<p style=\"text-align: center\"><a href=\"https:\/\/www.ujaen.es\/estudios\/acceso-y-matricula\/acceso-y-admision-la-uja\/mayores-de-45-anos\" target=\"_blank\" rel=\"noopener noreferrer\"><span style=\"text-decoration: underline\">ACCESO A LA UNIVERSIDAD PARA MAYORES DE 45 A\u00d1OS<\/span><\/a><\/p>\n<p style=\"text-align: left\">Al igual que toda nuestra oferta,<strong> este Plan Educativo es gratuito.<\/strong><\/p>\n<p>[\/et_pb_text][\/et_pb_column][\/et_pb_row][\/et_pb_section]<\/p>\n","protected":false},"excerpt":{"rendered":"<p>Preparaci\u00f3n para la Prueba de Acceso a la Universidad para Mayores de 25 y 45 a\u00f1os La superac\u00edon de esta prueba te permite el acceso a cualquier Universidad Andaluza y a cualquier Grado. Este Plan Educativo tiene 2 modalidades diferentes seg\u00fan la edad: Prueba de Acceso para la universidad para mayores de 25 a\u00f1os. Esta [&hellip;]<\/p>\n","protected":false},"author":12387,"featured_media":0,"parent":0,"menu_order":0,"comment_status":"closed","ping_status":"closed","template":"","meta":{"_et_pb_use_builder":"on","_et_pb_old_content":"","_et_gb_content_width":"","footnotes":""},"aioseo_notices":[],"_links":{"self":[{"href":"https:\/\/blogsaverroes.juntadeandalucia.es\/cperpaulofreire\/wp-json\/wp\/v2\/pages\/644"}],"collection":[{"href":"https:\/\/blogsaverroes.juntadeandalucia.es\/cperpaulofreire\/wp-json\/wp\/v2\/pages"}],"about":[{"href":"https:\/\/blogsaverroes.juntadeandalucia.es\/cperpaulofreire\/wp-json\/wp\/v2\/types\/page"}],"author":[{"embeddable":true,"href":"https:\/\/blogsaverroes.juntadeandalucia.es\/cperpaulofreire\/wp-json\/wp\/v2\/users\/12387"}],"replies":[{"embeddable":true,"href":"https:\/\/blogsaverroes.juntadeandalucia.es\/cperpaulofreire\/wp-json\/wp\/v2\/comments?post=644"}],"version-history":[{"count":24,"href":"https:\/\/blogsaverroes.juntadeandalucia.es\/cperpaulofreire\/wp-json\/wp\/v2\/pages\/644\/revisions"}],"predecessor-version":[{"id":2339,"href":"https:\/\/blogsaverroes.juntadeandalucia.es\/cperpaulofreire\/wp-json\/wp\/v2\/pages\/644\/revisions\/2339"}],"wp:attachment":[{"href":"https:\/\/blogsaverroes.juntadeandalucia.es\/cperpaulofreire\/wp-json\/wp\/v2\/media?parent=644"}],"curies":[{"name":"wp","href":"https:\/\/api.w.org\/{rel}","templated":true}]}}