{"id":652,"date":"2021-03-02T16:46:40","date_gmt":"2021-03-02T15:46:40","guid":{"rendered":"https:\/\/blogsaverroes.juntadeandalucia.es\/cperpaulofreire\/?page_id=652"},"modified":"2021-04-29T10:12:00","modified_gmt":"2021-04-29T08:12:00","slug":"informatica","status":"publish","type":"page","link":"https:\/\/blogsaverroes.juntadeandalucia.es\/cperpaulofreire\/informatica\/","title":{"rendered":"Inform\u00e1tica"},"content":{"rendered":"<p>[et_pb_section fb_built=&#8221;1&#8243; admin_label=&#8221;Inform\u00e1tica&#8221; _builder_version=&#8221;3.23.3&#8243; custom_padding=&#8221;0px||0px|&#8221; z_index_tablet=&#8221;500&#8243; box_shadow_horizontal_tablet=&#8221;0px&#8221; box_shadow_vertical_tablet=&#8221;0px&#8221; box_shadow_blur_tablet=&#8221;40px&#8221; box_shadow_spread_tablet=&#8221;0px&#8221;][et_pb_row _builder_version=&#8221;3.25&#8243; background_size=&#8221;initial&#8221; background_position=&#8221;top_left&#8221; background_repeat=&#8221;repeat&#8221;][et_pb_column type=&#8221;4_4&#8243; _builder_version=&#8221;3.0.47&#8243; custom_padding=&#8221;|||&#8221; custom_padding__hover=&#8221;|||&#8221;][et_pb_image src=&#8221;https:\/\/blogsaverroes.juntadeandalucia.es\/cperpaulofreire\/files\/2021\/04\/computer-2381151_1920-e1619292377296.jpg&#8221; title_text=&#8221;computer-2381151_1920&#8243; admin_label=&#8221;Imagen de la portada&#8221; _builder_version=&#8221;4.5.0&#8243; vertical_offset_tablet=&#8221;0&#8243; horizontal_offset_tablet=&#8221;0&#8243; animation_style=&#8221;fade&#8221; z_index_tablet=&#8221;500&#8243; border_radii=&#8221;on|16px|16px|16px|16px&#8221; border_width_all=&#8221;3px&#8221; border_color_all=&#8221;#007dc1&#8243; box_shadow_style=&#8221;preset2&#8243; box_shadow_horizontal_tablet=&#8221;0px&#8221; box_shadow_vertical_tablet=&#8221;0px&#8221; box_shadow_blur_tablet=&#8221;40px&#8221; box_shadow_spread_tablet=&#8221;0px&#8221;][\/et_pb_image][et_pb_text admin_label=&#8221;Texto descriptivo&#8221; _builder_version=&#8221;4.5.0&#8243; custom_padding=&#8221;||4px|||&#8221; z_index_tablet=&#8221;500&#8243; text_text_shadow_horizontal_length_tablet=&#8221;0px&#8221; text_text_shadow_vertical_length_tablet=&#8221;0px&#8221; text_text_shadow_blur_strength_tablet=&#8221;1px&#8221; link_text_shadow_horizontal_length_tablet=&#8221;0px&#8221; link_text_shadow_vertical_length_tablet=&#8221;0px&#8221; link_text_shadow_blur_strength_tablet=&#8221;1px&#8221; ul_text_shadow_horizontal_length_tablet=&#8221;0px&#8221; ul_text_shadow_vertical_length_tablet=&#8221;0px&#8221; ul_text_shadow_blur_strength_tablet=&#8221;1px&#8221; ol_text_shadow_horizontal_length_tablet=&#8221;0px&#8221; ol_text_shadow_vertical_length_tablet=&#8221;0px&#8221; ol_text_shadow_blur_strength_tablet=&#8221;1px&#8221; quote_text_shadow_horizontal_length_tablet=&#8221;0px&#8221; quote_text_shadow_vertical_length_tablet=&#8221;0px&#8221; quote_text_shadow_blur_strength_tablet=&#8221;1px&#8221; header_text_shadow_horizontal_length_tablet=&#8221;0px&#8221; header_text_shadow_vertical_length_tablet=&#8221;0px&#8221; header_text_shadow_blur_strength_tablet=&#8221;1px&#8221; header_2_text_shadow_horizontal_length_tablet=&#8221;0px&#8221; header_2_text_shadow_vertical_length_tablet=&#8221;0px&#8221; header_2_text_shadow_blur_strength_tablet=&#8221;1px&#8221; header_3_text_shadow_horizontal_length_tablet=&#8221;0px&#8221; header_3_text_shadow_vertical_length_tablet=&#8221;0px&#8221; header_3_text_shadow_blur_strength_tablet=&#8221;1px&#8221; header_4_text_shadow_horizontal_length_tablet=&#8221;0px&#8221; header_4_text_shadow_vertical_length_tablet=&#8221;0px&#8221; header_4_text_shadow_blur_strength_tablet=&#8221;1px&#8221; header_5_text_shadow_horizontal_length_tablet=&#8221;0px&#8221; header_5_text_shadow_vertical_length_tablet=&#8221;0px&#8221; header_5_text_shadow_blur_strength_tablet=&#8221;1px&#8221; header_6_text_shadow_horizontal_length_tablet=&#8221;0px&#8221; header_6_text_shadow_vertical_length_tablet=&#8221;0px&#8221; header_6_text_shadow_blur_strength_tablet=&#8221;1px&#8221; box_shadow_horizontal_tablet=&#8221;0px&#8221; box_shadow_vertical_tablet=&#8221;0px&#8221; box_shadow_blur_tablet=&#8221;40px&#8221; box_shadow_spread_tablet=&#8221;0px&#8221;]<\/p>\n<h2 style=\"text-align: center\"><span style=\"text-decoration: underline;color: #000080\"><em><strong>Plan Educativo de Inform\u00e1tica B\u00e1sica<\/strong><\/em><\/span><\/h2>\n<p><span style=\"text-decoration: underline;color: #000080\"><em><strong><\/strong><\/em><\/span><\/p>\n<p>En este Plan Educativo te ense\u00f1aremos a utilizar los medios tecnol\u00f3gicos inform\u00e1ticos a un nivel de usuario b\u00e1sico comenzando desde cero, por tanto, no te preocupes si no conoces nada de las nuevas tecnolog\u00edas.<\/p>\n<p>El Plan consta de 3 cursos acad\u00e9micos\u00a0 durante los cuales trabajaremos entre otros lo siguientes programas inform\u00e1ticos:<\/p>\n<ul>\n<li>Entorno Windows<\/li>\n<li>Navegaci\u00f3n por Internet<\/li>\n<li>Correo electr\u00f3nico de Google<\/li>\n<li>Microsoft Office Word<\/li>\n<li>Microsoft Offie Power Point<\/li>\n<li>Herramientas de Google Drive<\/li>\n<li>Edici\u00f3n de sonido<\/li>\n<li>Edici\u00f3n de imagen<\/li>\n<li>Edici\u00f3n de v\u00eddeo<\/li>\n<li>Etc&#8230;<\/li>\n<\/ul>\n<p>Es muy recomendable tener en casa ordenador y conexi\u00f3n a Internet para trabajar estos contenidos en casa.<\/p>\n<p>Podr\u00e1s elegir, seg\u00fan tu disponibilidad, horario de ma\u00f1ana o de tarde.<\/p>\n<p>Tendr\u00e1s a tu disposici\u00f3n los ordenadores de las aulas de inform\u00e1tica del Centro, inclusive fuera de tu horario de clase, si hay disponibilidad de los mismos.<\/p>\n<p>Al final del Plan obtendr\u00e1s un certficiado oficial expedido por la Junta de Andaluc\u00eda\u00a0 con las horas y contenidos trabajados con validez en diferentes bolsas de trabajo.<\/p>\n<p><strong>Este Plan Educativo es totalmente gratuito<\/strong>.<\/p>\n<p>[\/et_pb_text][\/et_pb_column][\/et_pb_row][\/et_pb_section]<\/p>\n","protected":false},"excerpt":{"rendered":"<p>Plan Educativo de Inform\u00e1tica B\u00e1sica En este Plan Educativo te ense\u00f1aremos a utilizar los medios tecnol\u00f3gicos inform\u00e1ticos a un nivel de usuario b\u00e1sico comenzando desde cero, por tanto, no te preocupes si no conoces nada de las nuevas tecnolog\u00edas. El Plan consta de 3 cursos acad\u00e9micos\u00a0 durante los cuales trabajaremos entre otros lo siguientes programas [&hellip;]<\/p>\n","protected":false},"author":12387,"featured_media":0,"parent":0,"menu_order":0,"comment_status":"closed","ping_status":"closed","template":"","meta":{"_et_pb_use_builder":"on","_et_pb_old_content":"","_et_gb_content_width":"","footnotes":""},"aioseo_notices":[],"_links":{"self":[{"href":"https:\/\/blogsaverroes.juntadeandalucia.es\/cperpaulofreire\/wp-json\/wp\/v2\/pages\/652"}],"collection":[{"href":"https:\/\/blogsaverroes.juntadeandalucia.es\/cperpaulofreire\/wp-json\/wp\/v2\/pages"}],"about":[{"href":"https:\/\/blogsaverroes.juntadeandalucia.es\/cperpaulofreire\/wp-json\/wp\/v2\/types\/page"}],"author":[{"embeddable":true,"href":"https:\/\/blogsaverroes.juntadeandalucia.es\/cperpaulofreire\/wp-json\/wp\/v2\/users\/12387"}],"replies":[{"embeddable":true,"href":"https:\/\/blogsaverroes.juntadeandalucia.es\/cperpaulofreire\/wp-json\/wp\/v2\/comments?post=652"}],"version-history":[{"count":12,"href":"https:\/\/blogsaverroes.juntadeandalucia.es\/cperpaulofreire\/wp-json\/wp\/v2\/pages\/652\/revisions"}],"predecessor-version":[{"id":1579,"href":"https:\/\/blogsaverroes.juntadeandalucia.es\/cperpaulofreire\/wp-json\/wp\/v2\/pages\/652\/revisions\/1579"}],"wp:attachment":[{"href":"https:\/\/blogsaverroes.juntadeandalucia.es\/cperpaulofreire\/wp-json\/wp\/v2\/media?parent=652"}],"curies":[{"name":"wp","href":"https:\/\/api.w.org\/{rel}","templated":true}]}}