{"id":658,"date":"2021-03-03T08:55:45","date_gmt":"2021-03-03T07:55:45","guid":{"rendered":"https:\/\/blogsaverroes.juntadeandalucia.es\/cperpaulofreire\/?page_id=658"},"modified":"2021-04-24T21:42:58","modified_gmt":"2021-04-24T19:42:58","slug":"ingles","status":"publish","type":"page","link":"https:\/\/blogsaverroes.juntadeandalucia.es\/cperpaulofreire\/ingles\/","title":{"rendered":"Ingl\u00e9s"},"content":{"rendered":"<p>[et_pb_section fb_built=&#8221;1&#8243; admin_label=&#8221;Ingl\u00e9s&#8221; _builder_version=&#8221;3.23.3&#8243; custom_padding=&#8221;0px||0px|&#8221; z_index_tablet=&#8221;500&#8243; box_shadow_horizontal_tablet=&#8221;0px&#8221; box_shadow_vertical_tablet=&#8221;0px&#8221; box_shadow_blur_tablet=&#8221;40px&#8221; box_shadow_spread_tablet=&#8221;0px&#8221;][et_pb_row _builder_version=&#8221;3.25&#8243; background_size=&#8221;initial&#8221; background_position=&#8221;top_left&#8221; background_repeat=&#8221;repeat&#8221;][et_pb_column type=&#8221;4_4&#8243; _builder_version=&#8221;3.0.47&#8243; custom_padding=&#8221;|||&#8221; custom_padding__hover=&#8221;|||&#8221;][et_pb_image src=&#8221;https:\/\/blogsaverroes.juntadeandalucia.es\/cperpaulofreire\/files\/2021\/04\/london-1042240_1920-e1619292958665.jpg&#8221; title_text=&#8221;london-1042240_1920&#8243; admin_label=&#8221;Imagen de la portada&#8221; _builder_version=&#8221;4.5.0&#8243; vertical_offset_tablet=&#8221;0&#8243; horizontal_offset_tablet=&#8221;0&#8243; animation_style=&#8221;fade&#8221; z_index_tablet=&#8221;500&#8243; border_radii=&#8221;on|16px|16px|16px|16px&#8221; border_width_all=&#8221;3px&#8221; border_color_all=&#8221;#ed0b00&#8243; box_shadow_style=&#8221;preset2&#8243; box_shadow_horizontal_tablet=&#8221;0px&#8221; box_shadow_vertical_tablet=&#8221;0px&#8221; box_shadow_blur_tablet=&#8221;40px&#8221; box_shadow_spread_tablet=&#8221;0px&#8221;][\/et_pb_image][et_pb_text admin_label=&#8221;Texto descriptivo&#8221; _builder_version=&#8221;4.5.0&#8243; custom_padding=&#8221;4px|||||&#8221; hover_enabled=&#8221;0&#8243; z_index_tablet=&#8221;500&#8243; text_text_shadow_horizontal_length_tablet=&#8221;0px&#8221; text_text_shadow_vertical_length_tablet=&#8221;0px&#8221; text_text_shadow_blur_strength_tablet=&#8221;1px&#8221; link_text_shadow_horizontal_length_tablet=&#8221;0px&#8221; link_text_shadow_vertical_length_tablet=&#8221;0px&#8221; link_text_shadow_blur_strength_tablet=&#8221;1px&#8221; ul_text_shadow_horizontal_length_tablet=&#8221;0px&#8221; ul_text_shadow_vertical_length_tablet=&#8221;0px&#8221; ul_text_shadow_blur_strength_tablet=&#8221;1px&#8221; ol_text_shadow_horizontal_length_tablet=&#8221;0px&#8221; ol_text_shadow_vertical_length_tablet=&#8221;0px&#8221; ol_text_shadow_blur_strength_tablet=&#8221;1px&#8221; quote_text_shadow_horizontal_length_tablet=&#8221;0px&#8221; quote_text_shadow_vertical_length_tablet=&#8221;0px&#8221; quote_text_shadow_blur_strength_tablet=&#8221;1px&#8221; header_text_shadow_horizontal_length_tablet=&#8221;0px&#8221; header_text_shadow_vertical_length_tablet=&#8221;0px&#8221; header_text_shadow_blur_strength_tablet=&#8221;1px&#8221; header_2_text_shadow_horizontal_length_tablet=&#8221;0px&#8221; header_2_text_shadow_vertical_length_tablet=&#8221;0px&#8221; header_2_text_shadow_blur_strength_tablet=&#8221;1px&#8221; header_3_text_shadow_horizontal_length_tablet=&#8221;0px&#8221; header_3_text_shadow_vertical_length_tablet=&#8221;0px&#8221; header_3_text_shadow_blur_strength_tablet=&#8221;1px&#8221; header_4_text_shadow_horizontal_length_tablet=&#8221;0px&#8221; header_4_text_shadow_vertical_length_tablet=&#8221;0px&#8221; header_4_text_shadow_blur_strength_tablet=&#8221;1px&#8221; header_5_text_shadow_horizontal_length_tablet=&#8221;0px&#8221; header_5_text_shadow_vertical_length_tablet=&#8221;0px&#8221; header_5_text_shadow_blur_strength_tablet=&#8221;1px&#8221; header_6_text_shadow_horizontal_length_tablet=&#8221;0px&#8221; header_6_text_shadow_vertical_length_tablet=&#8221;0px&#8221; header_6_text_shadow_blur_strength_tablet=&#8221;1px&#8221; box_shadow_horizontal_tablet=&#8221;0px&#8221; box_shadow_vertical_tablet=&#8221;0px&#8221; box_shadow_blur_tablet=&#8221;40px&#8221; box_shadow_spread_tablet=&#8221;0px&#8221;]<\/p>\n<h1 style=\"text-align: center\"><span style=\"text-decoration: underline;color: #000080\"><em><strong>Plan Educativo de Idioma B\u00e1sico (Ingl\u00e9s)<\/strong><\/em><\/span><\/h1>\n<p>&nbsp;<\/p>\n<p>El acercamiento a un idioma extranjero trae aparejado el acercamiento a la cultura del pa\u00eds o pa\u00edses en los que se habla dicha lengua. Este acercamiento cultural contribuir\u00e1 de manera eficaz al crecimiento personal y profesional del alumnado.<\/p>\n<p>Este plan tiene la ventaja de poder dedicar todos los esfuerzos a cada una de las \u00e1reas y tem\u00e1ticas que se consideren m\u00e1s necesarias y \u00fatiles para lograr los objetivos propuestos.<\/p>\n<p><strong><u>Consideraciones generales:<\/u><\/strong><\/p>\n<p>-La adecuaci\u00f3n del plan educativo con los objetivos, m\u00e9todos e implicaciones metodol\u00f3gicas que supone el <strong><u>Marco de Referencia Europeo.<\/u><\/strong><\/p>\n<p>&#8211; Este tipo de ense\u00f1anza y aprendizaje se centra\u00a0 en la adquisici\u00f3n de las competencias comunicativas b\u00e1sicas (leer, escuchar, escribir y hablar) que permitan a los alumnos usar el idioma extranjero de una manera adecuada a su nivel en las situaciones m\u00e1s usuales y provechosas para su desarrollo personal, profesional y cultural.<\/p>\n<p>-La metodolog\u00eda es lo m\u00e1s comunicativa posible, primando siempre la estimulaci\u00f3n de las competencias comunicativas por encima de otros aspectos tradicionales como son los contenidos gramaticales, aunque \u00e9stos no se dejan de lado.<\/p>\n<p><strong><u>OBJETIVOS GENERALES:<\/u><\/strong><\/p>\n<p>-A nivel b\u00e1sico, aprendizaje de la lengua extranjera para comunicaci\u00f3n personal.<\/p>\n<p>-Como instrumento de desarrollo profesional.<\/p>\n<p>-Los aprendizajes est\u00e1n destinados a desenvolverse en situaciones cotidianas.<\/p>\n<p><strong><u>CONTENIDOS:<\/u><\/strong><\/p>\n<p>-Saludos y presentaciones.<\/p>\n<p>-Datos personales: la edad, la nacionalidad y otros datos similares.<\/p>\n<p>-D\u00edas de la semana, meses del a\u00f1o, estaciones, fechas, el clima y otros similares. Actos comunicativos simples relacionados con estos t\u00f3picos.<\/p>\n<p>-Preguntas frecuentes: preguntar por cosas, personas, lugares, la hora, cantidad, n\u00famero u otros datos similares.<\/p>\n<p>-Descripciones simples de personas, lugares o situaciones.<\/p>\n<p>-Emitir y comprender mensajes simples sobre el trabajo, la familia, el hogar, los h\u00e1bitos y rutinas, las aficiones personales u otros similares.<\/p>\n<p>-Mensajes simples utilizados en situaciones cotidianas: en el centro escolar, en el mercado, en la tienda, en el banco, en el restaurante u otras similares.<\/p>\n<p>&#8211; Mensajes simples utilizados cuando se viaja a otros pa\u00edses: en el aeropuerto, en el hotel, preguntar por una direcci\u00f3n\u00a0 u otras similares.<\/p>\n<p>El aprendizaje del Idioma Ingl\u00e9s se da en un ambiente comunicativo y de participaci\u00f3n cre\u00e1ndose un clima relajado donde al alumno se le invita a intervenir en cualquier momento durante este proceso, expresando sus dudas, aportaciones, donde todo el esfuerzo cuenta y es productivo. Contribuyendo a la consecuci\u00f3n de objetivos y mejora de las adquisiciones tanto individuales como grupales.<\/p>\n<p>Este Plan Educativo consiste en tres cursos escolares, acaba con la obtenci\u00f3n de una certificaci\u00f3n oficial expedida por la Junta de Andaluc\u00eda en horas y contenidos trabajados con validez en diferentes bolsas de trabajo, siendo <strong>totalmente gratuito<\/strong>.<\/p>\n<p>[\/et_pb_text][\/et_pb_column][\/et_pb_row][\/et_pb_section]<\/p>\n","protected":false},"excerpt":{"rendered":"<p>Plan Educativo de Idioma B\u00e1sico (Ingl\u00e9s) &nbsp; El acercamiento a un idioma extranjero trae aparejado el acercamiento a la cultura del pa\u00eds o pa\u00edses en los que se habla dicha lengua. Este acercamiento cultural contribuir\u00e1 de manera eficaz al crecimiento personal y profesional del alumnado. Este plan tiene la ventaja de poder dedicar todos los [&hellip;]<\/p>\n","protected":false},"author":12387,"featured_media":0,"parent":0,"menu_order":0,"comment_status":"closed","ping_status":"closed","template":"","meta":{"_et_pb_use_builder":"on","_et_pb_old_content":"","_et_gb_content_width":"","footnotes":""},"aioseo_notices":[],"_links":{"self":[{"href":"https:\/\/blogsaverroes.juntadeandalucia.es\/cperpaulofreire\/wp-json\/wp\/v2\/pages\/658"}],"collection":[{"href":"https:\/\/blogsaverroes.juntadeandalucia.es\/cperpaulofreire\/wp-json\/wp\/v2\/pages"}],"about":[{"href":"https:\/\/blogsaverroes.juntadeandalucia.es\/cperpaulofreire\/wp-json\/wp\/v2\/types\/page"}],"author":[{"embeddable":true,"href":"https:\/\/blogsaverroes.juntadeandalucia.es\/cperpaulofreire\/wp-json\/wp\/v2\/users\/12387"}],"replies":[{"embeddable":true,"href":"https:\/\/blogsaverroes.juntadeandalucia.es\/cperpaulofreire\/wp-json\/wp\/v2\/comments?post=658"}],"version-history":[{"count":10,"href":"https:\/\/blogsaverroes.juntadeandalucia.es\/cperpaulofreire\/wp-json\/wp\/v2\/pages\/658\/revisions"}],"predecessor-version":[{"id":1534,"href":"https:\/\/blogsaverroes.juntadeandalucia.es\/cperpaulofreire\/wp-json\/wp\/v2\/pages\/658\/revisions\/1534"}],"wp:attachment":[{"href":"https:\/\/blogsaverroes.juntadeandalucia.es\/cperpaulofreire\/wp-json\/wp\/v2\/media?parent=658"}],"curies":[{"name":"wp","href":"https:\/\/api.w.org\/{rel}","templated":true}]}}