{"id":667,"date":"2021-03-03T09:02:41","date_gmt":"2021-03-03T08:02:41","guid":{"rendered":"https:\/\/blogsaverroes.juntadeandalucia.es\/cperpaulofreire\/?page_id=667"},"modified":"2021-04-24T21:44:36","modified_gmt":"2021-04-24T19:44:36","slug":"patrimonio","status":"publish","type":"page","link":"https:\/\/blogsaverroes.juntadeandalucia.es\/cperpaulofreire\/patrimonio\/","title":{"rendered":"Patrimonio"},"content":{"rendered":"<p>[et_pb_section fb_built=&#8221;1&#8243; admin_label=&#8221;Patrimonio&#8221; _builder_version=&#8221;3.23.3&#8243; custom_padding=&#8221;0px||0px|&#8221; z_index_tablet=&#8221;500&#8243; box_shadow_horizontal_tablet=&#8221;0px&#8221; box_shadow_vertical_tablet=&#8221;0px&#8221; box_shadow_blur_tablet=&#8221;40px&#8221; box_shadow_spread_tablet=&#8221;0px&#8221;][et_pb_row _builder_version=&#8221;3.25&#8243; background_size=&#8221;initial&#8221; background_position=&#8221;top_left&#8221; background_repeat=&#8221;repeat&#8221;][et_pb_column type=&#8221;4_4&#8243; _builder_version=&#8221;3.0.47&#8243; custom_padding=&#8221;|||&#8221; custom_padding__hover=&#8221;|||&#8221;][et_pb_text _builder_version=&#8221;4.5.0&#8243; _module_preset=&#8221;default&#8221; border_radii=&#8221;on|16px|16px|16px|16px&#8221; border_width_all=&#8221;2px&#8221; border_color_all=&#8221;#2f820e&#8221; box_shadow_style=&#8221;preset2&#8243;]<\/p>\n<p><span>\n\t\t<div class=\"wpaas-accordion-wrap wpaas-row-clearfix\">\n\t\t\t<div id=\"wpaas-accordion-1\" class=\"wpos-tab-slider\">\n\t\t\t\t<div class=\"as-wposslides\">\n\t\t\t\t\t\t\t\t\t\t\t<div class=\"as-wposslide\">\n\t\t\t\t\t\t\t\t\t\t\t\t\t\t\t<img decoding=\"async\" class=\"as-wposbg\" src=\"https:\/\/blogsaverroes.juntadeandalucia.es\/cperpaulofreire\/files\/2021\/04\/Sevilla.jpg\" alt=\"\" \/>\t\n\t\t\t\t\t\t\t\t\t\t\t\t\t\t\t<div class=\"as-layer as-closed as-black as-padding\">Sevilla<\/div>\n\t\t\t\t\t\t\t\t\t\t\t\t\t<\/div>\n\t\t\t\t\t\t\t\t\t\t\t<div class=\"as-wposslide\">\n\t\t\t\t\t\t\t\t\t\t\t\t\t\t\t<img decoding=\"async\" class=\"as-wposbg\" src=\"https:\/\/blogsaverroes.juntadeandalucia.es\/cperpaulofreire\/files\/2021\/04\/M\u00e1laga.jpg\" alt=\"\" \/>\t\n\t\t\t\t\t\t\t\t\t\t\t\t\t\t\t<div class=\"as-layer as-closed as-black as-padding\">M\u00e1laga<\/div>\n\t\t\t\t\t\t\t\t\t\t\t\t\t<\/div>\n\t\t\t\t\t\t\t\t\t\t\t<div class=\"as-wposslide\">\n\t\t\t\t\t\t\t\t\t\t\t\t\t\t\t<img decoding=\"async\" class=\"as-wposbg\" src=\"https:\/\/blogsaverroes.juntadeandalucia.es\/cperpaulofreire\/files\/2021\/04\/Huelva.jpg\" alt=\"\" \/>\t\n\t\t\t\t\t\t\t\t\t\t\t\t\t\t\t<div class=\"as-layer as-closed as-black as-padding\">Huelva<\/div>\n\t\t\t\t\t\t\t\t\t\t\t\t\t<\/div>\n\t\t\t\t\t\t\t\t\t\t\t<div class=\"as-wposslide\">\n\t\t\t\t\t\t\t\t\t\t\t\t\t\t\t<img decoding=\"async\" class=\"as-wposbg\" src=\"https:\/\/blogsaverroes.juntadeandalucia.es\/cperpaulofreire\/files\/2021\/04\/Granada.jpg\" alt=\"\" \/>\t\n\t\t\t\t\t\t\t\t\t\t\t\t\t\t\t<div class=\"as-layer as-closed as-black as-padding\">Granada<\/div>\n\t\t\t\t\t\t\t\t\t\t\t\t\t<\/div>\n\t\t\t\t\t\t\t\t\t\t\t<div class=\"as-wposslide\">\n\t\t\t\t\t\t\t\t\t\t\t\t\t\t\t<img decoding=\"async\" class=\"as-wposbg\" src=\"https:\/\/blogsaverroes.juntadeandalucia.es\/cperpaulofreire\/files\/2021\/04\/Linares.jpg\" alt=\"\" \/>\t\n\t\t\t\t\t\t\t\t\t\t\t\t\t\t\t<div class=\"as-layer as-closed as-black as-padding\">Linares<\/div>\n\t\t\t\t\t\t\t\t\t\t\t\t\t<\/div>\n\t\t\t\t\t\t\t\t\t\t\t<div class=\"as-wposslide\">\n\t\t\t\t\t\t\t\t\t\t\t\t\t\t\t<img decoding=\"async\" class=\"as-wposbg\" src=\"https:\/\/blogsaverroes.juntadeandalucia.es\/cperpaulofreire\/files\/2021\/04\/Almeria.jpg\" alt=\"\" \/>\t\n\t\t\t\t\t\t\t\t\t\t\t\t\t\t\t<div class=\"as-layer as-closed as-black as-padding\">Almer\u00eda<\/div>\n\t\t\t\t\t\t\t\t\t\t\t\t\t<\/div>\n\t\t\t\t\t\t\t\t\t\t\t<div class=\"as-wposslide\">\n\t\t\t\t\t\t\t\t\t\t\t\t\t\t\t<img decoding=\"async\" class=\"as-wposbg\" src=\"https:\/\/blogsaverroes.juntadeandalucia.es\/cperpaulofreire\/files\/2021\/04\/Ja\u00e9n.jpg\" alt=\"\" \/>\t\n\t\t\t\t\t\t\t\t\t\t\t\t\t\t\t<div class=\"as-layer as-closed as-black as-padding\">Ja\u00e9n<\/div>\n\t\t\t\t\t\t\t\t\t\t\t\t\t<\/div>\n\t\t\t\t\t\t\t\t\t\t\t<div class=\"as-wposslide\">\n\t\t\t\t\t\t\t\t\t\t\t\t\t\t\t<img decoding=\"async\" class=\"as-wposbg\" src=\"https:\/\/blogsaverroes.juntadeandalucia.es\/cperpaulofreire\/files\/2021\/04\/C\u00f3rdoba.jpg\" alt=\"\" \/>\t\n\t\t\t\t\t\t\t\t\t\t\t\t\t\t\t<div class=\"as-layer as-closed as-black as-padding\">C\u00f3rdoba<\/div>\n\t\t\t\t\t\t\t\t\t\t\t\t\t<\/div>\n\t\t\t\t\t\t\t\t\t\t\t<div class=\"as-wposslide\">\n\t\t\t\t\t\t\t\t\t\t\t\t\t\t\t<img decoding=\"async\" class=\"as-wposbg\" src=\"https:\/\/blogsaverroes.juntadeandalucia.es\/cperpaulofreire\/files\/2021\/04\/cadiz.jpg\" alt=\"\" \/>\t\n\t\t\t\t\t\t\t\t\t\t\t\t\t\t\t<div class=\"as-layer as-closed as-black as-padding\">C\u00e1diz<\/div>\n\t\t\t\t\t\t\t\t\t\t\t\t\t<\/div>\n\t\t\t\t\t\t\t\t\t<\/div>\n\t\t\t\t<div class=\"wpaas-conf wpaas-hide\">{\"visible_panels\":\"9\",\"width\":\"1720\",\"height\":\"300\",\"orientation\":\"horizontal\",\"panel_distance\":\"5\",\"max_openedaccordion_size\":\"100%\",\"open_panel_on\":\"hover\",\"shadow\":\"true\",\"autoplay\":\"true\",\"mouse_wheel\":\"false\"}<\/div><!-- end of-slider-conf -->\n\t\t\t<\/div><!-- end .msacwl-carousel -->\n\t\t<\/div><!-- end .msacwl-carousel-wrap -->\n\t<\/span><\/p>\n<p>[\/et_pb_text][et_pb_text admin_label=&#8221;Texto descriptivo&#8221; _builder_version=&#8221;4.5.0&#8243; z_index_tablet=&#8221;500&#8243; text_text_shadow_horizontal_length_tablet=&#8221;0px&#8221; text_text_shadow_vertical_length_tablet=&#8221;0px&#8221; text_text_shadow_blur_strength_tablet=&#8221;1px&#8221; link_text_shadow_horizontal_length_tablet=&#8221;0px&#8221; link_text_shadow_vertical_length_tablet=&#8221;0px&#8221; link_text_shadow_blur_strength_tablet=&#8221;1px&#8221; ul_text_shadow_horizontal_length_tablet=&#8221;0px&#8221; ul_text_shadow_vertical_length_tablet=&#8221;0px&#8221; ul_text_shadow_blur_strength_tablet=&#8221;1px&#8221; ol_text_shadow_horizontal_length_tablet=&#8221;0px&#8221; ol_text_shadow_vertical_length_tablet=&#8221;0px&#8221; ol_text_shadow_blur_strength_tablet=&#8221;1px&#8221; quote_text_shadow_horizontal_length_tablet=&#8221;0px&#8221; quote_text_shadow_vertical_length_tablet=&#8221;0px&#8221; quote_text_shadow_blur_strength_tablet=&#8221;1px&#8221; header_text_shadow_horizontal_length_tablet=&#8221;0px&#8221; header_text_shadow_vertical_length_tablet=&#8221;0px&#8221; header_text_shadow_blur_strength_tablet=&#8221;1px&#8221; header_2_text_shadow_horizontal_length_tablet=&#8221;0px&#8221; header_2_text_shadow_vertical_length_tablet=&#8221;0px&#8221; header_2_text_shadow_blur_strength_tablet=&#8221;1px&#8221; header_3_text_shadow_horizontal_length_tablet=&#8221;0px&#8221; header_3_text_shadow_vertical_length_tablet=&#8221;0px&#8221; header_3_text_shadow_blur_strength_tablet=&#8221;1px&#8221; header_4_text_shadow_horizontal_length_tablet=&#8221;0px&#8221; header_4_text_shadow_vertical_length_tablet=&#8221;0px&#8221; header_4_text_shadow_blur_strength_tablet=&#8221;1px&#8221; header_5_text_shadow_horizontal_length_tablet=&#8221;0px&#8221; header_5_text_shadow_vertical_length_tablet=&#8221;0px&#8221; header_5_text_shadow_blur_strength_tablet=&#8221;1px&#8221; header_6_text_shadow_horizontal_length_tablet=&#8221;0px&#8221; header_6_text_shadow_vertical_length_tablet=&#8221;0px&#8221; header_6_text_shadow_blur_strength_tablet=&#8221;1px&#8221; box_shadow_horizontal_tablet=&#8221;0px&#8221; box_shadow_vertical_tablet=&#8221;0px&#8221; box_shadow_blur_tablet=&#8221;40px&#8221; box_shadow_spread_tablet=&#8221;0px&#8221;]<\/p>\n<h2 style=\"text-align: center\"><span style=\"text-decoration: underline;color: #000080\"><em><strong>Plan Educativo del Conocimiento del Patrimonio Cultural Andaluz<\/strong><\/em><\/span><\/h2>\n<p>&nbsp;<\/p>\n<p>El prop\u00f3sito de este plan educativo es\u00a0 permitirte de la forma m\u00e1s amena y accesible posible,\u00a0que puedas conocer, apreciar y velar por la conservaci\u00f3n de los principales elementos\u00a0patrimoniales de tipo cultural y medioambiental que se encuentran dentro de nuestra\u00a0comunidad, desde la arquitectura popular o la gastronom\u00eda hasta los registros documentales y\u00a0monumentales, la m\u00fasica y la industria tradicional, as\u00ed como las extensas playas atl\u00e1nticas o las\u00a0ex\u00f3ticas calas de Cabo de Gata, las cumbres de Sierra Nevada y las dehesas de Sierra Morena o\u00a0el f\u00e9rtil valle del Guadalquivir.<\/p>\n<p>Lo haremos a trav\u00e9s de actividades que responder\u00e1n a situaciones reales sobre los distintos\u00a0aspectos que conforman la variedad del patrimonio andaluz. Se incluyen actividades\u00a0individuales y en grupo, ya que el trabajo en equipo favorece el intercambio de conocimientos\u00a0y experiencias, el aprendizaje colaborativo, la solidaridad, la investigaci\u00f3n y el planteamiento\u00a0de objetivos comunes y realizaremos viajes culturales donde veremos in situ aquello que\u00a0hemos estado tratando en clase.<\/p>\n<p>Trabajaremos a trav\u00e9s de Internet y con programas inform\u00e1ticos para ampliar y completar las\u00a0distintas informaciones a la vez que desarrollaremos habilidades en el manejo de las\u00a0tecnolog\u00edas de la informaci\u00f3n y la comunicaci\u00f3n, por eso es necesario que manejes el\u00a0ordenador o hayas hecho con nosotros el Plan de Inform\u00e1tica.<\/p>\n<p>Podr\u00e1s asistir en horario de ma\u00f1ana o en horario de tarde y cuando lo acabes obtendr\u00e1s una\u00a0<span>certificaci\u00f3n\u00a0oficial expedida por la Junta de Andaluc\u00eda\u00a0 con las horas y contenidos trabajados con validez en diferentes bolsas de trabajo.<\/span><\/p>\n<p><strong>Esta Plan Educativo es gratuito.<\/strong><\/p>\n<p>[\/et_pb_text][et_pb_code _builder_version=&#8221;4.5.0&#8243; _module_preset=&#8221;default&#8221;][\/et_pb_code][\/et_pb_column][\/et_pb_row][\/et_pb_section]<\/p>\n","protected":false},"excerpt":{"rendered":"<p>\n\t\t<div class=\"wpaas-accordion-wrap wpaas-row-clearfix\">\n\t\t\t<div id=\"wpaas-accordion-2\" class=\"wpos-tab-slider\">\n\t\t\t\t<div class=\"as-wposslides\">\n\t\t\t\t\t\t\t\t\t\t\t<div class=\"as-wposslide\">\n\t\t\t\t\t\t\t\t\t\t\t\t\t\t\t<img decoding=\"async\" class=\"as-wposbg\" src=\"https:\/\/blogsaverroes.juntadeandalucia.es\/cperpaulofreire\/files\/2021\/04\/Sevilla.jpg\" alt=\"\" \/>\t\n\t\t\t\t\t\t\t\t\t\t\t\t\t\t\t<div class=\"as-layer as-closed as-black as-padding\">Sevilla<\/div>\n\t\t\t\t\t\t\t\t\t\t\t\t\t<\/div>\n\t\t\t\t\t\t\t\t\t\t\t<div class=\"as-wposslide\">\n\t\t\t\t\t\t\t\t\t\t\t\t\t\t\t<img decoding=\"async\" class=\"as-wposbg\" src=\"https:\/\/blogsaverroes.juntadeandalucia.es\/cperpaulofreire\/files\/2021\/04\/M\u00e1laga.jpg\" alt=\"\" \/>\t\n\t\t\t\t\t\t\t\t\t\t\t\t\t\t\t<div class=\"as-layer as-closed as-black as-padding\">M\u00e1laga<\/div>\n\t\t\t\t\t\t\t\t\t\t\t\t\t<\/div>\n\t\t\t\t\t\t\t\t\t\t\t<div class=\"as-wposslide\">\n\t\t\t\t\t\t\t\t\t\t\t\t\t\t\t<img decoding=\"async\" class=\"as-wposbg\" src=\"https:\/\/blogsaverroes.juntadeandalucia.es\/cperpaulofreire\/files\/2021\/04\/Huelva.jpg\" alt=\"\" \/>\t\n\t\t\t\t\t\t\t\t\t\t\t\t\t\t\t<div class=\"as-layer as-closed as-black as-padding\">Huelva<\/div>\n\t\t\t\t\t\t\t\t\t\t\t\t\t<\/div>\n\t\t\t\t\t\t\t\t\t\t\t<div class=\"as-wposslide\">\n\t\t\t\t\t\t\t\t\t\t\t\t\t\t\t<img decoding=\"async\" class=\"as-wposbg\" src=\"https:\/\/blogsaverroes.juntadeandalucia.es\/cperpaulofreire\/files\/2021\/04\/Granada.jpg\" alt=\"\" \/>\t\n\t\t\t\t\t\t\t\t\t\t\t\t\t\t\t<div class=\"as-layer as-closed as-black as-padding\">Granada<\/div>\n\t\t\t\t\t\t\t\t\t\t\t\t\t<\/div>\n\t\t\t\t\t\t\t\t\t\t\t<div class=\"as-wposslide\">\n\t\t\t\t\t\t\t\t\t\t\t\t\t\t\t<img decoding=\"async\" class=\"as-wposbg\" src=\"https:\/\/blogsaverroes.juntadeandalucia.es\/cperpaulofreire\/files\/2021\/04\/Linares.jpg\" alt=\"\" \/>\t\n\t\t\t\t\t\t\t\t\t\t\t\t\t\t\t<div class=\"as-layer as-closed as-black as-padding\">Linares<\/div>\n\t\t\t\t\t\t\t\t\t\t\t\t\t<\/div>\n\t\t\t\t\t\t\t\t\t\t\t<div class=\"as-wposslide\">\n\t\t\t\t\t\t\t\t\t\t\t\t\t\t\t<img decoding=\"async\" class=\"as-wposbg\" src=\"https:\/\/blogsaverroes.juntadeandalucia.es\/cperpaulofreire\/files\/2021\/04\/Almeria.jpg\" alt=\"\" \/>\t\n\t\t\t\t\t\t\t\t\t\t\t\t\t\t\t<div class=\"as-layer as-closed as-black as-padding\">Almer\u00eda<\/div>\n\t\t\t\t\t\t\t\t\t\t\t\t\t<\/div>\n\t\t\t\t\t\t\t\t\t\t\t<div class=\"as-wposslide\">\n\t\t\t\t\t\t\t\t\t\t\t\t\t\t\t<img decoding=\"async\" class=\"as-wposbg\" src=\"https:\/\/blogsaverroes.juntadeandalucia.es\/cperpaulofreire\/files\/2021\/04\/Ja\u00e9n.jpg\" alt=\"\" \/>\t\n\t\t\t\t\t\t\t\t\t\t\t\t\t\t\t<div class=\"as-layer as-closed as-black as-padding\">Ja\u00e9n<\/div>\n\t\t\t\t\t\t\t\t\t\t\t\t\t<\/div>\n\t\t\t\t\t\t\t\t\t\t\t<div class=\"as-wposslide\">\n\t\t\t\t\t\t\t\t\t\t\t\t\t\t\t<img decoding=\"async\" class=\"as-wposbg\" src=\"https:\/\/blogsaverroes.juntadeandalucia.es\/cperpaulofreire\/files\/2021\/04\/C\u00f3rdoba.jpg\" alt=\"\" \/>\t\n\t\t\t\t\t\t\t\t\t\t\t\t\t\t\t<div class=\"as-layer as-closed as-black as-padding\">C\u00f3rdoba<\/div>\n\t\t\t\t\t\t\t\t\t\t\t\t\t<\/div>\n\t\t\t\t\t\t\t\t\t\t\t<div class=\"as-wposslide\">\n\t\t\t\t\t\t\t\t\t\t\t\t\t\t\t<img decoding=\"async\" class=\"as-wposbg\" src=\"https:\/\/blogsaverroes.juntadeandalucia.es\/cperpaulofreire\/files\/2021\/04\/cadiz.jpg\" alt=\"\" \/>\t\n\t\t\t\t\t\t\t\t\t\t\t\t\t\t\t<div class=\"as-layer as-closed as-black as-padding\">C\u00e1diz<\/div>\n\t\t\t\t\t\t\t\t\t\t\t\t\t<\/div>\n\t\t\t\t\t\t\t\t\t<\/div>\n\t\t\t\t<div class=\"wpaas-conf wpaas-hide\">{\"visible_panels\":\"9\",\"width\":\"1720\",\"height\":\"300\",\"orientation\":\"horizontal\",\"panel_distance\":\"5\",\"max_openedaccordion_size\":\"100%\",\"open_panel_on\":\"hover\",\"shadow\":\"true\",\"autoplay\":\"true\",\"mouse_wheel\":\"false\"}<\/div><!-- end of-slider-conf -->\n\t\t\t<\/div><!-- end .msacwl-carousel -->\n\t\t<\/div><!-- end .msacwl-carousel-wrap -->\n\tPlan Educativo del Conocimiento del Patrimonio Cultural Andaluz &nbsp; El prop\u00f3sito de este plan educativo es\u00a0 permitirte de la forma m\u00e1s amena y accesible posible,\u00a0que puedas conocer, apreciar y velar por la conservaci\u00f3n de los principales elementos\u00a0patrimoniales de tipo cultural y medioambiental que se encuentran dentro de nuestra\u00a0comunidad, desde la arquitectura popular o la [&hellip;]<\/p>\n","protected":false},"author":12387,"featured_media":0,"parent":0,"menu_order":0,"comment_status":"closed","ping_status":"closed","template":"","meta":{"_et_pb_use_builder":"on","_et_pb_old_content":"","_et_gb_content_width":"","footnotes":""},"aioseo_notices":[],"_links":{"self":[{"href":"https:\/\/blogsaverroes.juntadeandalucia.es\/cperpaulofreire\/wp-json\/wp\/v2\/pages\/667"}],"collection":[{"href":"https:\/\/blogsaverroes.juntadeandalucia.es\/cperpaulofreire\/wp-json\/wp\/v2\/pages"}],"about":[{"href":"https:\/\/blogsaverroes.juntadeandalucia.es\/cperpaulofreire\/wp-json\/wp\/v2\/types\/page"}],"author":[{"embeddable":true,"href":"https:\/\/blogsaverroes.juntadeandalucia.es\/cperpaulofreire\/wp-json\/wp\/v2\/users\/12387"}],"replies":[{"embeddable":true,"href":"https:\/\/blogsaverroes.juntadeandalucia.es\/cperpaulofreire\/wp-json\/wp\/v2\/comments?post=667"}],"version-history":[{"count":12,"href":"https:\/\/blogsaverroes.juntadeandalucia.es\/cperpaulofreire\/wp-json\/wp\/v2\/pages\/667\/revisions"}],"predecessor-version":[{"id":1536,"href":"https:\/\/blogsaverroes.juntadeandalucia.es\/cperpaulofreire\/wp-json\/wp\/v2\/pages\/667\/revisions\/1536"}],"wp:attachment":[{"href":"https:\/\/blogsaverroes.juntadeandalucia.es\/cperpaulofreire\/wp-json\/wp\/v2\/media?parent=667"}],"curies":[{"name":"wp","href":"https:\/\/api.w.org\/{rel}","templated":true}]}}