{"id":113,"date":"2015-03-16T08:06:00","date_gmt":"2015-03-16T08:06:00","guid":{"rendered":"http:\/\/blogsaverroes.juntadeandalucia.es\/pre\/ceip\/?page_id=113"},"modified":"2021-04-27T09:58:34","modified_gmt":"2021-04-27T07:58:34","slug":"biblioteca","status":"publish","type":"page","link":"https:\/\/blogsaverroes.juntadeandalucia.es\/cpifpalmeraya\/biblioteca\/","title":{"rendered":"Biblioteca"},"content":{"rendered":"<p>Servicio de pr\u00e9stamos durante este curso 2020\/21 estar\u00e1 regido por la normativa Covid que se detalla a continuaci\u00f3n:<\/p>\n<h2>Normas ANTICOVID-19 pr\u00e9stamos Bibloteca IES Almeraya<\/h2>\n<ul>\n<li>Cuando se quiera pedir prestado un libro, se consultar\u00e1 previamente el cat\u00e1logo online en Biblioweb S\u00e9neca (de esta manera se sabe si est\u00e1 disponible).<\/li>\n<li>Se pueden solicitar los pr\u00e9stamos en la Biblioteca (Aula 6) durante los recreos (m\u00e1ximo 2 personas o solicitando cita previa). Correo electr\u00f3nico para la cita previa: <strong>inbiblio2015@gmail.com<\/strong><\/li>\n<li>Antes de recoger el pr\u00e9stamo , uso de mascarilla e higiene de manos.<\/li>\n<li>La duraci\u00f3n m\u00e1xima del pr\u00e9stamo ser\u00e1 de 15 d\u00edas. (Se puede prorrogar previo aviso al equipo de la biblioteca).<\/li>\n<li>La devoluci\u00f3n del libro se har\u00e1 en un lugar habilitado previamente para que permanezca en cuarentena y posteriormente se colocar\u00e1 en la estanter\u00eda. Un responsable del equipo de la biblioteca se lo entrega en una bolsa de congelaci\u00f3n o sobre (de tama\u00f1o mediano) por lo que el alumnado no toca el libro en ning\u00fan momento. Tras devolver el pr\u00e9stamo, se desinfecta y en una de las cajas habilitadas para ello, se deja siete d\u00edas en cuarentena. Cuando lo sacamos, lo volvemos a desinfectar y se coloca en las estanter\u00edas.<\/li>\n<li>Todos los fondos se podr\u00e1n consultar en la biblioteca (con las medidas previas antiCovid), pero no todos se pueden sacar en pr\u00e9stamo. As\u00ed los atlas, enciclopedias y diccionarios tendr\u00e1n un pr\u00e9stamo restringido o no se podr\u00e1n prestar.<\/li>\n<li>Si no se devuelve el libro prestado, se deber\u00e1 pagar o comprar otro ejemplar de dicho libro.<\/li>\n<\/ul>\n<p style=\"text-align: right\"><a href=\"https:\/\/www.juntadeandalucia.es\/educacion\/senecav2\/seneca\/biblioweb\/catalogo\/04001205\">Cat\u00e1logo de la biblioteca<\/a><\/p>\n","protected":false},"excerpt":{"rendered":"<p>Servicio de pr\u00e9stamos durante este curso 2020\/21 estar\u00e1 regido por la normativa Covid que se detalla a continuaci\u00f3n: Normas ANTICOVID-19 pr\u00e9stamos Bibloteca IES Almeraya Cuando se quiera pedir prestado un libro, se consultar\u00e1 previamente&#46;&#46;&#46;<\/p>\n","protected":false},"author":1,"featured_media":0,"parent":0,"menu_order":0,"comment_status":"open","ping_status":"open","template":"page-templates\/child-menu.php","meta":{"ngg_post_thumbnail":0,"footnotes":"","_mc_calendar":[]},"aioseo_notices":[],"_links":{"self":[{"href":"https:\/\/blogsaverroes.juntadeandalucia.es\/cpifpalmeraya\/wp-json\/wp\/v2\/pages\/113"}],"collection":[{"href":"https:\/\/blogsaverroes.juntadeandalucia.es\/cpifpalmeraya\/wp-json\/wp\/v2\/pages"}],"about":[{"href":"https:\/\/blogsaverroes.juntadeandalucia.es\/cpifpalmeraya\/wp-json\/wp\/v2\/types\/page"}],"author":[{"embeddable":true,"href":"https:\/\/blogsaverroes.juntadeandalucia.es\/cpifpalmeraya\/wp-json\/wp\/v2\/users\/1"}],"replies":[{"embeddable":true,"href":"https:\/\/blogsaverroes.juntadeandalucia.es\/cpifpalmeraya\/wp-json\/wp\/v2\/comments?post=113"}],"version-history":[{"count":12,"href":"https:\/\/blogsaverroes.juntadeandalucia.es\/cpifpalmeraya\/wp-json\/wp\/v2\/pages\/113\/revisions"}],"predecessor-version":[{"id":3453,"href":"https:\/\/blogsaverroes.juntadeandalucia.es\/cpifpalmeraya\/wp-json\/wp\/v2\/pages\/113\/revisions\/3453"}],"wp:attachment":[{"href":"https:\/\/blogsaverroes.juntadeandalucia.es\/cpifpalmeraya\/wp-json\/wp\/v2\/media?parent=113"}],"curies":[{"name":"wp","href":"https:\/\/api.w.org\/{rel}","templated":true}]}}